{"id":570,"date":"2025-07-29T12:04:13","date_gmt":"2025-07-29T12:04:13","guid":{"rendered":"https:\/\/spinbetter-apk.app\/tr\/?page_id=570"},"modified":"2025-07-29T12:04:22","modified_gmt":"2025-07-29T12:04:22","slug":"freebet-200","status":"publish","type":"page","link":"https:\/\/spinbetter-apk.app\/tr\/bonuses\/freebet-200\/","title":{"rendered":"200 EUR&#8217;ya kadar Freebet"},"content":{"rendered":"","protected":false},"excerpt":{"rendered":"","protected":false},"author":1,"featured_media":0,"parent":322,"menu_order":0,"comment_status":"closed","ping_status":"closed","template":"","meta":{"footnotes":""},"class_list":["post-570","page","type-page","status-publish","hentry"],"yoast_head":"<!-- This site is optimized with the Yoast SEO plugin v23.4 - https:\/\/yoast.com\/wordpress\/plugins\/seo\/ -->\n<title>The International&#039;da SpinBetter Freebet \u1405 200EUR&#039;a Kadar<\/title>\n<meta name=\"description\" content=\"Uluslararas\u0131 ma\u00e7lara bahis yap\u0131n ve 200EUR&#039;a kadar \u00fccretsiz bahis kazan\u0131n. Sadece 10EUR&#039;dan ba\u015flayan kazanan bahisler - 16 Eyl\u00fcl&#039;e kadar kaydolun ve kat\u0131l\u0131n!\" \/>\n<meta name=\"robots\" content=\"index, follow, max-snippet:-1, max-image-preview:large, max-video-preview:-1\" \/>\n<meta property=\"og:locale\" content=\"tr_TR\" \/>\n<meta property=\"og:type\" content=\"article\" \/>\n<meta property=\"og:title\" content=\"The International&#039;da SpinBetter Freebet \u1405 200EUR&#039;a Kadar\" \/>\n<meta property=\"og:description\" content=\"Uluslararas\u0131 ma\u00e7lara bahis yap\u0131n ve 200EUR&#039;a kadar \u00fccretsiz bahis kazan\u0131n. Sadece 10EUR&#039;dan ba\u015flayan kazanan bahisler - 16 Eyl\u00fcl&#039;e kadar kaydolun ve kat\u0131l\u0131n!\" \/>\n<meta property=\"og:url\" content=\"https:\/\/spinbetter-apk.app\/tr\/bonuses\/freebet-200\/\" \/>\n<meta property=\"og:site_name\" content=\"Spinbetter APK TR\" \/>\n<meta property=\"article:modified_time\" content=\"2025-07-29T12:04:22+00:00\" \/>\n<meta name=\"twitter:card\" content=\"summary_large_image\" \/>\n<script type=\"application\/ld+json\" class=\"yoast-schema-graph\">{\"@context\":\"https:\/\/schema.org\",\"@graph\":[{\"@type\":\"WebPage\",\"@id\":\"https:\/\/spinbetter-apk.app\/tr\/bonuses\/freebet-200\/\",\"url\":\"https:\/\/spinbetter-apk.app\/tr\/bonuses\/freebet-200\/\",\"name\":\"The International'da SpinBetter Freebet \u1405 200EUR'a Kadar\",\"isPartOf\":{\"@id\":\"https:\/\/spinbetter-apk.app\/tr\/#website\"},\"datePublished\":\"2025-07-29T12:04:13+00:00\",\"dateModified\":\"2025-07-29T12:04:22+00:00\",\"description\":\"Uluslararas\u0131 ma\u00e7lara bahis yap\u0131n ve 200EUR'a kadar \u00fccretsiz bahis kazan\u0131n. Sadece 10EUR'dan ba\u015flayan kazanan bahisler - 16 Eyl\u00fcl'e kadar kaydolun ve kat\u0131l\u0131n!\",\"breadcrumb\":{\"@id\":\"https:\/\/spinbetter-apk.app\/tr\/bonuses\/freebet-200\/#breadcrumb\"},\"inLanguage\":\"tr\",\"potentialAction\":[{\"@type\":\"ReadAction\",\"target\":[\"https:\/\/spinbetter-apk.app\/tr\/bonuses\/freebet-200\/\"]}]},{\"@type\":\"BreadcrumbList\",\"@id\":\"https:\/\/spinbetter-apk.app\/tr\/bonuses\/freebet-200\/#breadcrumb\",\"itemListElement\":[{\"@type\":\"ListItem\",\"position\":1,\"name\":\"Anasayfa\",\"item\":\"https:\/\/spinbetter-apk.app\/tr\/\"},{\"@type\":\"ListItem\",\"position\":2,\"name\":\"Bonuslar\",\"item\":\"https:\/\/spinbetter-apk.app\/tr\/bonuses\/\"},{\"@type\":\"ListItem\",\"position\":3,\"name\":\"200 EUR&#8217;ya kadar Freebet\"}]},{\"@type\":\"WebSite\",\"@id\":\"https:\/\/spinbetter-apk.app\/tr\/#website\",\"url\":\"https:\/\/spinbetter-apk.app\/tr\/\",\"name\":\"Spinbetter APK TR\",\"description\":\"spinbetterapk casino\",\"potentialAction\":[{\"@type\":\"SearchAction\",\"target\":{\"@type\":\"EntryPoint\",\"urlTemplate\":\"https:\/\/spinbetter-apk.app\/tr\/?s={search_term_string}\"},\"query-input\":{\"@type\":\"PropertyValueSpecification\",\"valueRequired\":true,\"valueName\":\"search_term_string\"}}],\"inLanguage\":\"tr\"}]}<\/script>\n<!-- \/ Yoast SEO plugin. -->","yoast_head_json":{"title":"The International'da SpinBetter Freebet \u1405 200EUR'a Kadar","description":"Uluslararas\u0131 ma\u00e7lara bahis yap\u0131n ve 200EUR'a kadar \u00fccretsiz bahis kazan\u0131n. Sadece 10EUR'dan ba\u015flayan kazanan bahisler - 16 Eyl\u00fcl'e kadar kaydolun ve kat\u0131l\u0131n!","robots":{"index":"index","follow":"follow","max-snippet":"max-snippet:-1","max-image-preview":"max-image-preview:large","max-video-preview":"max-video-preview:-1"},"og_locale":"tr_TR","og_type":"article","og_title":"The International'da SpinBetter Freebet \u1405 200EUR'a Kadar","og_description":"Uluslararas\u0131 ma\u00e7lara bahis yap\u0131n ve 200EUR'a kadar \u00fccretsiz bahis kazan\u0131n. Sadece 10EUR'dan ba\u015flayan kazanan bahisler - 16 Eyl\u00fcl'e kadar kaydolun ve kat\u0131l\u0131n!","og_url":"https:\/\/spinbetter-apk.app\/tr\/bonuses\/freebet-200\/","og_site_name":"Spinbetter APK TR","article_modified_time":"2025-07-29T12:04:22+00:00","twitter_card":"summary_large_image","schema":{"@context":"https:\/\/schema.org","@graph":[{"@type":"WebPage","@id":"https:\/\/spinbetter-apk.app\/tr\/bonuses\/freebet-200\/","url":"https:\/\/spinbetter-apk.app\/tr\/bonuses\/freebet-200\/","name":"The International'da SpinBetter Freebet \u1405 200EUR'a Kadar","isPartOf":{"@id":"https:\/\/spinbetter-apk.app\/tr\/#website"},"datePublished":"2025-07-29T12:04:13+00:00","dateModified":"2025-07-29T12:04:22+00:00","description":"Uluslararas\u0131 ma\u00e7lara bahis yap\u0131n ve 200EUR'a kadar \u00fccretsiz bahis kazan\u0131n. Sadece 10EUR'dan ba\u015flayan kazanan bahisler - 16 Eyl\u00fcl'e kadar kaydolun ve kat\u0131l\u0131n!","breadcrumb":{"@id":"https:\/\/spinbetter-apk.app\/tr\/bonuses\/freebet-200\/#breadcrumb"},"inLanguage":"tr","potentialAction":[{"@type":"ReadAction","target":["https:\/\/spinbetter-apk.app\/tr\/bonuses\/freebet-200\/"]}]},{"@type":"BreadcrumbList","@id":"https:\/\/spinbetter-apk.app\/tr\/bonuses\/freebet-200\/#breadcrumb","itemListElement":[{"@type":"ListItem","position":1,"name":"Anasayfa","item":"https:\/\/spinbetter-apk.app\/tr\/"},{"@type":"ListItem","position":2,"name":"Bonuslar","item":"https:\/\/spinbetter-apk.app\/tr\/bonuses\/"},{"@type":"ListItem","position":3,"name":"200 EUR&#8217;ya kadar Freebet"}]},{"@type":"WebSite","@id":"https:\/\/spinbetter-apk.app\/tr\/#website","url":"https:\/\/spinbetter-apk.app\/tr\/","name":"Spinbetter APK TR","description":"spinbetterapk casino","potentialAction":[{"@type":"SearchAction","target":{"@type":"EntryPoint","urlTemplate":"https:\/\/spinbetter-apk.app\/tr\/?s={search_term_string}"},"query-input":{"@type":"PropertyValueSpecification","valueRequired":true,"valueName":"search_term_string"}}],"inLanguage":"tr"}]}},"_links":{"self":[{"href":"https:\/\/spinbetter-apk.app\/tr\/wp-json\/wp\/v2\/pages\/570","targetHints":{"allow":["GET"]}}],"collection":[{"href":"https:\/\/spinbetter-apk.app\/tr\/wp-json\/wp\/v2\/pages"}],"about":[{"href":"https:\/\/spinbetter-apk.app\/tr\/wp-json\/wp\/v2\/types\/page"}],"author":[{"embeddable":true,"href":"https:\/\/spinbetter-apk.app\/tr\/wp-json\/wp\/v2\/users\/1"}],"replies":[{"embeddable":true,"href":"https:\/\/spinbetter-apk.app\/tr\/wp-json\/wp\/v2\/comments?post=570"}],"version-history":[{"count":1,"href":"https:\/\/spinbetter-apk.app\/tr\/wp-json\/wp\/v2\/pages\/570\/revisions"}],"predecessor-version":[{"id":571,"href":"https:\/\/spinbetter-apk.app\/tr\/wp-json\/wp\/v2\/pages\/570\/revisions\/571"}],"up":[{"embeddable":true,"href":"https:\/\/spinbetter-apk.app\/tr\/wp-json\/wp\/v2\/pages\/322"}],"wp:attachment":[{"href":"https:\/\/spinbetter-apk.app\/tr\/wp-json\/wp\/v2\/media?parent=570"}],"curies":[{"name":"wp","href":"https:\/\/api.w.org\/{rel}","templated":true}]}}