{"id":568,"date":"2025-07-28T19:35:51","date_gmt":"2025-07-28T19:35:51","guid":{"rendered":"https:\/\/spinbetter-apk.app\/tr\/?page_id=568"},"modified":"2025-07-28T19:36:01","modified_gmt":"2025-07-28T19:36:01","slug":"get-cashback","status":"publish","type":"page","link":"https:\/\/spinbetter-apk.app\/tr\/bonuses\/get-cashback\/","title":{"rendered":"%20&#8217;ye varan geri \u00f6deme al\u0131n"},"content":{"rendered":"","protected":false},"excerpt":{"rendered":"","protected":false},"author":1,"featured_media":0,"parent":322,"menu_order":0,"comment_status":"closed","ping_status":"closed","template":"","meta":{"footnotes":""},"class_list":["post-568","page","type-page","status-publish","hentry"],"yoast_head":"<!-- This site is optimized with the Yoast SEO plugin v23.4 - https:\/\/yoast.com\/wordpress\/plugins\/seo\/ -->\n<title>SpinBetter nakit iadesi \u1405 Futbol bahislerinde &#039;ye kadar<\/title>\n<meta name=\"description\" content=\"Futbol bahisleri yap\u0131n ve SpinBetter&#039;dan haftal\u0131k &#039;ye varan geri \u00f6deme kazan\u0131n. Promosyon, 4.08 - 5.10.2025 tarihleri aras\u0131nda PC ve mobil cihazlardan ge\u00e7erlidir.\" \/>\n<meta name=\"robots\" content=\"index, follow, max-snippet:-1, max-image-preview:large, max-video-preview:-1\" \/>\n<meta property=\"og:locale\" content=\"tr_TR\" \/>\n<meta property=\"og:type\" content=\"article\" \/>\n<meta property=\"og:title\" content=\"SpinBetter nakit iadesi \u1405 Futbol bahislerinde &#039;ye kadar\" \/>\n<meta property=\"og:description\" content=\"Futbol bahisleri yap\u0131n ve SpinBetter&#039;dan haftal\u0131k &#039;ye varan geri \u00f6deme kazan\u0131n. Promosyon, 4.08 - 5.10.2025 tarihleri aras\u0131nda PC ve mobil cihazlardan ge\u00e7erlidir.\" \/>\n<meta property=\"og:url\" content=\"https:\/\/spinbetter-apk.app\/tr\/bonuses\/get-cashback\/\" \/>\n<meta property=\"og:site_name\" content=\"Spinbetter APK TR\" \/>\n<meta property=\"article:modified_time\" content=\"2025-07-28T19:36:01+00:00\" \/>\n<meta name=\"twitter:card\" content=\"summary_large_image\" \/>\n<script type=\"application\/ld+json\" class=\"yoast-schema-graph\">{\"@context\":\"https:\/\/schema.org\",\"@graph\":[{\"@type\":\"WebPage\",\"@id\":\"https:\/\/spinbetter-apk.app\/tr\/bonuses\/get-cashback\/\",\"url\":\"https:\/\/spinbetter-apk.app\/tr\/bonuses\/get-cashback\/\",\"name\":\"SpinBetter nakit iadesi \u1405 Futbol bahislerinde 'ye kadar\",\"isPartOf\":{\"@id\":\"https:\/\/spinbetter-apk.app\/tr\/#website\"},\"datePublished\":\"2025-07-28T19:35:51+00:00\",\"dateModified\":\"2025-07-28T19:36:01+00:00\",\"description\":\"Futbol bahisleri yap\u0131n ve SpinBetter'dan haftal\u0131k 'ye varan geri \u00f6deme kazan\u0131n. Promosyon, 4.08 - 5.10.2025 tarihleri aras\u0131nda PC ve mobil cihazlardan ge\u00e7erlidir.\",\"breadcrumb\":{\"@id\":\"https:\/\/spinbetter-apk.app\/tr\/bonuses\/get-cashback\/#breadcrumb\"},\"inLanguage\":\"tr\",\"potentialAction\":[{\"@type\":\"ReadAction\",\"target\":[\"https:\/\/spinbetter-apk.app\/tr\/bonuses\/get-cashback\/\"]}]},{\"@type\":\"BreadcrumbList\",\"@id\":\"https:\/\/spinbetter-apk.app\/tr\/bonuses\/get-cashback\/#breadcrumb\",\"itemListElement\":[{\"@type\":\"ListItem\",\"position\":1,\"name\":\"Anasayfa\",\"item\":\"https:\/\/spinbetter-apk.app\/tr\/\"},{\"@type\":\"ListItem\",\"position\":2,\"name\":\"Bonuslar\",\"item\":\"https:\/\/spinbetter-apk.app\/tr\/bonuses\/\"},{\"@type\":\"ListItem\",\"position\":3,\"name\":\"%20&#8217;ye varan geri \u00f6deme al\u0131n\"}]},{\"@type\":\"WebSite\",\"@id\":\"https:\/\/spinbetter-apk.app\/tr\/#website\",\"url\":\"https:\/\/spinbetter-apk.app\/tr\/\",\"name\":\"Spinbetter APK TR\",\"description\":\"spinbetterapk casino\",\"potentialAction\":[{\"@type\":\"SearchAction\",\"target\":{\"@type\":\"EntryPoint\",\"urlTemplate\":\"https:\/\/spinbetter-apk.app\/tr\/?s={search_term_string}\"},\"query-input\":{\"@type\":\"PropertyValueSpecification\",\"valueRequired\":true,\"valueName\":\"search_term_string\"}}],\"inLanguage\":\"tr\"}]}<\/script>\n<!-- \/ Yoast SEO plugin. -->","yoast_head_json":{"title":"SpinBetter nakit iadesi \u1405 Futbol bahislerinde 'ye kadar","description":"Futbol bahisleri yap\u0131n ve SpinBetter'dan haftal\u0131k 'ye varan geri \u00f6deme kazan\u0131n. Promosyon, 4.08 - 5.10.2025 tarihleri aras\u0131nda PC ve mobil cihazlardan ge\u00e7erlidir.","robots":{"index":"index","follow":"follow","max-snippet":"max-snippet:-1","max-image-preview":"max-image-preview:large","max-video-preview":"max-video-preview:-1"},"og_locale":"tr_TR","og_type":"article","og_title":"SpinBetter nakit iadesi \u1405 Futbol bahislerinde 'ye kadar","og_description":"Futbol bahisleri yap\u0131n ve SpinBetter'dan haftal\u0131k 'ye varan geri \u00f6deme kazan\u0131n. Promosyon, 4.08 - 5.10.2025 tarihleri aras\u0131nda PC ve mobil cihazlardan ge\u00e7erlidir.","og_url":"https:\/\/spinbetter-apk.app\/tr\/bonuses\/get-cashback\/","og_site_name":"Spinbetter APK TR","article_modified_time":"2025-07-28T19:36:01+00:00","twitter_card":"summary_large_image","schema":{"@context":"https:\/\/schema.org","@graph":[{"@type":"WebPage","@id":"https:\/\/spinbetter-apk.app\/tr\/bonuses\/get-cashback\/","url":"https:\/\/spinbetter-apk.app\/tr\/bonuses\/get-cashback\/","name":"SpinBetter nakit iadesi \u1405 Futbol bahislerinde 'ye kadar","isPartOf":{"@id":"https:\/\/spinbetter-apk.app\/tr\/#website"},"datePublished":"2025-07-28T19:35:51+00:00","dateModified":"2025-07-28T19:36:01+00:00","description":"Futbol bahisleri yap\u0131n ve SpinBetter'dan haftal\u0131k 'ye varan geri \u00f6deme kazan\u0131n. Promosyon, 4.08 - 5.10.2025 tarihleri aras\u0131nda PC ve mobil cihazlardan ge\u00e7erlidir.","breadcrumb":{"@id":"https:\/\/spinbetter-apk.app\/tr\/bonuses\/get-cashback\/#breadcrumb"},"inLanguage":"tr","potentialAction":[{"@type":"ReadAction","target":["https:\/\/spinbetter-apk.app\/tr\/bonuses\/get-cashback\/"]}]},{"@type":"BreadcrumbList","@id":"https:\/\/spinbetter-apk.app\/tr\/bonuses\/get-cashback\/#breadcrumb","itemListElement":[{"@type":"ListItem","position":1,"name":"Anasayfa","item":"https:\/\/spinbetter-apk.app\/tr\/"},{"@type":"ListItem","position":2,"name":"Bonuslar","item":"https:\/\/spinbetter-apk.app\/tr\/bonuses\/"},{"@type":"ListItem","position":3,"name":"%20&#8217;ye varan geri \u00f6deme al\u0131n"}]},{"@type":"WebSite","@id":"https:\/\/spinbetter-apk.app\/tr\/#website","url":"https:\/\/spinbetter-apk.app\/tr\/","name":"Spinbetter APK TR","description":"spinbetterapk casino","potentialAction":[{"@type":"SearchAction","target":{"@type":"EntryPoint","urlTemplate":"https:\/\/spinbetter-apk.app\/tr\/?s={search_term_string}"},"query-input":{"@type":"PropertyValueSpecification","valueRequired":true,"valueName":"search_term_string"}}],"inLanguage":"tr"}]}},"_links":{"self":[{"href":"https:\/\/spinbetter-apk.app\/tr\/wp-json\/wp\/v2\/pages\/568","targetHints":{"allow":["GET"]}}],"collection":[{"href":"https:\/\/spinbetter-apk.app\/tr\/wp-json\/wp\/v2\/pages"}],"about":[{"href":"https:\/\/spinbetter-apk.app\/tr\/wp-json\/wp\/v2\/types\/page"}],"author":[{"embeddable":true,"href":"https:\/\/spinbetter-apk.app\/tr\/wp-json\/wp\/v2\/users\/1"}],"replies":[{"embeddable":true,"href":"https:\/\/spinbetter-apk.app\/tr\/wp-json\/wp\/v2\/comments?post=568"}],"version-history":[{"count":1,"href":"https:\/\/spinbetter-apk.app\/tr\/wp-json\/wp\/v2\/pages\/568\/revisions"}],"predecessor-version":[{"id":569,"href":"https:\/\/spinbetter-apk.app\/tr\/wp-json\/wp\/v2\/pages\/568\/revisions\/569"}],"up":[{"embeddable":true,"href":"https:\/\/spinbetter-apk.app\/tr\/wp-json\/wp\/v2\/pages\/322"}],"wp:attachment":[{"href":"https:\/\/spinbetter-apk.app\/tr\/wp-json\/wp\/v2\/media?parent=568"}],"curies":[{"name":"wp","href":"https:\/\/api.w.org\/{rel}","templated":true}]}}