{"id":564,"date":"2025-07-10T07:21:29","date_gmt":"2025-07-10T07:21:29","guid":{"rendered":"https:\/\/spinbetter-apk.app\/tr\/?page_id=564"},"modified":"2025-07-10T07:21:29","modified_gmt":"2025-07-10T07:21:29","slug":"spinbetter-loyalty-program","status":"publish","type":"page","link":"https:\/\/spinbetter-apk.app\/tr\/bonuses\/spinbetter-loyalty-program\/","title":{"rendered":"SpinBetter Sadakat Program\u0131"},"content":{"rendered":"","protected":false},"excerpt":{"rendered":"","protected":false},"author":1,"featured_media":0,"parent":322,"menu_order":0,"comment_status":"closed","ping_status":"closed","template":"","meta":{"footnotes":""},"class_list":["post-564","page","type-page","status-publish","hentry"],"yoast_head":"<!-- This site is optimized with the Yoast SEO plugin v23.4 - https:\/\/yoast.com\/wordpress\/plugins\/seo\/ -->\n<title>SpinBetter sadakat program\u0131 &gt; &#039;e varan geri \u00f6deme ve VIP stat\u00fcs\u00fc<\/title>\n<meta name=\"description\" content=\"Seviye atlay\u0131n, &#039;e varan geri \u00f6deme ve \u00f6zel bonuslar kazan\u0131n. SpinBetter&#039;da oynayarak her zaman daha fazla kazan\u0131rs\u0131n\u0131z - VIP olun ve ayr\u0131cal\u0131klar\u0131n tad\u0131n\u0131 \u00e7\u0131kar\u0131n!\" \/>\n<meta name=\"robots\" content=\"index, follow, max-snippet:-1, max-image-preview:large, max-video-preview:-1\" \/>\n<meta property=\"og:locale\" content=\"tr_TR\" \/>\n<meta property=\"og:type\" content=\"article\" \/>\n<meta property=\"og:title\" content=\"SpinBetter sadakat program\u0131 &gt; &#039;e varan geri \u00f6deme ve VIP stat\u00fcs\u00fc\" \/>\n<meta property=\"og:description\" content=\"Seviye atlay\u0131n, &#039;e varan geri \u00f6deme ve \u00f6zel bonuslar kazan\u0131n. SpinBetter&#039;da oynayarak her zaman daha fazla kazan\u0131rs\u0131n\u0131z - VIP olun ve ayr\u0131cal\u0131klar\u0131n tad\u0131n\u0131 \u00e7\u0131kar\u0131n!\" \/>\n<meta property=\"og:url\" content=\"https:\/\/spinbetter-apk.app\/tr\/bonuses\/spinbetter-loyalty-program\/\" \/>\n<meta property=\"og:site_name\" content=\"Spinbetter APK TR\" \/>\n<meta name=\"twitter:card\" content=\"summary_large_image\" \/>\n<script type=\"application\/ld+json\" class=\"yoast-schema-graph\">{\"@context\":\"https:\/\/schema.org\",\"@graph\":[{\"@type\":\"WebPage\",\"@id\":\"https:\/\/spinbetter-apk.app\/tr\/bonuses\/spinbetter-loyalty-program\/\",\"url\":\"https:\/\/spinbetter-apk.app\/tr\/bonuses\/spinbetter-loyalty-program\/\",\"name\":\"SpinBetter sadakat program\u0131 > 'e varan geri \u00f6deme ve VIP stat\u00fcs\u00fc\",\"isPartOf\":{\"@id\":\"https:\/\/spinbetter-apk.app\/tr\/#website\"},\"datePublished\":\"2025-07-10T07:21:29+00:00\",\"dateModified\":\"2025-07-10T07:21:29+00:00\",\"description\":\"Seviye atlay\u0131n, 'e varan geri \u00f6deme ve \u00f6zel bonuslar kazan\u0131n. SpinBetter'da oynayarak her zaman daha fazla kazan\u0131rs\u0131n\u0131z - VIP olun ve ayr\u0131cal\u0131klar\u0131n tad\u0131n\u0131 \u00e7\u0131kar\u0131n!\",\"breadcrumb\":{\"@id\":\"https:\/\/spinbetter-apk.app\/tr\/bonuses\/spinbetter-loyalty-program\/#breadcrumb\"},\"inLanguage\":\"tr\",\"potentialAction\":[{\"@type\":\"ReadAction\",\"target\":[\"https:\/\/spinbetter-apk.app\/tr\/bonuses\/spinbetter-loyalty-program\/\"]}]},{\"@type\":\"BreadcrumbList\",\"@id\":\"https:\/\/spinbetter-apk.app\/tr\/bonuses\/spinbetter-loyalty-program\/#breadcrumb\",\"itemListElement\":[{\"@type\":\"ListItem\",\"position\":1,\"name\":\"Anasayfa\",\"item\":\"https:\/\/spinbetter-apk.app\/tr\/\"},{\"@type\":\"ListItem\",\"position\":2,\"name\":\"Bonuslar\",\"item\":\"https:\/\/spinbetter-apk.app\/tr\/bonuses\/\"},{\"@type\":\"ListItem\",\"position\":3,\"name\":\"SpinBetter Sadakat Program\u0131\"}]},{\"@type\":\"WebSite\",\"@id\":\"https:\/\/spinbetter-apk.app\/tr\/#website\",\"url\":\"https:\/\/spinbetter-apk.app\/tr\/\",\"name\":\"Spinbetter APK TR\",\"description\":\"spinbetterapk casino\",\"potentialAction\":[{\"@type\":\"SearchAction\",\"target\":{\"@type\":\"EntryPoint\",\"urlTemplate\":\"https:\/\/spinbetter-apk.app\/tr\/?s={search_term_string}\"},\"query-input\":{\"@type\":\"PropertyValueSpecification\",\"valueRequired\":true,\"valueName\":\"search_term_string\"}}],\"inLanguage\":\"tr\"}]}<\/script>\n<!-- \/ Yoast SEO plugin. -->","yoast_head_json":{"title":"SpinBetter sadakat program\u0131 > 'e varan geri \u00f6deme ve VIP stat\u00fcs\u00fc","description":"Seviye atlay\u0131n, 'e varan geri \u00f6deme ve \u00f6zel bonuslar kazan\u0131n. SpinBetter'da oynayarak her zaman daha fazla kazan\u0131rs\u0131n\u0131z - VIP olun ve ayr\u0131cal\u0131klar\u0131n tad\u0131n\u0131 \u00e7\u0131kar\u0131n!","robots":{"index":"index","follow":"follow","max-snippet":"max-snippet:-1","max-image-preview":"max-image-preview:large","max-video-preview":"max-video-preview:-1"},"og_locale":"tr_TR","og_type":"article","og_title":"SpinBetter sadakat program\u0131 > 'e varan geri \u00f6deme ve VIP stat\u00fcs\u00fc","og_description":"Seviye atlay\u0131n, 'e varan geri \u00f6deme ve \u00f6zel bonuslar kazan\u0131n. SpinBetter'da oynayarak her zaman daha fazla kazan\u0131rs\u0131n\u0131z - VIP olun ve ayr\u0131cal\u0131klar\u0131n tad\u0131n\u0131 \u00e7\u0131kar\u0131n!","og_url":"https:\/\/spinbetter-apk.app\/tr\/bonuses\/spinbetter-loyalty-program\/","og_site_name":"Spinbetter APK TR","twitter_card":"summary_large_image","schema":{"@context":"https:\/\/schema.org","@graph":[{"@type":"WebPage","@id":"https:\/\/spinbetter-apk.app\/tr\/bonuses\/spinbetter-loyalty-program\/","url":"https:\/\/spinbetter-apk.app\/tr\/bonuses\/spinbetter-loyalty-program\/","name":"SpinBetter sadakat program\u0131 > 'e varan geri \u00f6deme ve VIP stat\u00fcs\u00fc","isPartOf":{"@id":"https:\/\/spinbetter-apk.app\/tr\/#website"},"datePublished":"2025-07-10T07:21:29+00:00","dateModified":"2025-07-10T07:21:29+00:00","description":"Seviye atlay\u0131n, 'e varan geri \u00f6deme ve \u00f6zel bonuslar kazan\u0131n. SpinBetter'da oynayarak her zaman daha fazla kazan\u0131rs\u0131n\u0131z - VIP olun ve ayr\u0131cal\u0131klar\u0131n tad\u0131n\u0131 \u00e7\u0131kar\u0131n!","breadcrumb":{"@id":"https:\/\/spinbetter-apk.app\/tr\/bonuses\/spinbetter-loyalty-program\/#breadcrumb"},"inLanguage":"tr","potentialAction":[{"@type":"ReadAction","target":["https:\/\/spinbetter-apk.app\/tr\/bonuses\/spinbetter-loyalty-program\/"]}]},{"@type":"BreadcrumbList","@id":"https:\/\/spinbetter-apk.app\/tr\/bonuses\/spinbetter-loyalty-program\/#breadcrumb","itemListElement":[{"@type":"ListItem","position":1,"name":"Anasayfa","item":"https:\/\/spinbetter-apk.app\/tr\/"},{"@type":"ListItem","position":2,"name":"Bonuslar","item":"https:\/\/spinbetter-apk.app\/tr\/bonuses\/"},{"@type":"ListItem","position":3,"name":"SpinBetter Sadakat Program\u0131"}]},{"@type":"WebSite","@id":"https:\/\/spinbetter-apk.app\/tr\/#website","url":"https:\/\/spinbetter-apk.app\/tr\/","name":"Spinbetter APK TR","description":"spinbetterapk casino","potentialAction":[{"@type":"SearchAction","target":{"@type":"EntryPoint","urlTemplate":"https:\/\/spinbetter-apk.app\/tr\/?s={search_term_string}"},"query-input":{"@type":"PropertyValueSpecification","valueRequired":true,"valueName":"search_term_string"}}],"inLanguage":"tr"}]}},"_links":{"self":[{"href":"https:\/\/spinbetter-apk.app\/tr\/wp-json\/wp\/v2\/pages\/564","targetHints":{"allow":["GET"]}}],"collection":[{"href":"https:\/\/spinbetter-apk.app\/tr\/wp-json\/wp\/v2\/pages"}],"about":[{"href":"https:\/\/spinbetter-apk.app\/tr\/wp-json\/wp\/v2\/types\/page"}],"author":[{"embeddable":true,"href":"https:\/\/spinbetter-apk.app\/tr\/wp-json\/wp\/v2\/users\/1"}],"replies":[{"embeddable":true,"href":"https:\/\/spinbetter-apk.app\/tr\/wp-json\/wp\/v2\/comments?post=564"}],"version-history":[{"count":1,"href":"https:\/\/spinbetter-apk.app\/tr\/wp-json\/wp\/v2\/pages\/564\/revisions"}],"predecessor-version":[{"id":565,"href":"https:\/\/spinbetter-apk.app\/tr\/wp-json\/wp\/v2\/pages\/564\/revisions\/565"}],"up":[{"embeddable":true,"href":"https:\/\/spinbetter-apk.app\/tr\/wp-json\/wp\/v2\/pages\/322"}],"wp:attachment":[{"href":"https:\/\/spinbetter-apk.app\/tr\/wp-json\/wp\/v2\/media?parent=564"}],"curies":[{"name":"wp","href":"https:\/\/api.w.org\/{rel}","templated":true}]}}