{"id":551,"date":"2025-06-26T08:22:07","date_gmt":"2025-06-26T08:22:07","guid":{"rendered":"https:\/\/spinbetter-apk.app\/tr\/?page_id=551"},"modified":"2025-06-26T08:22:51","modified_gmt":"2025-06-26T08:22:51","slug":"advance-bet","status":"publish","type":"page","link":"https:\/\/spinbetter-apk.app\/tr\/bonuses\/advance-bet\/","title":{"rendered":"Avans bahis"},"content":{"rendered":"","protected":false},"excerpt":{"rendered":"","protected":false},"author":1,"featured_media":0,"parent":322,"menu_order":0,"comment_status":"closed","ping_status":"closed","template":"","meta":{"footnotes":""},"class_list":["post-551","page","type-page","status-publish","hentry"],"yoast_head":"<!-- This site is optimized with the Yoast SEO plugin v23.4 - https:\/\/yoast.com\/wordpress\/plugins\/seo\/ -->\n<title>\u0130leri Bahis \ud83e\udc12 Bakiye Olmadan Bile Bahis Yap\u0131n<\/title>\n<meta name=\"description\" content=\"Hesaplanmam\u0131\u015f bahisleriniz var ve bakiyeniz s\u0131f\u0131r m\u0131? SpinBetter \u00f6nceden bahis sunuyor! Para yat\u0131rmay\u0131 beklemeden canl\u0131 ve yakla\u015fan etkinliklere bahis yap\u0131n.\" \/>\n<meta name=\"robots\" content=\"index, follow, max-snippet:-1, max-image-preview:large, max-video-preview:-1\" \/>\n<meta property=\"og:locale\" content=\"tr_TR\" \/>\n<meta property=\"og:type\" content=\"article\" \/>\n<meta property=\"og:title\" content=\"\u0130leri Bahis \ud83e\udc12 Bakiye Olmadan Bile Bahis Yap\u0131n\" \/>\n<meta property=\"og:description\" content=\"Hesaplanmam\u0131\u015f bahisleriniz var ve bakiyeniz s\u0131f\u0131r m\u0131? SpinBetter \u00f6nceden bahis sunuyor! Para yat\u0131rmay\u0131 beklemeden canl\u0131 ve yakla\u015fan etkinliklere bahis yap\u0131n.\" \/>\n<meta property=\"og:url\" content=\"https:\/\/spinbetter-apk.app\/tr\/bonuses\/advance-bet\/\" \/>\n<meta property=\"og:site_name\" content=\"Spinbetter APK TR\" \/>\n<meta property=\"article:modified_time\" content=\"2025-06-26T08:22:51+00:00\" \/>\n<meta name=\"twitter:card\" content=\"summary_large_image\" \/>\n<script type=\"application\/ld+json\" class=\"yoast-schema-graph\">{\"@context\":\"https:\/\/schema.org\",\"@graph\":[{\"@type\":\"WebPage\",\"@id\":\"https:\/\/spinbetter-apk.app\/tr\/bonuses\/advance-bet\/\",\"url\":\"https:\/\/spinbetter-apk.app\/tr\/bonuses\/advance-bet\/\",\"name\":\"\u0130leri Bahis \ud83e\udc12 Bakiye Olmadan Bile Bahis Yap\u0131n\",\"isPartOf\":{\"@id\":\"https:\/\/spinbetter-apk.app\/tr\/#website\"},\"datePublished\":\"2025-06-26T08:22:07+00:00\",\"dateModified\":\"2025-06-26T08:22:51+00:00\",\"description\":\"Hesaplanmam\u0131\u015f bahisleriniz var ve bakiyeniz s\u0131f\u0131r m\u0131? SpinBetter \u00f6nceden bahis sunuyor! Para yat\u0131rmay\u0131 beklemeden canl\u0131 ve yakla\u015fan etkinliklere bahis yap\u0131n.\",\"breadcrumb\":{\"@id\":\"https:\/\/spinbetter-apk.app\/tr\/bonuses\/advance-bet\/#breadcrumb\"},\"inLanguage\":\"tr\",\"potentialAction\":[{\"@type\":\"ReadAction\",\"target\":[\"https:\/\/spinbetter-apk.app\/tr\/bonuses\/advance-bet\/\"]}]},{\"@type\":\"BreadcrumbList\",\"@id\":\"https:\/\/spinbetter-apk.app\/tr\/bonuses\/advance-bet\/#breadcrumb\",\"itemListElement\":[{\"@type\":\"ListItem\",\"position\":1,\"name\":\"Anasayfa\",\"item\":\"https:\/\/spinbetter-apk.app\/tr\/\"},{\"@type\":\"ListItem\",\"position\":2,\"name\":\"Bonuslar\",\"item\":\"https:\/\/spinbetter-apk.app\/tr\/bonuses\/\"},{\"@type\":\"ListItem\",\"position\":3,\"name\":\"Avans bahis\"}]},{\"@type\":\"WebSite\",\"@id\":\"https:\/\/spinbetter-apk.app\/tr\/#website\",\"url\":\"https:\/\/spinbetter-apk.app\/tr\/\",\"name\":\"Spinbetter APK TR\",\"description\":\"spinbetterapk casino\",\"potentialAction\":[{\"@type\":\"SearchAction\",\"target\":{\"@type\":\"EntryPoint\",\"urlTemplate\":\"https:\/\/spinbetter-apk.app\/tr\/?s={search_term_string}\"},\"query-input\":{\"@type\":\"PropertyValueSpecification\",\"valueRequired\":true,\"valueName\":\"search_term_string\"}}],\"inLanguage\":\"tr\"}]}<\/script>\n<!-- \/ Yoast SEO plugin. -->","yoast_head_json":{"title":"\u0130leri Bahis \ud83e\udc12 Bakiye Olmadan Bile Bahis Yap\u0131n","description":"Hesaplanmam\u0131\u015f bahisleriniz var ve bakiyeniz s\u0131f\u0131r m\u0131? SpinBetter \u00f6nceden bahis sunuyor! Para yat\u0131rmay\u0131 beklemeden canl\u0131 ve yakla\u015fan etkinliklere bahis yap\u0131n.","robots":{"index":"index","follow":"follow","max-snippet":"max-snippet:-1","max-image-preview":"max-image-preview:large","max-video-preview":"max-video-preview:-1"},"og_locale":"tr_TR","og_type":"article","og_title":"\u0130leri Bahis \ud83e\udc12 Bakiye Olmadan Bile Bahis Yap\u0131n","og_description":"Hesaplanmam\u0131\u015f bahisleriniz var ve bakiyeniz s\u0131f\u0131r m\u0131? SpinBetter \u00f6nceden bahis sunuyor! Para yat\u0131rmay\u0131 beklemeden canl\u0131 ve yakla\u015fan etkinliklere bahis yap\u0131n.","og_url":"https:\/\/spinbetter-apk.app\/tr\/bonuses\/advance-bet\/","og_site_name":"Spinbetter APK TR","article_modified_time":"2025-06-26T08:22:51+00:00","twitter_card":"summary_large_image","schema":{"@context":"https:\/\/schema.org","@graph":[{"@type":"WebPage","@id":"https:\/\/spinbetter-apk.app\/tr\/bonuses\/advance-bet\/","url":"https:\/\/spinbetter-apk.app\/tr\/bonuses\/advance-bet\/","name":"\u0130leri Bahis \ud83e\udc12 Bakiye Olmadan Bile Bahis Yap\u0131n","isPartOf":{"@id":"https:\/\/spinbetter-apk.app\/tr\/#website"},"datePublished":"2025-06-26T08:22:07+00:00","dateModified":"2025-06-26T08:22:51+00:00","description":"Hesaplanmam\u0131\u015f bahisleriniz var ve bakiyeniz s\u0131f\u0131r m\u0131? SpinBetter \u00f6nceden bahis sunuyor! Para yat\u0131rmay\u0131 beklemeden canl\u0131 ve yakla\u015fan etkinliklere bahis yap\u0131n.","breadcrumb":{"@id":"https:\/\/spinbetter-apk.app\/tr\/bonuses\/advance-bet\/#breadcrumb"},"inLanguage":"tr","potentialAction":[{"@type":"ReadAction","target":["https:\/\/spinbetter-apk.app\/tr\/bonuses\/advance-bet\/"]}]},{"@type":"BreadcrumbList","@id":"https:\/\/spinbetter-apk.app\/tr\/bonuses\/advance-bet\/#breadcrumb","itemListElement":[{"@type":"ListItem","position":1,"name":"Anasayfa","item":"https:\/\/spinbetter-apk.app\/tr\/"},{"@type":"ListItem","position":2,"name":"Bonuslar","item":"https:\/\/spinbetter-apk.app\/tr\/bonuses\/"},{"@type":"ListItem","position":3,"name":"Avans bahis"}]},{"@type":"WebSite","@id":"https:\/\/spinbetter-apk.app\/tr\/#website","url":"https:\/\/spinbetter-apk.app\/tr\/","name":"Spinbetter APK TR","description":"spinbetterapk casino","potentialAction":[{"@type":"SearchAction","target":{"@type":"EntryPoint","urlTemplate":"https:\/\/spinbetter-apk.app\/tr\/?s={search_term_string}"},"query-input":{"@type":"PropertyValueSpecification","valueRequired":true,"valueName":"search_term_string"}}],"inLanguage":"tr"}]}},"_links":{"self":[{"href":"https:\/\/spinbetter-apk.app\/tr\/wp-json\/wp\/v2\/pages\/551","targetHints":{"allow":["GET"]}}],"collection":[{"href":"https:\/\/spinbetter-apk.app\/tr\/wp-json\/wp\/v2\/pages"}],"about":[{"href":"https:\/\/spinbetter-apk.app\/tr\/wp-json\/wp\/v2\/types\/page"}],"author":[{"embeddable":true,"href":"https:\/\/spinbetter-apk.app\/tr\/wp-json\/wp\/v2\/users\/1"}],"replies":[{"embeddable":true,"href":"https:\/\/spinbetter-apk.app\/tr\/wp-json\/wp\/v2\/comments?post=551"}],"version-history":[{"count":2,"href":"https:\/\/spinbetter-apk.app\/tr\/wp-json\/wp\/v2\/pages\/551\/revisions"}],"predecessor-version":[{"id":553,"href":"https:\/\/spinbetter-apk.app\/tr\/wp-json\/wp\/v2\/pages\/551\/revisions\/553"}],"up":[{"embeddable":true,"href":"https:\/\/spinbetter-apk.app\/tr\/wp-json\/wp\/v2\/pages\/322"}],"wp:attachment":[{"href":"https:\/\/spinbetter-apk.app\/tr\/wp-json\/wp\/v2\/media?parent=551"}],"curies":[{"name":"wp","href":"https:\/\/api.w.org\/{rel}","templated":true}]}}