{"id":546,"date":"2025-06-26T08:10:06","date_gmt":"2025-06-26T08:10:06","guid":{"rendered":"https:\/\/spinbetter-apk.app\/tr\/?page_id=546"},"modified":"2025-06-26T08:10:06","modified_gmt":"2025-06-26T08:10:06","slug":"freebet-app","status":"publish","type":"page","link":"https:\/\/spinbetter-apk.app\/tr\/bonuses\/freebet-app\/","title":{"rendered":"\u00dccretsiz bahis"},"content":{"rendered":"","protected":false},"excerpt":{"rendered":"","protected":false},"author":1,"featured_media":0,"parent":322,"menu_order":0,"comment_status":"closed","ping_status":"closed","template":"","meta":{"footnotes":""},"class_list":["post-546","page","type-page","status-publish","hentry"],"yoast_head":"<!-- This site is optimized with the Yoast SEO plugin v23.4 - https:\/\/yoast.com\/wordpress\/plugins\/seo\/ -->\n<title>SpinBetter Uygulamas\u0131nda Bahis \u0130\u00e7in 10 EUR&#039;ya Kadar \u00dccretsiz Bahis<\/title>\n<meta name=\"description\" content=\"SpinBetter casino uygulamas\u0131 \u00fczerinden 10 bahis yap\u0131n ve 10 EUR&#039;ya kadar \u00fccretsiz bahis kazan\u0131n. Promosyon 20.02.2025 - 20.05.2025 tarihleri \u200b\u200baras\u0131nda ge\u00e7erlidir. Hemen kat\u0131l\u0131n ve kazan\u0131n!\" \/>\n<meta name=\"robots\" content=\"index, follow, max-snippet:-1, max-image-preview:large, max-video-preview:-1\" \/>\n<meta property=\"og:locale\" content=\"tr_TR\" \/>\n<meta property=\"og:type\" content=\"article\" \/>\n<meta property=\"og:title\" content=\"SpinBetter Uygulamas\u0131nda Bahis \u0130\u00e7in 10 EUR&#039;ya Kadar \u00dccretsiz Bahis\" \/>\n<meta property=\"og:description\" content=\"SpinBetter casino uygulamas\u0131 \u00fczerinden 10 bahis yap\u0131n ve 10 EUR&#039;ya kadar \u00fccretsiz bahis kazan\u0131n. Promosyon 20.02.2025 - 20.05.2025 tarihleri \u200b\u200baras\u0131nda ge\u00e7erlidir. Hemen kat\u0131l\u0131n ve kazan\u0131n!\" \/>\n<meta property=\"og:url\" content=\"https:\/\/spinbetter-apk.app\/tr\/bonuses\/freebet-app\/\" \/>\n<meta property=\"og:site_name\" content=\"Spinbetter APK TR\" \/>\n<meta name=\"twitter:card\" content=\"summary_large_image\" \/>\n<script type=\"application\/ld+json\" class=\"yoast-schema-graph\">{\"@context\":\"https:\/\/schema.org\",\"@graph\":[{\"@type\":\"WebPage\",\"@id\":\"https:\/\/spinbetter-apk.app\/tr\/bonuses\/freebet-app\/\",\"url\":\"https:\/\/spinbetter-apk.app\/tr\/bonuses\/freebet-app\/\",\"name\":\"SpinBetter Uygulamas\u0131nda Bahis \u0130\u00e7in 10 EUR'ya Kadar \u00dccretsiz Bahis\",\"isPartOf\":{\"@id\":\"https:\/\/spinbetter-apk.app\/tr\/#website\"},\"datePublished\":\"2025-06-26T08:10:06+00:00\",\"dateModified\":\"2025-06-26T08:10:06+00:00\",\"description\":\"SpinBetter casino uygulamas\u0131 \u00fczerinden 10 bahis yap\u0131n ve 10 EUR'ya kadar \u00fccretsiz bahis kazan\u0131n. Promosyon 20.02.2025 - 20.05.2025 tarihleri \u200b\u200baras\u0131nda ge\u00e7erlidir. Hemen kat\u0131l\u0131n ve kazan\u0131n!\",\"breadcrumb\":{\"@id\":\"https:\/\/spinbetter-apk.app\/tr\/bonuses\/freebet-app\/#breadcrumb\"},\"inLanguage\":\"tr\",\"potentialAction\":[{\"@type\":\"ReadAction\",\"target\":[\"https:\/\/spinbetter-apk.app\/tr\/bonuses\/freebet-app\/\"]}]},{\"@type\":\"BreadcrumbList\",\"@id\":\"https:\/\/spinbetter-apk.app\/tr\/bonuses\/freebet-app\/#breadcrumb\",\"itemListElement\":[{\"@type\":\"ListItem\",\"position\":1,\"name\":\"Anasayfa\",\"item\":\"https:\/\/spinbetter-apk.app\/tr\/\"},{\"@type\":\"ListItem\",\"position\":2,\"name\":\"Bonuslar\",\"item\":\"https:\/\/spinbetter-apk.app\/tr\/bonuses\/\"},{\"@type\":\"ListItem\",\"position\":3,\"name\":\"\u00dccretsiz bahis\"}]},{\"@type\":\"WebSite\",\"@id\":\"https:\/\/spinbetter-apk.app\/tr\/#website\",\"url\":\"https:\/\/spinbetter-apk.app\/tr\/\",\"name\":\"Spinbetter APK TR\",\"description\":\"spinbetterapk casino\",\"potentialAction\":[{\"@type\":\"SearchAction\",\"target\":{\"@type\":\"EntryPoint\",\"urlTemplate\":\"https:\/\/spinbetter-apk.app\/tr\/?s={search_term_string}\"},\"query-input\":{\"@type\":\"PropertyValueSpecification\",\"valueRequired\":true,\"valueName\":\"search_term_string\"}}],\"inLanguage\":\"tr\"}]}<\/script>\n<!-- \/ Yoast SEO plugin. -->","yoast_head_json":{"title":"SpinBetter Uygulamas\u0131nda Bahis \u0130\u00e7in 10 EUR'ya Kadar \u00dccretsiz Bahis","description":"SpinBetter casino uygulamas\u0131 \u00fczerinden 10 bahis yap\u0131n ve 10 EUR'ya kadar \u00fccretsiz bahis kazan\u0131n. Promosyon 20.02.2025 - 20.05.2025 tarihleri \u200b\u200baras\u0131nda ge\u00e7erlidir. Hemen kat\u0131l\u0131n ve kazan\u0131n!","robots":{"index":"index","follow":"follow","max-snippet":"max-snippet:-1","max-image-preview":"max-image-preview:large","max-video-preview":"max-video-preview:-1"},"og_locale":"tr_TR","og_type":"article","og_title":"SpinBetter Uygulamas\u0131nda Bahis \u0130\u00e7in 10 EUR'ya Kadar \u00dccretsiz Bahis","og_description":"SpinBetter casino uygulamas\u0131 \u00fczerinden 10 bahis yap\u0131n ve 10 EUR'ya kadar \u00fccretsiz bahis kazan\u0131n. Promosyon 20.02.2025 - 20.05.2025 tarihleri \u200b\u200baras\u0131nda ge\u00e7erlidir. Hemen kat\u0131l\u0131n ve kazan\u0131n!","og_url":"https:\/\/spinbetter-apk.app\/tr\/bonuses\/freebet-app\/","og_site_name":"Spinbetter APK TR","twitter_card":"summary_large_image","schema":{"@context":"https:\/\/schema.org","@graph":[{"@type":"WebPage","@id":"https:\/\/spinbetter-apk.app\/tr\/bonuses\/freebet-app\/","url":"https:\/\/spinbetter-apk.app\/tr\/bonuses\/freebet-app\/","name":"SpinBetter Uygulamas\u0131nda Bahis \u0130\u00e7in 10 EUR'ya Kadar \u00dccretsiz Bahis","isPartOf":{"@id":"https:\/\/spinbetter-apk.app\/tr\/#website"},"datePublished":"2025-06-26T08:10:06+00:00","dateModified":"2025-06-26T08:10:06+00:00","description":"SpinBetter casino uygulamas\u0131 \u00fczerinden 10 bahis yap\u0131n ve 10 EUR'ya kadar \u00fccretsiz bahis kazan\u0131n. Promosyon 20.02.2025 - 20.05.2025 tarihleri \u200b\u200baras\u0131nda ge\u00e7erlidir. Hemen kat\u0131l\u0131n ve kazan\u0131n!","breadcrumb":{"@id":"https:\/\/spinbetter-apk.app\/tr\/bonuses\/freebet-app\/#breadcrumb"},"inLanguage":"tr","potentialAction":[{"@type":"ReadAction","target":["https:\/\/spinbetter-apk.app\/tr\/bonuses\/freebet-app\/"]}]},{"@type":"BreadcrumbList","@id":"https:\/\/spinbetter-apk.app\/tr\/bonuses\/freebet-app\/#breadcrumb","itemListElement":[{"@type":"ListItem","position":1,"name":"Anasayfa","item":"https:\/\/spinbetter-apk.app\/tr\/"},{"@type":"ListItem","position":2,"name":"Bonuslar","item":"https:\/\/spinbetter-apk.app\/tr\/bonuses\/"},{"@type":"ListItem","position":3,"name":"\u00dccretsiz bahis"}]},{"@type":"WebSite","@id":"https:\/\/spinbetter-apk.app\/tr\/#website","url":"https:\/\/spinbetter-apk.app\/tr\/","name":"Spinbetter APK TR","description":"spinbetterapk casino","potentialAction":[{"@type":"SearchAction","target":{"@type":"EntryPoint","urlTemplate":"https:\/\/spinbetter-apk.app\/tr\/?s={search_term_string}"},"query-input":{"@type":"PropertyValueSpecification","valueRequired":true,"valueName":"search_term_string"}}],"inLanguage":"tr"}]}},"_links":{"self":[{"href":"https:\/\/spinbetter-apk.app\/tr\/wp-json\/wp\/v2\/pages\/546","targetHints":{"allow":["GET"]}}],"collection":[{"href":"https:\/\/spinbetter-apk.app\/tr\/wp-json\/wp\/v2\/pages"}],"about":[{"href":"https:\/\/spinbetter-apk.app\/tr\/wp-json\/wp\/v2\/types\/page"}],"author":[{"embeddable":true,"href":"https:\/\/spinbetter-apk.app\/tr\/wp-json\/wp\/v2\/users\/1"}],"replies":[{"embeddable":true,"href":"https:\/\/spinbetter-apk.app\/tr\/wp-json\/wp\/v2\/comments?post=546"}],"version-history":[{"count":1,"href":"https:\/\/spinbetter-apk.app\/tr\/wp-json\/wp\/v2\/pages\/546\/revisions"}],"predecessor-version":[{"id":547,"href":"https:\/\/spinbetter-apk.app\/tr\/wp-json\/wp\/v2\/pages\/546\/revisions\/547"}],"up":[{"embeddable":true,"href":"https:\/\/spinbetter-apk.app\/tr\/wp-json\/wp\/v2\/pages\/322"}],"wp:attachment":[{"href":"https:\/\/spinbetter-apk.app\/tr\/wp-json\/wp\/v2\/media?parent=546"}],"curies":[{"name":"wp","href":"https:\/\/api.w.org\/{rel}","templated":true}]}}