{"id":543,"date":"2025-06-26T08:02:29","date_gmt":"2025-06-26T08:02:29","guid":{"rendered":"https:\/\/spinbetter-apk.app\/tr\/?page_id=543"},"modified":"2025-06-26T08:03:19","modified_gmt":"2025-06-26T08:03:19","slug":"spinbetter-deposit-lottery","status":"publish","type":"page","link":"https:\/\/spinbetter-apk.app\/tr\/bonuses\/spinbetter-deposit-lottery\/","title":{"rendered":"SpinBetter para yat\u0131rma piyangosu"},"content":{"rendered":"","protected":false},"excerpt":{"rendered":"","protected":false},"author":1,"featured_media":0,"parent":322,"menu_order":0,"comment_status":"closed","ping_status":"closed","template":"","meta":{"footnotes":""},"class_list":["post-543","page","type-page","status-publish","hentry"],"yoast_head":"<!-- This site is optimized with the Yoast SEO plugin v23.4 - https:\/\/yoast.com\/wordpress\/plugins\/seo\/ -->\n<title>SpinBetter Para Yat\u0131rma Piyangosu \ud83e\udc12 Her Hafta \u00dccretsiz Bahisler ve Promosyon Puanlar\u0131<\/title>\n<meta name=\"description\" content=\"SpinBetter casino&#039;da 3 EUR&#039;dan ba\u015flayan para yat\u0131rma i\u015flemleri yap\u0131n, bilet al\u0131n ve 30.000 EUR&#039;luk \u00fccretsiz bahis ve 2.000.000 promosyon puan\u0131 haftal\u0131k \u00e7ekili\u015fine kat\u0131l\u0131n! Ne kadar \u00e7ok bilet al\u0131rsan\u0131z, kazanma \u015fans\u0131n\u0131z o kadar y\u00fcksek olur. Hemen kat\u0131l\u0131n!\" \/>\n<meta name=\"robots\" content=\"index, follow, max-snippet:-1, max-image-preview:large, max-video-preview:-1\" \/>\n<meta property=\"og:locale\" content=\"tr_TR\" \/>\n<meta property=\"og:type\" content=\"article\" \/>\n<meta property=\"og:title\" content=\"SpinBetter Para Yat\u0131rma Piyangosu \ud83e\udc12 Her Hafta \u00dccretsiz Bahisler ve Promosyon Puanlar\u0131\" \/>\n<meta property=\"og:description\" content=\"SpinBetter casino&#039;da 3 EUR&#039;dan ba\u015flayan para yat\u0131rma i\u015flemleri yap\u0131n, bilet al\u0131n ve 30.000 EUR&#039;luk \u00fccretsiz bahis ve 2.000.000 promosyon puan\u0131 haftal\u0131k \u00e7ekili\u015fine kat\u0131l\u0131n! Ne kadar \u00e7ok bilet al\u0131rsan\u0131z, kazanma \u015fans\u0131n\u0131z o kadar y\u00fcksek olur. Hemen kat\u0131l\u0131n!\" \/>\n<meta property=\"og:url\" content=\"https:\/\/spinbetter-apk.app\/tr\/bonuses\/spinbetter-deposit-lottery\/\" \/>\n<meta property=\"og:site_name\" content=\"Spinbetter APK TR\" \/>\n<meta property=\"article:modified_time\" content=\"2025-06-26T08:03:19+00:00\" \/>\n<meta name=\"twitter:card\" content=\"summary_large_image\" \/>\n<script type=\"application\/ld+json\" class=\"yoast-schema-graph\">{\"@context\":\"https:\/\/schema.org\",\"@graph\":[{\"@type\":\"WebPage\",\"@id\":\"https:\/\/spinbetter-apk.app\/tr\/bonuses\/spinbetter-deposit-lottery\/\",\"url\":\"https:\/\/spinbetter-apk.app\/tr\/bonuses\/spinbetter-deposit-lottery\/\",\"name\":\"SpinBetter Para Yat\u0131rma Piyangosu \ud83e\udc12 Her Hafta \u00dccretsiz Bahisler ve Promosyon Puanlar\u0131\",\"isPartOf\":{\"@id\":\"https:\/\/spinbetter-apk.app\/tr\/#website\"},\"datePublished\":\"2025-06-26T08:02:29+00:00\",\"dateModified\":\"2025-06-26T08:03:19+00:00\",\"description\":\"SpinBetter casino'da 3 EUR'dan ba\u015flayan para yat\u0131rma i\u015flemleri yap\u0131n, bilet al\u0131n ve 30.000 EUR'luk \u00fccretsiz bahis ve 2.000.000 promosyon puan\u0131 haftal\u0131k \u00e7ekili\u015fine kat\u0131l\u0131n! Ne kadar \u00e7ok bilet al\u0131rsan\u0131z, kazanma \u015fans\u0131n\u0131z o kadar y\u00fcksek olur. Hemen kat\u0131l\u0131n!\",\"breadcrumb\":{\"@id\":\"https:\/\/spinbetter-apk.app\/tr\/bonuses\/spinbetter-deposit-lottery\/#breadcrumb\"},\"inLanguage\":\"tr\",\"potentialAction\":[{\"@type\":\"ReadAction\",\"target\":[\"https:\/\/spinbetter-apk.app\/tr\/bonuses\/spinbetter-deposit-lottery\/\"]}]},{\"@type\":\"BreadcrumbList\",\"@id\":\"https:\/\/spinbetter-apk.app\/tr\/bonuses\/spinbetter-deposit-lottery\/#breadcrumb\",\"itemListElement\":[{\"@type\":\"ListItem\",\"position\":1,\"name\":\"Anasayfa\",\"item\":\"https:\/\/spinbetter-apk.app\/tr\/\"},{\"@type\":\"ListItem\",\"position\":2,\"name\":\"Bonuslar\",\"item\":\"https:\/\/spinbetter-apk.app\/tr\/bonuses\/\"},{\"@type\":\"ListItem\",\"position\":3,\"name\":\"SpinBetter para yat\u0131rma piyangosu\"}]},{\"@type\":\"WebSite\",\"@id\":\"https:\/\/spinbetter-apk.app\/tr\/#website\",\"url\":\"https:\/\/spinbetter-apk.app\/tr\/\",\"name\":\"Spinbetter APK TR\",\"description\":\"spinbetterapk casino\",\"potentialAction\":[{\"@type\":\"SearchAction\",\"target\":{\"@type\":\"EntryPoint\",\"urlTemplate\":\"https:\/\/spinbetter-apk.app\/tr\/?s={search_term_string}\"},\"query-input\":{\"@type\":\"PropertyValueSpecification\",\"valueRequired\":true,\"valueName\":\"search_term_string\"}}],\"inLanguage\":\"tr\"}]}<\/script>\n<!-- \/ Yoast SEO plugin. -->","yoast_head_json":{"title":"SpinBetter Para Yat\u0131rma Piyangosu \ud83e\udc12 Her Hafta \u00dccretsiz Bahisler ve Promosyon Puanlar\u0131","description":"SpinBetter casino'da 3 EUR'dan ba\u015flayan para yat\u0131rma i\u015flemleri yap\u0131n, bilet al\u0131n ve 30.000 EUR'luk \u00fccretsiz bahis ve 2.000.000 promosyon puan\u0131 haftal\u0131k \u00e7ekili\u015fine kat\u0131l\u0131n! Ne kadar \u00e7ok bilet al\u0131rsan\u0131z, kazanma \u015fans\u0131n\u0131z o kadar y\u00fcksek olur. Hemen kat\u0131l\u0131n!","robots":{"index":"index","follow":"follow","max-snippet":"max-snippet:-1","max-image-preview":"max-image-preview:large","max-video-preview":"max-video-preview:-1"},"og_locale":"tr_TR","og_type":"article","og_title":"SpinBetter Para Yat\u0131rma Piyangosu \ud83e\udc12 Her Hafta \u00dccretsiz Bahisler ve Promosyon Puanlar\u0131","og_description":"SpinBetter casino'da 3 EUR'dan ba\u015flayan para yat\u0131rma i\u015flemleri yap\u0131n, bilet al\u0131n ve 30.000 EUR'luk \u00fccretsiz bahis ve 2.000.000 promosyon puan\u0131 haftal\u0131k \u00e7ekili\u015fine kat\u0131l\u0131n! Ne kadar \u00e7ok bilet al\u0131rsan\u0131z, kazanma \u015fans\u0131n\u0131z o kadar y\u00fcksek olur. Hemen kat\u0131l\u0131n!","og_url":"https:\/\/spinbetter-apk.app\/tr\/bonuses\/spinbetter-deposit-lottery\/","og_site_name":"Spinbetter APK TR","article_modified_time":"2025-06-26T08:03:19+00:00","twitter_card":"summary_large_image","schema":{"@context":"https:\/\/schema.org","@graph":[{"@type":"WebPage","@id":"https:\/\/spinbetter-apk.app\/tr\/bonuses\/spinbetter-deposit-lottery\/","url":"https:\/\/spinbetter-apk.app\/tr\/bonuses\/spinbetter-deposit-lottery\/","name":"SpinBetter Para Yat\u0131rma Piyangosu \ud83e\udc12 Her Hafta \u00dccretsiz Bahisler ve Promosyon Puanlar\u0131","isPartOf":{"@id":"https:\/\/spinbetter-apk.app\/tr\/#website"},"datePublished":"2025-06-26T08:02:29+00:00","dateModified":"2025-06-26T08:03:19+00:00","description":"SpinBetter casino'da 3 EUR'dan ba\u015flayan para yat\u0131rma i\u015flemleri yap\u0131n, bilet al\u0131n ve 30.000 EUR'luk \u00fccretsiz bahis ve 2.000.000 promosyon puan\u0131 haftal\u0131k \u00e7ekili\u015fine kat\u0131l\u0131n! Ne kadar \u00e7ok bilet al\u0131rsan\u0131z, kazanma \u015fans\u0131n\u0131z o kadar y\u00fcksek olur. Hemen kat\u0131l\u0131n!","breadcrumb":{"@id":"https:\/\/spinbetter-apk.app\/tr\/bonuses\/spinbetter-deposit-lottery\/#breadcrumb"},"inLanguage":"tr","potentialAction":[{"@type":"ReadAction","target":["https:\/\/spinbetter-apk.app\/tr\/bonuses\/spinbetter-deposit-lottery\/"]}]},{"@type":"BreadcrumbList","@id":"https:\/\/spinbetter-apk.app\/tr\/bonuses\/spinbetter-deposit-lottery\/#breadcrumb","itemListElement":[{"@type":"ListItem","position":1,"name":"Anasayfa","item":"https:\/\/spinbetter-apk.app\/tr\/"},{"@type":"ListItem","position":2,"name":"Bonuslar","item":"https:\/\/spinbetter-apk.app\/tr\/bonuses\/"},{"@type":"ListItem","position":3,"name":"SpinBetter para yat\u0131rma piyangosu"}]},{"@type":"WebSite","@id":"https:\/\/spinbetter-apk.app\/tr\/#website","url":"https:\/\/spinbetter-apk.app\/tr\/","name":"Spinbetter APK TR","description":"spinbetterapk casino","potentialAction":[{"@type":"SearchAction","target":{"@type":"EntryPoint","urlTemplate":"https:\/\/spinbetter-apk.app\/tr\/?s={search_term_string}"},"query-input":{"@type":"PropertyValueSpecification","valueRequired":true,"valueName":"search_term_string"}}],"inLanguage":"tr"}]}},"_links":{"self":[{"href":"https:\/\/spinbetter-apk.app\/tr\/wp-json\/wp\/v2\/pages\/543","targetHints":{"allow":["GET"]}}],"collection":[{"href":"https:\/\/spinbetter-apk.app\/tr\/wp-json\/wp\/v2\/pages"}],"about":[{"href":"https:\/\/spinbetter-apk.app\/tr\/wp-json\/wp\/v2\/types\/page"}],"author":[{"embeddable":true,"href":"https:\/\/spinbetter-apk.app\/tr\/wp-json\/wp\/v2\/users\/1"}],"replies":[{"embeddable":true,"href":"https:\/\/spinbetter-apk.app\/tr\/wp-json\/wp\/v2\/comments?post=543"}],"version-history":[{"count":2,"href":"https:\/\/spinbetter-apk.app\/tr\/wp-json\/wp\/v2\/pages\/543\/revisions"}],"predecessor-version":[{"id":545,"href":"https:\/\/spinbetter-apk.app\/tr\/wp-json\/wp\/v2\/pages\/543\/revisions\/545"}],"up":[{"embeddable":true,"href":"https:\/\/spinbetter-apk.app\/tr\/wp-json\/wp\/v2\/pages\/322"}],"wp:attachment":[{"href":"https:\/\/spinbetter-apk.app\/tr\/wp-json\/wp\/v2\/media?parent=543"}],"curies":[{"name":"wp","href":"https:\/\/api.w.org\/{rel}","templated":true}]}}