{"id":329,"date":"2024-11-11T07:31:17","date_gmt":"2024-11-11T07:31:17","guid":{"rendered":"https:\/\/spinbetter-apk.app\/tr\/?page_id=329"},"modified":"2025-02-10T09:26:21","modified_gmt":"2025-02-10T09:26:21","slug":"download","status":"publish","type":"page","link":"https:\/\/spinbetter-apk.app\/tr\/download\/","title":{"rendered":"\u0130ndir"},"content":{"rendered":"","protected":false},"excerpt":{"rendered":"","protected":false},"author":1,"featured_media":0,"parent":0,"menu_order":0,"comment_status":"closed","ping_status":"closed","template":"","meta":{"footnotes":""},"class_list":["post-329","page","type-page","status-publish","hentry"],"yoast_head":"<!-- This site is optimized with the Yoast SEO plugin v23.4 - https:\/\/yoast.com\/wordpress\/plugins\/seo\/ -->\n<title>SpinBetter APK \u0130ndir \u2192 Uygulama Nas\u0131l Kurulur ve \u00d6zelle\u015ftirilir<\/title>\n<meta name=\"description\" content=\"Rahat oyun oynamak i\u00e7in SpinBetter apk&#039;yi nas\u0131l indirece\u011finizi ve yap\u0131land\u0131raca\u011f\u0131n\u0131z\u0131 \u00f6\u011frenin. SpinBetter apk&#039;ya genel bak\u0131\u015f, g\u00fcvenlik ayarlar\u0131.\" \/>\n<meta name=\"robots\" content=\"index, follow, max-snippet:-1, max-image-preview:large, max-video-preview:-1\" \/>\n<meta property=\"og:locale\" content=\"tr_TR\" \/>\n<meta property=\"og:type\" content=\"article\" \/>\n<meta property=\"og:title\" content=\"SpinBetter APK \u0130ndir \u2192 Uygulama Nas\u0131l Kurulur ve \u00d6zelle\u015ftirilir\" \/>\n<meta property=\"og:description\" content=\"Rahat oyun oynamak i\u00e7in SpinBetter apk&#039;yi nas\u0131l indirece\u011finizi ve yap\u0131land\u0131raca\u011f\u0131n\u0131z\u0131 \u00f6\u011frenin. SpinBetter apk&#039;ya genel bak\u0131\u015f, g\u00fcvenlik ayarlar\u0131.\" \/>\n<meta property=\"og:url\" content=\"https:\/\/spinbetter-apk.app\/tr\/download\/\" \/>\n<meta property=\"og:site_name\" content=\"Spinbetter APK TR\" \/>\n<meta property=\"article:modified_time\" content=\"2025-02-10T09:26:21+00:00\" \/>\n<meta name=\"twitter:card\" content=\"summary_large_image\" \/>\n<script type=\"application\/ld+json\" class=\"yoast-schema-graph\">{\"@context\":\"https:\/\/schema.org\",\"@graph\":[{\"@type\":\"WebPage\",\"@id\":\"https:\/\/spinbetter-apk.app\/tr\/download\/\",\"url\":\"https:\/\/spinbetter-apk.app\/tr\/download\/\",\"name\":\"SpinBetter APK \u0130ndir \u2192 Uygulama Nas\u0131l Kurulur ve \u00d6zelle\u015ftirilir\",\"isPartOf\":{\"@id\":\"https:\/\/spinbetter-apk.app\/tr\/#website\"},\"datePublished\":\"2024-11-11T07:31:17+00:00\",\"dateModified\":\"2025-02-10T09:26:21+00:00\",\"description\":\"Rahat oyun oynamak i\u00e7in SpinBetter apk'yi nas\u0131l indirece\u011finizi ve yap\u0131land\u0131raca\u011f\u0131n\u0131z\u0131 \u00f6\u011frenin. SpinBetter apk'ya genel bak\u0131\u015f, g\u00fcvenlik ayarlar\u0131.\",\"breadcrumb\":{\"@id\":\"https:\/\/spinbetter-apk.app\/tr\/download\/#breadcrumb\"},\"inLanguage\":\"tr\",\"potentialAction\":[{\"@type\":\"ReadAction\",\"target\":[\"https:\/\/spinbetter-apk.app\/tr\/download\/\"]}]},{\"@type\":\"BreadcrumbList\",\"@id\":\"https:\/\/spinbetter-apk.app\/tr\/download\/#breadcrumb\",\"itemListElement\":[{\"@type\":\"ListItem\",\"position\":1,\"name\":\"Anasayfa\",\"item\":\"https:\/\/spinbetter-apk.app\/tr\/\"},{\"@type\":\"ListItem\",\"position\":2,\"name\":\"\u0130ndir\"}]},{\"@type\":\"WebSite\",\"@id\":\"https:\/\/spinbetter-apk.app\/tr\/#website\",\"url\":\"https:\/\/spinbetter-apk.app\/tr\/\",\"name\":\"Spinbetter APK TR\",\"description\":\"spinbetterapk casino\",\"potentialAction\":[{\"@type\":\"SearchAction\",\"target\":{\"@type\":\"EntryPoint\",\"urlTemplate\":\"https:\/\/spinbetter-apk.app\/tr\/?s={search_term_string}\"},\"query-input\":{\"@type\":\"PropertyValueSpecification\",\"valueRequired\":true,\"valueName\":\"search_term_string\"}}],\"inLanguage\":\"tr\"}]}<\/script>\n<!-- \/ Yoast SEO plugin. -->","yoast_head_json":{"title":"SpinBetter APK \u0130ndir \u2192 Uygulama Nas\u0131l Kurulur ve \u00d6zelle\u015ftirilir","description":"Rahat oyun oynamak i\u00e7in SpinBetter apk'yi nas\u0131l indirece\u011finizi ve yap\u0131land\u0131raca\u011f\u0131n\u0131z\u0131 \u00f6\u011frenin. SpinBetter apk'ya genel bak\u0131\u015f, g\u00fcvenlik ayarlar\u0131.","robots":{"index":"index","follow":"follow","max-snippet":"max-snippet:-1","max-image-preview":"max-image-preview:large","max-video-preview":"max-video-preview:-1"},"og_locale":"tr_TR","og_type":"article","og_title":"SpinBetter APK \u0130ndir \u2192 Uygulama Nas\u0131l Kurulur ve \u00d6zelle\u015ftirilir","og_description":"Rahat oyun oynamak i\u00e7in SpinBetter apk'yi nas\u0131l indirece\u011finizi ve yap\u0131land\u0131raca\u011f\u0131n\u0131z\u0131 \u00f6\u011frenin. SpinBetter apk'ya genel bak\u0131\u015f, g\u00fcvenlik ayarlar\u0131.","og_url":"https:\/\/spinbetter-apk.app\/tr\/download\/","og_site_name":"Spinbetter APK TR","article_modified_time":"2025-02-10T09:26:21+00:00","twitter_card":"summary_large_image","schema":{"@context":"https:\/\/schema.org","@graph":[{"@type":"WebPage","@id":"https:\/\/spinbetter-apk.app\/tr\/download\/","url":"https:\/\/spinbetter-apk.app\/tr\/download\/","name":"SpinBetter APK \u0130ndir \u2192 Uygulama Nas\u0131l Kurulur ve \u00d6zelle\u015ftirilir","isPartOf":{"@id":"https:\/\/spinbetter-apk.app\/tr\/#website"},"datePublished":"2024-11-11T07:31:17+00:00","dateModified":"2025-02-10T09:26:21+00:00","description":"Rahat oyun oynamak i\u00e7in SpinBetter apk'yi nas\u0131l indirece\u011finizi ve yap\u0131land\u0131raca\u011f\u0131n\u0131z\u0131 \u00f6\u011frenin. SpinBetter apk'ya genel bak\u0131\u015f, g\u00fcvenlik ayarlar\u0131.","breadcrumb":{"@id":"https:\/\/spinbetter-apk.app\/tr\/download\/#breadcrumb"},"inLanguage":"tr","potentialAction":[{"@type":"ReadAction","target":["https:\/\/spinbetter-apk.app\/tr\/download\/"]}]},{"@type":"BreadcrumbList","@id":"https:\/\/spinbetter-apk.app\/tr\/download\/#breadcrumb","itemListElement":[{"@type":"ListItem","position":1,"name":"Anasayfa","item":"https:\/\/spinbetter-apk.app\/tr\/"},{"@type":"ListItem","position":2,"name":"\u0130ndir"}]},{"@type":"WebSite","@id":"https:\/\/spinbetter-apk.app\/tr\/#website","url":"https:\/\/spinbetter-apk.app\/tr\/","name":"Spinbetter APK TR","description":"spinbetterapk casino","potentialAction":[{"@type":"SearchAction","target":{"@type":"EntryPoint","urlTemplate":"https:\/\/spinbetter-apk.app\/tr\/?s={search_term_string}"},"query-input":{"@type":"PropertyValueSpecification","valueRequired":true,"valueName":"search_term_string"}}],"inLanguage":"tr"}]}},"_links":{"self":[{"href":"https:\/\/spinbetter-apk.app\/tr\/wp-json\/wp\/v2\/pages\/329","targetHints":{"allow":["GET"]}}],"collection":[{"href":"https:\/\/spinbetter-apk.app\/tr\/wp-json\/wp\/v2\/pages"}],"about":[{"href":"https:\/\/spinbetter-apk.app\/tr\/wp-json\/wp\/v2\/types\/page"}],"author":[{"embeddable":true,"href":"https:\/\/spinbetter-apk.app\/tr\/wp-json\/wp\/v2\/users\/1"}],"replies":[{"embeddable":true,"href":"https:\/\/spinbetter-apk.app\/tr\/wp-json\/wp\/v2\/comments?post=329"}],"version-history":[{"count":22,"href":"https:\/\/spinbetter-apk.app\/tr\/wp-json\/wp\/v2\/pages\/329\/revisions"}],"predecessor-version":[{"id":529,"href":"https:\/\/spinbetter-apk.app\/tr\/wp-json\/wp\/v2\/pages\/329\/revisions\/529"}],"wp:attachment":[{"href":"https:\/\/spinbetter-apk.app\/tr\/wp-json\/wp\/v2\/media?parent=329"}],"curies":[{"name":"wp","href":"https:\/\/api.w.org\/{rel}","templated":true}]}}