{"id":316,"date":"2024-11-11T06:14:36","date_gmt":"2024-11-11T06:14:36","guid":{"rendered":"https:\/\/spinbetter-apk.app\/tr\/?page_id=316"},"modified":"2025-02-10T08:47:21","modified_gmt":"2025-02-10T08:47:21","slug":"mirror","status":"publish","type":"page","link":"https:\/\/spinbetter-apk.app\/tr\/mirror\/","title":{"rendered":"Ayna"},"content":{"rendered":"","protected":false},"excerpt":{"rendered":"","protected":false},"author":1,"featured_media":0,"parent":0,"menu_order":0,"comment_status":"closed","ping_status":"closed","template":"","meta":{"footnotes":""},"class_list":["post-316","page","type-page","status-publish","hentry"],"yoast_head":"<!-- This site is optimized with the Yoast SEO plugin v23.4 - https:\/\/yoast.com\/wordpress\/plugins\/seo\/ -->\n<title>SpinBetter Ayna- Engellemeyi A\u015fma, G\u00fcvenli Eri\u015fim<\/title>\n<meta name=\"description\" content=\"SpinBetter aynalar\u0131n\u0131n ne oldu\u011funu \u00f6\u011frenin. Nas\u0131l \u00e7al\u0131\u015f\u0131rlar ve oyunlara eri\u015fim sa\u011flarlar? SpinBetter casino aynalar\u0131 i\u00e7in detayl\u0131 bir rehber.\" \/>\n<meta name=\"robots\" content=\"index, follow, max-snippet:-1, max-image-preview:large, max-video-preview:-1\" \/>\n<meta property=\"og:locale\" content=\"tr_TR\" \/>\n<meta property=\"og:type\" content=\"article\" \/>\n<meta property=\"og:title\" content=\"SpinBetter Ayna- Engellemeyi A\u015fma, G\u00fcvenli Eri\u015fim\" \/>\n<meta property=\"og:description\" content=\"SpinBetter aynalar\u0131n\u0131n ne oldu\u011funu \u00f6\u011frenin. Nas\u0131l \u00e7al\u0131\u015f\u0131rlar ve oyunlara eri\u015fim sa\u011flarlar? SpinBetter casino aynalar\u0131 i\u00e7in detayl\u0131 bir rehber.\" \/>\n<meta property=\"og:url\" content=\"https:\/\/spinbetter-apk.app\/tr\/mirror\/\" \/>\n<meta property=\"og:site_name\" content=\"Spinbetter APK TR\" \/>\n<meta property=\"article:modified_time\" content=\"2025-02-10T08:47:21+00:00\" \/>\n<meta name=\"twitter:card\" content=\"summary_large_image\" \/>\n<script type=\"application\/ld+json\" class=\"yoast-schema-graph\">{\"@context\":\"https:\/\/schema.org\",\"@graph\":[{\"@type\":\"WebPage\",\"@id\":\"https:\/\/spinbetter-apk.app\/tr\/mirror\/\",\"url\":\"https:\/\/spinbetter-apk.app\/tr\/mirror\/\",\"name\":\"SpinBetter Ayna- Engellemeyi A\u015fma, G\u00fcvenli Eri\u015fim\",\"isPartOf\":{\"@id\":\"https:\/\/spinbetter-apk.app\/tr\/#website\"},\"datePublished\":\"2024-11-11T06:14:36+00:00\",\"dateModified\":\"2025-02-10T08:47:21+00:00\",\"description\":\"SpinBetter aynalar\u0131n\u0131n ne oldu\u011funu \u00f6\u011frenin. Nas\u0131l \u00e7al\u0131\u015f\u0131rlar ve oyunlara eri\u015fim sa\u011flarlar? SpinBetter casino aynalar\u0131 i\u00e7in detayl\u0131 bir rehber.\",\"breadcrumb\":{\"@id\":\"https:\/\/spinbetter-apk.app\/tr\/mirror\/#breadcrumb\"},\"inLanguage\":\"tr\",\"potentialAction\":[{\"@type\":\"ReadAction\",\"target\":[\"https:\/\/spinbetter-apk.app\/tr\/mirror\/\"]}]},{\"@type\":\"BreadcrumbList\",\"@id\":\"https:\/\/spinbetter-apk.app\/tr\/mirror\/#breadcrumb\",\"itemListElement\":[{\"@type\":\"ListItem\",\"position\":1,\"name\":\"Anasayfa\",\"item\":\"https:\/\/spinbetter-apk.app\/tr\/\"},{\"@type\":\"ListItem\",\"position\":2,\"name\":\"Ayna\"}]},{\"@type\":\"WebSite\",\"@id\":\"https:\/\/spinbetter-apk.app\/tr\/#website\",\"url\":\"https:\/\/spinbetter-apk.app\/tr\/\",\"name\":\"Spinbetter APK TR\",\"description\":\"spinbetterapk casino\",\"potentialAction\":[{\"@type\":\"SearchAction\",\"target\":{\"@type\":\"EntryPoint\",\"urlTemplate\":\"https:\/\/spinbetter-apk.app\/tr\/?s={search_term_string}\"},\"query-input\":{\"@type\":\"PropertyValueSpecification\",\"valueRequired\":true,\"valueName\":\"search_term_string\"}}],\"inLanguage\":\"tr\"}]}<\/script>\n<!-- \/ Yoast SEO plugin. -->","yoast_head_json":{"title":"SpinBetter Ayna- Engellemeyi A\u015fma, G\u00fcvenli Eri\u015fim","description":"SpinBetter aynalar\u0131n\u0131n ne oldu\u011funu \u00f6\u011frenin. Nas\u0131l \u00e7al\u0131\u015f\u0131rlar ve oyunlara eri\u015fim sa\u011flarlar? SpinBetter casino aynalar\u0131 i\u00e7in detayl\u0131 bir rehber.","robots":{"index":"index","follow":"follow","max-snippet":"max-snippet:-1","max-image-preview":"max-image-preview:large","max-video-preview":"max-video-preview:-1"},"og_locale":"tr_TR","og_type":"article","og_title":"SpinBetter Ayna- Engellemeyi A\u015fma, G\u00fcvenli Eri\u015fim","og_description":"SpinBetter aynalar\u0131n\u0131n ne oldu\u011funu \u00f6\u011frenin. Nas\u0131l \u00e7al\u0131\u015f\u0131rlar ve oyunlara eri\u015fim sa\u011flarlar? SpinBetter casino aynalar\u0131 i\u00e7in detayl\u0131 bir rehber.","og_url":"https:\/\/spinbetter-apk.app\/tr\/mirror\/","og_site_name":"Spinbetter APK TR","article_modified_time":"2025-02-10T08:47:21+00:00","twitter_card":"summary_large_image","schema":{"@context":"https:\/\/schema.org","@graph":[{"@type":"WebPage","@id":"https:\/\/spinbetter-apk.app\/tr\/mirror\/","url":"https:\/\/spinbetter-apk.app\/tr\/mirror\/","name":"SpinBetter Ayna- Engellemeyi A\u015fma, G\u00fcvenli Eri\u015fim","isPartOf":{"@id":"https:\/\/spinbetter-apk.app\/tr\/#website"},"datePublished":"2024-11-11T06:14:36+00:00","dateModified":"2025-02-10T08:47:21+00:00","description":"SpinBetter aynalar\u0131n\u0131n ne oldu\u011funu \u00f6\u011frenin. Nas\u0131l \u00e7al\u0131\u015f\u0131rlar ve oyunlara eri\u015fim sa\u011flarlar? SpinBetter casino aynalar\u0131 i\u00e7in detayl\u0131 bir rehber.","breadcrumb":{"@id":"https:\/\/spinbetter-apk.app\/tr\/mirror\/#breadcrumb"},"inLanguage":"tr","potentialAction":[{"@type":"ReadAction","target":["https:\/\/spinbetter-apk.app\/tr\/mirror\/"]}]},{"@type":"BreadcrumbList","@id":"https:\/\/spinbetter-apk.app\/tr\/mirror\/#breadcrumb","itemListElement":[{"@type":"ListItem","position":1,"name":"Anasayfa","item":"https:\/\/spinbetter-apk.app\/tr\/"},{"@type":"ListItem","position":2,"name":"Ayna"}]},{"@type":"WebSite","@id":"https:\/\/spinbetter-apk.app\/tr\/#website","url":"https:\/\/spinbetter-apk.app\/tr\/","name":"Spinbetter APK TR","description":"spinbetterapk casino","potentialAction":[{"@type":"SearchAction","target":{"@type":"EntryPoint","urlTemplate":"https:\/\/spinbetter-apk.app\/tr\/?s={search_term_string}"},"query-input":{"@type":"PropertyValueSpecification","valueRequired":true,"valueName":"search_term_string"}}],"inLanguage":"tr"}]}},"_links":{"self":[{"href":"https:\/\/spinbetter-apk.app\/tr\/wp-json\/wp\/v2\/pages\/316","targetHints":{"allow":["GET"]}}],"collection":[{"href":"https:\/\/spinbetter-apk.app\/tr\/wp-json\/wp\/v2\/pages"}],"about":[{"href":"https:\/\/spinbetter-apk.app\/tr\/wp-json\/wp\/v2\/types\/page"}],"author":[{"embeddable":true,"href":"https:\/\/spinbetter-apk.app\/tr\/wp-json\/wp\/v2\/users\/1"}],"replies":[{"embeddable":true,"href":"https:\/\/spinbetter-apk.app\/tr\/wp-json\/wp\/v2\/comments?post=316"}],"version-history":[{"count":24,"href":"https:\/\/spinbetter-apk.app\/tr\/wp-json\/wp\/v2\/pages\/316\/revisions"}],"predecessor-version":[{"id":520,"href":"https:\/\/spinbetter-apk.app\/tr\/wp-json\/wp\/v2\/pages\/316\/revisions\/520"}],"wp:attachment":[{"href":"https:\/\/spinbetter-apk.app\/tr\/wp-json\/wp\/v2\/media?parent=316"}],"curies":[{"name":"wp","href":"https:\/\/api.w.org\/{rel}","templated":true}]}}