{"id":280,"date":"2024-11-08T13:51:48","date_gmt":"2024-11-08T13:51:48","guid":{"rendered":"https:\/\/spinbetter-apk.app\/tr\/?page_id=280"},"modified":"2025-02-10T09:54:46","modified_gmt":"2025-02-10T09:54:46","slug":"registration","status":"publish","type":"page","link":"https:\/\/spinbetter-apk.app\/tr\/registration\/","title":{"rendered":"Kay\u0131t"},"content":{"rendered":"","protected":false},"excerpt":{"rendered":"","protected":false},"author":1,"featured_media":0,"parent":0,"menu_order":0,"comment_status":"closed","ping_status":"closed","template":"","meta":{"footnotes":""},"class_list":["post-280","page","type-page","status-publish","hentry"],"yoast_head":"<!-- This site is optimized with the Yoast SEO plugin v23.4 - https:\/\/yoast.com\/wordpress\/plugins\/seo\/ -->\n<title>SpinBetter Kayd\u0131 - Ad\u0131m Ad\u0131m K\u0131lavuz ve \u0130pu\u00e7lar\u0131<\/title>\n<meta name=\"description\" content=\"SpinBetter kayd\u0131n\u0131 tamamlaman\u0131n ne kadar kolay oldu\u011funu \u00f6\u011frenin. SpinBetter kayd\u0131 i\u00e7in eksiksiz k\u0131lavuz ve g\u00fcvenlik ipu\u00e7lar\u0131.\" \/>\n<meta name=\"robots\" content=\"index, follow, max-snippet:-1, max-image-preview:large, max-video-preview:-1\" \/>\n<meta property=\"og:locale\" content=\"tr_TR\" \/>\n<meta property=\"og:type\" content=\"article\" \/>\n<meta property=\"og:title\" content=\"SpinBetter Kayd\u0131 - Ad\u0131m Ad\u0131m K\u0131lavuz ve \u0130pu\u00e7lar\u0131\" \/>\n<meta property=\"og:description\" content=\"SpinBetter kayd\u0131n\u0131 tamamlaman\u0131n ne kadar kolay oldu\u011funu \u00f6\u011frenin. SpinBetter kayd\u0131 i\u00e7in eksiksiz k\u0131lavuz ve g\u00fcvenlik ipu\u00e7lar\u0131.\" \/>\n<meta property=\"og:url\" content=\"https:\/\/spinbetter-apk.app\/tr\/registration\/\" \/>\n<meta property=\"og:site_name\" content=\"Spinbetter APK TR\" \/>\n<meta property=\"article:modified_time\" content=\"2025-02-10T09:54:46+00:00\" \/>\n<meta name=\"twitter:card\" content=\"summary_large_image\" \/>\n<script type=\"application\/ld+json\" class=\"yoast-schema-graph\">{\"@context\":\"https:\/\/schema.org\",\"@graph\":[{\"@type\":\"WebPage\",\"@id\":\"https:\/\/spinbetter-apk.app\/tr\/registration\/\",\"url\":\"https:\/\/spinbetter-apk.app\/tr\/registration\/\",\"name\":\"SpinBetter Kayd\u0131 - Ad\u0131m Ad\u0131m K\u0131lavuz ve \u0130pu\u00e7lar\u0131\",\"isPartOf\":{\"@id\":\"https:\/\/spinbetter-apk.app\/tr\/#website\"},\"datePublished\":\"2024-11-08T13:51:48+00:00\",\"dateModified\":\"2025-02-10T09:54:46+00:00\",\"description\":\"SpinBetter kayd\u0131n\u0131 tamamlaman\u0131n ne kadar kolay oldu\u011funu \u00f6\u011frenin. SpinBetter kayd\u0131 i\u00e7in eksiksiz k\u0131lavuz ve g\u00fcvenlik ipu\u00e7lar\u0131.\",\"breadcrumb\":{\"@id\":\"https:\/\/spinbetter-apk.app\/tr\/registration\/#breadcrumb\"},\"inLanguage\":\"tr\",\"potentialAction\":[{\"@type\":\"ReadAction\",\"target\":[\"https:\/\/spinbetter-apk.app\/tr\/registration\/\"]}]},{\"@type\":\"BreadcrumbList\",\"@id\":\"https:\/\/spinbetter-apk.app\/tr\/registration\/#breadcrumb\",\"itemListElement\":[{\"@type\":\"ListItem\",\"position\":1,\"name\":\"Anasayfa\",\"item\":\"https:\/\/spinbetter-apk.app\/tr\/\"},{\"@type\":\"ListItem\",\"position\":2,\"name\":\"Kay\u0131t\"}]},{\"@type\":\"WebSite\",\"@id\":\"https:\/\/spinbetter-apk.app\/tr\/#website\",\"url\":\"https:\/\/spinbetter-apk.app\/tr\/\",\"name\":\"Spinbetter APK TR\",\"description\":\"spinbetterapk casino\",\"potentialAction\":[{\"@type\":\"SearchAction\",\"target\":{\"@type\":\"EntryPoint\",\"urlTemplate\":\"https:\/\/spinbetter-apk.app\/tr\/?s={search_term_string}\"},\"query-input\":{\"@type\":\"PropertyValueSpecification\",\"valueRequired\":true,\"valueName\":\"search_term_string\"}}],\"inLanguage\":\"tr\"}]}<\/script>\n<!-- \/ Yoast SEO plugin. -->","yoast_head_json":{"title":"SpinBetter Kayd\u0131 - Ad\u0131m Ad\u0131m K\u0131lavuz ve \u0130pu\u00e7lar\u0131","description":"SpinBetter kayd\u0131n\u0131 tamamlaman\u0131n ne kadar kolay oldu\u011funu \u00f6\u011frenin. SpinBetter kayd\u0131 i\u00e7in eksiksiz k\u0131lavuz ve g\u00fcvenlik ipu\u00e7lar\u0131.","robots":{"index":"index","follow":"follow","max-snippet":"max-snippet:-1","max-image-preview":"max-image-preview:large","max-video-preview":"max-video-preview:-1"},"og_locale":"tr_TR","og_type":"article","og_title":"SpinBetter Kayd\u0131 - Ad\u0131m Ad\u0131m K\u0131lavuz ve \u0130pu\u00e7lar\u0131","og_description":"SpinBetter kayd\u0131n\u0131 tamamlaman\u0131n ne kadar kolay oldu\u011funu \u00f6\u011frenin. SpinBetter kayd\u0131 i\u00e7in eksiksiz k\u0131lavuz ve g\u00fcvenlik ipu\u00e7lar\u0131.","og_url":"https:\/\/spinbetter-apk.app\/tr\/registration\/","og_site_name":"Spinbetter APK TR","article_modified_time":"2025-02-10T09:54:46+00:00","twitter_card":"summary_large_image","schema":{"@context":"https:\/\/schema.org","@graph":[{"@type":"WebPage","@id":"https:\/\/spinbetter-apk.app\/tr\/registration\/","url":"https:\/\/spinbetter-apk.app\/tr\/registration\/","name":"SpinBetter Kayd\u0131 - Ad\u0131m Ad\u0131m K\u0131lavuz ve \u0130pu\u00e7lar\u0131","isPartOf":{"@id":"https:\/\/spinbetter-apk.app\/tr\/#website"},"datePublished":"2024-11-08T13:51:48+00:00","dateModified":"2025-02-10T09:54:46+00:00","description":"SpinBetter kayd\u0131n\u0131 tamamlaman\u0131n ne kadar kolay oldu\u011funu \u00f6\u011frenin. SpinBetter kayd\u0131 i\u00e7in eksiksiz k\u0131lavuz ve g\u00fcvenlik ipu\u00e7lar\u0131.","breadcrumb":{"@id":"https:\/\/spinbetter-apk.app\/tr\/registration\/#breadcrumb"},"inLanguage":"tr","potentialAction":[{"@type":"ReadAction","target":["https:\/\/spinbetter-apk.app\/tr\/registration\/"]}]},{"@type":"BreadcrumbList","@id":"https:\/\/spinbetter-apk.app\/tr\/registration\/#breadcrumb","itemListElement":[{"@type":"ListItem","position":1,"name":"Anasayfa","item":"https:\/\/spinbetter-apk.app\/tr\/"},{"@type":"ListItem","position":2,"name":"Kay\u0131t"}]},{"@type":"WebSite","@id":"https:\/\/spinbetter-apk.app\/tr\/#website","url":"https:\/\/spinbetter-apk.app\/tr\/","name":"Spinbetter APK TR","description":"spinbetterapk casino","potentialAction":[{"@type":"SearchAction","target":{"@type":"EntryPoint","urlTemplate":"https:\/\/spinbetter-apk.app\/tr\/?s={search_term_string}"},"query-input":{"@type":"PropertyValueSpecification","valueRequired":true,"valueName":"search_term_string"}}],"inLanguage":"tr"}]}},"_links":{"self":[{"href":"https:\/\/spinbetter-apk.app\/tr\/wp-json\/wp\/v2\/pages\/280","targetHints":{"allow":["GET"]}}],"collection":[{"href":"https:\/\/spinbetter-apk.app\/tr\/wp-json\/wp\/v2\/pages"}],"about":[{"href":"https:\/\/spinbetter-apk.app\/tr\/wp-json\/wp\/v2\/types\/page"}],"author":[{"embeddable":true,"href":"https:\/\/spinbetter-apk.app\/tr\/wp-json\/wp\/v2\/users\/1"}],"replies":[{"embeddable":true,"href":"https:\/\/spinbetter-apk.app\/tr\/wp-json\/wp\/v2\/comments?post=280"}],"version-history":[{"count":25,"href":"https:\/\/spinbetter-apk.app\/tr\/wp-json\/wp\/v2\/pages\/280\/revisions"}],"predecessor-version":[{"id":535,"href":"https:\/\/spinbetter-apk.app\/tr\/wp-json\/wp\/v2\/pages\/280\/revisions\/535"}],"wp:attachment":[{"href":"https:\/\/spinbetter-apk.app\/tr\/wp-json\/wp\/v2\/media?parent=280"}],"curies":[{"name":"wp","href":"https:\/\/api.w.org\/{rel}","templated":true}]}}