{"id":261,"date":"2024-11-08T11:08:00","date_gmt":"2024-11-08T11:08:00","guid":{"rendered":"https:\/\/spinbetter-apk.app\/tr\/?page_id=261"},"modified":"2025-02-10T09:36:39","modified_gmt":"2025-02-10T09:36:39","slug":"login","status":"publish","type":"page","link":"https:\/\/spinbetter-apk.app\/tr\/login\/","title":{"rendered":"Giri\u015f Yap"},"content":{"rendered":"","protected":false},"excerpt":{"rendered":"","protected":false},"author":1,"featured_media":0,"parent":0,"menu_order":0,"comment_status":"closed","ping_status":"closed","template":"","meta":{"footnotes":""},"class_list":["post-261","page","type-page","status-publish","hentry"],"yoast_head":"<!-- This site is optimized with the Yoast SEO plugin v23.4 - https:\/\/yoast.com\/wordpress\/plugins\/seo\/ -->\n<title>SpinBetter Giri\u015f: g\u00fcvenlik ve y\u00f6ntemler i\u00e7in bir k\u0131lavuz<\/title>\n<meta name=\"description\" content=\"SpinBetter giri\u015f s\u00fcreci hakk\u0131nda her \u015feyi \u00f6\u011frenin: 2FA&#039;y\u0131 ayarlama, sosyal medyay\u0131 kullanma ve g\u00fcvenlik ipu\u00e7lar\u0131. T\u00fcm giri\u015f y\u00f6ntemleri makalede!\" \/>\n<meta name=\"robots\" content=\"index, follow, max-snippet:-1, max-image-preview:large, max-video-preview:-1\" \/>\n<meta property=\"og:locale\" content=\"tr_TR\" \/>\n<meta property=\"og:type\" content=\"article\" \/>\n<meta property=\"og:title\" content=\"SpinBetter Giri\u015f: g\u00fcvenlik ve y\u00f6ntemler i\u00e7in bir k\u0131lavuz\" \/>\n<meta property=\"og:description\" content=\"SpinBetter giri\u015f s\u00fcreci hakk\u0131nda her \u015feyi \u00f6\u011frenin: 2FA&#039;y\u0131 ayarlama, sosyal medyay\u0131 kullanma ve g\u00fcvenlik ipu\u00e7lar\u0131. T\u00fcm giri\u015f y\u00f6ntemleri makalede!\" \/>\n<meta property=\"og:url\" content=\"https:\/\/spinbetter-apk.app\/tr\/login\/\" \/>\n<meta property=\"og:site_name\" content=\"Spinbetter APK TR\" \/>\n<meta property=\"article:modified_time\" content=\"2025-02-10T09:36:39+00:00\" \/>\n<meta name=\"twitter:card\" content=\"summary_large_image\" \/>\n<script type=\"application\/ld+json\" class=\"yoast-schema-graph\">{\"@context\":\"https:\/\/schema.org\",\"@graph\":[{\"@type\":\"WebPage\",\"@id\":\"https:\/\/spinbetter-apk.app\/tr\/login\/\",\"url\":\"https:\/\/spinbetter-apk.app\/tr\/login\/\",\"name\":\"SpinBetter Giri\u015f: g\u00fcvenlik ve y\u00f6ntemler i\u00e7in bir k\u0131lavuz\",\"isPartOf\":{\"@id\":\"https:\/\/spinbetter-apk.app\/tr\/#website\"},\"datePublished\":\"2024-11-08T11:08:00+00:00\",\"dateModified\":\"2025-02-10T09:36:39+00:00\",\"description\":\"SpinBetter giri\u015f s\u00fcreci hakk\u0131nda her \u015feyi \u00f6\u011frenin: 2FA'y\u0131 ayarlama, sosyal medyay\u0131 kullanma ve g\u00fcvenlik ipu\u00e7lar\u0131. T\u00fcm giri\u015f y\u00f6ntemleri makalede!\",\"breadcrumb\":{\"@id\":\"https:\/\/spinbetter-apk.app\/tr\/login\/#breadcrumb\"},\"inLanguage\":\"tr\",\"potentialAction\":[{\"@type\":\"ReadAction\",\"target\":[\"https:\/\/spinbetter-apk.app\/tr\/login\/\"]}]},{\"@type\":\"BreadcrumbList\",\"@id\":\"https:\/\/spinbetter-apk.app\/tr\/login\/#breadcrumb\",\"itemListElement\":[{\"@type\":\"ListItem\",\"position\":1,\"name\":\"Anasayfa\",\"item\":\"https:\/\/spinbetter-apk.app\/tr\/\"},{\"@type\":\"ListItem\",\"position\":2,\"name\":\"Giri\u015f Yap\"}]},{\"@type\":\"WebSite\",\"@id\":\"https:\/\/spinbetter-apk.app\/tr\/#website\",\"url\":\"https:\/\/spinbetter-apk.app\/tr\/\",\"name\":\"Spinbetter APK TR\",\"description\":\"spinbetterapk casino\",\"potentialAction\":[{\"@type\":\"SearchAction\",\"target\":{\"@type\":\"EntryPoint\",\"urlTemplate\":\"https:\/\/spinbetter-apk.app\/tr\/?s={search_term_string}\"},\"query-input\":{\"@type\":\"PropertyValueSpecification\",\"valueRequired\":true,\"valueName\":\"search_term_string\"}}],\"inLanguage\":\"tr\"}]}<\/script>\n<!-- \/ Yoast SEO plugin. -->","yoast_head_json":{"title":"SpinBetter Giri\u015f: g\u00fcvenlik ve y\u00f6ntemler i\u00e7in bir k\u0131lavuz","description":"SpinBetter giri\u015f s\u00fcreci hakk\u0131nda her \u015feyi \u00f6\u011frenin: 2FA'y\u0131 ayarlama, sosyal medyay\u0131 kullanma ve g\u00fcvenlik ipu\u00e7lar\u0131. T\u00fcm giri\u015f y\u00f6ntemleri makalede!","robots":{"index":"index","follow":"follow","max-snippet":"max-snippet:-1","max-image-preview":"max-image-preview:large","max-video-preview":"max-video-preview:-1"},"og_locale":"tr_TR","og_type":"article","og_title":"SpinBetter Giri\u015f: g\u00fcvenlik ve y\u00f6ntemler i\u00e7in bir k\u0131lavuz","og_description":"SpinBetter giri\u015f s\u00fcreci hakk\u0131nda her \u015feyi \u00f6\u011frenin: 2FA'y\u0131 ayarlama, sosyal medyay\u0131 kullanma ve g\u00fcvenlik ipu\u00e7lar\u0131. T\u00fcm giri\u015f y\u00f6ntemleri makalede!","og_url":"https:\/\/spinbetter-apk.app\/tr\/login\/","og_site_name":"Spinbetter APK TR","article_modified_time":"2025-02-10T09:36:39+00:00","twitter_card":"summary_large_image","schema":{"@context":"https:\/\/schema.org","@graph":[{"@type":"WebPage","@id":"https:\/\/spinbetter-apk.app\/tr\/login\/","url":"https:\/\/spinbetter-apk.app\/tr\/login\/","name":"SpinBetter Giri\u015f: g\u00fcvenlik ve y\u00f6ntemler i\u00e7in bir k\u0131lavuz","isPartOf":{"@id":"https:\/\/spinbetter-apk.app\/tr\/#website"},"datePublished":"2024-11-08T11:08:00+00:00","dateModified":"2025-02-10T09:36:39+00:00","description":"SpinBetter giri\u015f s\u00fcreci hakk\u0131nda her \u015feyi \u00f6\u011frenin: 2FA'y\u0131 ayarlama, sosyal medyay\u0131 kullanma ve g\u00fcvenlik ipu\u00e7lar\u0131. T\u00fcm giri\u015f y\u00f6ntemleri makalede!","breadcrumb":{"@id":"https:\/\/spinbetter-apk.app\/tr\/login\/#breadcrumb"},"inLanguage":"tr","potentialAction":[{"@type":"ReadAction","target":["https:\/\/spinbetter-apk.app\/tr\/login\/"]}]},{"@type":"BreadcrumbList","@id":"https:\/\/spinbetter-apk.app\/tr\/login\/#breadcrumb","itemListElement":[{"@type":"ListItem","position":1,"name":"Anasayfa","item":"https:\/\/spinbetter-apk.app\/tr\/"},{"@type":"ListItem","position":2,"name":"Giri\u015f Yap"}]},{"@type":"WebSite","@id":"https:\/\/spinbetter-apk.app\/tr\/#website","url":"https:\/\/spinbetter-apk.app\/tr\/","name":"Spinbetter APK TR","description":"spinbetterapk casino","potentialAction":[{"@type":"SearchAction","target":{"@type":"EntryPoint","urlTemplate":"https:\/\/spinbetter-apk.app\/tr\/?s={search_term_string}"},"query-input":{"@type":"PropertyValueSpecification","valueRequired":true,"valueName":"search_term_string"}}],"inLanguage":"tr"}]}},"_links":{"self":[{"href":"https:\/\/spinbetter-apk.app\/tr\/wp-json\/wp\/v2\/pages\/261","targetHints":{"allow":["GET"]}}],"collection":[{"href":"https:\/\/spinbetter-apk.app\/tr\/wp-json\/wp\/v2\/pages"}],"about":[{"href":"https:\/\/spinbetter-apk.app\/tr\/wp-json\/wp\/v2\/types\/page"}],"author":[{"embeddable":true,"href":"https:\/\/spinbetter-apk.app\/tr\/wp-json\/wp\/v2\/users\/1"}],"replies":[{"embeddable":true,"href":"https:\/\/spinbetter-apk.app\/tr\/wp-json\/wp\/v2\/comments?post=261"}],"version-history":[{"count":27,"href":"https:\/\/spinbetter-apk.app\/tr\/wp-json\/wp\/v2\/pages\/261\/revisions"}],"predecessor-version":[{"id":531,"href":"https:\/\/spinbetter-apk.app\/tr\/wp-json\/wp\/v2\/pages\/261\/revisions\/531"}],"wp:attachment":[{"href":"https:\/\/spinbetter-apk.app\/tr\/wp-json\/wp\/v2\/media?parent=261"}],"curies":[{"name":"wp","href":"https:\/\/api.w.org\/{rel}","templated":true}]}}