{"id":549,"date":"2025-03-20T07:44:45","date_gmt":"2025-03-20T07:44:45","guid":{"rendered":"https:\/\/spinbetter-apk.app\/sl\/?page_id=549"},"modified":"2026-01-12T13:30:31","modified_gmt":"2026-01-12T13:30:31","slug":"spinbetter-deposit-lottery","status":"publish","type":"page","link":"https:\/\/spinbetter-apk.app\/sl\/bonuses\/spinbetter-deposit-lottery\/","title":{"rendered":"SpinBetter deposit lottery"},"content":{"rendered":"","protected":false},"excerpt":{"rendered":"","protected":false},"author":1,"featured_media":0,"parent":322,"menu_order":0,"comment_status":"closed","ping_status":"closed","template":"","meta":{"footnotes":""},"class_list":["post-549","page","type-page","status-publish","hentry"],"yoast_head":"<!-- This site is optimized with the Yoast SEO plugin v23.4 - https:\/\/yoast.com\/wordpress\/plugins\/seo\/ -->\n<title>SpinBetter Deposit Lottery \ud83c\uddf8\ud83c\uddee Nagradna \u017erebanja<\/title>\n<meta name=\"description\" content=\"V Sloveniji se udele\u017eite SpinBetter Deposit Lottery in osvojite dodatne nagrade in bonusne \u017erebe.\" \/>\n<meta name=\"robots\" content=\"index, follow, max-snippet:-1, max-image-preview:large, max-video-preview:-1\" \/>\n<meta property=\"og:locale\" content=\"sl_SI\" \/>\n<meta property=\"og:type\" content=\"article\" \/>\n<meta property=\"og:title\" content=\"SpinBetter Deposit Lottery \ud83c\uddf8\ud83c\uddee Nagradna \u017erebanja\" \/>\n<meta property=\"og:description\" content=\"V Sloveniji se udele\u017eite SpinBetter Deposit Lottery in osvojite dodatne nagrade in bonusne \u017erebe.\" \/>\n<meta property=\"og:url\" content=\"https:\/\/spinbetter-apk.app\/sl\/bonuses\/spinbetter-deposit-lottery\/\" \/>\n<meta property=\"og:site_name\" content=\"Spinbetter APK SL\" \/>\n<meta property=\"article:modified_time\" content=\"2026-01-12T13:30:31+00:00\" \/>\n<meta name=\"twitter:card\" content=\"summary_large_image\" \/>\n<script type=\"application\/ld+json\" class=\"yoast-schema-graph\">{\"@context\":\"https:\/\/schema.org\",\"@graph\":[{\"@type\":\"WebPage\",\"@id\":\"https:\/\/spinbetter-apk.app\/sl\/bonuses\/spinbetter-deposit-lottery\/\",\"url\":\"https:\/\/spinbetter-apk.app\/sl\/bonuses\/spinbetter-deposit-lottery\/\",\"name\":\"SpinBetter Deposit Lottery \ud83c\uddf8\ud83c\uddee Nagradna \u017erebanja\",\"isPartOf\":{\"@id\":\"https:\/\/spinbetter-apk.app\/sl\/#website\"},\"datePublished\":\"2025-03-20T07:44:45+00:00\",\"dateModified\":\"2026-01-12T13:30:31+00:00\",\"description\":\"V Sloveniji se udele\u017eite SpinBetter Deposit Lottery in osvojite dodatne nagrade in bonusne \u017erebe.\",\"breadcrumb\":{\"@id\":\"https:\/\/spinbetter-apk.app\/sl\/bonuses\/spinbetter-deposit-lottery\/#breadcrumb\"},\"inLanguage\":\"sl-SI\",\"potentialAction\":[{\"@type\":\"ReadAction\",\"target\":[\"https:\/\/spinbetter-apk.app\/sl\/bonuses\/spinbetter-deposit-lottery\/\"]}]},{\"@type\":\"BreadcrumbList\",\"@id\":\"https:\/\/spinbetter-apk.app\/sl\/bonuses\/spinbetter-deposit-lottery\/#breadcrumb\",\"itemListElement\":[{\"@type\":\"ListItem\",\"position\":1,\"name\":\"Home\",\"item\":\"https:\/\/spinbetter-apk.app\/sl\/\"},{\"@type\":\"ListItem\",\"position\":2,\"name\":\"Bonusi\",\"item\":\"https:\/\/spinbetter-apk.app\/sl\/bonuses\/\"},{\"@type\":\"ListItem\",\"position\":3,\"name\":\"SpinBetter deposit lottery\"}]},{\"@type\":\"WebSite\",\"@id\":\"https:\/\/spinbetter-apk.app\/sl\/#website\",\"url\":\"https:\/\/spinbetter-apk.app\/sl\/\",\"name\":\"spinbetterapk\",\"description\":\"spinbetterapk casino\",\"potentialAction\":[{\"@type\":\"SearchAction\",\"target\":{\"@type\":\"EntryPoint\",\"urlTemplate\":\"https:\/\/spinbetter-apk.app\/sl\/?s={search_term_string}\"},\"query-input\":{\"@type\":\"PropertyValueSpecification\",\"valueRequired\":true,\"valueName\":\"search_term_string\"}}],\"inLanguage\":\"sl-SI\"}]}<\/script>\n<!-- \/ Yoast SEO plugin. -->","yoast_head_json":{"title":"SpinBetter Deposit Lottery \ud83c\uddf8\ud83c\uddee Nagradna \u017erebanja","description":"V Sloveniji se udele\u017eite SpinBetter Deposit Lottery in osvojite dodatne nagrade in bonusne \u017erebe.","robots":{"index":"index","follow":"follow","max-snippet":"max-snippet:-1","max-image-preview":"max-image-preview:large","max-video-preview":"max-video-preview:-1"},"og_locale":"sl_SI","og_type":"article","og_title":"SpinBetter Deposit Lottery \ud83c\uddf8\ud83c\uddee Nagradna \u017erebanja","og_description":"V Sloveniji se udele\u017eite SpinBetter Deposit Lottery in osvojite dodatne nagrade in bonusne \u017erebe.","og_url":"https:\/\/spinbetter-apk.app\/sl\/bonuses\/spinbetter-deposit-lottery\/","og_site_name":"Spinbetter APK SL","article_modified_time":"2026-01-12T13:30:31+00:00","twitter_card":"summary_large_image","schema":{"@context":"https:\/\/schema.org","@graph":[{"@type":"WebPage","@id":"https:\/\/spinbetter-apk.app\/sl\/bonuses\/spinbetter-deposit-lottery\/","url":"https:\/\/spinbetter-apk.app\/sl\/bonuses\/spinbetter-deposit-lottery\/","name":"SpinBetter Deposit Lottery \ud83c\uddf8\ud83c\uddee Nagradna \u017erebanja","isPartOf":{"@id":"https:\/\/spinbetter-apk.app\/sl\/#website"},"datePublished":"2025-03-20T07:44:45+00:00","dateModified":"2026-01-12T13:30:31+00:00","description":"V Sloveniji se udele\u017eite SpinBetter Deposit Lottery in osvojite dodatne nagrade in bonusne \u017erebe.","breadcrumb":{"@id":"https:\/\/spinbetter-apk.app\/sl\/bonuses\/spinbetter-deposit-lottery\/#breadcrumb"},"inLanguage":"sl-SI","potentialAction":[{"@type":"ReadAction","target":["https:\/\/spinbetter-apk.app\/sl\/bonuses\/spinbetter-deposit-lottery\/"]}]},{"@type":"BreadcrumbList","@id":"https:\/\/spinbetter-apk.app\/sl\/bonuses\/spinbetter-deposit-lottery\/#breadcrumb","itemListElement":[{"@type":"ListItem","position":1,"name":"Home","item":"https:\/\/spinbetter-apk.app\/sl\/"},{"@type":"ListItem","position":2,"name":"Bonusi","item":"https:\/\/spinbetter-apk.app\/sl\/bonuses\/"},{"@type":"ListItem","position":3,"name":"SpinBetter deposit lottery"}]},{"@type":"WebSite","@id":"https:\/\/spinbetter-apk.app\/sl\/#website","url":"https:\/\/spinbetter-apk.app\/sl\/","name":"spinbetterapk","description":"spinbetterapk casino","potentialAction":[{"@type":"SearchAction","target":{"@type":"EntryPoint","urlTemplate":"https:\/\/spinbetter-apk.app\/sl\/?s={search_term_string}"},"query-input":{"@type":"PropertyValueSpecification","valueRequired":true,"valueName":"search_term_string"}}],"inLanguage":"sl-SI"}]}},"_links":{"self":[{"href":"https:\/\/spinbetter-apk.app\/sl\/wp-json\/wp\/v2\/pages\/549","targetHints":{"allow":["GET"]}}],"collection":[{"href":"https:\/\/spinbetter-apk.app\/sl\/wp-json\/wp\/v2\/pages"}],"about":[{"href":"https:\/\/spinbetter-apk.app\/sl\/wp-json\/wp\/v2\/types\/page"}],"author":[{"embeddable":true,"href":"https:\/\/spinbetter-apk.app\/sl\/wp-json\/wp\/v2\/users\/1"}],"replies":[{"embeddable":true,"href":"https:\/\/spinbetter-apk.app\/sl\/wp-json\/wp\/v2\/comments?post=549"}],"version-history":[{"count":10,"href":"https:\/\/spinbetter-apk.app\/sl\/wp-json\/wp\/v2\/pages\/549\/revisions"}],"predecessor-version":[{"id":782,"href":"https:\/\/spinbetter-apk.app\/sl\/wp-json\/wp\/v2\/pages\/549\/revisions\/782"}],"up":[{"embeddable":true,"href":"https:\/\/spinbetter-apk.app\/sl\/wp-json\/wp\/v2\/pages\/322"}],"wp:attachment":[{"href":"https:\/\/spinbetter-apk.app\/sl\/wp-json\/wp\/v2\/media?parent=549"}],"curies":[{"name":"wp","href":"https:\/\/api.w.org\/{rel}","templated":true}]}}