{"id":312,"date":"2024-11-11T06:10:52","date_gmt":"2024-11-11T06:10:52","guid":{"rendered":"https:\/\/spinbetter-apk.app\/sl\/?page_id=312"},"modified":"2025-09-01T13:17:39","modified_gmt":"2025-09-01T13:17:39","slug":"partners","status":"publish","type":"page","link":"https:\/\/spinbetter-apk.app\/sl\/partners\/","title":{"rendered":"Partnerji"},"content":{"rendered":"","protected":false},"excerpt":{"rendered":"","protected":false},"author":1,"featured_media":0,"parent":0,"menu_order":0,"comment_status":"closed","ping_status":"closed","template":"","meta":{"footnotes":""},"class_list":["post-312","page","type-page","status-publish","hentry"],"yoast_head":"<!-- This site is optimized with the Yoast SEO plugin v23.4 - https:\/\/yoast.com\/wordpress\/plugins\/seo\/ -->\n<title>SpinBetter Partnerji &gt; Podrobnosti programa za partnerje<\/title>\n<meta name=\"description\" content=\"Izvedite, kako se pridru\u017eiti programu SpinBetter Partners, kak\u0161ne provizije lahko pri\u010dakujete in kako pogosto potekajo izpla\u010dila!\" \/>\n<meta name=\"robots\" content=\"index, follow, max-snippet:-1, max-image-preview:large, max-video-preview:-1\" \/>\n<meta property=\"og:locale\" content=\"sl_SI\" \/>\n<meta property=\"og:type\" content=\"article\" \/>\n<meta property=\"og:title\" content=\"SpinBetter Partnerji &gt; Podrobnosti programa za partnerje\" \/>\n<meta property=\"og:description\" content=\"Izvedite, kako se pridru\u017eiti programu SpinBetter Partners, kak\u0161ne provizije lahko pri\u010dakujete in kako pogosto potekajo izpla\u010dila!\" \/>\n<meta property=\"og:url\" content=\"https:\/\/spinbetter-apk.app\/sl\/partners\/\" \/>\n<meta property=\"og:site_name\" content=\"Spinbetter APK SL\" \/>\n<meta property=\"article:modified_time\" content=\"2025-09-01T13:17:39+00:00\" \/>\n<meta name=\"twitter:card\" content=\"summary_large_image\" \/>\n<script type=\"application\/ld+json\" class=\"yoast-schema-graph\">{\"@context\":\"https:\/\/schema.org\",\"@graph\":[{\"@type\":\"WebPage\",\"@id\":\"https:\/\/spinbetter-apk.app\/sl\/partners\/\",\"url\":\"https:\/\/spinbetter-apk.app\/sl\/partners\/\",\"name\":\"SpinBetter Partnerji > Podrobnosti programa za partnerje\",\"isPartOf\":{\"@id\":\"https:\/\/spinbetter-apk.app\/sl\/#website\"},\"datePublished\":\"2024-11-11T06:10:52+00:00\",\"dateModified\":\"2025-09-01T13:17:39+00:00\",\"description\":\"Izvedite, kako se pridru\u017eiti programu SpinBetter Partners, kak\u0161ne provizije lahko pri\u010dakujete in kako pogosto potekajo izpla\u010dila!\",\"breadcrumb\":{\"@id\":\"https:\/\/spinbetter-apk.app\/sl\/partners\/#breadcrumb\"},\"inLanguage\":\"sl-SI\",\"potentialAction\":[{\"@type\":\"ReadAction\",\"target\":[\"https:\/\/spinbetter-apk.app\/sl\/partners\/\"]}]},{\"@type\":\"BreadcrumbList\",\"@id\":\"https:\/\/spinbetter-apk.app\/sl\/partners\/#breadcrumb\",\"itemListElement\":[{\"@type\":\"ListItem\",\"position\":1,\"name\":\"Home\",\"item\":\"https:\/\/spinbetter-apk.app\/sl\/\"},{\"@type\":\"ListItem\",\"position\":2,\"name\":\"Partnerji\"}]},{\"@type\":\"WebSite\",\"@id\":\"https:\/\/spinbetter-apk.app\/sl\/#website\",\"url\":\"https:\/\/spinbetter-apk.app\/sl\/\",\"name\":\"spinbetterapk\",\"description\":\"spinbetterapk casino\",\"potentialAction\":[{\"@type\":\"SearchAction\",\"target\":{\"@type\":\"EntryPoint\",\"urlTemplate\":\"https:\/\/spinbetter-apk.app\/sl\/?s={search_term_string}\"},\"query-input\":{\"@type\":\"PropertyValueSpecification\",\"valueRequired\":true,\"valueName\":\"search_term_string\"}}],\"inLanguage\":\"sl-SI\"}]}<\/script>\n<!-- \/ Yoast SEO plugin. -->","yoast_head_json":{"title":"SpinBetter Partnerji > Podrobnosti programa za partnerje","description":"Izvedite, kako se pridru\u017eiti programu SpinBetter Partners, kak\u0161ne provizije lahko pri\u010dakujete in kako pogosto potekajo izpla\u010dila!","robots":{"index":"index","follow":"follow","max-snippet":"max-snippet:-1","max-image-preview":"max-image-preview:large","max-video-preview":"max-video-preview:-1"},"og_locale":"sl_SI","og_type":"article","og_title":"SpinBetter Partnerji > Podrobnosti programa za partnerje","og_description":"Izvedite, kako se pridru\u017eiti programu SpinBetter Partners, kak\u0161ne provizije lahko pri\u010dakujete in kako pogosto potekajo izpla\u010dila!","og_url":"https:\/\/spinbetter-apk.app\/sl\/partners\/","og_site_name":"Spinbetter APK SL","article_modified_time":"2025-09-01T13:17:39+00:00","twitter_card":"summary_large_image","schema":{"@context":"https:\/\/schema.org","@graph":[{"@type":"WebPage","@id":"https:\/\/spinbetter-apk.app\/sl\/partners\/","url":"https:\/\/spinbetter-apk.app\/sl\/partners\/","name":"SpinBetter Partnerji > Podrobnosti programa za partnerje","isPartOf":{"@id":"https:\/\/spinbetter-apk.app\/sl\/#website"},"datePublished":"2024-11-11T06:10:52+00:00","dateModified":"2025-09-01T13:17:39+00:00","description":"Izvedite, kako se pridru\u017eiti programu SpinBetter Partners, kak\u0161ne provizije lahko pri\u010dakujete in kako pogosto potekajo izpla\u010dila!","breadcrumb":{"@id":"https:\/\/spinbetter-apk.app\/sl\/partners\/#breadcrumb"},"inLanguage":"sl-SI","potentialAction":[{"@type":"ReadAction","target":["https:\/\/spinbetter-apk.app\/sl\/partners\/"]}]},{"@type":"BreadcrumbList","@id":"https:\/\/spinbetter-apk.app\/sl\/partners\/#breadcrumb","itemListElement":[{"@type":"ListItem","position":1,"name":"Home","item":"https:\/\/spinbetter-apk.app\/sl\/"},{"@type":"ListItem","position":2,"name":"Partnerji"}]},{"@type":"WebSite","@id":"https:\/\/spinbetter-apk.app\/sl\/#website","url":"https:\/\/spinbetter-apk.app\/sl\/","name":"spinbetterapk","description":"spinbetterapk casino","potentialAction":[{"@type":"SearchAction","target":{"@type":"EntryPoint","urlTemplate":"https:\/\/spinbetter-apk.app\/sl\/?s={search_term_string}"},"query-input":{"@type":"PropertyValueSpecification","valueRequired":true,"valueName":"search_term_string"}}],"inLanguage":"sl-SI"}]}},"_links":{"self":[{"href":"https:\/\/spinbetter-apk.app\/sl\/wp-json\/wp\/v2\/pages\/312","targetHints":{"allow":["GET"]}}],"collection":[{"href":"https:\/\/spinbetter-apk.app\/sl\/wp-json\/wp\/v2\/pages"}],"about":[{"href":"https:\/\/spinbetter-apk.app\/sl\/wp-json\/wp\/v2\/types\/page"}],"author":[{"embeddable":true,"href":"https:\/\/spinbetter-apk.app\/sl\/wp-json\/wp\/v2\/users\/1"}],"replies":[{"embeddable":true,"href":"https:\/\/spinbetter-apk.app\/sl\/wp-json\/wp\/v2\/comments?post=312"}],"version-history":[{"count":27,"href":"https:\/\/spinbetter-apk.app\/sl\/wp-json\/wp\/v2\/pages\/312\/revisions"}],"predecessor-version":[{"id":765,"href":"https:\/\/spinbetter-apk.app\/sl\/wp-json\/wp\/v2\/pages\/312\/revisions\/765"}],"wp:attachment":[{"href":"https:\/\/spinbetter-apk.app\/sl\/wp-json\/wp\/v2\/media?parent=312"}],"curies":[{"name":"wp","href":"https:\/\/api.w.org\/{rel}","templated":true}]}}