{"id":576,"date":"2025-07-28T19:15:08","date_gmt":"2025-07-28T19:15:08","guid":{"rendered":"https:\/\/spinbetter-apk.app\/sk\/?page_id=576"},"modified":"2025-07-28T19:15:18","modified_gmt":"2025-07-28T19:15:18","slug":"get-cashback","status":"publish","type":"page","link":"https:\/\/spinbetter-apk.app\/sk\/bonuses\/get-cashback\/","title":{"rendered":"Z\u00edskajte cashback a\u017e do v\u00fd\u0161ky 20 %"},"content":{"rendered":"","protected":false},"excerpt":{"rendered":"","protected":false},"author":1,"featured_media":0,"parent":322,"menu_order":0,"comment_status":"closed","ping_status":"closed","template":"","meta":{"footnotes":""},"class_list":["post-576","page","type-page","status-publish","hentry"],"yoast_head":"<!-- This site is optimized with the Yoast SEO plugin v23.4 - https:\/\/yoast.com\/wordpress\/plugins\/seo\/ -->\n<title>SpinBetter cashback \u1405 A\u017e 20 % na futbalov\u00e9 st\u00e1vky<\/title>\n<meta name=\"description\" content=\"Stavte si na futbal a z\u00edskajte cashback od SpinBetter \u2013 a\u017e 20 % t\u00fd\u017edenne. Akcia je dostupn\u00e1 z po\u010d\u00edta\u010dov a mobiln\u00fdch zariaden\u00ed od 4.08. do 5.10.2025.\" \/>\n<meta name=\"robots\" content=\"index, follow, max-snippet:-1, max-image-preview:large, max-video-preview:-1\" \/>\n<meta property=\"og:locale\" content=\"sk_SK\" \/>\n<meta property=\"og:type\" content=\"article\" \/>\n<meta property=\"og:title\" content=\"SpinBetter cashback \u1405 A\u017e 20 % na futbalov\u00e9 st\u00e1vky\" \/>\n<meta property=\"og:description\" content=\"Stavte si na futbal a z\u00edskajte cashback od SpinBetter \u2013 a\u017e 20 % t\u00fd\u017edenne. Akcia je dostupn\u00e1 z po\u010d\u00edta\u010dov a mobiln\u00fdch zariaden\u00ed od 4.08. do 5.10.2025.\" \/>\n<meta property=\"og:url\" content=\"https:\/\/spinbetter-apk.app\/sk\/bonuses\/get-cashback\/\" \/>\n<meta property=\"og:site_name\" content=\"Spinbetter Apk SK\" \/>\n<meta property=\"article:modified_time\" content=\"2025-07-28T19:15:18+00:00\" \/>\n<meta name=\"twitter:card\" content=\"summary_large_image\" \/>\n<script type=\"application\/ld+json\" class=\"yoast-schema-graph\">{\"@context\":\"https:\/\/schema.org\",\"@graph\":[{\"@type\":\"WebPage\",\"@id\":\"https:\/\/spinbetter-apk.app\/sk\/bonuses\/get-cashback\/\",\"url\":\"https:\/\/spinbetter-apk.app\/sk\/bonuses\/get-cashback\/\",\"name\":\"SpinBetter cashback \u1405 A\u017e 20 % na futbalov\u00e9 st\u00e1vky\",\"isPartOf\":{\"@id\":\"https:\/\/spinbetter-apk.app\/sk\/#website\"},\"datePublished\":\"2025-07-28T19:15:08+00:00\",\"dateModified\":\"2025-07-28T19:15:18+00:00\",\"description\":\"Stavte si na futbal a z\u00edskajte cashback od SpinBetter \u2013 a\u017e 20 % t\u00fd\u017edenne. Akcia je dostupn\u00e1 z po\u010d\u00edta\u010dov a mobiln\u00fdch zariaden\u00ed od 4.08. do 5.10.2025.\",\"breadcrumb\":{\"@id\":\"https:\/\/spinbetter-apk.app\/sk\/bonuses\/get-cashback\/#breadcrumb\"},\"inLanguage\":\"sk-SK\",\"potentialAction\":[{\"@type\":\"ReadAction\",\"target\":[\"https:\/\/spinbetter-apk.app\/sk\/bonuses\/get-cashback\/\"]}]},{\"@type\":\"BreadcrumbList\",\"@id\":\"https:\/\/spinbetter-apk.app\/sk\/bonuses\/get-cashback\/#breadcrumb\",\"itemListElement\":[{\"@type\":\"ListItem\",\"position\":1,\"name\":\"Domovsk\u00e1 str\u00e1nka\",\"item\":\"https:\/\/spinbetter-apk.app\/sk\/\"},{\"@type\":\"ListItem\",\"position\":2,\"name\":\"Bonusy\",\"item\":\"https:\/\/spinbetter-apk.app\/sk\/bonuses\/\"},{\"@type\":\"ListItem\",\"position\":3,\"name\":\"Z\u00edskajte cashback a\u017e do v\u00fd\u0161ky 20 %\"}]},{\"@type\":\"WebSite\",\"@id\":\"https:\/\/spinbetter-apk.app\/sk\/#website\",\"url\":\"https:\/\/spinbetter-apk.app\/sk\/\",\"name\":\"Spinbetter Apk SK\",\"description\":\"spinbetterapk casino\",\"potentialAction\":[{\"@type\":\"SearchAction\",\"target\":{\"@type\":\"EntryPoint\",\"urlTemplate\":\"https:\/\/spinbetter-apk.app\/sk\/?s={search_term_string}\"},\"query-input\":{\"@type\":\"PropertyValueSpecification\",\"valueRequired\":true,\"valueName\":\"search_term_string\"}}],\"inLanguage\":\"sk-SK\"}]}<\/script>\n<!-- \/ Yoast SEO plugin. -->","yoast_head_json":{"title":"SpinBetter cashback \u1405 A\u017e 20 % na futbalov\u00e9 st\u00e1vky","description":"Stavte si na futbal a z\u00edskajte cashback od SpinBetter \u2013 a\u017e 20 % t\u00fd\u017edenne. Akcia je dostupn\u00e1 z po\u010d\u00edta\u010dov a mobiln\u00fdch zariaden\u00ed od 4.08. do 5.10.2025.","robots":{"index":"index","follow":"follow","max-snippet":"max-snippet:-1","max-image-preview":"max-image-preview:large","max-video-preview":"max-video-preview:-1"},"og_locale":"sk_SK","og_type":"article","og_title":"SpinBetter cashback \u1405 A\u017e 20 % na futbalov\u00e9 st\u00e1vky","og_description":"Stavte si na futbal a z\u00edskajte cashback od SpinBetter \u2013 a\u017e 20 % t\u00fd\u017edenne. Akcia je dostupn\u00e1 z po\u010d\u00edta\u010dov a mobiln\u00fdch zariaden\u00ed od 4.08. do 5.10.2025.","og_url":"https:\/\/spinbetter-apk.app\/sk\/bonuses\/get-cashback\/","og_site_name":"Spinbetter Apk SK","article_modified_time":"2025-07-28T19:15:18+00:00","twitter_card":"summary_large_image","schema":{"@context":"https:\/\/schema.org","@graph":[{"@type":"WebPage","@id":"https:\/\/spinbetter-apk.app\/sk\/bonuses\/get-cashback\/","url":"https:\/\/spinbetter-apk.app\/sk\/bonuses\/get-cashback\/","name":"SpinBetter cashback \u1405 A\u017e 20 % na futbalov\u00e9 st\u00e1vky","isPartOf":{"@id":"https:\/\/spinbetter-apk.app\/sk\/#website"},"datePublished":"2025-07-28T19:15:08+00:00","dateModified":"2025-07-28T19:15:18+00:00","description":"Stavte si na futbal a z\u00edskajte cashback od SpinBetter \u2013 a\u017e 20 % t\u00fd\u017edenne. Akcia je dostupn\u00e1 z po\u010d\u00edta\u010dov a mobiln\u00fdch zariaden\u00ed od 4.08. do 5.10.2025.","breadcrumb":{"@id":"https:\/\/spinbetter-apk.app\/sk\/bonuses\/get-cashback\/#breadcrumb"},"inLanguage":"sk-SK","potentialAction":[{"@type":"ReadAction","target":["https:\/\/spinbetter-apk.app\/sk\/bonuses\/get-cashback\/"]}]},{"@type":"BreadcrumbList","@id":"https:\/\/spinbetter-apk.app\/sk\/bonuses\/get-cashback\/#breadcrumb","itemListElement":[{"@type":"ListItem","position":1,"name":"Domovsk\u00e1 str\u00e1nka","item":"https:\/\/spinbetter-apk.app\/sk\/"},{"@type":"ListItem","position":2,"name":"Bonusy","item":"https:\/\/spinbetter-apk.app\/sk\/bonuses\/"},{"@type":"ListItem","position":3,"name":"Z\u00edskajte cashback a\u017e do v\u00fd\u0161ky 20 %"}]},{"@type":"WebSite","@id":"https:\/\/spinbetter-apk.app\/sk\/#website","url":"https:\/\/spinbetter-apk.app\/sk\/","name":"Spinbetter Apk SK","description":"spinbetterapk casino","potentialAction":[{"@type":"SearchAction","target":{"@type":"EntryPoint","urlTemplate":"https:\/\/spinbetter-apk.app\/sk\/?s={search_term_string}"},"query-input":{"@type":"PropertyValueSpecification","valueRequired":true,"valueName":"search_term_string"}}],"inLanguage":"sk-SK"}]}},"_links":{"self":[{"href":"https:\/\/spinbetter-apk.app\/sk\/wp-json\/wp\/v2\/pages\/576","targetHints":{"allow":["GET"]}}],"collection":[{"href":"https:\/\/spinbetter-apk.app\/sk\/wp-json\/wp\/v2\/pages"}],"about":[{"href":"https:\/\/spinbetter-apk.app\/sk\/wp-json\/wp\/v2\/types\/page"}],"author":[{"embeddable":true,"href":"https:\/\/spinbetter-apk.app\/sk\/wp-json\/wp\/v2\/users\/1"}],"replies":[{"embeddable":true,"href":"https:\/\/spinbetter-apk.app\/sk\/wp-json\/wp\/v2\/comments?post=576"}],"version-history":[{"count":1,"href":"https:\/\/spinbetter-apk.app\/sk\/wp-json\/wp\/v2\/pages\/576\/revisions"}],"predecessor-version":[{"id":577,"href":"https:\/\/spinbetter-apk.app\/sk\/wp-json\/wp\/v2\/pages\/576\/revisions\/577"}],"up":[{"embeddable":true,"href":"https:\/\/spinbetter-apk.app\/sk\/wp-json\/wp\/v2\/pages\/322"}],"wp:attachment":[{"href":"https:\/\/spinbetter-apk.app\/sk\/wp-json\/wp\/v2\/media?parent=576"}],"curies":[{"name":"wp","href":"https:\/\/api.w.org\/{rel}","templated":true}]}}