{"id":555,"date":"2025-06-25T13:39:19","date_gmt":"2025-06-25T13:39:19","guid":{"rendered":"https:\/\/spinbetter-apk.app\/sk\/?page_id=555"},"modified":"2025-06-25T13:42:19","modified_gmt":"2025-06-25T13:42:19","slug":"bad-bets","status":"publish","type":"page","link":"https:\/\/spinbetter-apk.app\/sk\/bonuses\/bad-bets\/","title":{"rendered":"Bonus za zl\u00e9 st\u00e1vky"},"content":{"rendered":"","protected":false},"excerpt":{"rendered":"","protected":false},"author":1,"featured_media":0,"parent":322,"menu_order":0,"comment_status":"closed","ping_status":"closed","template":"","meta":{"footnotes":""},"class_list":["post-555","page","type-page","status-publish","hentry"],"yoast_head":"<!-- This site is optimized with the Yoast SEO plugin v23.4 - https:\/\/yoast.com\/wordpress\/plugins\/seo\/ -->\n<title>Bonus za s\u00e9riu ne\u00faspe\u0161n\u00fdch st\u00e1vok \ud83e\udc12 Z\u00edskajte a\u017e 500 EUR<\/title>\n<meta name=\"description\" content=\"Urobili ste 20 ne\u00faspe\u0161n\u00fdch st\u00e1vok za sebou? SpinBetter v\u00e1s podpor\u00ed! Z\u00edskajte bonus a\u017e do v\u00fd\u0161ky 500 EUR, kompenzujte svoje zlyhania a vr\u00e1\u0165te sa do hry s novou energiou!\" \/>\n<meta name=\"robots\" content=\"index, follow, max-snippet:-1, max-image-preview:large, max-video-preview:-1\" \/>\n<meta property=\"og:locale\" content=\"sk_SK\" \/>\n<meta property=\"og:type\" content=\"article\" \/>\n<meta property=\"og:title\" content=\"Bonus za s\u00e9riu ne\u00faspe\u0161n\u00fdch st\u00e1vok \ud83e\udc12 Z\u00edskajte a\u017e 500 EUR\" \/>\n<meta property=\"og:description\" content=\"Urobili ste 20 ne\u00faspe\u0161n\u00fdch st\u00e1vok za sebou? SpinBetter v\u00e1s podpor\u00ed! Z\u00edskajte bonus a\u017e do v\u00fd\u0161ky 500 EUR, kompenzujte svoje zlyhania a vr\u00e1\u0165te sa do hry s novou energiou!\" \/>\n<meta property=\"og:url\" content=\"https:\/\/spinbetter-apk.app\/sk\/bonuses\/bad-bets\/\" \/>\n<meta property=\"og:site_name\" content=\"Spinbetter Apk SK\" \/>\n<meta property=\"article:modified_time\" content=\"2025-06-25T13:42:19+00:00\" \/>\n<meta name=\"twitter:card\" content=\"summary_large_image\" \/>\n<script type=\"application\/ld+json\" class=\"yoast-schema-graph\">{\"@context\":\"https:\/\/schema.org\",\"@graph\":[{\"@type\":\"WebPage\",\"@id\":\"https:\/\/spinbetter-apk.app\/sk\/bonuses\/bad-bets\/\",\"url\":\"https:\/\/spinbetter-apk.app\/sk\/bonuses\/bad-bets\/\",\"name\":\"Bonus za s\u00e9riu ne\u00faspe\u0161n\u00fdch st\u00e1vok \ud83e\udc12 Z\u00edskajte a\u017e 500 EUR\",\"isPartOf\":{\"@id\":\"https:\/\/spinbetter-apk.app\/sk\/#website\"},\"datePublished\":\"2025-06-25T13:39:19+00:00\",\"dateModified\":\"2025-06-25T13:42:19+00:00\",\"description\":\"Urobili ste 20 ne\u00faspe\u0161n\u00fdch st\u00e1vok za sebou? SpinBetter v\u00e1s podpor\u00ed! Z\u00edskajte bonus a\u017e do v\u00fd\u0161ky 500 EUR, kompenzujte svoje zlyhania a vr\u00e1\u0165te sa do hry s novou energiou!\",\"breadcrumb\":{\"@id\":\"https:\/\/spinbetter-apk.app\/sk\/bonuses\/bad-bets\/#breadcrumb\"},\"inLanguage\":\"sk-SK\",\"potentialAction\":[{\"@type\":\"ReadAction\",\"target\":[\"https:\/\/spinbetter-apk.app\/sk\/bonuses\/bad-bets\/\"]}]},{\"@type\":\"BreadcrumbList\",\"@id\":\"https:\/\/spinbetter-apk.app\/sk\/bonuses\/bad-bets\/#breadcrumb\",\"itemListElement\":[{\"@type\":\"ListItem\",\"position\":1,\"name\":\"Domovsk\u00e1 str\u00e1nka\",\"item\":\"https:\/\/spinbetter-apk.app\/sk\/\"},{\"@type\":\"ListItem\",\"position\":2,\"name\":\"Bonusy\",\"item\":\"https:\/\/spinbetter-apk.app\/sk\/bonuses\/\"},{\"@type\":\"ListItem\",\"position\":3,\"name\":\"Bonus za zl\u00e9 st\u00e1vky\"}]},{\"@type\":\"WebSite\",\"@id\":\"https:\/\/spinbetter-apk.app\/sk\/#website\",\"url\":\"https:\/\/spinbetter-apk.app\/sk\/\",\"name\":\"Spinbetter Apk SK\",\"description\":\"spinbetterapk casino\",\"potentialAction\":[{\"@type\":\"SearchAction\",\"target\":{\"@type\":\"EntryPoint\",\"urlTemplate\":\"https:\/\/spinbetter-apk.app\/sk\/?s={search_term_string}\"},\"query-input\":{\"@type\":\"PropertyValueSpecification\",\"valueRequired\":true,\"valueName\":\"search_term_string\"}}],\"inLanguage\":\"sk-SK\"}]}<\/script>\n<!-- \/ Yoast SEO plugin. -->","yoast_head_json":{"title":"Bonus za s\u00e9riu ne\u00faspe\u0161n\u00fdch st\u00e1vok \ud83e\udc12 Z\u00edskajte a\u017e 500 EUR","description":"Urobili ste 20 ne\u00faspe\u0161n\u00fdch st\u00e1vok za sebou? SpinBetter v\u00e1s podpor\u00ed! Z\u00edskajte bonus a\u017e do v\u00fd\u0161ky 500 EUR, kompenzujte svoje zlyhania a vr\u00e1\u0165te sa do hry s novou energiou!","robots":{"index":"index","follow":"follow","max-snippet":"max-snippet:-1","max-image-preview":"max-image-preview:large","max-video-preview":"max-video-preview:-1"},"og_locale":"sk_SK","og_type":"article","og_title":"Bonus za s\u00e9riu ne\u00faspe\u0161n\u00fdch st\u00e1vok \ud83e\udc12 Z\u00edskajte a\u017e 500 EUR","og_description":"Urobili ste 20 ne\u00faspe\u0161n\u00fdch st\u00e1vok za sebou? SpinBetter v\u00e1s podpor\u00ed! Z\u00edskajte bonus a\u017e do v\u00fd\u0161ky 500 EUR, kompenzujte svoje zlyhania a vr\u00e1\u0165te sa do hry s novou energiou!","og_url":"https:\/\/spinbetter-apk.app\/sk\/bonuses\/bad-bets\/","og_site_name":"Spinbetter Apk SK","article_modified_time":"2025-06-25T13:42:19+00:00","twitter_card":"summary_large_image","schema":{"@context":"https:\/\/schema.org","@graph":[{"@type":"WebPage","@id":"https:\/\/spinbetter-apk.app\/sk\/bonuses\/bad-bets\/","url":"https:\/\/spinbetter-apk.app\/sk\/bonuses\/bad-bets\/","name":"Bonus za s\u00e9riu ne\u00faspe\u0161n\u00fdch st\u00e1vok \ud83e\udc12 Z\u00edskajte a\u017e 500 EUR","isPartOf":{"@id":"https:\/\/spinbetter-apk.app\/sk\/#website"},"datePublished":"2025-06-25T13:39:19+00:00","dateModified":"2025-06-25T13:42:19+00:00","description":"Urobili ste 20 ne\u00faspe\u0161n\u00fdch st\u00e1vok za sebou? SpinBetter v\u00e1s podpor\u00ed! Z\u00edskajte bonus a\u017e do v\u00fd\u0161ky 500 EUR, kompenzujte svoje zlyhania a vr\u00e1\u0165te sa do hry s novou energiou!","breadcrumb":{"@id":"https:\/\/spinbetter-apk.app\/sk\/bonuses\/bad-bets\/#breadcrumb"},"inLanguage":"sk-SK","potentialAction":[{"@type":"ReadAction","target":["https:\/\/spinbetter-apk.app\/sk\/bonuses\/bad-bets\/"]}]},{"@type":"BreadcrumbList","@id":"https:\/\/spinbetter-apk.app\/sk\/bonuses\/bad-bets\/#breadcrumb","itemListElement":[{"@type":"ListItem","position":1,"name":"Domovsk\u00e1 str\u00e1nka","item":"https:\/\/spinbetter-apk.app\/sk\/"},{"@type":"ListItem","position":2,"name":"Bonusy","item":"https:\/\/spinbetter-apk.app\/sk\/bonuses\/"},{"@type":"ListItem","position":3,"name":"Bonus za zl\u00e9 st\u00e1vky"}]},{"@type":"WebSite","@id":"https:\/\/spinbetter-apk.app\/sk\/#website","url":"https:\/\/spinbetter-apk.app\/sk\/","name":"Spinbetter Apk SK","description":"spinbetterapk casino","potentialAction":[{"@type":"SearchAction","target":{"@type":"EntryPoint","urlTemplate":"https:\/\/spinbetter-apk.app\/sk\/?s={search_term_string}"},"query-input":{"@type":"PropertyValueSpecification","valueRequired":true,"valueName":"search_term_string"}}],"inLanguage":"sk-SK"}]}},"_links":{"self":[{"href":"https:\/\/spinbetter-apk.app\/sk\/wp-json\/wp\/v2\/pages\/555","targetHints":{"allow":["GET"]}}],"collection":[{"href":"https:\/\/spinbetter-apk.app\/sk\/wp-json\/wp\/v2\/pages"}],"about":[{"href":"https:\/\/spinbetter-apk.app\/sk\/wp-json\/wp\/v2\/types\/page"}],"author":[{"embeddable":true,"href":"https:\/\/spinbetter-apk.app\/sk\/wp-json\/wp\/v2\/users\/1"}],"replies":[{"embeddable":true,"href":"https:\/\/spinbetter-apk.app\/sk\/wp-json\/wp\/v2\/comments?post=555"}],"version-history":[{"count":2,"href":"https:\/\/spinbetter-apk.app\/sk\/wp-json\/wp\/v2\/pages\/555\/revisions"}],"predecessor-version":[{"id":557,"href":"https:\/\/spinbetter-apk.app\/sk\/wp-json\/wp\/v2\/pages\/555\/revisions\/557"}],"up":[{"embeddable":true,"href":"https:\/\/spinbetter-apk.app\/sk\/wp-json\/wp\/v2\/pages\/322"}],"wp:attachment":[{"href":"https:\/\/spinbetter-apk.app\/sk\/wp-json\/wp\/v2\/media?parent=555"}],"curies":[{"name":"wp","href":"https:\/\/api.w.org\/{rel}","templated":true}]}}