{"id":552,"date":"2025-06-25T13:18:22","date_gmt":"2025-06-25T13:18:22","guid":{"rendered":"https:\/\/spinbetter-apk.app\/sk\/?page_id=552"},"modified":"2025-06-25T13:20:25","modified_gmt":"2025-06-25T13:20:25","slug":"freebet-app","status":"publish","type":"page","link":"https:\/\/spinbetter-apk.app\/sk\/bonuses\/freebet-app\/","title":{"rendered":"St\u00e1vka zadarmo"},"content":{"rendered":"","protected":false},"excerpt":{"rendered":"","protected":false},"author":1,"featured_media":0,"parent":322,"menu_order":0,"comment_status":"closed","ping_status":"closed","template":"","meta":{"footnotes":""},"class_list":["post-552","page","type-page","status-publish","hentry"],"yoast_head":"<!-- This site is optimized with the Yoast SEO plugin v23.4 - https:\/\/yoast.com\/wordpress\/plugins\/seo\/ -->\n<title>St\u00e1vka zadarmo a\u017e do v\u00fd\u0161ky 10 EUR na st\u00e1vkovanie v aplik\u00e1cii SpinBetter<\/title>\n<meta name=\"description\" content=\"Podajte 10 st\u00e1vok prostredn\u00edctvom kas\u00ednovej aplik\u00e1cie SpinBetter a z\u00edskajte st\u00e1vku zadarmo a\u017e do v\u00fd\u0161ky 10 EUR. Promo akcia plat\u00ed od 20.02.2025 do 20.05.2025. Zapojte sa a vyhrajte hne\u010f teraz!\" \/>\n<meta name=\"robots\" content=\"index, follow, max-snippet:-1, max-image-preview:large, max-video-preview:-1\" \/>\n<meta property=\"og:locale\" content=\"sk_SK\" \/>\n<meta property=\"og:type\" content=\"article\" \/>\n<meta property=\"og:title\" content=\"St\u00e1vka zadarmo a\u017e do v\u00fd\u0161ky 10 EUR na st\u00e1vkovanie v aplik\u00e1cii SpinBetter\" \/>\n<meta property=\"og:description\" content=\"Podajte 10 st\u00e1vok prostredn\u00edctvom kas\u00ednovej aplik\u00e1cie SpinBetter a z\u00edskajte st\u00e1vku zadarmo a\u017e do v\u00fd\u0161ky 10 EUR. Promo akcia plat\u00ed od 20.02.2025 do 20.05.2025. Zapojte sa a vyhrajte hne\u010f teraz!\" \/>\n<meta property=\"og:url\" content=\"https:\/\/spinbetter-apk.app\/sk\/bonuses\/freebet-app\/\" \/>\n<meta property=\"og:site_name\" content=\"Spinbetter Apk SK\" \/>\n<meta property=\"article:modified_time\" content=\"2025-06-25T13:20:25+00:00\" \/>\n<meta name=\"twitter:card\" content=\"summary_large_image\" \/>\n<script type=\"application\/ld+json\" class=\"yoast-schema-graph\">{\"@context\":\"https:\/\/schema.org\",\"@graph\":[{\"@type\":\"WebPage\",\"@id\":\"https:\/\/spinbetter-apk.app\/sk\/bonuses\/freebet-app\/\",\"url\":\"https:\/\/spinbetter-apk.app\/sk\/bonuses\/freebet-app\/\",\"name\":\"St\u00e1vka zadarmo a\u017e do v\u00fd\u0161ky 10 EUR na st\u00e1vkovanie v aplik\u00e1cii SpinBetter\",\"isPartOf\":{\"@id\":\"https:\/\/spinbetter-apk.app\/sk\/#website\"},\"datePublished\":\"2025-06-25T13:18:22+00:00\",\"dateModified\":\"2025-06-25T13:20:25+00:00\",\"description\":\"Podajte 10 st\u00e1vok prostredn\u00edctvom kas\u00ednovej aplik\u00e1cie SpinBetter a z\u00edskajte st\u00e1vku zadarmo a\u017e do v\u00fd\u0161ky 10 EUR. Promo akcia plat\u00ed od 20.02.2025 do 20.05.2025. Zapojte sa a vyhrajte hne\u010f teraz!\",\"breadcrumb\":{\"@id\":\"https:\/\/spinbetter-apk.app\/sk\/bonuses\/freebet-app\/#breadcrumb\"},\"inLanguage\":\"sk-SK\",\"potentialAction\":[{\"@type\":\"ReadAction\",\"target\":[\"https:\/\/spinbetter-apk.app\/sk\/bonuses\/freebet-app\/\"]}]},{\"@type\":\"BreadcrumbList\",\"@id\":\"https:\/\/spinbetter-apk.app\/sk\/bonuses\/freebet-app\/#breadcrumb\",\"itemListElement\":[{\"@type\":\"ListItem\",\"position\":1,\"name\":\"Domovsk\u00e1 str\u00e1nka\",\"item\":\"https:\/\/spinbetter-apk.app\/sk\/\"},{\"@type\":\"ListItem\",\"position\":2,\"name\":\"Bonusy\",\"item\":\"https:\/\/spinbetter-apk.app\/sk\/bonuses\/\"},{\"@type\":\"ListItem\",\"position\":3,\"name\":\"St\u00e1vka zadarmo\"}]},{\"@type\":\"WebSite\",\"@id\":\"https:\/\/spinbetter-apk.app\/sk\/#website\",\"url\":\"https:\/\/spinbetter-apk.app\/sk\/\",\"name\":\"Spinbetter Apk SK\",\"description\":\"spinbetterapk casino\",\"potentialAction\":[{\"@type\":\"SearchAction\",\"target\":{\"@type\":\"EntryPoint\",\"urlTemplate\":\"https:\/\/spinbetter-apk.app\/sk\/?s={search_term_string}\"},\"query-input\":{\"@type\":\"PropertyValueSpecification\",\"valueRequired\":true,\"valueName\":\"search_term_string\"}}],\"inLanguage\":\"sk-SK\"}]}<\/script>\n<!-- \/ Yoast SEO plugin. -->","yoast_head_json":{"title":"St\u00e1vka zadarmo a\u017e do v\u00fd\u0161ky 10 EUR na st\u00e1vkovanie v aplik\u00e1cii SpinBetter","description":"Podajte 10 st\u00e1vok prostredn\u00edctvom kas\u00ednovej aplik\u00e1cie SpinBetter a z\u00edskajte st\u00e1vku zadarmo a\u017e do v\u00fd\u0161ky 10 EUR. Promo akcia plat\u00ed od 20.02.2025 do 20.05.2025. Zapojte sa a vyhrajte hne\u010f teraz!","robots":{"index":"index","follow":"follow","max-snippet":"max-snippet:-1","max-image-preview":"max-image-preview:large","max-video-preview":"max-video-preview:-1"},"og_locale":"sk_SK","og_type":"article","og_title":"St\u00e1vka zadarmo a\u017e do v\u00fd\u0161ky 10 EUR na st\u00e1vkovanie v aplik\u00e1cii SpinBetter","og_description":"Podajte 10 st\u00e1vok prostredn\u00edctvom kas\u00ednovej aplik\u00e1cie SpinBetter a z\u00edskajte st\u00e1vku zadarmo a\u017e do v\u00fd\u0161ky 10 EUR. Promo akcia plat\u00ed od 20.02.2025 do 20.05.2025. Zapojte sa a vyhrajte hne\u010f teraz!","og_url":"https:\/\/spinbetter-apk.app\/sk\/bonuses\/freebet-app\/","og_site_name":"Spinbetter Apk SK","article_modified_time":"2025-06-25T13:20:25+00:00","twitter_card":"summary_large_image","schema":{"@context":"https:\/\/schema.org","@graph":[{"@type":"WebPage","@id":"https:\/\/spinbetter-apk.app\/sk\/bonuses\/freebet-app\/","url":"https:\/\/spinbetter-apk.app\/sk\/bonuses\/freebet-app\/","name":"St\u00e1vka zadarmo a\u017e do v\u00fd\u0161ky 10 EUR na st\u00e1vkovanie v aplik\u00e1cii SpinBetter","isPartOf":{"@id":"https:\/\/spinbetter-apk.app\/sk\/#website"},"datePublished":"2025-06-25T13:18:22+00:00","dateModified":"2025-06-25T13:20:25+00:00","description":"Podajte 10 st\u00e1vok prostredn\u00edctvom kas\u00ednovej aplik\u00e1cie SpinBetter a z\u00edskajte st\u00e1vku zadarmo a\u017e do v\u00fd\u0161ky 10 EUR. Promo akcia plat\u00ed od 20.02.2025 do 20.05.2025. Zapojte sa a vyhrajte hne\u010f teraz!","breadcrumb":{"@id":"https:\/\/spinbetter-apk.app\/sk\/bonuses\/freebet-app\/#breadcrumb"},"inLanguage":"sk-SK","potentialAction":[{"@type":"ReadAction","target":["https:\/\/spinbetter-apk.app\/sk\/bonuses\/freebet-app\/"]}]},{"@type":"BreadcrumbList","@id":"https:\/\/spinbetter-apk.app\/sk\/bonuses\/freebet-app\/#breadcrumb","itemListElement":[{"@type":"ListItem","position":1,"name":"Domovsk\u00e1 str\u00e1nka","item":"https:\/\/spinbetter-apk.app\/sk\/"},{"@type":"ListItem","position":2,"name":"Bonusy","item":"https:\/\/spinbetter-apk.app\/sk\/bonuses\/"},{"@type":"ListItem","position":3,"name":"St\u00e1vka zadarmo"}]},{"@type":"WebSite","@id":"https:\/\/spinbetter-apk.app\/sk\/#website","url":"https:\/\/spinbetter-apk.app\/sk\/","name":"Spinbetter Apk SK","description":"spinbetterapk casino","potentialAction":[{"@type":"SearchAction","target":{"@type":"EntryPoint","urlTemplate":"https:\/\/spinbetter-apk.app\/sk\/?s={search_term_string}"},"query-input":{"@type":"PropertyValueSpecification","valueRequired":true,"valueName":"search_term_string"}}],"inLanguage":"sk-SK"}]}},"_links":{"self":[{"href":"https:\/\/spinbetter-apk.app\/sk\/wp-json\/wp\/v2\/pages\/552","targetHints":{"allow":["GET"]}}],"collection":[{"href":"https:\/\/spinbetter-apk.app\/sk\/wp-json\/wp\/v2\/pages"}],"about":[{"href":"https:\/\/spinbetter-apk.app\/sk\/wp-json\/wp\/v2\/types\/page"}],"author":[{"embeddable":true,"href":"https:\/\/spinbetter-apk.app\/sk\/wp-json\/wp\/v2\/users\/1"}],"replies":[{"embeddable":true,"href":"https:\/\/spinbetter-apk.app\/sk\/wp-json\/wp\/v2\/comments?post=552"}],"version-history":[{"count":2,"href":"https:\/\/spinbetter-apk.app\/sk\/wp-json\/wp\/v2\/pages\/552\/revisions"}],"predecessor-version":[{"id":554,"href":"https:\/\/spinbetter-apk.app\/sk\/wp-json\/wp\/v2\/pages\/552\/revisions\/554"}],"up":[{"embeddable":true,"href":"https:\/\/spinbetter-apk.app\/sk\/wp-json\/wp\/v2\/pages\/322"}],"wp:attachment":[{"href":"https:\/\/spinbetter-apk.app\/sk\/wp-json\/wp\/v2\/media?parent=552"}],"curies":[{"name":"wp","href":"https:\/\/api.w.org\/{rel}","templated":true}]}}