{"id":280,"date":"2024-11-08T13:51:48","date_gmt":"2024-11-08T13:51:48","guid":{"rendered":"https:\/\/spinbetter-apk.app\/sk\/?page_id=280"},"modified":"2025-01-13T03:14:28","modified_gmt":"2025-01-13T03:14:28","slug":"registration","status":"publish","type":"page","link":"https:\/\/spinbetter-apk.app\/sk\/registration\/","title":{"rendered":"Registr\u00e1cia"},"content":{"rendered":"","protected":false},"excerpt":{"rendered":"","protected":false},"author":1,"featured_media":0,"parent":0,"menu_order":0,"comment_status":"closed","ping_status":"closed","template":"","meta":{"footnotes":""},"class_list":["post-280","page","type-page","status-publish","hentry"],"yoast_head":"<!-- This site is optimized with the Yoast SEO plugin v23.4 - https:\/\/yoast.com\/wordpress\/plugins\/seo\/ -->\n<title>Registr\u00e1cia SpinBetter Slovakia \u2013 krok za krokom sprievodca a tipy<\/title>\n<meta name=\"description\" content=\"Zistite, ak\u00e9 \u013eahk\u00e9 je dokon\u010di\u0165 registr\u00e1ciu SpinBetter Slovakia. Kompletn\u00fd sprievodca a bezpe\u010dnostn\u00e9 tipy pre registr\u00e1ciu SpinBetter.\" \/>\n<meta name=\"robots\" content=\"index, follow, max-snippet:-1, max-image-preview:large, max-video-preview:-1\" \/>\n<meta property=\"og:locale\" content=\"sk_SK\" \/>\n<meta property=\"og:type\" content=\"article\" \/>\n<meta property=\"og:title\" content=\"Registr\u00e1cia SpinBetter Slovakia \u2013 krok za krokom sprievodca a tipy\" \/>\n<meta property=\"og:description\" content=\"Zistite, ak\u00e9 \u013eahk\u00e9 je dokon\u010di\u0165 registr\u00e1ciu SpinBetter Slovakia. Kompletn\u00fd sprievodca a bezpe\u010dnostn\u00e9 tipy pre registr\u00e1ciu SpinBetter.\" \/>\n<meta property=\"og:url\" content=\"https:\/\/spinbetter-apk.app\/sk\/registration\/\" \/>\n<meta property=\"og:site_name\" content=\"Spinbetter Apk SK\" \/>\n<meta property=\"article:modified_time\" content=\"2025-01-13T03:14:28+00:00\" \/>\n<meta name=\"twitter:card\" content=\"summary_large_image\" \/>\n<script type=\"application\/ld+json\" class=\"yoast-schema-graph\">{\"@context\":\"https:\/\/schema.org\",\"@graph\":[{\"@type\":\"WebPage\",\"@id\":\"https:\/\/spinbetter-apk.app\/sk\/registration\/\",\"url\":\"https:\/\/spinbetter-apk.app\/sk\/registration\/\",\"name\":\"Registr\u00e1cia SpinBetter Slovakia \u2013 krok za krokom sprievodca a tipy\",\"isPartOf\":{\"@id\":\"https:\/\/spinbetter-apk.app\/sk\/#website\"},\"datePublished\":\"2024-11-08T13:51:48+00:00\",\"dateModified\":\"2025-01-13T03:14:28+00:00\",\"description\":\"Zistite, ak\u00e9 \u013eahk\u00e9 je dokon\u010di\u0165 registr\u00e1ciu SpinBetter Slovakia. Kompletn\u00fd sprievodca a bezpe\u010dnostn\u00e9 tipy pre registr\u00e1ciu SpinBetter.\",\"breadcrumb\":{\"@id\":\"https:\/\/spinbetter-apk.app\/sk\/registration\/#breadcrumb\"},\"inLanguage\":\"sk-SK\",\"potentialAction\":[{\"@type\":\"ReadAction\",\"target\":[\"https:\/\/spinbetter-apk.app\/sk\/registration\/\"]}]},{\"@type\":\"BreadcrumbList\",\"@id\":\"https:\/\/spinbetter-apk.app\/sk\/registration\/#breadcrumb\",\"itemListElement\":[{\"@type\":\"ListItem\",\"position\":1,\"name\":\"Domovsk\u00e1 str\u00e1nka\",\"item\":\"https:\/\/spinbetter-apk.app\/sk\/\"},{\"@type\":\"ListItem\",\"position\":2,\"name\":\"Registr\u00e1cia\"}]},{\"@type\":\"WebSite\",\"@id\":\"https:\/\/spinbetter-apk.app\/sk\/#website\",\"url\":\"https:\/\/spinbetter-apk.app\/sk\/\",\"name\":\"Spinbetter Apk SK\",\"description\":\"spinbetterapk casino\",\"potentialAction\":[{\"@type\":\"SearchAction\",\"target\":{\"@type\":\"EntryPoint\",\"urlTemplate\":\"https:\/\/spinbetter-apk.app\/sk\/?s={search_term_string}\"},\"query-input\":{\"@type\":\"PropertyValueSpecification\",\"valueRequired\":true,\"valueName\":\"search_term_string\"}}],\"inLanguage\":\"sk-SK\"}]}<\/script>\n<!-- \/ Yoast SEO plugin. -->","yoast_head_json":{"title":"Registr\u00e1cia SpinBetter Slovakia \u2013 krok za krokom sprievodca a tipy","description":"Zistite, ak\u00e9 \u013eahk\u00e9 je dokon\u010di\u0165 registr\u00e1ciu SpinBetter Slovakia. Kompletn\u00fd sprievodca a bezpe\u010dnostn\u00e9 tipy pre registr\u00e1ciu SpinBetter.","robots":{"index":"index","follow":"follow","max-snippet":"max-snippet:-1","max-image-preview":"max-image-preview:large","max-video-preview":"max-video-preview:-1"},"og_locale":"sk_SK","og_type":"article","og_title":"Registr\u00e1cia SpinBetter Slovakia \u2013 krok za krokom sprievodca a tipy","og_description":"Zistite, ak\u00e9 \u013eahk\u00e9 je dokon\u010di\u0165 registr\u00e1ciu SpinBetter Slovakia. Kompletn\u00fd sprievodca a bezpe\u010dnostn\u00e9 tipy pre registr\u00e1ciu SpinBetter.","og_url":"https:\/\/spinbetter-apk.app\/sk\/registration\/","og_site_name":"Spinbetter Apk SK","article_modified_time":"2025-01-13T03:14:28+00:00","twitter_card":"summary_large_image","schema":{"@context":"https:\/\/schema.org","@graph":[{"@type":"WebPage","@id":"https:\/\/spinbetter-apk.app\/sk\/registration\/","url":"https:\/\/spinbetter-apk.app\/sk\/registration\/","name":"Registr\u00e1cia SpinBetter Slovakia \u2013 krok za krokom sprievodca a tipy","isPartOf":{"@id":"https:\/\/spinbetter-apk.app\/sk\/#website"},"datePublished":"2024-11-08T13:51:48+00:00","dateModified":"2025-01-13T03:14:28+00:00","description":"Zistite, ak\u00e9 \u013eahk\u00e9 je dokon\u010di\u0165 registr\u00e1ciu SpinBetter Slovakia. Kompletn\u00fd sprievodca a bezpe\u010dnostn\u00e9 tipy pre registr\u00e1ciu SpinBetter.","breadcrumb":{"@id":"https:\/\/spinbetter-apk.app\/sk\/registration\/#breadcrumb"},"inLanguage":"sk-SK","potentialAction":[{"@type":"ReadAction","target":["https:\/\/spinbetter-apk.app\/sk\/registration\/"]}]},{"@type":"BreadcrumbList","@id":"https:\/\/spinbetter-apk.app\/sk\/registration\/#breadcrumb","itemListElement":[{"@type":"ListItem","position":1,"name":"Domovsk\u00e1 str\u00e1nka","item":"https:\/\/spinbetter-apk.app\/sk\/"},{"@type":"ListItem","position":2,"name":"Registr\u00e1cia"}]},{"@type":"WebSite","@id":"https:\/\/spinbetter-apk.app\/sk\/#website","url":"https:\/\/spinbetter-apk.app\/sk\/","name":"Spinbetter Apk SK","description":"spinbetterapk casino","potentialAction":[{"@type":"SearchAction","target":{"@type":"EntryPoint","urlTemplate":"https:\/\/spinbetter-apk.app\/sk\/?s={search_term_string}"},"query-input":{"@type":"PropertyValueSpecification","valueRequired":true,"valueName":"search_term_string"}}],"inLanguage":"sk-SK"}]}},"_links":{"self":[{"href":"https:\/\/spinbetter-apk.app\/sk\/wp-json\/wp\/v2\/pages\/280","targetHints":{"allow":["GET"]}}],"collection":[{"href":"https:\/\/spinbetter-apk.app\/sk\/wp-json\/wp\/v2\/pages"}],"about":[{"href":"https:\/\/spinbetter-apk.app\/sk\/wp-json\/wp\/v2\/types\/page"}],"author":[{"embeddable":true,"href":"https:\/\/spinbetter-apk.app\/sk\/wp-json\/wp\/v2\/users\/1"}],"replies":[{"embeddable":true,"href":"https:\/\/spinbetter-apk.app\/sk\/wp-json\/wp\/v2\/comments?post=280"}],"version-history":[{"count":25,"href":"https:\/\/spinbetter-apk.app\/sk\/wp-json\/wp\/v2\/pages\/280\/revisions"}],"predecessor-version":[{"id":539,"href":"https:\/\/spinbetter-apk.app\/sk\/wp-json\/wp\/v2\/pages\/280\/revisions\/539"}],"wp:attachment":[{"href":"https:\/\/spinbetter-apk.app\/sk\/wp-json\/wp\/v2\/media?parent=280"}],"curies":[{"name":"wp","href":"https:\/\/api.w.org\/{rel}","templated":true}]}}