{"id":261,"date":"2024-11-08T11:08:00","date_gmt":"2024-11-08T11:08:00","guid":{"rendered":"https:\/\/spinbetter-apk.app\/sk\/?page_id=261"},"modified":"2025-01-13T03:12:42","modified_gmt":"2025-01-13T03:12:42","slug":"login","status":"publish","type":"page","link":"https:\/\/spinbetter-apk.app\/sk\/login\/","title":{"rendered":"Prihl\u00e1ste sa"},"content":{"rendered":"","protected":false},"excerpt":{"rendered":"","protected":false},"author":1,"featured_media":0,"parent":0,"menu_order":0,"comment_status":"closed","ping_status":"closed","template":"","meta":{"footnotes":""},"class_list":["post-261","page","type-page","status-publish","hentry"],"yoast_head":"<!-- This site is optimized with the Yoast SEO plugin v23.4 - https:\/\/yoast.com\/wordpress\/plugins\/seo\/ -->\n<title>SpinBetter Slovakia Login: sprievodca bezpe\u010dnos\u0165ou a met\u00f3dami<\/title>\n<meta name=\"description\" content=\"Zistite v\u0161etko o prihlasovacom procese SpinBetter Slovakia: nastavenie 2FA, pou\u017e\u00edvanie soci\u00e1lnych m\u00e9di\u00ed a bezpe\u010dnostn\u00fdch tipov. V\u0161etky sp\u00f4soby prihl\u00e1senia v \u010dl\u00e1nku!\" \/>\n<meta name=\"robots\" content=\"index, follow, max-snippet:-1, max-image-preview:large, max-video-preview:-1\" \/>\n<meta property=\"og:locale\" content=\"sk_SK\" \/>\n<meta property=\"og:type\" content=\"article\" \/>\n<meta property=\"og:title\" content=\"SpinBetter Slovakia Login: sprievodca bezpe\u010dnos\u0165ou a met\u00f3dami\" \/>\n<meta property=\"og:description\" content=\"Zistite v\u0161etko o prihlasovacom procese SpinBetter Slovakia: nastavenie 2FA, pou\u017e\u00edvanie soci\u00e1lnych m\u00e9di\u00ed a bezpe\u010dnostn\u00fdch tipov. V\u0161etky sp\u00f4soby prihl\u00e1senia v \u010dl\u00e1nku!\" \/>\n<meta property=\"og:url\" content=\"https:\/\/spinbetter-apk.app\/sk\/login\/\" \/>\n<meta property=\"og:site_name\" content=\"Spinbetter Apk SK\" \/>\n<meta property=\"article:modified_time\" content=\"2025-01-13T03:12:42+00:00\" \/>\n<meta name=\"twitter:card\" content=\"summary_large_image\" \/>\n<script type=\"application\/ld+json\" class=\"yoast-schema-graph\">{\"@context\":\"https:\/\/schema.org\",\"@graph\":[{\"@type\":\"WebPage\",\"@id\":\"https:\/\/spinbetter-apk.app\/sk\/login\/\",\"url\":\"https:\/\/spinbetter-apk.app\/sk\/login\/\",\"name\":\"SpinBetter Slovakia Login: sprievodca bezpe\u010dnos\u0165ou a met\u00f3dami\",\"isPartOf\":{\"@id\":\"https:\/\/spinbetter-apk.app\/sk\/#website\"},\"datePublished\":\"2024-11-08T11:08:00+00:00\",\"dateModified\":\"2025-01-13T03:12:42+00:00\",\"description\":\"Zistite v\u0161etko o prihlasovacom procese SpinBetter Slovakia: nastavenie 2FA, pou\u017e\u00edvanie soci\u00e1lnych m\u00e9di\u00ed a bezpe\u010dnostn\u00fdch tipov. V\u0161etky sp\u00f4soby prihl\u00e1senia v \u010dl\u00e1nku!\",\"breadcrumb\":{\"@id\":\"https:\/\/spinbetter-apk.app\/sk\/login\/#breadcrumb\"},\"inLanguage\":\"sk-SK\",\"potentialAction\":[{\"@type\":\"ReadAction\",\"target\":[\"https:\/\/spinbetter-apk.app\/sk\/login\/\"]}]},{\"@type\":\"BreadcrumbList\",\"@id\":\"https:\/\/spinbetter-apk.app\/sk\/login\/#breadcrumb\",\"itemListElement\":[{\"@type\":\"ListItem\",\"position\":1,\"name\":\"Domovsk\u00e1 str\u00e1nka\",\"item\":\"https:\/\/spinbetter-apk.app\/sk\/\"},{\"@type\":\"ListItem\",\"position\":2,\"name\":\"Prihl\u00e1ste sa\"}]},{\"@type\":\"WebSite\",\"@id\":\"https:\/\/spinbetter-apk.app\/sk\/#website\",\"url\":\"https:\/\/spinbetter-apk.app\/sk\/\",\"name\":\"Spinbetter Apk SK\",\"description\":\"spinbetterapk casino\",\"potentialAction\":[{\"@type\":\"SearchAction\",\"target\":{\"@type\":\"EntryPoint\",\"urlTemplate\":\"https:\/\/spinbetter-apk.app\/sk\/?s={search_term_string}\"},\"query-input\":{\"@type\":\"PropertyValueSpecification\",\"valueRequired\":true,\"valueName\":\"search_term_string\"}}],\"inLanguage\":\"sk-SK\"}]}<\/script>\n<!-- \/ Yoast SEO plugin. -->","yoast_head_json":{"title":"SpinBetter Slovakia Login: sprievodca bezpe\u010dnos\u0165ou a met\u00f3dami","description":"Zistite v\u0161etko o prihlasovacom procese SpinBetter Slovakia: nastavenie 2FA, pou\u017e\u00edvanie soci\u00e1lnych m\u00e9di\u00ed a bezpe\u010dnostn\u00fdch tipov. V\u0161etky sp\u00f4soby prihl\u00e1senia v \u010dl\u00e1nku!","robots":{"index":"index","follow":"follow","max-snippet":"max-snippet:-1","max-image-preview":"max-image-preview:large","max-video-preview":"max-video-preview:-1"},"og_locale":"sk_SK","og_type":"article","og_title":"SpinBetter Slovakia Login: sprievodca bezpe\u010dnos\u0165ou a met\u00f3dami","og_description":"Zistite v\u0161etko o prihlasovacom procese SpinBetter Slovakia: nastavenie 2FA, pou\u017e\u00edvanie soci\u00e1lnych m\u00e9di\u00ed a bezpe\u010dnostn\u00fdch tipov. V\u0161etky sp\u00f4soby prihl\u00e1senia v \u010dl\u00e1nku!","og_url":"https:\/\/spinbetter-apk.app\/sk\/login\/","og_site_name":"Spinbetter Apk SK","article_modified_time":"2025-01-13T03:12:42+00:00","twitter_card":"summary_large_image","schema":{"@context":"https:\/\/schema.org","@graph":[{"@type":"WebPage","@id":"https:\/\/spinbetter-apk.app\/sk\/login\/","url":"https:\/\/spinbetter-apk.app\/sk\/login\/","name":"SpinBetter Slovakia Login: sprievodca bezpe\u010dnos\u0165ou a met\u00f3dami","isPartOf":{"@id":"https:\/\/spinbetter-apk.app\/sk\/#website"},"datePublished":"2024-11-08T11:08:00+00:00","dateModified":"2025-01-13T03:12:42+00:00","description":"Zistite v\u0161etko o prihlasovacom procese SpinBetter Slovakia: nastavenie 2FA, pou\u017e\u00edvanie soci\u00e1lnych m\u00e9di\u00ed a bezpe\u010dnostn\u00fdch tipov. V\u0161etky sp\u00f4soby prihl\u00e1senia v \u010dl\u00e1nku!","breadcrumb":{"@id":"https:\/\/spinbetter-apk.app\/sk\/login\/#breadcrumb"},"inLanguage":"sk-SK","potentialAction":[{"@type":"ReadAction","target":["https:\/\/spinbetter-apk.app\/sk\/login\/"]}]},{"@type":"BreadcrumbList","@id":"https:\/\/spinbetter-apk.app\/sk\/login\/#breadcrumb","itemListElement":[{"@type":"ListItem","position":1,"name":"Domovsk\u00e1 str\u00e1nka","item":"https:\/\/spinbetter-apk.app\/sk\/"},{"@type":"ListItem","position":2,"name":"Prihl\u00e1ste sa"}]},{"@type":"WebSite","@id":"https:\/\/spinbetter-apk.app\/sk\/#website","url":"https:\/\/spinbetter-apk.app\/sk\/","name":"Spinbetter Apk SK","description":"spinbetterapk casino","potentialAction":[{"@type":"SearchAction","target":{"@type":"EntryPoint","urlTemplate":"https:\/\/spinbetter-apk.app\/sk\/?s={search_term_string}"},"query-input":{"@type":"PropertyValueSpecification","valueRequired":true,"valueName":"search_term_string"}}],"inLanguage":"sk-SK"}]}},"_links":{"self":[{"href":"https:\/\/spinbetter-apk.app\/sk\/wp-json\/wp\/v2\/pages\/261","targetHints":{"allow":["GET"]}}],"collection":[{"href":"https:\/\/spinbetter-apk.app\/sk\/wp-json\/wp\/v2\/pages"}],"about":[{"href":"https:\/\/spinbetter-apk.app\/sk\/wp-json\/wp\/v2\/types\/page"}],"author":[{"embeddable":true,"href":"https:\/\/spinbetter-apk.app\/sk\/wp-json\/wp\/v2\/users\/1"}],"replies":[{"embeddable":true,"href":"https:\/\/spinbetter-apk.app\/sk\/wp-json\/wp\/v2\/comments?post=261"}],"version-history":[{"count":28,"href":"https:\/\/spinbetter-apk.app\/sk\/wp-json\/wp\/v2\/pages\/261\/revisions"}],"predecessor-version":[{"id":538,"href":"https:\/\/spinbetter-apk.app\/sk\/wp-json\/wp\/v2\/pages\/261\/revisions\/538"}],"wp:attachment":[{"href":"https:\/\/spinbetter-apk.app\/sk\/wp-json\/wp\/v2\/media?parent=261"}],"curies":[{"name":"wp","href":"https:\/\/api.w.org\/{rel}","templated":true}]}}