{"id":233,"date":"2024-11-08T08:51:19","date_gmt":"2024-11-08T08:51:19","guid":{"rendered":"https:\/\/spinbetter-apk.app\/sk\/?page_id=233"},"modified":"2025-01-13T03:16:42","modified_gmt":"2025-01-13T03:16:42","slug":"casino","status":"publish","type":"page","link":"https:\/\/spinbetter-apk.app\/sk\/casino\/","title":{"rendered":"Kas\u00edno"},"content":{"rendered":"","protected":false},"excerpt":{"rendered":"","protected":false},"author":1,"featured_media":0,"parent":0,"menu_order":0,"comment_status":"closed","ping_status":"closed","template":"","meta":{"footnotes":""},"class_list":["post-233","page","type-page","status-publish","hentry"],"yoast_head":"<!-- This site is optimized with the Yoast SEO plugin v23.4 - https:\/\/yoast.com\/wordpress\/plugins\/seo\/ -->\n<title>SpinBetter Slovakia Casino \u2013 hry, bonusy a funkcie mobiln\u00e9ho kas\u00edna<\/title>\n<meta name=\"description\" content=\"Zistite v\u0161etko o mobilnom kas\u00edne SpinBetter Slovakia, od jednoduchej registr\u00e1cie a exkluz\u00edvnych bonusov a\u017e po recenzie hr\u00e1\u010dov a k\u013e\u00fa\u010dov\u00e9 funkcie!\" \/>\n<meta name=\"robots\" content=\"index, follow, max-snippet:-1, max-image-preview:large, max-video-preview:-1\" \/>\n<meta property=\"og:locale\" content=\"sk_SK\" \/>\n<meta property=\"og:type\" content=\"article\" \/>\n<meta property=\"og:title\" content=\"SpinBetter Slovakia Casino \u2013 hry, bonusy a funkcie mobiln\u00e9ho kas\u00edna\" \/>\n<meta property=\"og:description\" content=\"Zistite v\u0161etko o mobilnom kas\u00edne SpinBetter Slovakia, od jednoduchej registr\u00e1cie a exkluz\u00edvnych bonusov a\u017e po recenzie hr\u00e1\u010dov a k\u013e\u00fa\u010dov\u00e9 funkcie!\" \/>\n<meta property=\"og:url\" content=\"https:\/\/spinbetter-apk.app\/sk\/casino\/\" \/>\n<meta property=\"og:site_name\" content=\"Spinbetter Apk SK\" \/>\n<meta property=\"article:modified_time\" content=\"2025-01-13T03:16:42+00:00\" \/>\n<meta name=\"twitter:card\" content=\"summary_large_image\" \/>\n<script type=\"application\/ld+json\" class=\"yoast-schema-graph\">{\"@context\":\"https:\/\/schema.org\",\"@graph\":[{\"@type\":\"WebPage\",\"@id\":\"https:\/\/spinbetter-apk.app\/sk\/casino\/\",\"url\":\"https:\/\/spinbetter-apk.app\/sk\/casino\/\",\"name\":\"SpinBetter Slovakia Casino \u2013 hry, bonusy a funkcie mobiln\u00e9ho kas\u00edna\",\"isPartOf\":{\"@id\":\"https:\/\/spinbetter-apk.app\/sk\/#website\"},\"datePublished\":\"2024-11-08T08:51:19+00:00\",\"dateModified\":\"2025-01-13T03:16:42+00:00\",\"description\":\"Zistite v\u0161etko o mobilnom kas\u00edne SpinBetter Slovakia, od jednoduchej registr\u00e1cie a exkluz\u00edvnych bonusov a\u017e po recenzie hr\u00e1\u010dov a k\u013e\u00fa\u010dov\u00e9 funkcie!\",\"breadcrumb\":{\"@id\":\"https:\/\/spinbetter-apk.app\/sk\/casino\/#breadcrumb\"},\"inLanguage\":\"sk-SK\",\"potentialAction\":[{\"@type\":\"ReadAction\",\"target\":[\"https:\/\/spinbetter-apk.app\/sk\/casino\/\"]}]},{\"@type\":\"BreadcrumbList\",\"@id\":\"https:\/\/spinbetter-apk.app\/sk\/casino\/#breadcrumb\",\"itemListElement\":[{\"@type\":\"ListItem\",\"position\":1,\"name\":\"Domovsk\u00e1 str\u00e1nka\",\"item\":\"https:\/\/spinbetter-apk.app\/sk\/\"},{\"@type\":\"ListItem\",\"position\":2,\"name\":\"Kas\u00edno\"}]},{\"@type\":\"WebSite\",\"@id\":\"https:\/\/spinbetter-apk.app\/sk\/#website\",\"url\":\"https:\/\/spinbetter-apk.app\/sk\/\",\"name\":\"Spinbetter Apk SK\",\"description\":\"spinbetterapk casino\",\"potentialAction\":[{\"@type\":\"SearchAction\",\"target\":{\"@type\":\"EntryPoint\",\"urlTemplate\":\"https:\/\/spinbetter-apk.app\/sk\/?s={search_term_string}\"},\"query-input\":{\"@type\":\"PropertyValueSpecification\",\"valueRequired\":true,\"valueName\":\"search_term_string\"}}],\"inLanguage\":\"sk-SK\"}]}<\/script>\n<!-- \/ Yoast SEO plugin. -->","yoast_head_json":{"title":"SpinBetter Slovakia Casino \u2013 hry, bonusy a funkcie mobiln\u00e9ho kas\u00edna","description":"Zistite v\u0161etko o mobilnom kas\u00edne SpinBetter Slovakia, od jednoduchej registr\u00e1cie a exkluz\u00edvnych bonusov a\u017e po recenzie hr\u00e1\u010dov a k\u013e\u00fa\u010dov\u00e9 funkcie!","robots":{"index":"index","follow":"follow","max-snippet":"max-snippet:-1","max-image-preview":"max-image-preview:large","max-video-preview":"max-video-preview:-1"},"og_locale":"sk_SK","og_type":"article","og_title":"SpinBetter Slovakia Casino \u2013 hry, bonusy a funkcie mobiln\u00e9ho kas\u00edna","og_description":"Zistite v\u0161etko o mobilnom kas\u00edne SpinBetter Slovakia, od jednoduchej registr\u00e1cie a exkluz\u00edvnych bonusov a\u017e po recenzie hr\u00e1\u010dov a k\u013e\u00fa\u010dov\u00e9 funkcie!","og_url":"https:\/\/spinbetter-apk.app\/sk\/casino\/","og_site_name":"Spinbetter Apk SK","article_modified_time":"2025-01-13T03:16:42+00:00","twitter_card":"summary_large_image","schema":{"@context":"https:\/\/schema.org","@graph":[{"@type":"WebPage","@id":"https:\/\/spinbetter-apk.app\/sk\/casino\/","url":"https:\/\/spinbetter-apk.app\/sk\/casino\/","name":"SpinBetter Slovakia Casino \u2013 hry, bonusy a funkcie mobiln\u00e9ho kas\u00edna","isPartOf":{"@id":"https:\/\/spinbetter-apk.app\/sk\/#website"},"datePublished":"2024-11-08T08:51:19+00:00","dateModified":"2025-01-13T03:16:42+00:00","description":"Zistite v\u0161etko o mobilnom kas\u00edne SpinBetter Slovakia, od jednoduchej registr\u00e1cie a exkluz\u00edvnych bonusov a\u017e po recenzie hr\u00e1\u010dov a k\u013e\u00fa\u010dov\u00e9 funkcie!","breadcrumb":{"@id":"https:\/\/spinbetter-apk.app\/sk\/casino\/#breadcrumb"},"inLanguage":"sk-SK","potentialAction":[{"@type":"ReadAction","target":["https:\/\/spinbetter-apk.app\/sk\/casino\/"]}]},{"@type":"BreadcrumbList","@id":"https:\/\/spinbetter-apk.app\/sk\/casino\/#breadcrumb","itemListElement":[{"@type":"ListItem","position":1,"name":"Domovsk\u00e1 str\u00e1nka","item":"https:\/\/spinbetter-apk.app\/sk\/"},{"@type":"ListItem","position":2,"name":"Kas\u00edno"}]},{"@type":"WebSite","@id":"https:\/\/spinbetter-apk.app\/sk\/#website","url":"https:\/\/spinbetter-apk.app\/sk\/","name":"Spinbetter Apk SK","description":"spinbetterapk casino","potentialAction":[{"@type":"SearchAction","target":{"@type":"EntryPoint","urlTemplate":"https:\/\/spinbetter-apk.app\/sk\/?s={search_term_string}"},"query-input":{"@type":"PropertyValueSpecification","valueRequired":true,"valueName":"search_term_string"}}],"inLanguage":"sk-SK"}]}},"_links":{"self":[{"href":"https:\/\/spinbetter-apk.app\/sk\/wp-json\/wp\/v2\/pages\/233","targetHints":{"allow":["GET"]}}],"collection":[{"href":"https:\/\/spinbetter-apk.app\/sk\/wp-json\/wp\/v2\/pages"}],"about":[{"href":"https:\/\/spinbetter-apk.app\/sk\/wp-json\/wp\/v2\/types\/page"}],"author":[{"embeddable":true,"href":"https:\/\/spinbetter-apk.app\/sk\/wp-json\/wp\/v2\/users\/1"}],"replies":[{"embeddable":true,"href":"https:\/\/spinbetter-apk.app\/sk\/wp-json\/wp\/v2\/comments?post=233"}],"version-history":[{"count":35,"href":"https:\/\/spinbetter-apk.app\/sk\/wp-json\/wp\/v2\/pages\/233\/revisions"}],"predecessor-version":[{"id":541,"href":"https:\/\/spinbetter-apk.app\/sk\/wp-json\/wp\/v2\/pages\/233\/revisions\/541"}],"wp:attachment":[{"href":"https:\/\/spinbetter-apk.app\/sk\/wp-json\/wp\/v2\/media?parent=233"}],"curies":[{"name":"wp","href":"https:\/\/api.w.org\/{rel}","templated":true}]}}