{"id":2,"date":"2023-05-18T17:18:34","date_gmt":"2023-05-18T17:18:34","guid":{"rendered":"https:\/\/spinbetter-apk.app\/sk\/?page_id=2"},"modified":"2025-10-16T09:20:47","modified_gmt":"2025-10-16T09:20:47","slug":"spinbetter","status":"publish","type":"page","link":"https:\/\/spinbetter-apk.app\/sk\/","title":{"rendered":"Domov"},"content":{"rendered":"","protected":false},"excerpt":{"rendered":"","protected":false},"author":1,"featured_media":0,"parent":0,"menu_order":0,"comment_status":"closed","ping_status":"open","template":"","meta":{"footnotes":""},"class_list":["post-2","page","type-page","status-publish","hentry"],"yoast_head":"<!-- This site is optimized with the Yoast SEO plugin v23.4 - https:\/\/yoast.com\/wordpress\/plugins\/seo\/ -->\n<title>SpinBetter Slovakia: Funkcie, bonusy a zv\u00fdraznenia<\/title>\n<meta name=\"description\" content=\"V\u0161etko o SpinBetter Slovakia v jednom \u010dl\u00e1nku \u2013 od bonusov a mo\u017enost\u00ed st\u00e1vkovania a\u017e po podporu, bezpe\u010dnos\u0165 a region\u00e1lnu dostupnos\u0165.\" \/>\n<meta name=\"robots\" content=\"index, follow, max-snippet:-1, max-image-preview:large, max-video-preview:-1\" \/>\n<meta property=\"og:locale\" content=\"sk_SK\" \/>\n<meta property=\"og:type\" content=\"article\" \/>\n<meta property=\"og:title\" content=\"SpinBetter Slovakia: Funkcie, bonusy a zv\u00fdraznenia\" \/>\n<meta property=\"og:description\" content=\"V\u0161etko o SpinBetter Slovakia v jednom \u010dl\u00e1nku \u2013 od bonusov a mo\u017enost\u00ed st\u00e1vkovania a\u017e po podporu, bezpe\u010dnos\u0165 a region\u00e1lnu dostupnos\u0165.\" \/>\n<meta property=\"og:url\" content=\"https:\/\/spinbetter-apk.app\/sk\/\" \/>\n<meta property=\"og:site_name\" content=\"Spinbetter Apk SK\" \/>\n<meta property=\"article:modified_time\" content=\"2025-10-16T09:20:47+00:00\" \/>\n<meta name=\"twitter:card\" content=\"summary_large_image\" \/>\n<script type=\"application\/ld+json\" class=\"yoast-schema-graph\">{\"@context\":\"https:\/\/schema.org\",\"@graph\":[{\"@type\":\"WebPage\",\"@id\":\"https:\/\/spinbetter-apk.app\/sk\/\",\"url\":\"https:\/\/spinbetter-apk.app\/sk\/\",\"name\":\"SpinBetter Slovakia: Funkcie, bonusy a zv\u00fdraznenia\",\"isPartOf\":{\"@id\":\"https:\/\/spinbetter-apk.app\/sk\/#website\"},\"datePublished\":\"2023-05-18T17:18:34+00:00\",\"dateModified\":\"2025-10-16T09:20:47+00:00\",\"description\":\"V\u0161etko o SpinBetter Slovakia v jednom \u010dl\u00e1nku \u2013 od bonusov a mo\u017enost\u00ed st\u00e1vkovania a\u017e po podporu, bezpe\u010dnos\u0165 a region\u00e1lnu dostupnos\u0165.\",\"breadcrumb\":{\"@id\":\"https:\/\/spinbetter-apk.app\/sk\/#breadcrumb\"},\"inLanguage\":\"sk-SK\",\"potentialAction\":[{\"@type\":\"ReadAction\",\"target\":[\"https:\/\/spinbetter-apk.app\/sk\/\"]}]},{\"@type\":\"BreadcrumbList\",\"@id\":\"https:\/\/spinbetter-apk.app\/sk\/#breadcrumb\",\"itemListElement\":[{\"@type\":\"ListItem\",\"position\":1,\"name\":\"Domovsk\u00e1 str\u00e1nka\",\"item\":\"https:\/\/spinbetter-apk.app\/sk\/\"},{\"@type\":\"ListItem\",\"position\":2,\"name\":\"Domov\"}]},{\"@type\":\"WebSite\",\"@id\":\"https:\/\/spinbetter-apk.app\/sk\/#website\",\"url\":\"https:\/\/spinbetter-apk.app\/sk\/\",\"name\":\"Spinbetter Apk SK\",\"description\":\"spinbetterapk casino\",\"potentialAction\":[{\"@type\":\"SearchAction\",\"target\":{\"@type\":\"EntryPoint\",\"urlTemplate\":\"https:\/\/spinbetter-apk.app\/sk\/?s={search_term_string}\"},\"query-input\":{\"@type\":\"PropertyValueSpecification\",\"valueRequired\":true,\"valueName\":\"search_term_string\"}}],\"inLanguage\":\"sk-SK\"}]}<\/script>\n<!-- \/ Yoast SEO plugin. -->","yoast_head_json":{"title":"SpinBetter Slovakia: Funkcie, bonusy a zv\u00fdraznenia","description":"V\u0161etko o SpinBetter Slovakia v jednom \u010dl\u00e1nku \u2013 od bonusov a mo\u017enost\u00ed st\u00e1vkovania a\u017e po podporu, bezpe\u010dnos\u0165 a region\u00e1lnu dostupnos\u0165.","robots":{"index":"index","follow":"follow","max-snippet":"max-snippet:-1","max-image-preview":"max-image-preview:large","max-video-preview":"max-video-preview:-1"},"og_locale":"sk_SK","og_type":"article","og_title":"SpinBetter Slovakia: Funkcie, bonusy a zv\u00fdraznenia","og_description":"V\u0161etko o SpinBetter Slovakia v jednom \u010dl\u00e1nku \u2013 od bonusov a mo\u017enost\u00ed st\u00e1vkovania a\u017e po podporu, bezpe\u010dnos\u0165 a region\u00e1lnu dostupnos\u0165.","og_url":"https:\/\/spinbetter-apk.app\/sk\/","og_site_name":"Spinbetter Apk SK","article_modified_time":"2025-10-16T09:20:47+00:00","twitter_card":"summary_large_image","schema":{"@context":"https:\/\/schema.org","@graph":[{"@type":"WebPage","@id":"https:\/\/spinbetter-apk.app\/sk\/","url":"https:\/\/spinbetter-apk.app\/sk\/","name":"SpinBetter Slovakia: Funkcie, bonusy a zv\u00fdraznenia","isPartOf":{"@id":"https:\/\/spinbetter-apk.app\/sk\/#website"},"datePublished":"2023-05-18T17:18:34+00:00","dateModified":"2025-10-16T09:20:47+00:00","description":"V\u0161etko o SpinBetter Slovakia v jednom \u010dl\u00e1nku \u2013 od bonusov a mo\u017enost\u00ed st\u00e1vkovania a\u017e po podporu, bezpe\u010dnos\u0165 a region\u00e1lnu dostupnos\u0165.","breadcrumb":{"@id":"https:\/\/spinbetter-apk.app\/sk\/#breadcrumb"},"inLanguage":"sk-SK","potentialAction":[{"@type":"ReadAction","target":["https:\/\/spinbetter-apk.app\/sk\/"]}]},{"@type":"BreadcrumbList","@id":"https:\/\/spinbetter-apk.app\/sk\/#breadcrumb","itemListElement":[{"@type":"ListItem","position":1,"name":"Domovsk\u00e1 str\u00e1nka","item":"https:\/\/spinbetter-apk.app\/sk\/"},{"@type":"ListItem","position":2,"name":"Domov"}]},{"@type":"WebSite","@id":"https:\/\/spinbetter-apk.app\/sk\/#website","url":"https:\/\/spinbetter-apk.app\/sk\/","name":"Spinbetter Apk SK","description":"spinbetterapk casino","potentialAction":[{"@type":"SearchAction","target":{"@type":"EntryPoint","urlTemplate":"https:\/\/spinbetter-apk.app\/sk\/?s={search_term_string}"},"query-input":{"@type":"PropertyValueSpecification","valueRequired":true,"valueName":"search_term_string"}}],"inLanguage":"sk-SK"}]}},"_links":{"self":[{"href":"https:\/\/spinbetter-apk.app\/sk\/wp-json\/wp\/v2\/pages\/2","targetHints":{"allow":["GET"]}}],"collection":[{"href":"https:\/\/spinbetter-apk.app\/sk\/wp-json\/wp\/v2\/pages"}],"about":[{"href":"https:\/\/spinbetter-apk.app\/sk\/wp-json\/wp\/v2\/types\/page"}],"author":[{"embeddable":true,"href":"https:\/\/spinbetter-apk.app\/sk\/wp-json\/wp\/v2\/users\/1"}],"replies":[{"embeddable":true,"href":"https:\/\/spinbetter-apk.app\/sk\/wp-json\/wp\/v2\/comments?post=2"}],"version-history":[{"count":86,"href":"https:\/\/spinbetter-apk.app\/sk\/wp-json\/wp\/v2\/pages\/2\/revisions"}],"predecessor-version":[{"id":586,"href":"https:\/\/spinbetter-apk.app\/sk\/wp-json\/wp\/v2\/pages\/2\/revisions\/586"}],"wp:attachment":[{"href":"https:\/\/spinbetter-apk.app\/sk\/wp-json\/wp\/v2\/media?parent=2"}],"curies":[{"name":"wp","href":"https:\/\/api.w.org\/{rel}","templated":true}]}}