{"id":590,"date":"2025-07-29T11:34:41","date_gmt":"2025-07-29T11:34:41","guid":{"rendered":"https:\/\/spinbetter-apk.app\/pt\/?page_id=590"},"modified":"2025-07-29T11:34:56","modified_gmt":"2025-07-29T11:34:56","slug":"freebet-200","status":"publish","type":"page","link":"https:\/\/spinbetter-apk.app\/pt\/bonuses\/freebet-200\/","title":{"rendered":"Aposta gr\u00e1tis at\u00e9 200 EUR"},"content":{"rendered":"","protected":false},"excerpt":{"rendered":"","protected":false},"author":1,"featured_media":0,"parent":322,"menu_order":0,"comment_status":"closed","ping_status":"closed","template":"","meta":{"footnotes":""},"class_list":["post-590","page","type-page","status-publish","hentry"],"yoast_head":"<!-- This site is optimized with the Yoast SEO plugin v23.4 - https:\/\/yoast.com\/wordpress\/plugins\/seo\/ -->\n<title>Aposta gr\u00e1tis SpinBetter no The International \u1405 At\u00e9 200 EUR<\/title>\n<meta name=\"description\" content=\"Aposte nas partidas internacionais e ganhe uma aposta gr\u00e1tis at\u00e9 200 euros. S\u00f3 apostas vencedoras a partir de 10 euros - registe-se e participe at\u00e9 16 de setembro!\" \/>\n<meta name=\"robots\" content=\"index, follow, max-snippet:-1, max-image-preview:large, max-video-preview:-1\" \/>\n<meta property=\"og:locale\" content=\"pt_PT\" \/>\n<meta property=\"og:type\" content=\"article\" \/>\n<meta property=\"og:title\" content=\"Aposta gr\u00e1tis SpinBetter no The International \u1405 At\u00e9 200 EUR\" \/>\n<meta property=\"og:description\" content=\"Aposte nas partidas internacionais e ganhe uma aposta gr\u00e1tis at\u00e9 200 euros. S\u00f3 apostas vencedoras a partir de 10 euros - registe-se e participe at\u00e9 16 de setembro!\" \/>\n<meta property=\"og:url\" content=\"https:\/\/spinbetter-apk.app\/pt\/bonuses\/freebet-200\/\" \/>\n<meta property=\"og:site_name\" content=\"Spinbetter Apk PT\" \/>\n<meta property=\"article:modified_time\" content=\"2025-07-29T11:34:56+00:00\" \/>\n<meta name=\"twitter:card\" content=\"summary_large_image\" \/>\n<script type=\"application\/ld+json\" class=\"yoast-schema-graph\">{\"@context\":\"https:\/\/schema.org\",\"@graph\":[{\"@type\":\"WebPage\",\"@id\":\"https:\/\/spinbetter-apk.app\/pt\/bonuses\/freebet-200\/\",\"url\":\"https:\/\/spinbetter-apk.app\/pt\/bonuses\/freebet-200\/\",\"name\":\"Aposta gr\u00e1tis SpinBetter no The International \u1405 At\u00e9 200 EUR\",\"isPartOf\":{\"@id\":\"https:\/\/spinbetter-apk.app\/pt\/#website\"},\"datePublished\":\"2025-07-29T11:34:41+00:00\",\"dateModified\":\"2025-07-29T11:34:56+00:00\",\"description\":\"Aposte nas partidas internacionais e ganhe uma aposta gr\u00e1tis at\u00e9 200 euros. S\u00f3 apostas vencedoras a partir de 10 euros - registe-se e participe at\u00e9 16 de setembro!\",\"breadcrumb\":{\"@id\":\"https:\/\/spinbetter-apk.app\/pt\/bonuses\/freebet-200\/#breadcrumb\"},\"inLanguage\":\"pt-PT\",\"potentialAction\":[{\"@type\":\"ReadAction\",\"target\":[\"https:\/\/spinbetter-apk.app\/pt\/bonuses\/freebet-200\/\"]}]},{\"@type\":\"BreadcrumbList\",\"@id\":\"https:\/\/spinbetter-apk.app\/pt\/bonuses\/freebet-200\/#breadcrumb\",\"itemListElement\":[{\"@type\":\"ListItem\",\"position\":1,\"name\":\"In\u00edcio\",\"item\":\"https:\/\/spinbetter-apk.app\/pt\/\"},{\"@type\":\"ListItem\",\"position\":2,\"name\":\"B\u00f3nus\",\"item\":\"https:\/\/spinbetter-apk.app\/pt\/bonuses\/\"},{\"@type\":\"ListItem\",\"position\":3,\"name\":\"Aposta gr\u00e1tis at\u00e9 200 EUR\"}]},{\"@type\":\"WebSite\",\"@id\":\"https:\/\/spinbetter-apk.app\/pt\/#website\",\"url\":\"https:\/\/spinbetter-apk.app\/pt\/\",\"name\":\"Spinbetter Apk PT\",\"description\":\"spinbetterapk casino\",\"potentialAction\":[{\"@type\":\"SearchAction\",\"target\":{\"@type\":\"EntryPoint\",\"urlTemplate\":\"https:\/\/spinbetter-apk.app\/pt\/?s={search_term_string}\"},\"query-input\":{\"@type\":\"PropertyValueSpecification\",\"valueRequired\":true,\"valueName\":\"search_term_string\"}}],\"inLanguage\":\"pt-PT\"}]}<\/script>\n<!-- \/ Yoast SEO plugin. -->","yoast_head_json":{"title":"Aposta gr\u00e1tis SpinBetter no The International \u1405 At\u00e9 200 EUR","description":"Aposte nas partidas internacionais e ganhe uma aposta gr\u00e1tis at\u00e9 200 euros. S\u00f3 apostas vencedoras a partir de 10 euros - registe-se e participe at\u00e9 16 de setembro!","robots":{"index":"index","follow":"follow","max-snippet":"max-snippet:-1","max-image-preview":"max-image-preview:large","max-video-preview":"max-video-preview:-1"},"og_locale":"pt_PT","og_type":"article","og_title":"Aposta gr\u00e1tis SpinBetter no The International \u1405 At\u00e9 200 EUR","og_description":"Aposte nas partidas internacionais e ganhe uma aposta gr\u00e1tis at\u00e9 200 euros. S\u00f3 apostas vencedoras a partir de 10 euros - registe-se e participe at\u00e9 16 de setembro!","og_url":"https:\/\/spinbetter-apk.app\/pt\/bonuses\/freebet-200\/","og_site_name":"Spinbetter Apk PT","article_modified_time":"2025-07-29T11:34:56+00:00","twitter_card":"summary_large_image","schema":{"@context":"https:\/\/schema.org","@graph":[{"@type":"WebPage","@id":"https:\/\/spinbetter-apk.app\/pt\/bonuses\/freebet-200\/","url":"https:\/\/spinbetter-apk.app\/pt\/bonuses\/freebet-200\/","name":"Aposta gr\u00e1tis SpinBetter no The International \u1405 At\u00e9 200 EUR","isPartOf":{"@id":"https:\/\/spinbetter-apk.app\/pt\/#website"},"datePublished":"2025-07-29T11:34:41+00:00","dateModified":"2025-07-29T11:34:56+00:00","description":"Aposte nas partidas internacionais e ganhe uma aposta gr\u00e1tis at\u00e9 200 euros. S\u00f3 apostas vencedoras a partir de 10 euros - registe-se e participe at\u00e9 16 de setembro!","breadcrumb":{"@id":"https:\/\/spinbetter-apk.app\/pt\/bonuses\/freebet-200\/#breadcrumb"},"inLanguage":"pt-PT","potentialAction":[{"@type":"ReadAction","target":["https:\/\/spinbetter-apk.app\/pt\/bonuses\/freebet-200\/"]}]},{"@type":"BreadcrumbList","@id":"https:\/\/spinbetter-apk.app\/pt\/bonuses\/freebet-200\/#breadcrumb","itemListElement":[{"@type":"ListItem","position":1,"name":"In\u00edcio","item":"https:\/\/spinbetter-apk.app\/pt\/"},{"@type":"ListItem","position":2,"name":"B\u00f3nus","item":"https:\/\/spinbetter-apk.app\/pt\/bonuses\/"},{"@type":"ListItem","position":3,"name":"Aposta gr\u00e1tis at\u00e9 200 EUR"}]},{"@type":"WebSite","@id":"https:\/\/spinbetter-apk.app\/pt\/#website","url":"https:\/\/spinbetter-apk.app\/pt\/","name":"Spinbetter Apk PT","description":"spinbetterapk casino","potentialAction":[{"@type":"SearchAction","target":{"@type":"EntryPoint","urlTemplate":"https:\/\/spinbetter-apk.app\/pt\/?s={search_term_string}"},"query-input":{"@type":"PropertyValueSpecification","valueRequired":true,"valueName":"search_term_string"}}],"inLanguage":"pt-PT"}]}},"_links":{"self":[{"href":"https:\/\/spinbetter-apk.app\/pt\/wp-json\/wp\/v2\/pages\/590","targetHints":{"allow":["GET"]}}],"collection":[{"href":"https:\/\/spinbetter-apk.app\/pt\/wp-json\/wp\/v2\/pages"}],"about":[{"href":"https:\/\/spinbetter-apk.app\/pt\/wp-json\/wp\/v2\/types\/page"}],"author":[{"embeddable":true,"href":"https:\/\/spinbetter-apk.app\/pt\/wp-json\/wp\/v2\/users\/1"}],"replies":[{"embeddable":true,"href":"https:\/\/spinbetter-apk.app\/pt\/wp-json\/wp\/v2\/comments?post=590"}],"version-history":[{"count":1,"href":"https:\/\/spinbetter-apk.app\/pt\/wp-json\/wp\/v2\/pages\/590\/revisions"}],"predecessor-version":[{"id":591,"href":"https:\/\/spinbetter-apk.app\/pt\/wp-json\/wp\/v2\/pages\/590\/revisions\/591"}],"up":[{"embeddable":true,"href":"https:\/\/spinbetter-apk.app\/pt\/wp-json\/wp\/v2\/pages\/322"}],"wp:attachment":[{"href":"https:\/\/spinbetter-apk.app\/pt\/wp-json\/wp\/v2\/media?parent=590"}],"curies":[{"name":"wp","href":"https:\/\/api.w.org\/{rel}","templated":true}]}}