{"id":564,"date":"2025-06-18T14:58:47","date_gmt":"2025-06-18T14:58:47","guid":{"rendered":"https:\/\/spinbetter-apk.app\/pt\/?page_id=564"},"modified":"2025-06-27T16:56:53","modified_gmt":"2025-06-27T16:56:53","slug":"telegram","status":"publish","type":"page","link":"https:\/\/spinbetter-apk.app\/pt\/bonuses\/telegram\/","title":{"rendered":"Telegram"},"content":{"rendered":"","protected":false},"excerpt":{"rendered":"","protected":false},"author":1,"featured_media":0,"parent":322,"menu_order":0,"comment_status":"closed","ping_status":"closed","template":"","meta":{"footnotes":""},"class_list":["post-564","page","type-page","status-publish","hentry"],"yoast_head":"<!-- This site is optimized with the Yoast SEO plugin v23.4 - https:\/\/yoast.com\/wordpress\/plugins\/seo\/ -->\n<title>100 FS por assinatura &gt; Ganhe b\u00f3nus no Telegram<\/title>\n<meta name=\"description\" content=\"Subscreva o canal de Telegram do casino SpinBetter e ganhe um b\u00f3nus de 100 FS! Ative o c\u00f3digo promocional e ganhe!\" \/>\n<meta name=\"robots\" content=\"index, follow, max-snippet:-1, max-image-preview:large, max-video-preview:-1\" \/>\n<meta property=\"og:locale\" content=\"pt_PT\" \/>\n<meta property=\"og:type\" content=\"article\" \/>\n<meta property=\"og:title\" content=\"100 FS por assinatura &gt; Ganhe b\u00f3nus no Telegram\" \/>\n<meta property=\"og:description\" content=\"Subscreva o canal de Telegram do casino SpinBetter e ganhe um b\u00f3nus de 100 FS! Ative o c\u00f3digo promocional e ganhe!\" \/>\n<meta property=\"og:url\" content=\"https:\/\/spinbetter-apk.app\/pt\/bonuses\/telegram\/\" \/>\n<meta property=\"og:site_name\" content=\"Spinbetter Apk PT\" \/>\n<meta property=\"article:modified_time\" content=\"2025-06-27T16:56:53+00:00\" \/>\n<meta name=\"twitter:card\" content=\"summary_large_image\" \/>\n<script type=\"application\/ld+json\" class=\"yoast-schema-graph\">{\"@context\":\"https:\/\/schema.org\",\"@graph\":[{\"@type\":\"WebPage\",\"@id\":\"https:\/\/spinbetter-apk.app\/pt\/bonuses\/telegram\/\",\"url\":\"https:\/\/spinbetter-apk.app\/pt\/bonuses\/telegram\/\",\"name\":\"100 FS por assinatura > Ganhe b\u00f3nus no Telegram\",\"isPartOf\":{\"@id\":\"https:\/\/spinbetter-apk.app\/pt\/#website\"},\"datePublished\":\"2025-06-18T14:58:47+00:00\",\"dateModified\":\"2025-06-27T16:56:53+00:00\",\"description\":\"Subscreva o canal de Telegram do casino SpinBetter e ganhe um b\u00f3nus de 100 FS! Ative o c\u00f3digo promocional e ganhe!\",\"breadcrumb\":{\"@id\":\"https:\/\/spinbetter-apk.app\/pt\/bonuses\/telegram\/#breadcrumb\"},\"inLanguage\":\"pt-PT\",\"potentialAction\":[{\"@type\":\"ReadAction\",\"target\":[\"https:\/\/spinbetter-apk.app\/pt\/bonuses\/telegram\/\"]}]},{\"@type\":\"BreadcrumbList\",\"@id\":\"https:\/\/spinbetter-apk.app\/pt\/bonuses\/telegram\/#breadcrumb\",\"itemListElement\":[{\"@type\":\"ListItem\",\"position\":1,\"name\":\"In\u00edcio\",\"item\":\"https:\/\/spinbetter-apk.app\/pt\/\"},{\"@type\":\"ListItem\",\"position\":2,\"name\":\"B\u00f3nus\",\"item\":\"https:\/\/spinbetter-apk.app\/pt\/bonuses\/\"},{\"@type\":\"ListItem\",\"position\":3,\"name\":\"Telegram\"}]},{\"@type\":\"WebSite\",\"@id\":\"https:\/\/spinbetter-apk.app\/pt\/#website\",\"url\":\"https:\/\/spinbetter-apk.app\/pt\/\",\"name\":\"Spinbetter Apk PT\",\"description\":\"spinbetterapk casino\",\"potentialAction\":[{\"@type\":\"SearchAction\",\"target\":{\"@type\":\"EntryPoint\",\"urlTemplate\":\"https:\/\/spinbetter-apk.app\/pt\/?s={search_term_string}\"},\"query-input\":{\"@type\":\"PropertyValueSpecification\",\"valueRequired\":true,\"valueName\":\"search_term_string\"}}],\"inLanguage\":\"pt-PT\"}]}<\/script>\n<!-- \/ Yoast SEO plugin. -->","yoast_head_json":{"title":"100 FS por assinatura > Ganhe b\u00f3nus no Telegram","description":"Subscreva o canal de Telegram do casino SpinBetter e ganhe um b\u00f3nus de 100 FS! Ative o c\u00f3digo promocional e ganhe!","robots":{"index":"index","follow":"follow","max-snippet":"max-snippet:-1","max-image-preview":"max-image-preview:large","max-video-preview":"max-video-preview:-1"},"og_locale":"pt_PT","og_type":"article","og_title":"100 FS por assinatura > Ganhe b\u00f3nus no Telegram","og_description":"Subscreva o canal de Telegram do casino SpinBetter e ganhe um b\u00f3nus de 100 FS! Ative o c\u00f3digo promocional e ganhe!","og_url":"https:\/\/spinbetter-apk.app\/pt\/bonuses\/telegram\/","og_site_name":"Spinbetter Apk PT","article_modified_time":"2025-06-27T16:56:53+00:00","twitter_card":"summary_large_image","schema":{"@context":"https:\/\/schema.org","@graph":[{"@type":"WebPage","@id":"https:\/\/spinbetter-apk.app\/pt\/bonuses\/telegram\/","url":"https:\/\/spinbetter-apk.app\/pt\/bonuses\/telegram\/","name":"100 FS por assinatura > Ganhe b\u00f3nus no Telegram","isPartOf":{"@id":"https:\/\/spinbetter-apk.app\/pt\/#website"},"datePublished":"2025-06-18T14:58:47+00:00","dateModified":"2025-06-27T16:56:53+00:00","description":"Subscreva o canal de Telegram do casino SpinBetter e ganhe um b\u00f3nus de 100 FS! Ative o c\u00f3digo promocional e ganhe!","breadcrumb":{"@id":"https:\/\/spinbetter-apk.app\/pt\/bonuses\/telegram\/#breadcrumb"},"inLanguage":"pt-PT","potentialAction":[{"@type":"ReadAction","target":["https:\/\/spinbetter-apk.app\/pt\/bonuses\/telegram\/"]}]},{"@type":"BreadcrumbList","@id":"https:\/\/spinbetter-apk.app\/pt\/bonuses\/telegram\/#breadcrumb","itemListElement":[{"@type":"ListItem","position":1,"name":"In\u00edcio","item":"https:\/\/spinbetter-apk.app\/pt\/"},{"@type":"ListItem","position":2,"name":"B\u00f3nus","item":"https:\/\/spinbetter-apk.app\/pt\/bonuses\/"},{"@type":"ListItem","position":3,"name":"Telegram"}]},{"@type":"WebSite","@id":"https:\/\/spinbetter-apk.app\/pt\/#website","url":"https:\/\/spinbetter-apk.app\/pt\/","name":"Spinbetter Apk PT","description":"spinbetterapk casino","potentialAction":[{"@type":"SearchAction","target":{"@type":"EntryPoint","urlTemplate":"https:\/\/spinbetter-apk.app\/pt\/?s={search_term_string}"},"query-input":{"@type":"PropertyValueSpecification","valueRequired":true,"valueName":"search_term_string"}}],"inLanguage":"pt-PT"}]}},"_links":{"self":[{"href":"https:\/\/spinbetter-apk.app\/pt\/wp-json\/wp\/v2\/pages\/564","targetHints":{"allow":["GET"]}}],"collection":[{"href":"https:\/\/spinbetter-apk.app\/pt\/wp-json\/wp\/v2\/pages"}],"about":[{"href":"https:\/\/spinbetter-apk.app\/pt\/wp-json\/wp\/v2\/types\/page"}],"author":[{"embeddable":true,"href":"https:\/\/spinbetter-apk.app\/pt\/wp-json\/wp\/v2\/users\/1"}],"replies":[{"embeddable":true,"href":"https:\/\/spinbetter-apk.app\/pt\/wp-json\/wp\/v2\/comments?post=564"}],"version-history":[{"count":3,"href":"https:\/\/spinbetter-apk.app\/pt\/wp-json\/wp\/v2\/pages\/564\/revisions"}],"predecessor-version":[{"id":567,"href":"https:\/\/spinbetter-apk.app\/pt\/wp-json\/wp\/v2\/pages\/564\/revisions\/567"}],"up":[{"embeddable":true,"href":"https:\/\/spinbetter-apk.app\/pt\/wp-json\/wp\/v2\/pages\/322"}],"wp:attachment":[{"href":"https:\/\/spinbetter-apk.app\/pt\/wp-json\/wp\/v2\/media?parent=564"}],"curies":[{"name":"wp","href":"https:\/\/api.w.org\/{rel}","templated":true}]}}