{"id":554,"date":"2025-06-18T13:31:09","date_gmt":"2025-06-18T13:31:09","guid":{"rendered":"https:\/\/spinbetter-apk.app\/pt\/?page_id=554"},"modified":"2025-06-27T16:46:15","modified_gmt":"2025-06-27T16:46:15","slug":"freebet-app","status":"publish","type":"page","link":"https:\/\/spinbetter-apk.app\/pt\/bonuses\/freebet-app\/","title":{"rendered":"Aposta gr\u00e1tis"},"content":{"rendered":"","protected":false},"excerpt":{"rendered":"","protected":false},"author":1,"featured_media":0,"parent":322,"menu_order":0,"comment_status":"closed","ping_status":"closed","template":"","meta":{"footnotes":""},"class_list":["post-554","page","type-page","status-publish","hentry"],"yoast_head":"<!-- This site is optimized with the Yoast SEO plugin v23.4 - https:\/\/yoast.com\/wordpress\/plugins\/seo\/ -->\n<title>Aposta gr\u00e1tis at\u00e9 10 EUR para apostar na aplica\u00e7\u00e3o SpinBetter<\/title>\n<meta name=\"description\" content=\"Fa\u00e7a 10 apostas atrav\u00e9s da aplica\u00e7\u00e3o de casino SpinBetter e ganhe uma aposta gr\u00e1tis at\u00e9 10\u20ac. Registe-se j\u00e1 no casino online SpinBetter\" \/>\n<meta name=\"robots\" content=\"index, follow, max-snippet:-1, max-image-preview:large, max-video-preview:-1\" \/>\n<meta property=\"og:locale\" content=\"pt_PT\" \/>\n<meta property=\"og:type\" content=\"article\" \/>\n<meta property=\"og:title\" content=\"Aposta gr\u00e1tis at\u00e9 10 EUR para apostar na aplica\u00e7\u00e3o SpinBetter\" \/>\n<meta property=\"og:description\" content=\"Fa\u00e7a 10 apostas atrav\u00e9s da aplica\u00e7\u00e3o de casino SpinBetter e ganhe uma aposta gr\u00e1tis at\u00e9 10\u20ac. Registe-se j\u00e1 no casino online SpinBetter\" \/>\n<meta property=\"og:url\" content=\"https:\/\/spinbetter-apk.app\/pt\/bonuses\/freebet-app\/\" \/>\n<meta property=\"og:site_name\" content=\"Spinbetter Apk PT\" \/>\n<meta property=\"article:modified_time\" content=\"2025-06-27T16:46:15+00:00\" \/>\n<meta name=\"twitter:card\" content=\"summary_large_image\" \/>\n<script type=\"application\/ld+json\" class=\"yoast-schema-graph\">{\"@context\":\"https:\/\/schema.org\",\"@graph\":[{\"@type\":\"WebPage\",\"@id\":\"https:\/\/spinbetter-apk.app\/pt\/bonuses\/freebet-app\/\",\"url\":\"https:\/\/spinbetter-apk.app\/pt\/bonuses\/freebet-app\/\",\"name\":\"Aposta gr\u00e1tis at\u00e9 10 EUR para apostar na aplica\u00e7\u00e3o SpinBetter\",\"isPartOf\":{\"@id\":\"https:\/\/spinbetter-apk.app\/pt\/#website\"},\"datePublished\":\"2025-06-18T13:31:09+00:00\",\"dateModified\":\"2025-06-27T16:46:15+00:00\",\"description\":\"Fa\u00e7a 10 apostas atrav\u00e9s da aplica\u00e7\u00e3o de casino SpinBetter e ganhe uma aposta gr\u00e1tis at\u00e9 10\u20ac. Registe-se j\u00e1 no casino online SpinBetter\",\"breadcrumb\":{\"@id\":\"https:\/\/spinbetter-apk.app\/pt\/bonuses\/freebet-app\/#breadcrumb\"},\"inLanguage\":\"pt-PT\",\"potentialAction\":[{\"@type\":\"ReadAction\",\"target\":[\"https:\/\/spinbetter-apk.app\/pt\/bonuses\/freebet-app\/\"]}]},{\"@type\":\"BreadcrumbList\",\"@id\":\"https:\/\/spinbetter-apk.app\/pt\/bonuses\/freebet-app\/#breadcrumb\",\"itemListElement\":[{\"@type\":\"ListItem\",\"position\":1,\"name\":\"In\u00edcio\",\"item\":\"https:\/\/spinbetter-apk.app\/pt\/\"},{\"@type\":\"ListItem\",\"position\":2,\"name\":\"B\u00f3nus\",\"item\":\"https:\/\/spinbetter-apk.app\/pt\/bonuses\/\"},{\"@type\":\"ListItem\",\"position\":3,\"name\":\"Aposta gr\u00e1tis\"}]},{\"@type\":\"WebSite\",\"@id\":\"https:\/\/spinbetter-apk.app\/pt\/#website\",\"url\":\"https:\/\/spinbetter-apk.app\/pt\/\",\"name\":\"Spinbetter Apk PT\",\"description\":\"spinbetterapk casino\",\"potentialAction\":[{\"@type\":\"SearchAction\",\"target\":{\"@type\":\"EntryPoint\",\"urlTemplate\":\"https:\/\/spinbetter-apk.app\/pt\/?s={search_term_string}\"},\"query-input\":{\"@type\":\"PropertyValueSpecification\",\"valueRequired\":true,\"valueName\":\"search_term_string\"}}],\"inLanguage\":\"pt-PT\"}]}<\/script>\n<!-- \/ Yoast SEO plugin. -->","yoast_head_json":{"title":"Aposta gr\u00e1tis at\u00e9 10 EUR para apostar na aplica\u00e7\u00e3o SpinBetter","description":"Fa\u00e7a 10 apostas atrav\u00e9s da aplica\u00e7\u00e3o de casino SpinBetter e ganhe uma aposta gr\u00e1tis at\u00e9 10\u20ac. Registe-se j\u00e1 no casino online SpinBetter","robots":{"index":"index","follow":"follow","max-snippet":"max-snippet:-1","max-image-preview":"max-image-preview:large","max-video-preview":"max-video-preview:-1"},"og_locale":"pt_PT","og_type":"article","og_title":"Aposta gr\u00e1tis at\u00e9 10 EUR para apostar na aplica\u00e7\u00e3o SpinBetter","og_description":"Fa\u00e7a 10 apostas atrav\u00e9s da aplica\u00e7\u00e3o de casino SpinBetter e ganhe uma aposta gr\u00e1tis at\u00e9 10\u20ac. Registe-se j\u00e1 no casino online SpinBetter","og_url":"https:\/\/spinbetter-apk.app\/pt\/bonuses\/freebet-app\/","og_site_name":"Spinbetter Apk PT","article_modified_time":"2025-06-27T16:46:15+00:00","twitter_card":"summary_large_image","schema":{"@context":"https:\/\/schema.org","@graph":[{"@type":"WebPage","@id":"https:\/\/spinbetter-apk.app\/pt\/bonuses\/freebet-app\/","url":"https:\/\/spinbetter-apk.app\/pt\/bonuses\/freebet-app\/","name":"Aposta gr\u00e1tis at\u00e9 10 EUR para apostar na aplica\u00e7\u00e3o SpinBetter","isPartOf":{"@id":"https:\/\/spinbetter-apk.app\/pt\/#website"},"datePublished":"2025-06-18T13:31:09+00:00","dateModified":"2025-06-27T16:46:15+00:00","description":"Fa\u00e7a 10 apostas atrav\u00e9s da aplica\u00e7\u00e3o de casino SpinBetter e ganhe uma aposta gr\u00e1tis at\u00e9 10\u20ac. Registe-se j\u00e1 no casino online SpinBetter","breadcrumb":{"@id":"https:\/\/spinbetter-apk.app\/pt\/bonuses\/freebet-app\/#breadcrumb"},"inLanguage":"pt-PT","potentialAction":[{"@type":"ReadAction","target":["https:\/\/spinbetter-apk.app\/pt\/bonuses\/freebet-app\/"]}]},{"@type":"BreadcrumbList","@id":"https:\/\/spinbetter-apk.app\/pt\/bonuses\/freebet-app\/#breadcrumb","itemListElement":[{"@type":"ListItem","position":1,"name":"In\u00edcio","item":"https:\/\/spinbetter-apk.app\/pt\/"},{"@type":"ListItem","position":2,"name":"B\u00f3nus","item":"https:\/\/spinbetter-apk.app\/pt\/bonuses\/"},{"@type":"ListItem","position":3,"name":"Aposta gr\u00e1tis"}]},{"@type":"WebSite","@id":"https:\/\/spinbetter-apk.app\/pt\/#website","url":"https:\/\/spinbetter-apk.app\/pt\/","name":"Spinbetter Apk PT","description":"spinbetterapk casino","potentialAction":[{"@type":"SearchAction","target":{"@type":"EntryPoint","urlTemplate":"https:\/\/spinbetter-apk.app\/pt\/?s={search_term_string}"},"query-input":{"@type":"PropertyValueSpecification","valueRequired":true,"valueName":"search_term_string"}}],"inLanguage":"pt-PT"}]}},"_links":{"self":[{"href":"https:\/\/spinbetter-apk.app\/pt\/wp-json\/wp\/v2\/pages\/554","targetHints":{"allow":["GET"]}}],"collection":[{"href":"https:\/\/spinbetter-apk.app\/pt\/wp-json\/wp\/v2\/pages"}],"about":[{"href":"https:\/\/spinbetter-apk.app\/pt\/wp-json\/wp\/v2\/types\/page"}],"author":[{"embeddable":true,"href":"https:\/\/spinbetter-apk.app\/pt\/wp-json\/wp\/v2\/users\/1"}],"replies":[{"embeddable":true,"href":"https:\/\/spinbetter-apk.app\/pt\/wp-json\/wp\/v2\/comments?post=554"}],"version-history":[{"count":1,"href":"https:\/\/spinbetter-apk.app\/pt\/wp-json\/wp\/v2\/pages\/554\/revisions"}],"predecessor-version":[{"id":555,"href":"https:\/\/spinbetter-apk.app\/pt\/wp-json\/wp\/v2\/pages\/554\/revisions\/555"}],"up":[{"embeddable":true,"href":"https:\/\/spinbetter-apk.app\/pt\/wp-json\/wp\/v2\/pages\/322"}],"wp:attachment":[{"href":"https:\/\/spinbetter-apk.app\/pt\/wp-json\/wp\/v2\/media?parent=554"}],"curies":[{"name":"wp","href":"https:\/\/api.w.org\/{rel}","templated":true}]}}