{"id":547,"date":"2025-06-18T12:51:03","date_gmt":"2025-06-18T12:51:03","guid":{"rendered":"https:\/\/spinbetter-apk.app\/pt\/?page_id=547"},"modified":"2025-06-27T16:43:23","modified_gmt":"2025-06-27T16:43:23","slug":"spinbetter-deposit-lottery","status":"publish","type":"page","link":"https:\/\/spinbetter-apk.app\/pt\/bonuses\/spinbetter-deposit-lottery\/","title":{"rendered":"Lotaria de dep\u00f3sito SpinBetter"},"content":{"rendered":"","protected":false},"excerpt":{"rendered":"","protected":false},"author":1,"featured_media":0,"parent":322,"menu_order":0,"comment_status":"closed","ping_status":"closed","template":"","meta":{"footnotes":""},"class_list":["post-547","page","type-page","status-publish","hentry"],"yoast_head":"<!-- This site is optimized with the Yoast SEO plugin v23.4 - https:\/\/yoast.com\/wordpress\/plugins\/seo\/ -->\n<title>Lotaria SpinBetter \ud83e\udc12 Apostas gr\u00e1tis e pontos promocionais<\/title>\n<meta name=\"description\" content=\"Fa\u00e7a dep\u00f3sitos a partir de 3\u20ac no SpinBetter Casino, ganhe bilhetes e participe no sorteio semanal de 30.000\u20ac em apostas gr\u00e1tis!\" \/>\n<meta name=\"robots\" content=\"index, follow, max-snippet:-1, max-image-preview:large, max-video-preview:-1\" \/>\n<meta property=\"og:locale\" content=\"pt_PT\" \/>\n<meta property=\"og:type\" content=\"article\" \/>\n<meta property=\"og:title\" content=\"Lotaria SpinBetter \ud83e\udc12 Apostas gr\u00e1tis e pontos promocionais\" \/>\n<meta property=\"og:description\" content=\"Fa\u00e7a dep\u00f3sitos a partir de 3\u20ac no SpinBetter Casino, ganhe bilhetes e participe no sorteio semanal de 30.000\u20ac em apostas gr\u00e1tis!\" \/>\n<meta property=\"og:url\" content=\"https:\/\/spinbetter-apk.app\/pt\/bonuses\/spinbetter-deposit-lottery\/\" \/>\n<meta property=\"og:site_name\" content=\"Spinbetter Apk PT\" \/>\n<meta property=\"article:modified_time\" content=\"2025-06-27T16:43:23+00:00\" \/>\n<meta name=\"twitter:card\" content=\"summary_large_image\" \/>\n<script type=\"application\/ld+json\" class=\"yoast-schema-graph\">{\"@context\":\"https:\/\/schema.org\",\"@graph\":[{\"@type\":\"WebPage\",\"@id\":\"https:\/\/spinbetter-apk.app\/pt\/bonuses\/spinbetter-deposit-lottery\/\",\"url\":\"https:\/\/spinbetter-apk.app\/pt\/bonuses\/spinbetter-deposit-lottery\/\",\"name\":\"Lotaria SpinBetter \ud83e\udc12 Apostas gr\u00e1tis e pontos promocionais\",\"isPartOf\":{\"@id\":\"https:\/\/spinbetter-apk.app\/pt\/#website\"},\"datePublished\":\"2025-06-18T12:51:03+00:00\",\"dateModified\":\"2025-06-27T16:43:23+00:00\",\"description\":\"Fa\u00e7a dep\u00f3sitos a partir de 3\u20ac no SpinBetter Casino, ganhe bilhetes e participe no sorteio semanal de 30.000\u20ac em apostas gr\u00e1tis!\",\"breadcrumb\":{\"@id\":\"https:\/\/spinbetter-apk.app\/pt\/bonuses\/spinbetter-deposit-lottery\/#breadcrumb\"},\"inLanguage\":\"pt-PT\",\"potentialAction\":[{\"@type\":\"ReadAction\",\"target\":[\"https:\/\/spinbetter-apk.app\/pt\/bonuses\/spinbetter-deposit-lottery\/\"]}]},{\"@type\":\"BreadcrumbList\",\"@id\":\"https:\/\/spinbetter-apk.app\/pt\/bonuses\/spinbetter-deposit-lottery\/#breadcrumb\",\"itemListElement\":[{\"@type\":\"ListItem\",\"position\":1,\"name\":\"In\u00edcio\",\"item\":\"https:\/\/spinbetter-apk.app\/pt\/\"},{\"@type\":\"ListItem\",\"position\":2,\"name\":\"B\u00f3nus\",\"item\":\"https:\/\/spinbetter-apk.app\/pt\/bonuses\/\"},{\"@type\":\"ListItem\",\"position\":3,\"name\":\"Lotaria de dep\u00f3sito SpinBetter\"}]},{\"@type\":\"WebSite\",\"@id\":\"https:\/\/spinbetter-apk.app\/pt\/#website\",\"url\":\"https:\/\/spinbetter-apk.app\/pt\/\",\"name\":\"Spinbetter Apk PT\",\"description\":\"spinbetterapk casino\",\"potentialAction\":[{\"@type\":\"SearchAction\",\"target\":{\"@type\":\"EntryPoint\",\"urlTemplate\":\"https:\/\/spinbetter-apk.app\/pt\/?s={search_term_string}\"},\"query-input\":{\"@type\":\"PropertyValueSpecification\",\"valueRequired\":true,\"valueName\":\"search_term_string\"}}],\"inLanguage\":\"pt-PT\"}]}<\/script>\n<!-- \/ Yoast SEO plugin. -->","yoast_head_json":{"title":"Lotaria SpinBetter \ud83e\udc12 Apostas gr\u00e1tis e pontos promocionais","description":"Fa\u00e7a dep\u00f3sitos a partir de 3\u20ac no SpinBetter Casino, ganhe bilhetes e participe no sorteio semanal de 30.000\u20ac em apostas gr\u00e1tis!","robots":{"index":"index","follow":"follow","max-snippet":"max-snippet:-1","max-image-preview":"max-image-preview:large","max-video-preview":"max-video-preview:-1"},"og_locale":"pt_PT","og_type":"article","og_title":"Lotaria SpinBetter \ud83e\udc12 Apostas gr\u00e1tis e pontos promocionais","og_description":"Fa\u00e7a dep\u00f3sitos a partir de 3\u20ac no SpinBetter Casino, ganhe bilhetes e participe no sorteio semanal de 30.000\u20ac em apostas gr\u00e1tis!","og_url":"https:\/\/spinbetter-apk.app\/pt\/bonuses\/spinbetter-deposit-lottery\/","og_site_name":"Spinbetter Apk PT","article_modified_time":"2025-06-27T16:43:23+00:00","twitter_card":"summary_large_image","schema":{"@context":"https:\/\/schema.org","@graph":[{"@type":"WebPage","@id":"https:\/\/spinbetter-apk.app\/pt\/bonuses\/spinbetter-deposit-lottery\/","url":"https:\/\/spinbetter-apk.app\/pt\/bonuses\/spinbetter-deposit-lottery\/","name":"Lotaria SpinBetter \ud83e\udc12 Apostas gr\u00e1tis e pontos promocionais","isPartOf":{"@id":"https:\/\/spinbetter-apk.app\/pt\/#website"},"datePublished":"2025-06-18T12:51:03+00:00","dateModified":"2025-06-27T16:43:23+00:00","description":"Fa\u00e7a dep\u00f3sitos a partir de 3\u20ac no SpinBetter Casino, ganhe bilhetes e participe no sorteio semanal de 30.000\u20ac em apostas gr\u00e1tis!","breadcrumb":{"@id":"https:\/\/spinbetter-apk.app\/pt\/bonuses\/spinbetter-deposit-lottery\/#breadcrumb"},"inLanguage":"pt-PT","potentialAction":[{"@type":"ReadAction","target":["https:\/\/spinbetter-apk.app\/pt\/bonuses\/spinbetter-deposit-lottery\/"]}]},{"@type":"BreadcrumbList","@id":"https:\/\/spinbetter-apk.app\/pt\/bonuses\/spinbetter-deposit-lottery\/#breadcrumb","itemListElement":[{"@type":"ListItem","position":1,"name":"In\u00edcio","item":"https:\/\/spinbetter-apk.app\/pt\/"},{"@type":"ListItem","position":2,"name":"B\u00f3nus","item":"https:\/\/spinbetter-apk.app\/pt\/bonuses\/"},{"@type":"ListItem","position":3,"name":"Lotaria de dep\u00f3sito SpinBetter"}]},{"@type":"WebSite","@id":"https:\/\/spinbetter-apk.app\/pt\/#website","url":"https:\/\/spinbetter-apk.app\/pt\/","name":"Spinbetter Apk PT","description":"spinbetterapk casino","potentialAction":[{"@type":"SearchAction","target":{"@type":"EntryPoint","urlTemplate":"https:\/\/spinbetter-apk.app\/pt\/?s={search_term_string}"},"query-input":{"@type":"PropertyValueSpecification","valueRequired":true,"valueName":"search_term_string"}}],"inLanguage":"pt-PT"}]}},"_links":{"self":[{"href":"https:\/\/spinbetter-apk.app\/pt\/wp-json\/wp\/v2\/pages\/547","targetHints":{"allow":["GET"]}}],"collection":[{"href":"https:\/\/spinbetter-apk.app\/pt\/wp-json\/wp\/v2\/pages"}],"about":[{"href":"https:\/\/spinbetter-apk.app\/pt\/wp-json\/wp\/v2\/types\/page"}],"author":[{"embeddable":true,"href":"https:\/\/spinbetter-apk.app\/pt\/wp-json\/wp\/v2\/users\/1"}],"replies":[{"embeddable":true,"href":"https:\/\/spinbetter-apk.app\/pt\/wp-json\/wp\/v2\/comments?post=547"}],"version-history":[{"count":5,"href":"https:\/\/spinbetter-apk.app\/pt\/wp-json\/wp\/v2\/pages\/547\/revisions"}],"predecessor-version":[{"id":552,"href":"https:\/\/spinbetter-apk.app\/pt\/wp-json\/wp\/v2\/pages\/547\/revisions\/552"}],"up":[{"embeddable":true,"href":"https:\/\/spinbetter-apk.app\/pt\/wp-json\/wp\/v2\/pages\/322"}],"wp:attachment":[{"href":"https:\/\/spinbetter-apk.app\/pt\/wp-json\/wp\/v2\/media?parent=547"}],"curies":[{"name":"wp","href":"https:\/\/api.w.org\/{rel}","templated":true}]}}