{"id":280,"date":"2024-11-08T13:51:48","date_gmt":"2024-11-08T13:51:48","guid":{"rendered":"https:\/\/spinbetter-apk.app\/pt\/?page_id=280"},"modified":"2025-01-13T04:00:44","modified_gmt":"2025-01-13T04:00:44","slug":"registration","status":"publish","type":"page","link":"https:\/\/spinbetter-apk.app\/pt\/registration\/","title":{"rendered":"Registo"},"content":{"rendered":"","protected":false},"excerpt":{"rendered":"","protected":false},"author":1,"featured_media":0,"parent":0,"menu_order":0,"comment_status":"closed","ping_status":"closed","template":"","meta":{"footnotes":""},"class_list":["post-280","page","type-page","status-publish","hentry"],"yoast_head":"<!-- This site is optimized with the Yoast SEO plugin v23.4 - https:\/\/yoast.com\/wordpress\/plugins\/seo\/ -->\n<title>Registo no SpinBetter Portugal - Guia e dicas passo a passo<\/title>\n<meta name=\"description\" content=\"Saiba como \u00e9 f\u00e1cil efetuar o registo no SpinBetter Portugal. Guia completo e dicas de seguran\u00e7a para o registo no SpinBetter.\" \/>\n<meta name=\"robots\" content=\"index, follow, max-snippet:-1, max-image-preview:large, max-video-preview:-1\" \/>\n<meta property=\"og:locale\" content=\"pt_PT\" \/>\n<meta property=\"og:type\" content=\"article\" \/>\n<meta property=\"og:title\" content=\"Registo no SpinBetter Portugal - Guia e dicas passo a passo\" \/>\n<meta property=\"og:description\" content=\"Saiba como \u00e9 f\u00e1cil efetuar o registo no SpinBetter Portugal. Guia completo e dicas de seguran\u00e7a para o registo no SpinBetter.\" \/>\n<meta property=\"og:url\" content=\"https:\/\/spinbetter-apk.app\/pt\/registration\/\" \/>\n<meta property=\"og:site_name\" content=\"Spinbetter Apk PT\" \/>\n<meta property=\"article:modified_time\" content=\"2025-01-13T04:00:44+00:00\" \/>\n<meta name=\"twitter:card\" content=\"summary_large_image\" \/>\n<script type=\"application\/ld+json\" class=\"yoast-schema-graph\">{\"@context\":\"https:\/\/schema.org\",\"@graph\":[{\"@type\":\"WebPage\",\"@id\":\"https:\/\/spinbetter-apk.app\/pt\/registration\/\",\"url\":\"https:\/\/spinbetter-apk.app\/pt\/registration\/\",\"name\":\"Registo no SpinBetter Portugal - Guia e dicas passo a passo\",\"isPartOf\":{\"@id\":\"https:\/\/spinbetter-apk.app\/pt\/#website\"},\"datePublished\":\"2024-11-08T13:51:48+00:00\",\"dateModified\":\"2025-01-13T04:00:44+00:00\",\"description\":\"Saiba como \u00e9 f\u00e1cil efetuar o registo no SpinBetter Portugal. Guia completo e dicas de seguran\u00e7a para o registo no SpinBetter.\",\"breadcrumb\":{\"@id\":\"https:\/\/spinbetter-apk.app\/pt\/registration\/#breadcrumb\"},\"inLanguage\":\"pt-PT\",\"potentialAction\":[{\"@type\":\"ReadAction\",\"target\":[\"https:\/\/spinbetter-apk.app\/pt\/registration\/\"]}]},{\"@type\":\"BreadcrumbList\",\"@id\":\"https:\/\/spinbetter-apk.app\/pt\/registration\/#breadcrumb\",\"itemListElement\":[{\"@type\":\"ListItem\",\"position\":1,\"name\":\"In\u00edcio\",\"item\":\"https:\/\/spinbetter-apk.app\/pt\/\"},{\"@type\":\"ListItem\",\"position\":2,\"name\":\"Registo\"}]},{\"@type\":\"WebSite\",\"@id\":\"https:\/\/spinbetter-apk.app\/pt\/#website\",\"url\":\"https:\/\/spinbetter-apk.app\/pt\/\",\"name\":\"Spinbetter Apk PT\",\"description\":\"spinbetterapk casino\",\"potentialAction\":[{\"@type\":\"SearchAction\",\"target\":{\"@type\":\"EntryPoint\",\"urlTemplate\":\"https:\/\/spinbetter-apk.app\/pt\/?s={search_term_string}\"},\"query-input\":{\"@type\":\"PropertyValueSpecification\",\"valueRequired\":true,\"valueName\":\"search_term_string\"}}],\"inLanguage\":\"pt-PT\"}]}<\/script>\n<!-- \/ Yoast SEO plugin. -->","yoast_head_json":{"title":"Registo no SpinBetter Portugal - Guia e dicas passo a passo","description":"Saiba como \u00e9 f\u00e1cil efetuar o registo no SpinBetter Portugal. Guia completo e dicas de seguran\u00e7a para o registo no SpinBetter.","robots":{"index":"index","follow":"follow","max-snippet":"max-snippet:-1","max-image-preview":"max-image-preview:large","max-video-preview":"max-video-preview:-1"},"og_locale":"pt_PT","og_type":"article","og_title":"Registo no SpinBetter Portugal - Guia e dicas passo a passo","og_description":"Saiba como \u00e9 f\u00e1cil efetuar o registo no SpinBetter Portugal. Guia completo e dicas de seguran\u00e7a para o registo no SpinBetter.","og_url":"https:\/\/spinbetter-apk.app\/pt\/registration\/","og_site_name":"Spinbetter Apk PT","article_modified_time":"2025-01-13T04:00:44+00:00","twitter_card":"summary_large_image","schema":{"@context":"https:\/\/schema.org","@graph":[{"@type":"WebPage","@id":"https:\/\/spinbetter-apk.app\/pt\/registration\/","url":"https:\/\/spinbetter-apk.app\/pt\/registration\/","name":"Registo no SpinBetter Portugal - Guia e dicas passo a passo","isPartOf":{"@id":"https:\/\/spinbetter-apk.app\/pt\/#website"},"datePublished":"2024-11-08T13:51:48+00:00","dateModified":"2025-01-13T04:00:44+00:00","description":"Saiba como \u00e9 f\u00e1cil efetuar o registo no SpinBetter Portugal. Guia completo e dicas de seguran\u00e7a para o registo no SpinBetter.","breadcrumb":{"@id":"https:\/\/spinbetter-apk.app\/pt\/registration\/#breadcrumb"},"inLanguage":"pt-PT","potentialAction":[{"@type":"ReadAction","target":["https:\/\/spinbetter-apk.app\/pt\/registration\/"]}]},{"@type":"BreadcrumbList","@id":"https:\/\/spinbetter-apk.app\/pt\/registration\/#breadcrumb","itemListElement":[{"@type":"ListItem","position":1,"name":"In\u00edcio","item":"https:\/\/spinbetter-apk.app\/pt\/"},{"@type":"ListItem","position":2,"name":"Registo"}]},{"@type":"WebSite","@id":"https:\/\/spinbetter-apk.app\/pt\/#website","url":"https:\/\/spinbetter-apk.app\/pt\/","name":"Spinbetter Apk PT","description":"spinbetterapk casino","potentialAction":[{"@type":"SearchAction","target":{"@type":"EntryPoint","urlTemplate":"https:\/\/spinbetter-apk.app\/pt\/?s={search_term_string}"},"query-input":{"@type":"PropertyValueSpecification","valueRequired":true,"valueName":"search_term_string"}}],"inLanguage":"pt-PT"}]}},"_links":{"self":[{"href":"https:\/\/spinbetter-apk.app\/pt\/wp-json\/wp\/v2\/pages\/280","targetHints":{"allow":["GET"]}}],"collection":[{"href":"https:\/\/spinbetter-apk.app\/pt\/wp-json\/wp\/v2\/pages"}],"about":[{"href":"https:\/\/spinbetter-apk.app\/pt\/wp-json\/wp\/v2\/types\/page"}],"author":[{"embeddable":true,"href":"https:\/\/spinbetter-apk.app\/pt\/wp-json\/wp\/v2\/users\/1"}],"replies":[{"embeddable":true,"href":"https:\/\/spinbetter-apk.app\/pt\/wp-json\/wp\/v2\/comments?post=280"}],"version-history":[{"count":25,"href":"https:\/\/spinbetter-apk.app\/pt\/wp-json\/wp\/v2\/pages\/280\/revisions"}],"predecessor-version":[{"id":531,"href":"https:\/\/spinbetter-apk.app\/pt\/wp-json\/wp\/v2\/pages\/280\/revisions\/531"}],"wp:attachment":[{"href":"https:\/\/spinbetter-apk.app\/pt\/wp-json\/wp\/v2\/media?parent=280"}],"curies":[{"name":"wp","href":"https:\/\/api.w.org\/{rel}","templated":true}]}}