{"id":562,"date":"2025-07-29T11:14:22","date_gmt":"2025-07-29T11:14:22","guid":{"rendered":"https:\/\/spinbetter-apk.app\/pl\/?page_id=562"},"modified":"2025-07-29T11:14:32","modified_gmt":"2025-07-29T11:14:32","slug":"freebet-200","status":"publish","type":"page","link":"https:\/\/spinbetter-apk.app\/pl\/bonuses\/freebet-200\/","title":{"rendered":"Darmowy zak\u0142ad do 200 EUR"},"content":{"rendered":"","protected":false},"excerpt":{"rendered":"","protected":false},"author":1,"featured_media":0,"parent":322,"menu_order":0,"comment_status":"closed","ping_status":"closed","template":"","meta":{"footnotes":""},"class_list":["post-562","page","type-page","status-publish","hentry"],"yoast_head":"<!-- This site is optimized with the Yoast SEO plugin v23.4 - https:\/\/yoast.com\/wordpress\/plugins\/seo\/ -->\n<title>SpinBetter Freebet The International \u1405 Do 200 EUR<\/title>\n<meta name=\"description\" content=\"Obstawiaj mecze The International i zgarnij darmowy zak\u0142ad do 200 EUR. Tylko wygrane zak\u0142ady od 10 EUR \u2013 zarejestruj si\u0119 i we\u017a udzia\u0142 do 16 wrze\u015bnia!\" \/>\n<meta name=\"robots\" content=\"index, follow, max-snippet:-1, max-image-preview:large, max-video-preview:-1\" \/>\n<meta property=\"og:locale\" content=\"pl_PL\" \/>\n<meta property=\"og:type\" content=\"article\" \/>\n<meta property=\"og:title\" content=\"SpinBetter Freebet The International \u1405 Do 200 EUR\" \/>\n<meta property=\"og:description\" content=\"Obstawiaj mecze The International i zgarnij darmowy zak\u0142ad do 200 EUR. Tylko wygrane zak\u0142ady od 10 EUR \u2013 zarejestruj si\u0119 i we\u017a udzia\u0142 do 16 wrze\u015bnia!\" \/>\n<meta property=\"og:url\" content=\"https:\/\/spinbetter-apk.app\/pl\/bonuses\/freebet-200\/\" \/>\n<meta property=\"og:site_name\" content=\"Spinbetter Apk PL\" \/>\n<meta property=\"article:modified_time\" content=\"2025-07-29T11:14:32+00:00\" \/>\n<meta name=\"twitter:card\" content=\"summary_large_image\" \/>\n<script type=\"application\/ld+json\" class=\"yoast-schema-graph\">{\"@context\":\"https:\/\/schema.org\",\"@graph\":[{\"@type\":\"WebPage\",\"@id\":\"https:\/\/spinbetter-apk.app\/pl\/bonuses\/freebet-200\/\",\"url\":\"https:\/\/spinbetter-apk.app\/pl\/bonuses\/freebet-200\/\",\"name\":\"SpinBetter Freebet The International \u1405 Do 200 EUR\",\"isPartOf\":{\"@id\":\"https:\/\/spinbetter-apk.app\/pl\/#website\"},\"datePublished\":\"2025-07-29T11:14:22+00:00\",\"dateModified\":\"2025-07-29T11:14:32+00:00\",\"description\":\"Obstawiaj mecze The International i zgarnij darmowy zak\u0142ad do 200 EUR. Tylko wygrane zak\u0142ady od 10 EUR \u2013 zarejestruj si\u0119 i we\u017a udzia\u0142 do 16 wrze\u015bnia!\",\"breadcrumb\":{\"@id\":\"https:\/\/spinbetter-apk.app\/pl\/bonuses\/freebet-200\/#breadcrumb\"},\"inLanguage\":\"pl-PL\",\"potentialAction\":[{\"@type\":\"ReadAction\",\"target\":[\"https:\/\/spinbetter-apk.app\/pl\/bonuses\/freebet-200\/\"]}]},{\"@type\":\"BreadcrumbList\",\"@id\":\"https:\/\/spinbetter-apk.app\/pl\/bonuses\/freebet-200\/#breadcrumb\",\"itemListElement\":[{\"@type\":\"ListItem\",\"position\":1,\"name\":\"Strona g\u0142\u00f3wna\",\"item\":\"https:\/\/spinbetter-apk.app\/pl\/\"},{\"@type\":\"ListItem\",\"position\":2,\"name\":\"Bonusy\",\"item\":\"https:\/\/spinbetter-apk.app\/pl\/bonuses\/\"},{\"@type\":\"ListItem\",\"position\":3,\"name\":\"Darmowy zak\u0142ad do 200 EUR\"}]},{\"@type\":\"WebSite\",\"@id\":\"https:\/\/spinbetter-apk.app\/pl\/#website\",\"url\":\"https:\/\/spinbetter-apk.app\/pl\/\",\"name\":\"Spinbetter Apk PL\",\"description\":\"spinbetterapk casino\",\"potentialAction\":[{\"@type\":\"SearchAction\",\"target\":{\"@type\":\"EntryPoint\",\"urlTemplate\":\"https:\/\/spinbetter-apk.app\/pl\/?s={search_term_string}\"},\"query-input\":{\"@type\":\"PropertyValueSpecification\",\"valueRequired\":true,\"valueName\":\"search_term_string\"}}],\"inLanguage\":\"pl-PL\"}]}<\/script>\n<!-- \/ Yoast SEO plugin. -->","yoast_head_json":{"title":"SpinBetter Freebet The International \u1405 Do 200 EUR","description":"Obstawiaj mecze The International i zgarnij darmowy zak\u0142ad do 200 EUR. Tylko wygrane zak\u0142ady od 10 EUR \u2013 zarejestruj si\u0119 i we\u017a udzia\u0142 do 16 wrze\u015bnia!","robots":{"index":"index","follow":"follow","max-snippet":"max-snippet:-1","max-image-preview":"max-image-preview:large","max-video-preview":"max-video-preview:-1"},"og_locale":"pl_PL","og_type":"article","og_title":"SpinBetter Freebet The International \u1405 Do 200 EUR","og_description":"Obstawiaj mecze The International i zgarnij darmowy zak\u0142ad do 200 EUR. Tylko wygrane zak\u0142ady od 10 EUR \u2013 zarejestruj si\u0119 i we\u017a udzia\u0142 do 16 wrze\u015bnia!","og_url":"https:\/\/spinbetter-apk.app\/pl\/bonuses\/freebet-200\/","og_site_name":"Spinbetter Apk PL","article_modified_time":"2025-07-29T11:14:32+00:00","twitter_card":"summary_large_image","schema":{"@context":"https:\/\/schema.org","@graph":[{"@type":"WebPage","@id":"https:\/\/spinbetter-apk.app\/pl\/bonuses\/freebet-200\/","url":"https:\/\/spinbetter-apk.app\/pl\/bonuses\/freebet-200\/","name":"SpinBetter Freebet The International \u1405 Do 200 EUR","isPartOf":{"@id":"https:\/\/spinbetter-apk.app\/pl\/#website"},"datePublished":"2025-07-29T11:14:22+00:00","dateModified":"2025-07-29T11:14:32+00:00","description":"Obstawiaj mecze The International i zgarnij darmowy zak\u0142ad do 200 EUR. Tylko wygrane zak\u0142ady od 10 EUR \u2013 zarejestruj si\u0119 i we\u017a udzia\u0142 do 16 wrze\u015bnia!","breadcrumb":{"@id":"https:\/\/spinbetter-apk.app\/pl\/bonuses\/freebet-200\/#breadcrumb"},"inLanguage":"pl-PL","potentialAction":[{"@type":"ReadAction","target":["https:\/\/spinbetter-apk.app\/pl\/bonuses\/freebet-200\/"]}]},{"@type":"BreadcrumbList","@id":"https:\/\/spinbetter-apk.app\/pl\/bonuses\/freebet-200\/#breadcrumb","itemListElement":[{"@type":"ListItem","position":1,"name":"Strona g\u0142\u00f3wna","item":"https:\/\/spinbetter-apk.app\/pl\/"},{"@type":"ListItem","position":2,"name":"Bonusy","item":"https:\/\/spinbetter-apk.app\/pl\/bonuses\/"},{"@type":"ListItem","position":3,"name":"Darmowy zak\u0142ad do 200 EUR"}]},{"@type":"WebSite","@id":"https:\/\/spinbetter-apk.app\/pl\/#website","url":"https:\/\/spinbetter-apk.app\/pl\/","name":"Spinbetter Apk PL","description":"spinbetterapk casino","potentialAction":[{"@type":"SearchAction","target":{"@type":"EntryPoint","urlTemplate":"https:\/\/spinbetter-apk.app\/pl\/?s={search_term_string}"},"query-input":{"@type":"PropertyValueSpecification","valueRequired":true,"valueName":"search_term_string"}}],"inLanguage":"pl-PL"}]}},"_links":{"self":[{"href":"https:\/\/spinbetter-apk.app\/pl\/wp-json\/wp\/v2\/pages\/562","targetHints":{"allow":["GET"]}}],"collection":[{"href":"https:\/\/spinbetter-apk.app\/pl\/wp-json\/wp\/v2\/pages"}],"about":[{"href":"https:\/\/spinbetter-apk.app\/pl\/wp-json\/wp\/v2\/types\/page"}],"author":[{"embeddable":true,"href":"https:\/\/spinbetter-apk.app\/pl\/wp-json\/wp\/v2\/users\/1"}],"replies":[{"embeddable":true,"href":"https:\/\/spinbetter-apk.app\/pl\/wp-json\/wp\/v2\/comments?post=562"}],"version-history":[{"count":1,"href":"https:\/\/spinbetter-apk.app\/pl\/wp-json\/wp\/v2\/pages\/562\/revisions"}],"predecessor-version":[{"id":563,"href":"https:\/\/spinbetter-apk.app\/pl\/wp-json\/wp\/v2\/pages\/562\/revisions\/563"}],"up":[{"embeddable":true,"href":"https:\/\/spinbetter-apk.app\/pl\/wp-json\/wp\/v2\/pages\/322"}],"wp:attachment":[{"href":"https:\/\/spinbetter-apk.app\/pl\/wp-json\/wp\/v2\/media?parent=562"}],"curies":[{"name":"wp","href":"https:\/\/api.w.org\/{rel}","templated":true}]}}