{"id":560,"date":"2025-07-28T15:27:42","date_gmt":"2025-07-28T15:27:42","guid":{"rendered":"https:\/\/spinbetter-apk.app\/pl\/?page_id=560"},"modified":"2025-07-28T15:27:51","modified_gmt":"2025-07-28T15:27:51","slug":"get-cashback","status":"publish","type":"page","link":"https:\/\/spinbetter-apk.app\/pl\/bonuses\/get-cashback\/","title":{"rendered":"Otrzymaj zwrot got\u00f3wki do 20%"},"content":{"rendered":"","protected":false},"excerpt":{"rendered":"","protected":false},"author":1,"featured_media":0,"parent":322,"menu_order":0,"comment_status":"closed","ping_status":"closed","template":"","meta":{"footnotes":""},"class_list":["post-560","page","type-page","status-publish","hentry"],"yoast_head":"<!-- This site is optimized with the Yoast SEO plugin v23.4 - https:\/\/yoast.com\/wordpress\/plugins\/seo\/ -->\n<title>SpinBetter cashback \u1405 Do 20% na zak\u0142ady pi\u0142karskie<\/title>\n<meta name=\"description\" content=\"Obstawiaj pi\u0142k\u0119 no\u017cn\u0105 i odbierz cashback od SpinBetter \u2013 do 20% tygodniowo. Promocja obowi\u0105zuje na komputerach PC i urz\u0105dzeniach mobilnych od 4.08 do 5.10.2025 r.\" \/>\n<meta name=\"robots\" content=\"index, follow, max-snippet:-1, max-image-preview:large, max-video-preview:-1\" \/>\n<meta property=\"og:locale\" content=\"pl_PL\" \/>\n<meta property=\"og:type\" content=\"article\" \/>\n<meta property=\"og:title\" content=\"SpinBetter cashback \u1405 Do 20% na zak\u0142ady pi\u0142karskie\" \/>\n<meta property=\"og:description\" content=\"Obstawiaj pi\u0142k\u0119 no\u017cn\u0105 i odbierz cashback od SpinBetter \u2013 do 20% tygodniowo. Promocja obowi\u0105zuje na komputerach PC i urz\u0105dzeniach mobilnych od 4.08 do 5.10.2025 r.\" \/>\n<meta property=\"og:url\" content=\"https:\/\/spinbetter-apk.app\/pl\/bonuses\/get-cashback\/\" \/>\n<meta property=\"og:site_name\" content=\"Spinbetter Apk PL\" \/>\n<meta property=\"article:modified_time\" content=\"2025-07-28T15:27:51+00:00\" \/>\n<meta name=\"twitter:card\" content=\"summary_large_image\" \/>\n<script type=\"application\/ld+json\" class=\"yoast-schema-graph\">{\"@context\":\"https:\/\/schema.org\",\"@graph\":[{\"@type\":\"WebPage\",\"@id\":\"https:\/\/spinbetter-apk.app\/pl\/bonuses\/get-cashback\/\",\"url\":\"https:\/\/spinbetter-apk.app\/pl\/bonuses\/get-cashback\/\",\"name\":\"SpinBetter cashback \u1405 Do 20% na zak\u0142ady pi\u0142karskie\",\"isPartOf\":{\"@id\":\"https:\/\/spinbetter-apk.app\/pl\/#website\"},\"datePublished\":\"2025-07-28T15:27:42+00:00\",\"dateModified\":\"2025-07-28T15:27:51+00:00\",\"description\":\"Obstawiaj pi\u0142k\u0119 no\u017cn\u0105 i odbierz cashback od SpinBetter \u2013 do 20% tygodniowo. Promocja obowi\u0105zuje na komputerach PC i urz\u0105dzeniach mobilnych od 4.08 do 5.10.2025 r.\",\"breadcrumb\":{\"@id\":\"https:\/\/spinbetter-apk.app\/pl\/bonuses\/get-cashback\/#breadcrumb\"},\"inLanguage\":\"pl-PL\",\"potentialAction\":[{\"@type\":\"ReadAction\",\"target\":[\"https:\/\/spinbetter-apk.app\/pl\/bonuses\/get-cashback\/\"]}]},{\"@type\":\"BreadcrumbList\",\"@id\":\"https:\/\/spinbetter-apk.app\/pl\/bonuses\/get-cashback\/#breadcrumb\",\"itemListElement\":[{\"@type\":\"ListItem\",\"position\":1,\"name\":\"Strona g\u0142\u00f3wna\",\"item\":\"https:\/\/spinbetter-apk.app\/pl\/\"},{\"@type\":\"ListItem\",\"position\":2,\"name\":\"Bonusy\",\"item\":\"https:\/\/spinbetter-apk.app\/pl\/bonuses\/\"},{\"@type\":\"ListItem\",\"position\":3,\"name\":\"Otrzymaj zwrot got\u00f3wki do 20%\"}]},{\"@type\":\"WebSite\",\"@id\":\"https:\/\/spinbetter-apk.app\/pl\/#website\",\"url\":\"https:\/\/spinbetter-apk.app\/pl\/\",\"name\":\"Spinbetter Apk PL\",\"description\":\"spinbetterapk casino\",\"potentialAction\":[{\"@type\":\"SearchAction\",\"target\":{\"@type\":\"EntryPoint\",\"urlTemplate\":\"https:\/\/spinbetter-apk.app\/pl\/?s={search_term_string}\"},\"query-input\":{\"@type\":\"PropertyValueSpecification\",\"valueRequired\":true,\"valueName\":\"search_term_string\"}}],\"inLanguage\":\"pl-PL\"}]}<\/script>\n<!-- \/ Yoast SEO plugin. -->","yoast_head_json":{"title":"SpinBetter cashback \u1405 Do 20% na zak\u0142ady pi\u0142karskie","description":"Obstawiaj pi\u0142k\u0119 no\u017cn\u0105 i odbierz cashback od SpinBetter \u2013 do 20% tygodniowo. Promocja obowi\u0105zuje na komputerach PC i urz\u0105dzeniach mobilnych od 4.08 do 5.10.2025 r.","robots":{"index":"index","follow":"follow","max-snippet":"max-snippet:-1","max-image-preview":"max-image-preview:large","max-video-preview":"max-video-preview:-1"},"og_locale":"pl_PL","og_type":"article","og_title":"SpinBetter cashback \u1405 Do 20% na zak\u0142ady pi\u0142karskie","og_description":"Obstawiaj pi\u0142k\u0119 no\u017cn\u0105 i odbierz cashback od SpinBetter \u2013 do 20% tygodniowo. Promocja obowi\u0105zuje na komputerach PC i urz\u0105dzeniach mobilnych od 4.08 do 5.10.2025 r.","og_url":"https:\/\/spinbetter-apk.app\/pl\/bonuses\/get-cashback\/","og_site_name":"Spinbetter Apk PL","article_modified_time":"2025-07-28T15:27:51+00:00","twitter_card":"summary_large_image","schema":{"@context":"https:\/\/schema.org","@graph":[{"@type":"WebPage","@id":"https:\/\/spinbetter-apk.app\/pl\/bonuses\/get-cashback\/","url":"https:\/\/spinbetter-apk.app\/pl\/bonuses\/get-cashback\/","name":"SpinBetter cashback \u1405 Do 20% na zak\u0142ady pi\u0142karskie","isPartOf":{"@id":"https:\/\/spinbetter-apk.app\/pl\/#website"},"datePublished":"2025-07-28T15:27:42+00:00","dateModified":"2025-07-28T15:27:51+00:00","description":"Obstawiaj pi\u0142k\u0119 no\u017cn\u0105 i odbierz cashback od SpinBetter \u2013 do 20% tygodniowo. Promocja obowi\u0105zuje na komputerach PC i urz\u0105dzeniach mobilnych od 4.08 do 5.10.2025 r.","breadcrumb":{"@id":"https:\/\/spinbetter-apk.app\/pl\/bonuses\/get-cashback\/#breadcrumb"},"inLanguage":"pl-PL","potentialAction":[{"@type":"ReadAction","target":["https:\/\/spinbetter-apk.app\/pl\/bonuses\/get-cashback\/"]}]},{"@type":"BreadcrumbList","@id":"https:\/\/spinbetter-apk.app\/pl\/bonuses\/get-cashback\/#breadcrumb","itemListElement":[{"@type":"ListItem","position":1,"name":"Strona g\u0142\u00f3wna","item":"https:\/\/spinbetter-apk.app\/pl\/"},{"@type":"ListItem","position":2,"name":"Bonusy","item":"https:\/\/spinbetter-apk.app\/pl\/bonuses\/"},{"@type":"ListItem","position":3,"name":"Otrzymaj zwrot got\u00f3wki do 20%"}]},{"@type":"WebSite","@id":"https:\/\/spinbetter-apk.app\/pl\/#website","url":"https:\/\/spinbetter-apk.app\/pl\/","name":"Spinbetter Apk PL","description":"spinbetterapk casino","potentialAction":[{"@type":"SearchAction","target":{"@type":"EntryPoint","urlTemplate":"https:\/\/spinbetter-apk.app\/pl\/?s={search_term_string}"},"query-input":{"@type":"PropertyValueSpecification","valueRequired":true,"valueName":"search_term_string"}}],"inLanguage":"pl-PL"}]}},"_links":{"self":[{"href":"https:\/\/spinbetter-apk.app\/pl\/wp-json\/wp\/v2\/pages\/560","targetHints":{"allow":["GET"]}}],"collection":[{"href":"https:\/\/spinbetter-apk.app\/pl\/wp-json\/wp\/v2\/pages"}],"about":[{"href":"https:\/\/spinbetter-apk.app\/pl\/wp-json\/wp\/v2\/types\/page"}],"author":[{"embeddable":true,"href":"https:\/\/spinbetter-apk.app\/pl\/wp-json\/wp\/v2\/users\/1"}],"replies":[{"embeddable":true,"href":"https:\/\/spinbetter-apk.app\/pl\/wp-json\/wp\/v2\/comments?post=560"}],"version-history":[{"count":1,"href":"https:\/\/spinbetter-apk.app\/pl\/wp-json\/wp\/v2\/pages\/560\/revisions"}],"predecessor-version":[{"id":561,"href":"https:\/\/spinbetter-apk.app\/pl\/wp-json\/wp\/v2\/pages\/560\/revisions\/561"}],"up":[{"embeddable":true,"href":"https:\/\/spinbetter-apk.app\/pl\/wp-json\/wp\/v2\/pages\/322"}],"wp:attachment":[{"href":"https:\/\/spinbetter-apk.app\/pl\/wp-json\/wp\/v2\/media?parent=560"}],"curies":[{"name":"wp","href":"https:\/\/api.w.org\/{rel}","templated":true}]}}