{"id":539,"date":"2025-05-29T08:11:27","date_gmt":"2025-05-29T08:11:27","guid":{"rendered":"https:\/\/spinbetter-apk.app\/pl\/?page_id=539"},"modified":"2025-05-29T08:15:03","modified_gmt":"2025-05-29T08:15:03","slug":"bad-bets","status":"publish","type":"page","link":"https:\/\/spinbetter-apk.app\/pl\/bonuses\/bad-bets\/","title":{"rendered":"Z\u0142e zak\u0142ady"},"content":{"rendered":"","protected":false},"excerpt":{"rendered":"","protected":false},"author":1,"featured_media":0,"parent":322,"menu_order":0,"comment_status":"closed","ping_status":"closed","template":"","meta":{"footnotes":""},"class_list":["post-539","page","type-page","status-publish","hentry"],"yoast_head":"<!-- This site is optimized with the Yoast SEO plugin v23.4 - https:\/\/yoast.com\/wordpress\/plugins\/seo\/ -->\n<title>Bonus za seri\u0119 nieudanych zak\u0142ad\u00f3w \ud83e\udc12 Zdob\u0105d\u017a do 2 000 PLN<\/title>\n<meta name=\"description\" content=\"Postawi\u0142e\u015b 20 nieudanych zak\u0142ad\u00f3w z rz\u0119du? SpinBetter ci\u0119 wesprze! Odbierz do 2 000 PLN bonusu, zrekompensuj swoje niepowodzenia i wr\u00f3\u0107 do gry z now\u0105 energi\u0105!\" \/>\n<meta name=\"robots\" content=\"index, follow, max-snippet:-1, max-image-preview:large, max-video-preview:-1\" \/>\n<meta property=\"og:locale\" content=\"pl_PL\" \/>\n<meta property=\"og:type\" content=\"article\" \/>\n<meta property=\"og:title\" content=\"Bonus za seri\u0119 nieudanych zak\u0142ad\u00f3w \ud83e\udc12 Zdob\u0105d\u017a do 2 000 PLN\" \/>\n<meta property=\"og:description\" content=\"Postawi\u0142e\u015b 20 nieudanych zak\u0142ad\u00f3w z rz\u0119du? SpinBetter ci\u0119 wesprze! Odbierz do 2 000 PLN bonusu, zrekompensuj swoje niepowodzenia i wr\u00f3\u0107 do gry z now\u0105 energi\u0105!\" \/>\n<meta property=\"og:url\" content=\"https:\/\/spinbetter-apk.app\/pl\/bonuses\/bad-bets\/\" \/>\n<meta property=\"og:site_name\" content=\"Spinbetter Apk PL\" \/>\n<meta property=\"article:modified_time\" content=\"2025-05-29T08:15:03+00:00\" \/>\n<meta name=\"twitter:card\" content=\"summary_large_image\" \/>\n<script type=\"application\/ld+json\" class=\"yoast-schema-graph\">{\"@context\":\"https:\/\/schema.org\",\"@graph\":[{\"@type\":\"WebPage\",\"@id\":\"https:\/\/spinbetter-apk.app\/pl\/bonuses\/bad-bets\/\",\"url\":\"https:\/\/spinbetter-apk.app\/pl\/bonuses\/bad-bets\/\",\"name\":\"Bonus za seri\u0119 nieudanych zak\u0142ad\u00f3w \ud83e\udc12 Zdob\u0105d\u017a do 2 000 PLN\",\"isPartOf\":{\"@id\":\"https:\/\/spinbetter-apk.app\/pl\/#website\"},\"datePublished\":\"2025-05-29T08:11:27+00:00\",\"dateModified\":\"2025-05-29T08:15:03+00:00\",\"description\":\"Postawi\u0142e\u015b 20 nieudanych zak\u0142ad\u00f3w z rz\u0119du? SpinBetter ci\u0119 wesprze! Odbierz do 2 000 PLN bonusu, zrekompensuj swoje niepowodzenia i wr\u00f3\u0107 do gry z now\u0105 energi\u0105!\",\"breadcrumb\":{\"@id\":\"https:\/\/spinbetter-apk.app\/pl\/bonuses\/bad-bets\/#breadcrumb\"},\"inLanguage\":\"pl-PL\",\"potentialAction\":[{\"@type\":\"ReadAction\",\"target\":[\"https:\/\/spinbetter-apk.app\/pl\/bonuses\/bad-bets\/\"]}]},{\"@type\":\"BreadcrumbList\",\"@id\":\"https:\/\/spinbetter-apk.app\/pl\/bonuses\/bad-bets\/#breadcrumb\",\"itemListElement\":[{\"@type\":\"ListItem\",\"position\":1,\"name\":\"Strona g\u0142\u00f3wna\",\"item\":\"https:\/\/spinbetter-apk.app\/pl\/\"},{\"@type\":\"ListItem\",\"position\":2,\"name\":\"Bonusy\",\"item\":\"https:\/\/spinbetter-apk.app\/pl\/bonuses\/\"},{\"@type\":\"ListItem\",\"position\":3,\"name\":\"Z\u0142e zak\u0142ady\"}]},{\"@type\":\"WebSite\",\"@id\":\"https:\/\/spinbetter-apk.app\/pl\/#website\",\"url\":\"https:\/\/spinbetter-apk.app\/pl\/\",\"name\":\"Spinbetter Apk PL\",\"description\":\"spinbetterapk casino\",\"potentialAction\":[{\"@type\":\"SearchAction\",\"target\":{\"@type\":\"EntryPoint\",\"urlTemplate\":\"https:\/\/spinbetter-apk.app\/pl\/?s={search_term_string}\"},\"query-input\":{\"@type\":\"PropertyValueSpecification\",\"valueRequired\":true,\"valueName\":\"search_term_string\"}}],\"inLanguage\":\"pl-PL\"}]}<\/script>\n<!-- \/ Yoast SEO plugin. -->","yoast_head_json":{"title":"Bonus za seri\u0119 nieudanych zak\u0142ad\u00f3w \ud83e\udc12 Zdob\u0105d\u017a do 2 000 PLN","description":"Postawi\u0142e\u015b 20 nieudanych zak\u0142ad\u00f3w z rz\u0119du? SpinBetter ci\u0119 wesprze! Odbierz do 2 000 PLN bonusu, zrekompensuj swoje niepowodzenia i wr\u00f3\u0107 do gry z now\u0105 energi\u0105!","robots":{"index":"index","follow":"follow","max-snippet":"max-snippet:-1","max-image-preview":"max-image-preview:large","max-video-preview":"max-video-preview:-1"},"og_locale":"pl_PL","og_type":"article","og_title":"Bonus za seri\u0119 nieudanych zak\u0142ad\u00f3w \ud83e\udc12 Zdob\u0105d\u017a do 2 000 PLN","og_description":"Postawi\u0142e\u015b 20 nieudanych zak\u0142ad\u00f3w z rz\u0119du? SpinBetter ci\u0119 wesprze! Odbierz do 2 000 PLN bonusu, zrekompensuj swoje niepowodzenia i wr\u00f3\u0107 do gry z now\u0105 energi\u0105!","og_url":"https:\/\/spinbetter-apk.app\/pl\/bonuses\/bad-bets\/","og_site_name":"Spinbetter Apk PL","article_modified_time":"2025-05-29T08:15:03+00:00","twitter_card":"summary_large_image","schema":{"@context":"https:\/\/schema.org","@graph":[{"@type":"WebPage","@id":"https:\/\/spinbetter-apk.app\/pl\/bonuses\/bad-bets\/","url":"https:\/\/spinbetter-apk.app\/pl\/bonuses\/bad-bets\/","name":"Bonus za seri\u0119 nieudanych zak\u0142ad\u00f3w \ud83e\udc12 Zdob\u0105d\u017a do 2 000 PLN","isPartOf":{"@id":"https:\/\/spinbetter-apk.app\/pl\/#website"},"datePublished":"2025-05-29T08:11:27+00:00","dateModified":"2025-05-29T08:15:03+00:00","description":"Postawi\u0142e\u015b 20 nieudanych zak\u0142ad\u00f3w z rz\u0119du? SpinBetter ci\u0119 wesprze! Odbierz do 2 000 PLN bonusu, zrekompensuj swoje niepowodzenia i wr\u00f3\u0107 do gry z now\u0105 energi\u0105!","breadcrumb":{"@id":"https:\/\/spinbetter-apk.app\/pl\/bonuses\/bad-bets\/#breadcrumb"},"inLanguage":"pl-PL","potentialAction":[{"@type":"ReadAction","target":["https:\/\/spinbetter-apk.app\/pl\/bonuses\/bad-bets\/"]}]},{"@type":"BreadcrumbList","@id":"https:\/\/spinbetter-apk.app\/pl\/bonuses\/bad-bets\/#breadcrumb","itemListElement":[{"@type":"ListItem","position":1,"name":"Strona g\u0142\u00f3wna","item":"https:\/\/spinbetter-apk.app\/pl\/"},{"@type":"ListItem","position":2,"name":"Bonusy","item":"https:\/\/spinbetter-apk.app\/pl\/bonuses\/"},{"@type":"ListItem","position":3,"name":"Z\u0142e zak\u0142ady"}]},{"@type":"WebSite","@id":"https:\/\/spinbetter-apk.app\/pl\/#website","url":"https:\/\/spinbetter-apk.app\/pl\/","name":"Spinbetter Apk PL","description":"spinbetterapk casino","potentialAction":[{"@type":"SearchAction","target":{"@type":"EntryPoint","urlTemplate":"https:\/\/spinbetter-apk.app\/pl\/?s={search_term_string}"},"query-input":{"@type":"PropertyValueSpecification","valueRequired":true,"valueName":"search_term_string"}}],"inLanguage":"pl-PL"}]}},"_links":{"self":[{"href":"https:\/\/spinbetter-apk.app\/pl\/wp-json\/wp\/v2\/pages\/539","targetHints":{"allow":["GET"]}}],"collection":[{"href":"https:\/\/spinbetter-apk.app\/pl\/wp-json\/wp\/v2\/pages"}],"about":[{"href":"https:\/\/spinbetter-apk.app\/pl\/wp-json\/wp\/v2\/types\/page"}],"author":[{"embeddable":true,"href":"https:\/\/spinbetter-apk.app\/pl\/wp-json\/wp\/v2\/users\/1"}],"replies":[{"embeddable":true,"href":"https:\/\/spinbetter-apk.app\/pl\/wp-json\/wp\/v2\/comments?post=539"}],"version-history":[{"count":3,"href":"https:\/\/spinbetter-apk.app\/pl\/wp-json\/wp\/v2\/pages\/539\/revisions"}],"predecessor-version":[{"id":542,"href":"https:\/\/spinbetter-apk.app\/pl\/wp-json\/wp\/v2\/pages\/539\/revisions\/542"}],"up":[{"embeddable":true,"href":"https:\/\/spinbetter-apk.app\/pl\/wp-json\/wp\/v2\/pages\/322"}],"wp:attachment":[{"href":"https:\/\/spinbetter-apk.app\/pl\/wp-json\/wp\/v2\/media?parent=539"}],"curies":[{"name":"wp","href":"https:\/\/api.w.org\/{rel}","templated":true}]}}