{"id":329,"date":"2024-11-11T07:31:17","date_gmt":"2024-11-11T07:31:17","guid":{"rendered":"https:\/\/spinbetter-apk.app\/pl\/?page_id=329"},"modified":"2024-12-03T18:36:47","modified_gmt":"2024-12-03T18:36:47","slug":"download","status":"publish","type":"page","link":"https:\/\/spinbetter-apk.app\/pl\/download\/","title":{"rendered":"Pobierz"},"content":{"rendered":"","protected":false},"excerpt":{"rendered":"","protected":false},"author":1,"featured_media":0,"parent":0,"menu_order":0,"comment_status":"closed","ping_status":"closed","template":"","meta":{"footnotes":""},"class_list":["post-329","page","type-page","status-publish","hentry"],"yoast_head":"<!-- This site is optimized with the Yoast SEO plugin v23.4 - https:\/\/yoast.com\/wordpress\/plugins\/seo\/ -->\n<title>Pobieranie SpinBetter Polska APK \u2192 Jak zainstalowa\u0107 i dostosowa\u0107<\/title>\n<meta name=\"description\" content=\"Dowiedz si\u0119, jak pobra\u0107 i skonfigurowa\u0107 aplikacj\u0119 SpinBetter Polska do wygodnej gry. Przegl\u0105d SpinBetter apk, ustawienia bezpiecze\u0144stwa.\" \/>\n<meta name=\"robots\" content=\"index, follow, max-snippet:-1, max-image-preview:large, max-video-preview:-1\" \/>\n<meta property=\"og:locale\" content=\"pl_PL\" \/>\n<meta property=\"og:type\" content=\"article\" \/>\n<meta property=\"og:title\" content=\"Pobieranie SpinBetter Polska APK \u2192 Jak zainstalowa\u0107 i dostosowa\u0107\" \/>\n<meta property=\"og:description\" content=\"Dowiedz si\u0119, jak pobra\u0107 i skonfigurowa\u0107 aplikacj\u0119 SpinBetter Polska do wygodnej gry. Przegl\u0105d SpinBetter apk, ustawienia bezpiecze\u0144stwa.\" \/>\n<meta property=\"og:url\" content=\"https:\/\/spinbetter-apk.app\/pl\/download\/\" \/>\n<meta property=\"og:site_name\" content=\"Spinbetter Apk PL\" \/>\n<meta property=\"article:modified_time\" content=\"2024-12-03T18:36:47+00:00\" \/>\n<meta name=\"twitter:card\" content=\"summary_large_image\" \/>\n<script type=\"application\/ld+json\" class=\"yoast-schema-graph\">{\"@context\":\"https:\/\/schema.org\",\"@graph\":[{\"@type\":\"WebPage\",\"@id\":\"https:\/\/spinbetter-apk.app\/pl\/download\/\",\"url\":\"https:\/\/spinbetter-apk.app\/pl\/download\/\",\"name\":\"Pobieranie SpinBetter Polska APK \u2192 Jak zainstalowa\u0107 i dostosowa\u0107\",\"isPartOf\":{\"@id\":\"https:\/\/spinbetter-apk.app\/pl\/#website\"},\"datePublished\":\"2024-11-11T07:31:17+00:00\",\"dateModified\":\"2024-12-03T18:36:47+00:00\",\"description\":\"Dowiedz si\u0119, jak pobra\u0107 i skonfigurowa\u0107 aplikacj\u0119 SpinBetter Polska do wygodnej gry. Przegl\u0105d SpinBetter apk, ustawienia bezpiecze\u0144stwa.\",\"breadcrumb\":{\"@id\":\"https:\/\/spinbetter-apk.app\/pl\/download\/#breadcrumb\"},\"inLanguage\":\"pl-PL\",\"potentialAction\":[{\"@type\":\"ReadAction\",\"target\":[\"https:\/\/spinbetter-apk.app\/pl\/download\/\"]}]},{\"@type\":\"BreadcrumbList\",\"@id\":\"https:\/\/spinbetter-apk.app\/pl\/download\/#breadcrumb\",\"itemListElement\":[{\"@type\":\"ListItem\",\"position\":1,\"name\":\"Strona g\u0142\u00f3wna\",\"item\":\"https:\/\/spinbetter-apk.app\/pl\/\"},{\"@type\":\"ListItem\",\"position\":2,\"name\":\"Pobierz\"}]},{\"@type\":\"WebSite\",\"@id\":\"https:\/\/spinbetter-apk.app\/pl\/#website\",\"url\":\"https:\/\/spinbetter-apk.app\/pl\/\",\"name\":\"Spinbetter Apk PL\",\"description\":\"spinbetterapk casino\",\"potentialAction\":[{\"@type\":\"SearchAction\",\"target\":{\"@type\":\"EntryPoint\",\"urlTemplate\":\"https:\/\/spinbetter-apk.app\/pl\/?s={search_term_string}\"},\"query-input\":{\"@type\":\"PropertyValueSpecification\",\"valueRequired\":true,\"valueName\":\"search_term_string\"}}],\"inLanguage\":\"pl-PL\"}]}<\/script>\n<!-- \/ Yoast SEO plugin. -->","yoast_head_json":{"title":"Pobieranie SpinBetter Polska APK \u2192 Jak zainstalowa\u0107 i dostosowa\u0107","description":"Dowiedz si\u0119, jak pobra\u0107 i skonfigurowa\u0107 aplikacj\u0119 SpinBetter Polska do wygodnej gry. Przegl\u0105d SpinBetter apk, ustawienia bezpiecze\u0144stwa.","robots":{"index":"index","follow":"follow","max-snippet":"max-snippet:-1","max-image-preview":"max-image-preview:large","max-video-preview":"max-video-preview:-1"},"og_locale":"pl_PL","og_type":"article","og_title":"Pobieranie SpinBetter Polska APK \u2192 Jak zainstalowa\u0107 i dostosowa\u0107","og_description":"Dowiedz si\u0119, jak pobra\u0107 i skonfigurowa\u0107 aplikacj\u0119 SpinBetter Polska do wygodnej gry. Przegl\u0105d SpinBetter apk, ustawienia bezpiecze\u0144stwa.","og_url":"https:\/\/spinbetter-apk.app\/pl\/download\/","og_site_name":"Spinbetter Apk PL","article_modified_time":"2024-12-03T18:36:47+00:00","twitter_card":"summary_large_image","schema":{"@context":"https:\/\/schema.org","@graph":[{"@type":"WebPage","@id":"https:\/\/spinbetter-apk.app\/pl\/download\/","url":"https:\/\/spinbetter-apk.app\/pl\/download\/","name":"Pobieranie SpinBetter Polska APK \u2192 Jak zainstalowa\u0107 i dostosowa\u0107","isPartOf":{"@id":"https:\/\/spinbetter-apk.app\/pl\/#website"},"datePublished":"2024-11-11T07:31:17+00:00","dateModified":"2024-12-03T18:36:47+00:00","description":"Dowiedz si\u0119, jak pobra\u0107 i skonfigurowa\u0107 aplikacj\u0119 SpinBetter Polska do wygodnej gry. Przegl\u0105d SpinBetter apk, ustawienia bezpiecze\u0144stwa.","breadcrumb":{"@id":"https:\/\/spinbetter-apk.app\/pl\/download\/#breadcrumb"},"inLanguage":"pl-PL","potentialAction":[{"@type":"ReadAction","target":["https:\/\/spinbetter-apk.app\/pl\/download\/"]}]},{"@type":"BreadcrumbList","@id":"https:\/\/spinbetter-apk.app\/pl\/download\/#breadcrumb","itemListElement":[{"@type":"ListItem","position":1,"name":"Strona g\u0142\u00f3wna","item":"https:\/\/spinbetter-apk.app\/pl\/"},{"@type":"ListItem","position":2,"name":"Pobierz"}]},{"@type":"WebSite","@id":"https:\/\/spinbetter-apk.app\/pl\/#website","url":"https:\/\/spinbetter-apk.app\/pl\/","name":"Spinbetter Apk PL","description":"spinbetterapk casino","potentialAction":[{"@type":"SearchAction","target":{"@type":"EntryPoint","urlTemplate":"https:\/\/spinbetter-apk.app\/pl\/?s={search_term_string}"},"query-input":{"@type":"PropertyValueSpecification","valueRequired":true,"valueName":"search_term_string"}}],"inLanguage":"pl-PL"}]}},"_links":{"self":[{"href":"https:\/\/spinbetter-apk.app\/pl\/wp-json\/wp\/v2\/pages\/329","targetHints":{"allow":["GET"]}}],"collection":[{"href":"https:\/\/spinbetter-apk.app\/pl\/wp-json\/wp\/v2\/pages"}],"about":[{"href":"https:\/\/spinbetter-apk.app\/pl\/wp-json\/wp\/v2\/types\/page"}],"author":[{"embeddable":true,"href":"https:\/\/spinbetter-apk.app\/pl\/wp-json\/wp\/v2\/users\/1"}],"replies":[{"embeddable":true,"href":"https:\/\/spinbetter-apk.app\/pl\/wp-json\/wp\/v2\/comments?post=329"}],"version-history":[{"count":22,"href":"https:\/\/spinbetter-apk.app\/pl\/wp-json\/wp\/v2\/pages\/329\/revisions"}],"predecessor-version":[{"id":522,"href":"https:\/\/spinbetter-apk.app\/pl\/wp-json\/wp\/v2\/pages\/329\/revisions\/522"}],"wp:attachment":[{"href":"https:\/\/spinbetter-apk.app\/pl\/wp-json\/wp\/v2\/media?parent=329"}],"curies":[{"name":"wp","href":"https:\/\/api.w.org\/{rel}","templated":true}]}}