{"id":322,"date":"2024-11-11T06:50:59","date_gmt":"2024-11-11T06:50:59","guid":{"rendered":"https:\/\/spinbetter-apk.app\/pl\/?page_id=322"},"modified":"2025-07-30T11:56:26","modified_gmt":"2025-07-30T11:56:26","slug":"bonuses","status":"publish","type":"page","link":"https:\/\/spinbetter-apk.app\/pl\/bonuses\/","title":{"rendered":"Bonusy"},"content":{"rendered":"","protected":false},"excerpt":{"rendered":"","protected":false},"author":1,"featured_media":0,"parent":0,"menu_order":0,"comment_status":"closed","ping_status":"closed","template":"","meta":{"footnotes":""},"class_list":["post-322","page","type-page","status-publish","hentry"],"yoast_head":"<!-- This site is optimized with the Yoast SEO plugin v23.4 - https:\/\/yoast.com\/wordpress\/plugins\/seo\/ -->\n<title>Bonusy SpinBetter Polska&gt; Pe\u0142na recenzja i wskaz\u00f3wki dotycz\u0105ce u\u017cytkowania<\/title>\n<meta name=\"description\" content=\"Dowiedz si\u0119 wszystkiego o bonusach SpinBetter Polska w tym artykule! Wskaz\u00f3wki, jak aktywowa\u0107 bonus SpinBetter, warunki obrotu.\" \/>\n<meta name=\"robots\" content=\"index, follow, max-snippet:-1, max-image-preview:large, max-video-preview:-1\" \/>\n<meta property=\"og:locale\" content=\"pl_PL\" \/>\n<meta property=\"og:type\" content=\"article\" \/>\n<meta property=\"og:title\" content=\"Bonusy SpinBetter Polska&gt; Pe\u0142na recenzja i wskaz\u00f3wki dotycz\u0105ce u\u017cytkowania\" \/>\n<meta property=\"og:description\" content=\"Dowiedz si\u0119 wszystkiego o bonusach SpinBetter Polska w tym artykule! Wskaz\u00f3wki, jak aktywowa\u0107 bonus SpinBetter, warunki obrotu.\" \/>\n<meta property=\"og:url\" content=\"https:\/\/spinbetter-apk.app\/pl\/bonuses\/\" \/>\n<meta property=\"og:site_name\" content=\"Spinbetter Apk PL\" \/>\n<meta property=\"article:modified_time\" content=\"2025-07-30T11:56:26+00:00\" \/>\n<meta name=\"twitter:card\" content=\"summary_large_image\" \/>\n<script type=\"application\/ld+json\" class=\"yoast-schema-graph\">{\"@context\":\"https:\/\/schema.org\",\"@graph\":[{\"@type\":\"WebPage\",\"@id\":\"https:\/\/spinbetter-apk.app\/pl\/bonuses\/\",\"url\":\"https:\/\/spinbetter-apk.app\/pl\/bonuses\/\",\"name\":\"Bonusy SpinBetter Polska> Pe\u0142na recenzja i wskaz\u00f3wki dotycz\u0105ce u\u017cytkowania\",\"isPartOf\":{\"@id\":\"https:\/\/spinbetter-apk.app\/pl\/#website\"},\"datePublished\":\"2024-11-11T06:50:59+00:00\",\"dateModified\":\"2025-07-30T11:56:26+00:00\",\"description\":\"Dowiedz si\u0119 wszystkiego o bonusach SpinBetter Polska w tym artykule! Wskaz\u00f3wki, jak aktywowa\u0107 bonus SpinBetter, warunki obrotu.\",\"breadcrumb\":{\"@id\":\"https:\/\/spinbetter-apk.app\/pl\/bonuses\/#breadcrumb\"},\"inLanguage\":\"pl-PL\",\"potentialAction\":[{\"@type\":\"ReadAction\",\"target\":[\"https:\/\/spinbetter-apk.app\/pl\/bonuses\/\"]}]},{\"@type\":\"BreadcrumbList\",\"@id\":\"https:\/\/spinbetter-apk.app\/pl\/bonuses\/#breadcrumb\",\"itemListElement\":[{\"@type\":\"ListItem\",\"position\":1,\"name\":\"Strona g\u0142\u00f3wna\",\"item\":\"https:\/\/spinbetter-apk.app\/pl\/\"},{\"@type\":\"ListItem\",\"position\":2,\"name\":\"Bonusy\"}]},{\"@type\":\"WebSite\",\"@id\":\"https:\/\/spinbetter-apk.app\/pl\/#website\",\"url\":\"https:\/\/spinbetter-apk.app\/pl\/\",\"name\":\"Spinbetter Apk PL\",\"description\":\"spinbetterapk casino\",\"potentialAction\":[{\"@type\":\"SearchAction\",\"target\":{\"@type\":\"EntryPoint\",\"urlTemplate\":\"https:\/\/spinbetter-apk.app\/pl\/?s={search_term_string}\"},\"query-input\":{\"@type\":\"PropertyValueSpecification\",\"valueRequired\":true,\"valueName\":\"search_term_string\"}}],\"inLanguage\":\"pl-PL\"}]}<\/script>\n<!-- \/ Yoast SEO plugin. -->","yoast_head_json":{"title":"Bonusy SpinBetter Polska> Pe\u0142na recenzja i wskaz\u00f3wki dotycz\u0105ce u\u017cytkowania","description":"Dowiedz si\u0119 wszystkiego o bonusach SpinBetter Polska w tym artykule! Wskaz\u00f3wki, jak aktywowa\u0107 bonus SpinBetter, warunki obrotu.","robots":{"index":"index","follow":"follow","max-snippet":"max-snippet:-1","max-image-preview":"max-image-preview:large","max-video-preview":"max-video-preview:-1"},"og_locale":"pl_PL","og_type":"article","og_title":"Bonusy SpinBetter Polska> Pe\u0142na recenzja i wskaz\u00f3wki dotycz\u0105ce u\u017cytkowania","og_description":"Dowiedz si\u0119 wszystkiego o bonusach SpinBetter Polska w tym artykule! Wskaz\u00f3wki, jak aktywowa\u0107 bonus SpinBetter, warunki obrotu.","og_url":"https:\/\/spinbetter-apk.app\/pl\/bonuses\/","og_site_name":"Spinbetter Apk PL","article_modified_time":"2025-07-30T11:56:26+00:00","twitter_card":"summary_large_image","schema":{"@context":"https:\/\/schema.org","@graph":[{"@type":"WebPage","@id":"https:\/\/spinbetter-apk.app\/pl\/bonuses\/","url":"https:\/\/spinbetter-apk.app\/pl\/bonuses\/","name":"Bonusy SpinBetter Polska> Pe\u0142na recenzja i wskaz\u00f3wki dotycz\u0105ce u\u017cytkowania","isPartOf":{"@id":"https:\/\/spinbetter-apk.app\/pl\/#website"},"datePublished":"2024-11-11T06:50:59+00:00","dateModified":"2025-07-30T11:56:26+00:00","description":"Dowiedz si\u0119 wszystkiego o bonusach SpinBetter Polska w tym artykule! Wskaz\u00f3wki, jak aktywowa\u0107 bonus SpinBetter, warunki obrotu.","breadcrumb":{"@id":"https:\/\/spinbetter-apk.app\/pl\/bonuses\/#breadcrumb"},"inLanguage":"pl-PL","potentialAction":[{"@type":"ReadAction","target":["https:\/\/spinbetter-apk.app\/pl\/bonuses\/"]}]},{"@type":"BreadcrumbList","@id":"https:\/\/spinbetter-apk.app\/pl\/bonuses\/#breadcrumb","itemListElement":[{"@type":"ListItem","position":1,"name":"Strona g\u0142\u00f3wna","item":"https:\/\/spinbetter-apk.app\/pl\/"},{"@type":"ListItem","position":2,"name":"Bonusy"}]},{"@type":"WebSite","@id":"https:\/\/spinbetter-apk.app\/pl\/#website","url":"https:\/\/spinbetter-apk.app\/pl\/","name":"Spinbetter Apk PL","description":"spinbetterapk casino","potentialAction":[{"@type":"SearchAction","target":{"@type":"EntryPoint","urlTemplate":"https:\/\/spinbetter-apk.app\/pl\/?s={search_term_string}"},"query-input":{"@type":"PropertyValueSpecification","valueRequired":true,"valueName":"search_term_string"}}],"inLanguage":"pl-PL"}]}},"_links":{"self":[{"href":"https:\/\/spinbetter-apk.app\/pl\/wp-json\/wp\/v2\/pages\/322","targetHints":{"allow":["GET"]}}],"collection":[{"href":"https:\/\/spinbetter-apk.app\/pl\/wp-json\/wp\/v2\/pages"}],"about":[{"href":"https:\/\/spinbetter-apk.app\/pl\/wp-json\/wp\/v2\/types\/page"}],"author":[{"embeddable":true,"href":"https:\/\/spinbetter-apk.app\/pl\/wp-json\/wp\/v2\/users\/1"}],"replies":[{"embeddable":true,"href":"https:\/\/spinbetter-apk.app\/pl\/wp-json\/wp\/v2\/comments?post=322"}],"version-history":[{"count":18,"href":"https:\/\/spinbetter-apk.app\/pl\/wp-json\/wp\/v2\/pages\/322\/revisions"}],"predecessor-version":[{"id":566,"href":"https:\/\/spinbetter-apk.app\/pl\/wp-json\/wp\/v2\/pages\/322\/revisions\/566"}],"wp:attachment":[{"href":"https:\/\/spinbetter-apk.app\/pl\/wp-json\/wp\/v2\/media?parent=322"}],"curies":[{"name":"wp","href":"https:\/\/api.w.org\/{rel}","templated":true}]}}