{"id":316,"date":"2024-11-11T06:14:36","date_gmt":"2024-11-11T06:14:36","guid":{"rendered":"https:\/\/spinbetter-apk.app\/pl\/?page_id=316"},"modified":"2024-12-03T18:29:42","modified_gmt":"2024-12-03T18:29:42","slug":"mirror","status":"publish","type":"page","link":"https:\/\/spinbetter-apk.app\/pl\/mirror\/","title":{"rendered":"Lustro"},"content":{"rendered":"","protected":false},"excerpt":{"rendered":"","protected":false},"author":1,"featured_media":0,"parent":0,"menu_order":0,"comment_status":"closed","ping_status":"closed","template":"","meta":{"footnotes":""},"class_list":["post-316","page","type-page","status-publish","hentry"],"yoast_head":"<!-- This site is optimized with the Yoast SEO plugin v23.4 - https:\/\/yoast.com\/wordpress\/plugins\/seo\/ -->\n<title>SpinBetter Polska Mirror &gt; obej\u015bcie blokady, bezpieczny dost\u0119p<\/title>\n<meta name=\"description\" content=\"Dowiedz si\u0119, czym s\u0105 lustra SpinBetter Polska. Jak dzia\u0142aj\u0105 i zapewniaj\u0105 dost\u0119p do gier? Szczeg\u00f3\u0142owy przewodnik po mirrorach kasyn SpinBetter.\" \/>\n<meta name=\"robots\" content=\"index, follow, max-snippet:-1, max-image-preview:large, max-video-preview:-1\" \/>\n<meta property=\"og:locale\" content=\"pl_PL\" \/>\n<meta property=\"og:type\" content=\"article\" \/>\n<meta property=\"og:title\" content=\"SpinBetter Polska Mirror &gt; obej\u015bcie blokady, bezpieczny dost\u0119p\" \/>\n<meta property=\"og:description\" content=\"Dowiedz si\u0119, czym s\u0105 lustra SpinBetter Polska. Jak dzia\u0142aj\u0105 i zapewniaj\u0105 dost\u0119p do gier? Szczeg\u00f3\u0142owy przewodnik po mirrorach kasyn SpinBetter.\" \/>\n<meta property=\"og:url\" content=\"https:\/\/spinbetter-apk.app\/pl\/mirror\/\" \/>\n<meta property=\"og:site_name\" content=\"Spinbetter Apk PL\" \/>\n<meta property=\"article:modified_time\" content=\"2024-12-03T18:29:42+00:00\" \/>\n<meta name=\"twitter:card\" content=\"summary_large_image\" \/>\n<script type=\"application\/ld+json\" class=\"yoast-schema-graph\">{\"@context\":\"https:\/\/schema.org\",\"@graph\":[{\"@type\":\"WebPage\",\"@id\":\"https:\/\/spinbetter-apk.app\/pl\/mirror\/\",\"url\":\"https:\/\/spinbetter-apk.app\/pl\/mirror\/\",\"name\":\"SpinBetter Polska Mirror > obej\u015bcie blokady, bezpieczny dost\u0119p\",\"isPartOf\":{\"@id\":\"https:\/\/spinbetter-apk.app\/pl\/#website\"},\"datePublished\":\"2024-11-11T06:14:36+00:00\",\"dateModified\":\"2024-12-03T18:29:42+00:00\",\"description\":\"Dowiedz si\u0119, czym s\u0105 lustra SpinBetter Polska. Jak dzia\u0142aj\u0105 i zapewniaj\u0105 dost\u0119p do gier? Szczeg\u00f3\u0142owy przewodnik po mirrorach kasyn SpinBetter.\",\"breadcrumb\":{\"@id\":\"https:\/\/spinbetter-apk.app\/pl\/mirror\/#breadcrumb\"},\"inLanguage\":\"pl-PL\",\"potentialAction\":[{\"@type\":\"ReadAction\",\"target\":[\"https:\/\/spinbetter-apk.app\/pl\/mirror\/\"]}]},{\"@type\":\"BreadcrumbList\",\"@id\":\"https:\/\/spinbetter-apk.app\/pl\/mirror\/#breadcrumb\",\"itemListElement\":[{\"@type\":\"ListItem\",\"position\":1,\"name\":\"Strona g\u0142\u00f3wna\",\"item\":\"https:\/\/spinbetter-apk.app\/pl\/\"},{\"@type\":\"ListItem\",\"position\":2,\"name\":\"Lustro\"}]},{\"@type\":\"WebSite\",\"@id\":\"https:\/\/spinbetter-apk.app\/pl\/#website\",\"url\":\"https:\/\/spinbetter-apk.app\/pl\/\",\"name\":\"Spinbetter Apk PL\",\"description\":\"spinbetterapk casino\",\"potentialAction\":[{\"@type\":\"SearchAction\",\"target\":{\"@type\":\"EntryPoint\",\"urlTemplate\":\"https:\/\/spinbetter-apk.app\/pl\/?s={search_term_string}\"},\"query-input\":{\"@type\":\"PropertyValueSpecification\",\"valueRequired\":true,\"valueName\":\"search_term_string\"}}],\"inLanguage\":\"pl-PL\"}]}<\/script>\n<!-- \/ Yoast SEO plugin. -->","yoast_head_json":{"title":"SpinBetter Polska Mirror > obej\u015bcie blokady, bezpieczny dost\u0119p","description":"Dowiedz si\u0119, czym s\u0105 lustra SpinBetter Polska. Jak dzia\u0142aj\u0105 i zapewniaj\u0105 dost\u0119p do gier? Szczeg\u00f3\u0142owy przewodnik po mirrorach kasyn SpinBetter.","robots":{"index":"index","follow":"follow","max-snippet":"max-snippet:-1","max-image-preview":"max-image-preview:large","max-video-preview":"max-video-preview:-1"},"og_locale":"pl_PL","og_type":"article","og_title":"SpinBetter Polska Mirror > obej\u015bcie blokady, bezpieczny dost\u0119p","og_description":"Dowiedz si\u0119, czym s\u0105 lustra SpinBetter Polska. Jak dzia\u0142aj\u0105 i zapewniaj\u0105 dost\u0119p do gier? Szczeg\u00f3\u0142owy przewodnik po mirrorach kasyn SpinBetter.","og_url":"https:\/\/spinbetter-apk.app\/pl\/mirror\/","og_site_name":"Spinbetter Apk PL","article_modified_time":"2024-12-03T18:29:42+00:00","twitter_card":"summary_large_image","schema":{"@context":"https:\/\/schema.org","@graph":[{"@type":"WebPage","@id":"https:\/\/spinbetter-apk.app\/pl\/mirror\/","url":"https:\/\/spinbetter-apk.app\/pl\/mirror\/","name":"SpinBetter Polska Mirror > obej\u015bcie blokady, bezpieczny dost\u0119p","isPartOf":{"@id":"https:\/\/spinbetter-apk.app\/pl\/#website"},"datePublished":"2024-11-11T06:14:36+00:00","dateModified":"2024-12-03T18:29:42+00:00","description":"Dowiedz si\u0119, czym s\u0105 lustra SpinBetter Polska. Jak dzia\u0142aj\u0105 i zapewniaj\u0105 dost\u0119p do gier? Szczeg\u00f3\u0142owy przewodnik po mirrorach kasyn SpinBetter.","breadcrumb":{"@id":"https:\/\/spinbetter-apk.app\/pl\/mirror\/#breadcrumb"},"inLanguage":"pl-PL","potentialAction":[{"@type":"ReadAction","target":["https:\/\/spinbetter-apk.app\/pl\/mirror\/"]}]},{"@type":"BreadcrumbList","@id":"https:\/\/spinbetter-apk.app\/pl\/mirror\/#breadcrumb","itemListElement":[{"@type":"ListItem","position":1,"name":"Strona g\u0142\u00f3wna","item":"https:\/\/spinbetter-apk.app\/pl\/"},{"@type":"ListItem","position":2,"name":"Lustro"}]},{"@type":"WebSite","@id":"https:\/\/spinbetter-apk.app\/pl\/#website","url":"https:\/\/spinbetter-apk.app\/pl\/","name":"Spinbetter Apk PL","description":"spinbetterapk casino","potentialAction":[{"@type":"SearchAction","target":{"@type":"EntryPoint","urlTemplate":"https:\/\/spinbetter-apk.app\/pl\/?s={search_term_string}"},"query-input":{"@type":"PropertyValueSpecification","valueRequired":true,"valueName":"search_term_string"}}],"inLanguage":"pl-PL"}]}},"_links":{"self":[{"href":"https:\/\/spinbetter-apk.app\/pl\/wp-json\/wp\/v2\/pages\/316","targetHints":{"allow":["GET"]}}],"collection":[{"href":"https:\/\/spinbetter-apk.app\/pl\/wp-json\/wp\/v2\/pages"}],"about":[{"href":"https:\/\/spinbetter-apk.app\/pl\/wp-json\/wp\/v2\/types\/page"}],"author":[{"embeddable":true,"href":"https:\/\/spinbetter-apk.app\/pl\/wp-json\/wp\/v2\/users\/1"}],"replies":[{"embeddable":true,"href":"https:\/\/spinbetter-apk.app\/pl\/wp-json\/wp\/v2\/comments?post=316"}],"version-history":[{"count":24,"href":"https:\/\/spinbetter-apk.app\/pl\/wp-json\/wp\/v2\/pages\/316\/revisions"}],"predecessor-version":[{"id":519,"href":"https:\/\/spinbetter-apk.app\/pl\/wp-json\/wp\/v2\/pages\/316\/revisions\/519"}],"wp:attachment":[{"href":"https:\/\/spinbetter-apk.app\/pl\/wp-json\/wp\/v2\/media?parent=316"}],"curies":[{"name":"wp","href":"https:\/\/api.w.org\/{rel}","templated":true}]}}