{"id":261,"date":"2024-11-08T11:08:00","date_gmt":"2024-11-08T11:08:00","guid":{"rendered":"https:\/\/spinbetter-apk.app\/pl\/?page_id=261"},"modified":"2026-01-12T15:54:34","modified_gmt":"2026-01-12T15:54:34","slug":"login","status":"publish","type":"page","link":"https:\/\/spinbetter-apk.app\/pl\/login\/","title":{"rendered":"Zaloguj si\u0119"},"content":{"rendered":"","protected":false},"excerpt":{"rendered":"","protected":false},"author":1,"featured_media":0,"parent":0,"menu_order":0,"comment_status":"closed","ping_status":"closed","template":"","meta":{"footnotes":""},"class_list":["post-261","page","type-page","status-publish","hentry"],"yoast_head":"<!-- This site is optimized with the Yoast SEO plugin v23.4 - https:\/\/yoast.com\/wordpress\/plugins\/seo\/ -->\n<title>SpinBetter Login Polska &gt; przewodnik po bezpiecze\u0144stwie<\/title>\n<meta name=\"description\" content=\"Dowiedz si\u0119 wszystkiego o procesie logowania do SpinBetter Polska: konfigurowanie 2FA, korzystanie z medi\u00f3w spo\u0142eczno\u015bciowych i wskaz\u00f3wki dotycz\u0105ce bezpiecze\u0144stwa.\" \/>\n<meta name=\"robots\" content=\"index, follow, max-snippet:-1, max-image-preview:large, max-video-preview:-1\" \/>\n<meta property=\"og:locale\" content=\"pl_PL\" \/>\n<meta property=\"og:type\" content=\"article\" \/>\n<meta property=\"og:title\" content=\"SpinBetter Login Polska &gt; przewodnik po bezpiecze\u0144stwie\" \/>\n<meta property=\"og:description\" content=\"Dowiedz si\u0119 wszystkiego o procesie logowania do SpinBetter Polska: konfigurowanie 2FA, korzystanie z medi\u00f3w spo\u0142eczno\u015bciowych i wskaz\u00f3wki dotycz\u0105ce bezpiecze\u0144stwa.\" \/>\n<meta property=\"og:url\" content=\"https:\/\/spinbetter-apk.app\/pl\/login\/\" \/>\n<meta property=\"og:site_name\" content=\"Spinbetter Apk PL\" \/>\n<meta property=\"article:modified_time\" content=\"2026-01-12T15:54:34+00:00\" \/>\n<meta name=\"twitter:card\" content=\"summary_large_image\" \/>\n<script type=\"application\/ld+json\" class=\"yoast-schema-graph\">{\"@context\":\"https:\/\/schema.org\",\"@graph\":[{\"@type\":\"WebPage\",\"@id\":\"https:\/\/spinbetter-apk.app\/pl\/login\/\",\"url\":\"https:\/\/spinbetter-apk.app\/pl\/login\/\",\"name\":\"SpinBetter Login Polska > przewodnik po bezpiecze\u0144stwie\",\"isPartOf\":{\"@id\":\"https:\/\/spinbetter-apk.app\/pl\/#website\"},\"datePublished\":\"2024-11-08T11:08:00+00:00\",\"dateModified\":\"2026-01-12T15:54:34+00:00\",\"description\":\"Dowiedz si\u0119 wszystkiego o procesie logowania do SpinBetter Polska: konfigurowanie 2FA, korzystanie z medi\u00f3w spo\u0142eczno\u015bciowych i wskaz\u00f3wki dotycz\u0105ce bezpiecze\u0144stwa.\",\"breadcrumb\":{\"@id\":\"https:\/\/spinbetter-apk.app\/pl\/login\/#breadcrumb\"},\"inLanguage\":\"pl-PL\",\"potentialAction\":[{\"@type\":\"ReadAction\",\"target\":[\"https:\/\/spinbetter-apk.app\/pl\/login\/\"]}]},{\"@type\":\"BreadcrumbList\",\"@id\":\"https:\/\/spinbetter-apk.app\/pl\/login\/#breadcrumb\",\"itemListElement\":[{\"@type\":\"ListItem\",\"position\":1,\"name\":\"Strona g\u0142\u00f3wna\",\"item\":\"https:\/\/spinbetter-apk.app\/pl\/\"},{\"@type\":\"ListItem\",\"position\":2,\"name\":\"Zaloguj si\u0119\"}]},{\"@type\":\"WebSite\",\"@id\":\"https:\/\/spinbetter-apk.app\/pl\/#website\",\"url\":\"https:\/\/spinbetter-apk.app\/pl\/\",\"name\":\"Spinbetter Apk PL\",\"description\":\"spinbetterapk casino\",\"potentialAction\":[{\"@type\":\"SearchAction\",\"target\":{\"@type\":\"EntryPoint\",\"urlTemplate\":\"https:\/\/spinbetter-apk.app\/pl\/?s={search_term_string}\"},\"query-input\":{\"@type\":\"PropertyValueSpecification\",\"valueRequired\":true,\"valueName\":\"search_term_string\"}}],\"inLanguage\":\"pl-PL\"}]}<\/script>\n<!-- \/ Yoast SEO plugin. -->","yoast_head_json":{"title":"SpinBetter Login Polska > przewodnik po bezpiecze\u0144stwie","description":"Dowiedz si\u0119 wszystkiego o procesie logowania do SpinBetter Polska: konfigurowanie 2FA, korzystanie z medi\u00f3w spo\u0142eczno\u015bciowych i wskaz\u00f3wki dotycz\u0105ce bezpiecze\u0144stwa.","robots":{"index":"index","follow":"follow","max-snippet":"max-snippet:-1","max-image-preview":"max-image-preview:large","max-video-preview":"max-video-preview:-1"},"og_locale":"pl_PL","og_type":"article","og_title":"SpinBetter Login Polska > przewodnik po bezpiecze\u0144stwie","og_description":"Dowiedz si\u0119 wszystkiego o procesie logowania do SpinBetter Polska: konfigurowanie 2FA, korzystanie z medi\u00f3w spo\u0142eczno\u015bciowych i wskaz\u00f3wki dotycz\u0105ce bezpiecze\u0144stwa.","og_url":"https:\/\/spinbetter-apk.app\/pl\/login\/","og_site_name":"Spinbetter Apk PL","article_modified_time":"2026-01-12T15:54:34+00:00","twitter_card":"summary_large_image","schema":{"@context":"https:\/\/schema.org","@graph":[{"@type":"WebPage","@id":"https:\/\/spinbetter-apk.app\/pl\/login\/","url":"https:\/\/spinbetter-apk.app\/pl\/login\/","name":"SpinBetter Login Polska > przewodnik po bezpiecze\u0144stwie","isPartOf":{"@id":"https:\/\/spinbetter-apk.app\/pl\/#website"},"datePublished":"2024-11-08T11:08:00+00:00","dateModified":"2026-01-12T15:54:34+00:00","description":"Dowiedz si\u0119 wszystkiego o procesie logowania do SpinBetter Polska: konfigurowanie 2FA, korzystanie z medi\u00f3w spo\u0142eczno\u015bciowych i wskaz\u00f3wki dotycz\u0105ce bezpiecze\u0144stwa.","breadcrumb":{"@id":"https:\/\/spinbetter-apk.app\/pl\/login\/#breadcrumb"},"inLanguage":"pl-PL","potentialAction":[{"@type":"ReadAction","target":["https:\/\/spinbetter-apk.app\/pl\/login\/"]}]},{"@type":"BreadcrumbList","@id":"https:\/\/spinbetter-apk.app\/pl\/login\/#breadcrumb","itemListElement":[{"@type":"ListItem","position":1,"name":"Strona g\u0142\u00f3wna","item":"https:\/\/spinbetter-apk.app\/pl\/"},{"@type":"ListItem","position":2,"name":"Zaloguj si\u0119"}]},{"@type":"WebSite","@id":"https:\/\/spinbetter-apk.app\/pl\/#website","url":"https:\/\/spinbetter-apk.app\/pl\/","name":"Spinbetter Apk PL","description":"spinbetterapk casino","potentialAction":[{"@type":"SearchAction","target":{"@type":"EntryPoint","urlTemplate":"https:\/\/spinbetter-apk.app\/pl\/?s={search_term_string}"},"query-input":{"@type":"PropertyValueSpecification","valueRequired":true,"valueName":"search_term_string"}}],"inLanguage":"pl-PL"}]}},"_links":{"self":[{"href":"https:\/\/spinbetter-apk.app\/pl\/wp-json\/wp\/v2\/pages\/261","targetHints":{"allow":["GET"]}}],"collection":[{"href":"https:\/\/spinbetter-apk.app\/pl\/wp-json\/wp\/v2\/pages"}],"about":[{"href":"https:\/\/spinbetter-apk.app\/pl\/wp-json\/wp\/v2\/types\/page"}],"author":[{"embeddable":true,"href":"https:\/\/spinbetter-apk.app\/pl\/wp-json\/wp\/v2\/users\/1"}],"replies":[{"embeddable":true,"href":"https:\/\/spinbetter-apk.app\/pl\/wp-json\/wp\/v2\/comments?post=261"}],"version-history":[{"count":29,"href":"https:\/\/spinbetter-apk.app\/pl\/wp-json\/wp\/v2\/pages\/261\/revisions"}],"predecessor-version":[{"id":572,"href":"https:\/\/spinbetter-apk.app\/pl\/wp-json\/wp\/v2\/pages\/261\/revisions\/572"}],"wp:attachment":[{"href":"https:\/\/spinbetter-apk.app\/pl\/wp-json\/wp\/v2\/media?parent=261"}],"curies":[{"name":"wp","href":"https:\/\/api.w.org\/{rel}","templated":true}]}}