{"id":2,"date":"2023-05-18T17:18:34","date_gmt":"2023-05-18T17:18:34","guid":{"rendered":"https:\/\/spinbetter-apk.app\/pl\/?page_id=2"},"modified":"2025-10-16T09:06:48","modified_gmt":"2025-10-16T09:06:48","slug":"spinbetter","status":"publish","type":"page","link":"https:\/\/spinbetter-apk.app\/pl\/","title":{"rendered":"Strona g\u0142\u00f3wna"},"content":{"rendered":"","protected":false},"excerpt":{"rendered":"","protected":false},"author":1,"featured_media":0,"parent":0,"menu_order":0,"comment_status":"closed","ping_status":"open","template":"","meta":{"footnotes":""},"class_list":["post-2","page","type-page","status-publish","hentry"],"yoast_head":"<!-- This site is optimized with the Yoast SEO plugin v23.4 - https:\/\/yoast.com\/wordpress\/plugins\/seo\/ -->\n<title>SpinBetter Polska&gt; Funkcje, bonusy i najwa\u017cniejsze informacje<\/title>\n<meta name=\"description\" content=\"Wszystko o SpinBetter Polska w jednym artykule - od bonus\u00f3w i opcji zak\u0142ad\u00f3w po wsparcie, bezpiecze\u0144stwo i dost\u0119pno\u015b\u0107 regionaln\u0105.\" \/>\n<meta name=\"robots\" content=\"index, follow, max-snippet:-1, max-image-preview:large, max-video-preview:-1\" \/>\n<meta property=\"og:locale\" content=\"pl_PL\" \/>\n<meta property=\"og:type\" content=\"article\" \/>\n<meta property=\"og:title\" content=\"SpinBetter Polska&gt; Funkcje, bonusy i najwa\u017cniejsze informacje\" \/>\n<meta property=\"og:description\" content=\"Wszystko o SpinBetter Polska w jednym artykule - od bonus\u00f3w i opcji zak\u0142ad\u00f3w po wsparcie, bezpiecze\u0144stwo i dost\u0119pno\u015b\u0107 regionaln\u0105.\" \/>\n<meta property=\"og:url\" content=\"https:\/\/spinbetter-apk.app\/pl\/\" \/>\n<meta property=\"og:site_name\" content=\"Spinbetter Apk PL\" \/>\n<meta property=\"article:modified_time\" content=\"2025-10-16T09:06:48+00:00\" \/>\n<meta name=\"twitter:card\" content=\"summary_large_image\" \/>\n<script type=\"application\/ld+json\" class=\"yoast-schema-graph\">{\"@context\":\"https:\/\/schema.org\",\"@graph\":[{\"@type\":\"WebPage\",\"@id\":\"https:\/\/spinbetter-apk.app\/pl\/\",\"url\":\"https:\/\/spinbetter-apk.app\/pl\/\",\"name\":\"SpinBetter Polska> Funkcje, bonusy i najwa\u017cniejsze informacje\",\"isPartOf\":{\"@id\":\"https:\/\/spinbetter-apk.app\/pl\/#website\"},\"datePublished\":\"2023-05-18T17:18:34+00:00\",\"dateModified\":\"2025-10-16T09:06:48+00:00\",\"description\":\"Wszystko o SpinBetter Polska w jednym artykule - od bonus\u00f3w i opcji zak\u0142ad\u00f3w po wsparcie, bezpiecze\u0144stwo i dost\u0119pno\u015b\u0107 regionaln\u0105.\",\"breadcrumb\":{\"@id\":\"https:\/\/spinbetter-apk.app\/pl\/#breadcrumb\"},\"inLanguage\":\"pl-PL\",\"potentialAction\":[{\"@type\":\"ReadAction\",\"target\":[\"https:\/\/spinbetter-apk.app\/pl\/\"]}]},{\"@type\":\"BreadcrumbList\",\"@id\":\"https:\/\/spinbetter-apk.app\/pl\/#breadcrumb\",\"itemListElement\":[{\"@type\":\"ListItem\",\"position\":1,\"name\":\"Strona g\u0142\u00f3wna\",\"item\":\"https:\/\/spinbetter-apk.app\/pl\/\"},{\"@type\":\"ListItem\",\"position\":2,\"name\":\"Strona g\u0142\u00f3wna\"}]},{\"@type\":\"WebSite\",\"@id\":\"https:\/\/spinbetter-apk.app\/pl\/#website\",\"url\":\"https:\/\/spinbetter-apk.app\/pl\/\",\"name\":\"Spinbetter Apk PL\",\"description\":\"spinbetterapk casino\",\"potentialAction\":[{\"@type\":\"SearchAction\",\"target\":{\"@type\":\"EntryPoint\",\"urlTemplate\":\"https:\/\/spinbetter-apk.app\/pl\/?s={search_term_string}\"},\"query-input\":{\"@type\":\"PropertyValueSpecification\",\"valueRequired\":true,\"valueName\":\"search_term_string\"}}],\"inLanguage\":\"pl-PL\"}]}<\/script>\n<!-- \/ Yoast SEO plugin. -->","yoast_head_json":{"title":"SpinBetter Polska> Funkcje, bonusy i najwa\u017cniejsze informacje","description":"Wszystko o SpinBetter Polska w jednym artykule - od bonus\u00f3w i opcji zak\u0142ad\u00f3w po wsparcie, bezpiecze\u0144stwo i dost\u0119pno\u015b\u0107 regionaln\u0105.","robots":{"index":"index","follow":"follow","max-snippet":"max-snippet:-1","max-image-preview":"max-image-preview:large","max-video-preview":"max-video-preview:-1"},"og_locale":"pl_PL","og_type":"article","og_title":"SpinBetter Polska> Funkcje, bonusy i najwa\u017cniejsze informacje","og_description":"Wszystko o SpinBetter Polska w jednym artykule - od bonus\u00f3w i opcji zak\u0142ad\u00f3w po wsparcie, bezpiecze\u0144stwo i dost\u0119pno\u015b\u0107 regionaln\u0105.","og_url":"https:\/\/spinbetter-apk.app\/pl\/","og_site_name":"Spinbetter Apk PL","article_modified_time":"2025-10-16T09:06:48+00:00","twitter_card":"summary_large_image","schema":{"@context":"https:\/\/schema.org","@graph":[{"@type":"WebPage","@id":"https:\/\/spinbetter-apk.app\/pl\/","url":"https:\/\/spinbetter-apk.app\/pl\/","name":"SpinBetter Polska> Funkcje, bonusy i najwa\u017cniejsze informacje","isPartOf":{"@id":"https:\/\/spinbetter-apk.app\/pl\/#website"},"datePublished":"2023-05-18T17:18:34+00:00","dateModified":"2025-10-16T09:06:48+00:00","description":"Wszystko o SpinBetter Polska w jednym artykule - od bonus\u00f3w i opcji zak\u0142ad\u00f3w po wsparcie, bezpiecze\u0144stwo i dost\u0119pno\u015b\u0107 regionaln\u0105.","breadcrumb":{"@id":"https:\/\/spinbetter-apk.app\/pl\/#breadcrumb"},"inLanguage":"pl-PL","potentialAction":[{"@type":"ReadAction","target":["https:\/\/spinbetter-apk.app\/pl\/"]}]},{"@type":"BreadcrumbList","@id":"https:\/\/spinbetter-apk.app\/pl\/#breadcrumb","itemListElement":[{"@type":"ListItem","position":1,"name":"Strona g\u0142\u00f3wna","item":"https:\/\/spinbetter-apk.app\/pl\/"},{"@type":"ListItem","position":2,"name":"Strona g\u0142\u00f3wna"}]},{"@type":"WebSite","@id":"https:\/\/spinbetter-apk.app\/pl\/#website","url":"https:\/\/spinbetter-apk.app\/pl\/","name":"Spinbetter Apk PL","description":"spinbetterapk casino","potentialAction":[{"@type":"SearchAction","target":{"@type":"EntryPoint","urlTemplate":"https:\/\/spinbetter-apk.app\/pl\/?s={search_term_string}"},"query-input":{"@type":"PropertyValueSpecification","valueRequired":true,"valueName":"search_term_string"}}],"inLanguage":"pl-PL"}]}},"_links":{"self":[{"href":"https:\/\/spinbetter-apk.app\/pl\/wp-json\/wp\/v2\/pages\/2","targetHints":{"allow":["GET"]}}],"collection":[{"href":"https:\/\/spinbetter-apk.app\/pl\/wp-json\/wp\/v2\/pages"}],"about":[{"href":"https:\/\/spinbetter-apk.app\/pl\/wp-json\/wp\/v2\/types\/page"}],"author":[{"embeddable":true,"href":"https:\/\/spinbetter-apk.app\/pl\/wp-json\/wp\/v2\/users\/1"}],"replies":[{"embeddable":true,"href":"https:\/\/spinbetter-apk.app\/pl\/wp-json\/wp\/v2\/comments?post=2"}],"version-history":[{"count":84,"href":"https:\/\/spinbetter-apk.app\/pl\/wp-json\/wp\/v2\/pages\/2\/revisions"}],"predecessor-version":[{"id":569,"href":"https:\/\/spinbetter-apk.app\/pl\/wp-json\/wp\/v2\/pages\/2\/revisions\/569"}],"wp:attachment":[{"href":"https:\/\/spinbetter-apk.app\/pl\/wp-json\/wp\/v2\/media?parent=2"}],"curies":[{"name":"wp","href":"https:\/\/api.w.org\/{rel}","templated":true}]}}