{"id":280,"date":"2024-11-08T13:51:48","date_gmt":"2024-11-08T13:51:48","guid":{"rendered":"https:\/\/spinbetter-apk.app\/no\/?page_id=280"},"modified":"2025-08-20T11:27:07","modified_gmt":"2025-08-20T11:27:07","slug":"registration","status":"publish","type":"page","link":"https:\/\/spinbetter-apk.app\/no\/registration\/","title":{"rendered":"Registrering"},"content":{"rendered":"","protected":false},"excerpt":{"rendered":"","protected":false},"author":1,"featured_media":0,"parent":0,"menu_order":0,"comment_status":"closed","ping_status":"closed","template":"","meta":{"footnotes":""},"class_list":["post-280","page","type-page","status-publish","hentry"],"yoast_head":"<!-- This site is optimized with the Yoast SEO plugin v23.4 - https:\/\/yoast.com\/wordpress\/plugins\/seo\/ -->\n<title>SpinBetter-registrering \u2013 trinnvis veiledning og tips<\/title>\n<meta name=\"description\" content=\"L\u00e6r hvor enkelt det er \u00e5 fullf\u00f8re registreringen hos SpinBetter. Komplett guide og sikkerhetstips for registrering hos SpinBetter.\" \/>\n<meta name=\"robots\" content=\"index, follow, max-snippet:-1, max-image-preview:large, max-video-preview:-1\" \/>\n<meta property=\"og:locale\" content=\"nb_NO\" \/>\n<meta property=\"og:type\" content=\"article\" \/>\n<meta property=\"og:title\" content=\"SpinBetter-registrering \u2013 trinnvis veiledning og tips\" \/>\n<meta property=\"og:description\" content=\"L\u00e6r hvor enkelt det er \u00e5 fullf\u00f8re registreringen hos SpinBetter. Komplett guide og sikkerhetstips for registrering hos SpinBetter.\" \/>\n<meta property=\"og:url\" content=\"https:\/\/spinbetter-apk.app\/no\/registration\/\" \/>\n<meta property=\"og:site_name\" content=\"SpinBetter apk NO\" \/>\n<meta property=\"article:modified_time\" content=\"2025-08-20T11:27:07+00:00\" \/>\n<meta name=\"twitter:card\" content=\"summary_large_image\" \/>\n<script type=\"application\/ld+json\" class=\"yoast-schema-graph\">{\"@context\":\"https:\/\/schema.org\",\"@graph\":[{\"@type\":\"WebPage\",\"@id\":\"https:\/\/spinbetter-apk.app\/no\/registration\/\",\"url\":\"https:\/\/spinbetter-apk.app\/no\/registration\/\",\"name\":\"SpinBetter-registrering \u2013 trinnvis veiledning og tips\",\"isPartOf\":{\"@id\":\"https:\/\/spinbetter-apk.app\/no\/#website\"},\"datePublished\":\"2024-11-08T13:51:48+00:00\",\"dateModified\":\"2025-08-20T11:27:07+00:00\",\"description\":\"L\u00e6r hvor enkelt det er \u00e5 fullf\u00f8re registreringen hos SpinBetter. Komplett guide og sikkerhetstips for registrering hos SpinBetter.\",\"breadcrumb\":{\"@id\":\"https:\/\/spinbetter-apk.app\/no\/registration\/#breadcrumb\"},\"inLanguage\":\"nb-NO\",\"potentialAction\":[{\"@type\":\"ReadAction\",\"target\":[\"https:\/\/spinbetter-apk.app\/no\/registration\/\"]}]},{\"@type\":\"BreadcrumbList\",\"@id\":\"https:\/\/spinbetter-apk.app\/no\/registration\/#breadcrumb\",\"itemListElement\":[{\"@type\":\"ListItem\",\"position\":1,\"name\":\"Home\",\"item\":\"https:\/\/spinbetter-apk.app\/no\/\"},{\"@type\":\"ListItem\",\"position\":2,\"name\":\"Registrering\"}]},{\"@type\":\"WebSite\",\"@id\":\"https:\/\/spinbetter-apk.app\/no\/#website\",\"url\":\"https:\/\/spinbetter-apk.app\/no\/\",\"name\":\"spinbetterapk\",\"description\":\"spinbetterapk casino\",\"potentialAction\":[{\"@type\":\"SearchAction\",\"target\":{\"@type\":\"EntryPoint\",\"urlTemplate\":\"https:\/\/spinbetter-apk.app\/no\/?s={search_term_string}\"},\"query-input\":{\"@type\":\"PropertyValueSpecification\",\"valueRequired\":true,\"valueName\":\"search_term_string\"}}],\"inLanguage\":\"nb-NO\"}]}<\/script>\n<!-- \/ Yoast SEO plugin. -->","yoast_head_json":{"title":"SpinBetter-registrering \u2013 trinnvis veiledning og tips","description":"L\u00e6r hvor enkelt det er \u00e5 fullf\u00f8re registreringen hos SpinBetter. Komplett guide og sikkerhetstips for registrering hos SpinBetter.","robots":{"index":"index","follow":"follow","max-snippet":"max-snippet:-1","max-image-preview":"max-image-preview:large","max-video-preview":"max-video-preview:-1"},"og_locale":"nb_NO","og_type":"article","og_title":"SpinBetter-registrering \u2013 trinnvis veiledning og tips","og_description":"L\u00e6r hvor enkelt det er \u00e5 fullf\u00f8re registreringen hos SpinBetter. Komplett guide og sikkerhetstips for registrering hos SpinBetter.","og_url":"https:\/\/spinbetter-apk.app\/no\/registration\/","og_site_name":"SpinBetter apk NO","article_modified_time":"2025-08-20T11:27:07+00:00","twitter_card":"summary_large_image","schema":{"@context":"https:\/\/schema.org","@graph":[{"@type":"WebPage","@id":"https:\/\/spinbetter-apk.app\/no\/registration\/","url":"https:\/\/spinbetter-apk.app\/no\/registration\/","name":"SpinBetter-registrering \u2013 trinnvis veiledning og tips","isPartOf":{"@id":"https:\/\/spinbetter-apk.app\/no\/#website"},"datePublished":"2024-11-08T13:51:48+00:00","dateModified":"2025-08-20T11:27:07+00:00","description":"L\u00e6r hvor enkelt det er \u00e5 fullf\u00f8re registreringen hos SpinBetter. Komplett guide og sikkerhetstips for registrering hos SpinBetter.","breadcrumb":{"@id":"https:\/\/spinbetter-apk.app\/no\/registration\/#breadcrumb"},"inLanguage":"nb-NO","potentialAction":[{"@type":"ReadAction","target":["https:\/\/spinbetter-apk.app\/no\/registration\/"]}]},{"@type":"BreadcrumbList","@id":"https:\/\/spinbetter-apk.app\/no\/registration\/#breadcrumb","itemListElement":[{"@type":"ListItem","position":1,"name":"Home","item":"https:\/\/spinbetter-apk.app\/no\/"},{"@type":"ListItem","position":2,"name":"Registrering"}]},{"@type":"WebSite","@id":"https:\/\/spinbetter-apk.app\/no\/#website","url":"https:\/\/spinbetter-apk.app\/no\/","name":"spinbetterapk","description":"spinbetterapk casino","potentialAction":[{"@type":"SearchAction","target":{"@type":"EntryPoint","urlTemplate":"https:\/\/spinbetter-apk.app\/no\/?s={search_term_string}"},"query-input":{"@type":"PropertyValueSpecification","valueRequired":true,"valueName":"search_term_string"}}],"inLanguage":"nb-NO"}]}},"_links":{"self":[{"href":"https:\/\/spinbetter-apk.app\/no\/wp-json\/wp\/v2\/pages\/280","targetHints":{"allow":["GET"]}}],"collection":[{"href":"https:\/\/spinbetter-apk.app\/no\/wp-json\/wp\/v2\/pages"}],"about":[{"href":"https:\/\/spinbetter-apk.app\/no\/wp-json\/wp\/v2\/types\/page"}],"author":[{"embeddable":true,"href":"https:\/\/spinbetter-apk.app\/no\/wp-json\/wp\/v2\/users\/1"}],"replies":[{"embeddable":true,"href":"https:\/\/spinbetter-apk.app\/no\/wp-json\/wp\/v2\/comments?post=280"}],"version-history":[{"count":25,"href":"https:\/\/spinbetter-apk.app\/no\/wp-json\/wp\/v2\/pages\/280\/revisions"}],"predecessor-version":[{"id":773,"href":"https:\/\/spinbetter-apk.app\/no\/wp-json\/wp\/v2\/pages\/280\/revisions\/773"}],"wp:attachment":[{"href":"https:\/\/spinbetter-apk.app\/no\/wp-json\/wp\/v2\/media?parent=280"}],"curies":[{"name":"wp","href":"https:\/\/api.w.org\/{rel}","templated":true}]}}