{"id":559,"date":"2025-06-25T10:25:03","date_gmt":"2025-06-25T10:25:03","guid":{"rendered":"https:\/\/spinbetter-apk.app\/lv\/?page_id=559"},"modified":"2025-06-25T10:31:30","modified_gmt":"2025-06-25T10:31:30","slug":"telegram","status":"publish","type":"page","link":"https:\/\/spinbetter-apk.app\/lv\/bonuses\/telegram\/","title":{"rendered":"Telegramma"},"content":{"rendered":"","protected":false},"excerpt":{"rendered":"","protected":false},"author":1,"featured_media":0,"parent":322,"menu_order":0,"comment_status":"closed","ping_status":"closed","template":"","meta":{"footnotes":""},"class_list":["post-559","page","type-page","status-publish","hentry"],"yoast_head":"<!-- This site is optimized with the Yoast SEO plugin v23.4 - https:\/\/yoast.com\/wordpress\/plugins\/seo\/ -->\n<title>100 bezmaksas momenti abonementam \ud83e\udc12 Sa\u0146emiet bonusu vietn\u0113 Telegram<\/title>\n<meta name=\"description\" content=\"Abon\u0113 SpinBetter kazino Telegram kan\u0101lu un sa\u0146em 100 bezmaksas griezienu bonusu! Sekojiet l\u012bdzi ekskluz\u012bv\u0101m akcij\u0101m, aktiviz\u0113jiet rekl\u0101mas kodu un laim\u0113jiet!\" \/>\n<meta name=\"robots\" content=\"index, follow, max-snippet:-1, max-image-preview:large, max-video-preview:-1\" \/>\n<meta property=\"og:locale\" content=\"lv_LV\" \/>\n<meta property=\"og:type\" content=\"article\" \/>\n<meta property=\"og:title\" content=\"100 bezmaksas momenti abonementam \ud83e\udc12 Sa\u0146emiet bonusu vietn\u0113 Telegram\" \/>\n<meta property=\"og:description\" content=\"Abon\u0113 SpinBetter kazino Telegram kan\u0101lu un sa\u0146em 100 bezmaksas griezienu bonusu! Sekojiet l\u012bdzi ekskluz\u012bv\u0101m akcij\u0101m, aktiviz\u0113jiet rekl\u0101mas kodu un laim\u0113jiet!\" \/>\n<meta property=\"og:url\" content=\"https:\/\/spinbetter-apk.app\/lv\/bonuses\/telegram\/\" \/>\n<meta property=\"og:site_name\" content=\"Spinbetter Apk LV\" \/>\n<meta property=\"article:modified_time\" content=\"2025-06-25T10:31:30+00:00\" \/>\n<meta name=\"twitter:card\" content=\"summary_large_image\" \/>\n<script type=\"application\/ld+json\" class=\"yoast-schema-graph\">{\"@context\":\"https:\/\/schema.org\",\"@graph\":[{\"@type\":\"WebPage\",\"@id\":\"https:\/\/spinbetter-apk.app\/lv\/bonuses\/telegram\/\",\"url\":\"https:\/\/spinbetter-apk.app\/lv\/bonuses\/telegram\/\",\"name\":\"100 bezmaksas momenti abonementam \ud83e\udc12 Sa\u0146emiet bonusu vietn\u0113 Telegram\",\"isPartOf\":{\"@id\":\"https:\/\/spinbetter-apk.app\/lv\/#website\"},\"datePublished\":\"2025-06-25T10:25:03+00:00\",\"dateModified\":\"2025-06-25T10:31:30+00:00\",\"description\":\"Abon\u0113 SpinBetter kazino Telegram kan\u0101lu un sa\u0146em 100 bezmaksas griezienu bonusu! Sekojiet l\u012bdzi ekskluz\u012bv\u0101m akcij\u0101m, aktiviz\u0113jiet rekl\u0101mas kodu un laim\u0113jiet!\",\"breadcrumb\":{\"@id\":\"https:\/\/spinbetter-apk.app\/lv\/bonuses\/telegram\/#breadcrumb\"},\"inLanguage\":\"lv-LV\",\"potentialAction\":[{\"@type\":\"ReadAction\",\"target\":[\"https:\/\/spinbetter-apk.app\/lv\/bonuses\/telegram\/\"]}]},{\"@type\":\"BreadcrumbList\",\"@id\":\"https:\/\/spinbetter-apk.app\/lv\/bonuses\/telegram\/#breadcrumb\",\"itemListElement\":[{\"@type\":\"ListItem\",\"position\":1,\"name\":\"Home\",\"item\":\"https:\/\/spinbetter-apk.app\/lv\/\"},{\"@type\":\"ListItem\",\"position\":2,\"name\":\"Bonusi\",\"item\":\"https:\/\/spinbetter-apk.app\/lv\/bonuses\/\"},{\"@type\":\"ListItem\",\"position\":3,\"name\":\"Telegramma\"}]},{\"@type\":\"WebSite\",\"@id\":\"https:\/\/spinbetter-apk.app\/lv\/#website\",\"url\":\"https:\/\/spinbetter-apk.app\/lv\/\",\"name\":\"spinbetterapk\",\"description\":\"spinbetterapk casino\",\"potentialAction\":[{\"@type\":\"SearchAction\",\"target\":{\"@type\":\"EntryPoint\",\"urlTemplate\":\"https:\/\/spinbetter-apk.app\/lv\/?s={search_term_string}\"},\"query-input\":{\"@type\":\"PropertyValueSpecification\",\"valueRequired\":true,\"valueName\":\"search_term_string\"}}],\"inLanguage\":\"lv-LV\"}]}<\/script>\n<!-- \/ Yoast SEO plugin. -->","yoast_head_json":{"title":"100 bezmaksas momenti abonementam \ud83e\udc12 Sa\u0146emiet bonusu vietn\u0113 Telegram","description":"Abon\u0113 SpinBetter kazino Telegram kan\u0101lu un sa\u0146em 100 bezmaksas griezienu bonusu! Sekojiet l\u012bdzi ekskluz\u012bv\u0101m akcij\u0101m, aktiviz\u0113jiet rekl\u0101mas kodu un laim\u0113jiet!","robots":{"index":"index","follow":"follow","max-snippet":"max-snippet:-1","max-image-preview":"max-image-preview:large","max-video-preview":"max-video-preview:-1"},"og_locale":"lv_LV","og_type":"article","og_title":"100 bezmaksas momenti abonementam \ud83e\udc12 Sa\u0146emiet bonusu vietn\u0113 Telegram","og_description":"Abon\u0113 SpinBetter kazino Telegram kan\u0101lu un sa\u0146em 100 bezmaksas griezienu bonusu! Sekojiet l\u012bdzi ekskluz\u012bv\u0101m akcij\u0101m, aktiviz\u0113jiet rekl\u0101mas kodu un laim\u0113jiet!","og_url":"https:\/\/spinbetter-apk.app\/lv\/bonuses\/telegram\/","og_site_name":"Spinbetter Apk LV","article_modified_time":"2025-06-25T10:31:30+00:00","twitter_card":"summary_large_image","schema":{"@context":"https:\/\/schema.org","@graph":[{"@type":"WebPage","@id":"https:\/\/spinbetter-apk.app\/lv\/bonuses\/telegram\/","url":"https:\/\/spinbetter-apk.app\/lv\/bonuses\/telegram\/","name":"100 bezmaksas momenti abonementam \ud83e\udc12 Sa\u0146emiet bonusu vietn\u0113 Telegram","isPartOf":{"@id":"https:\/\/spinbetter-apk.app\/lv\/#website"},"datePublished":"2025-06-25T10:25:03+00:00","dateModified":"2025-06-25T10:31:30+00:00","description":"Abon\u0113 SpinBetter kazino Telegram kan\u0101lu un sa\u0146em 100 bezmaksas griezienu bonusu! Sekojiet l\u012bdzi ekskluz\u012bv\u0101m akcij\u0101m, aktiviz\u0113jiet rekl\u0101mas kodu un laim\u0113jiet!","breadcrumb":{"@id":"https:\/\/spinbetter-apk.app\/lv\/bonuses\/telegram\/#breadcrumb"},"inLanguage":"lv-LV","potentialAction":[{"@type":"ReadAction","target":["https:\/\/spinbetter-apk.app\/lv\/bonuses\/telegram\/"]}]},{"@type":"BreadcrumbList","@id":"https:\/\/spinbetter-apk.app\/lv\/bonuses\/telegram\/#breadcrumb","itemListElement":[{"@type":"ListItem","position":1,"name":"Home","item":"https:\/\/spinbetter-apk.app\/lv\/"},{"@type":"ListItem","position":2,"name":"Bonusi","item":"https:\/\/spinbetter-apk.app\/lv\/bonuses\/"},{"@type":"ListItem","position":3,"name":"Telegramma"}]},{"@type":"WebSite","@id":"https:\/\/spinbetter-apk.app\/lv\/#website","url":"https:\/\/spinbetter-apk.app\/lv\/","name":"spinbetterapk","description":"spinbetterapk casino","potentialAction":[{"@type":"SearchAction","target":{"@type":"EntryPoint","urlTemplate":"https:\/\/spinbetter-apk.app\/lv\/?s={search_term_string}"},"query-input":{"@type":"PropertyValueSpecification","valueRequired":true,"valueName":"search_term_string"}}],"inLanguage":"lv-LV"}]}},"_links":{"self":[{"href":"https:\/\/spinbetter-apk.app\/lv\/wp-json\/wp\/v2\/pages\/559","targetHints":{"allow":["GET"]}}],"collection":[{"href":"https:\/\/spinbetter-apk.app\/lv\/wp-json\/wp\/v2\/pages"}],"about":[{"href":"https:\/\/spinbetter-apk.app\/lv\/wp-json\/wp\/v2\/types\/page"}],"author":[{"embeddable":true,"href":"https:\/\/spinbetter-apk.app\/lv\/wp-json\/wp\/v2\/users\/1"}],"replies":[{"embeddable":true,"href":"https:\/\/spinbetter-apk.app\/lv\/wp-json\/wp\/v2\/comments?post=559"}],"version-history":[{"count":2,"href":"https:\/\/spinbetter-apk.app\/lv\/wp-json\/wp\/v2\/pages\/559\/revisions"}],"predecessor-version":[{"id":561,"href":"https:\/\/spinbetter-apk.app\/lv\/wp-json\/wp\/v2\/pages\/559\/revisions\/561"}],"up":[{"embeddable":true,"href":"https:\/\/spinbetter-apk.app\/lv\/wp-json\/wp\/v2\/pages\/322"}],"wp:attachment":[{"href":"https:\/\/spinbetter-apk.app\/lv\/wp-json\/wp\/v2\/media?parent=559"}],"curies":[{"name":"wp","href":"https:\/\/api.w.org\/{rel}","templated":true}]}}