{"id":557,"date":"2025-06-25T10:04:27","date_gmt":"2025-06-25T10:04:27","guid":{"rendered":"https:\/\/spinbetter-apk.app\/lv\/?page_id=557"},"modified":"2025-06-25T10:04:27","modified_gmt":"2025-06-25T10:04:27","slug":"advance-bet","status":"publish","type":"page","link":"https:\/\/spinbetter-apk.app\/lv\/bonuses\/advance-bet\/","title":{"rendered":"Iepriek\u0161\u0113ja likme"},"content":{"rendered":"","protected":false},"excerpt":{"rendered":"","protected":false},"author":1,"featured_media":0,"parent":322,"menu_order":0,"comment_status":"closed","ping_status":"closed","template":"","meta":{"footnotes":""},"class_list":["post-557","page","type-page","status-publish","hentry"],"yoast_head":"<!-- This site is optimized with the Yoast SEO plugin v23.4 - https:\/\/yoast.com\/wordpress\/plugins\/seo\/ -->\n<title>Iepriek\u0161\u0113jas likmes \ud83e\udc12 Veiciet likmes pat bez atlikuma<\/title>\n<meta name=\"description\" content=\"Jums ir neapr\u0113\u0137in\u0101tas likmes, un j\u016bsu atlikums ir nulle? SpinBetter pied\u0101v\u0101 iepriek\u0161\u0113jas likmes! Veiciet likmes uz tie\u0161raides un gaid\u0101majiem notikumiem, negaidot iemaksu.\" \/>\n<meta name=\"robots\" content=\"index, follow, max-snippet:-1, max-image-preview:large, max-video-preview:-1\" \/>\n<meta property=\"og:locale\" content=\"lv_LV\" \/>\n<meta property=\"og:type\" content=\"article\" \/>\n<meta property=\"og:title\" content=\"Iepriek\u0161\u0113jas likmes \ud83e\udc12 Veiciet likmes pat bez atlikuma\" \/>\n<meta property=\"og:description\" content=\"Jums ir neapr\u0113\u0137in\u0101tas likmes, un j\u016bsu atlikums ir nulle? SpinBetter pied\u0101v\u0101 iepriek\u0161\u0113jas likmes! Veiciet likmes uz tie\u0161raides un gaid\u0101majiem notikumiem, negaidot iemaksu.\" \/>\n<meta property=\"og:url\" content=\"https:\/\/spinbetter-apk.app\/lv\/bonuses\/advance-bet\/\" \/>\n<meta property=\"og:site_name\" content=\"Spinbetter Apk LV\" \/>\n<meta name=\"twitter:card\" content=\"summary_large_image\" \/>\n<script type=\"application\/ld+json\" class=\"yoast-schema-graph\">{\"@context\":\"https:\/\/schema.org\",\"@graph\":[{\"@type\":\"WebPage\",\"@id\":\"https:\/\/spinbetter-apk.app\/lv\/bonuses\/advance-bet\/\",\"url\":\"https:\/\/spinbetter-apk.app\/lv\/bonuses\/advance-bet\/\",\"name\":\"Iepriek\u0161\u0113jas likmes \ud83e\udc12 Veiciet likmes pat bez atlikuma\",\"isPartOf\":{\"@id\":\"https:\/\/spinbetter-apk.app\/lv\/#website\"},\"datePublished\":\"2025-06-25T10:04:27+00:00\",\"dateModified\":\"2025-06-25T10:04:27+00:00\",\"description\":\"Jums ir neapr\u0113\u0137in\u0101tas likmes, un j\u016bsu atlikums ir nulle? SpinBetter pied\u0101v\u0101 iepriek\u0161\u0113jas likmes! Veiciet likmes uz tie\u0161raides un gaid\u0101majiem notikumiem, negaidot iemaksu.\",\"breadcrumb\":{\"@id\":\"https:\/\/spinbetter-apk.app\/lv\/bonuses\/advance-bet\/#breadcrumb\"},\"inLanguage\":\"lv-LV\",\"potentialAction\":[{\"@type\":\"ReadAction\",\"target\":[\"https:\/\/spinbetter-apk.app\/lv\/bonuses\/advance-bet\/\"]}]},{\"@type\":\"BreadcrumbList\",\"@id\":\"https:\/\/spinbetter-apk.app\/lv\/bonuses\/advance-bet\/#breadcrumb\",\"itemListElement\":[{\"@type\":\"ListItem\",\"position\":1,\"name\":\"Home\",\"item\":\"https:\/\/spinbetter-apk.app\/lv\/\"},{\"@type\":\"ListItem\",\"position\":2,\"name\":\"Bonusi\",\"item\":\"https:\/\/spinbetter-apk.app\/lv\/bonuses\/\"},{\"@type\":\"ListItem\",\"position\":3,\"name\":\"Iepriek\u0161\u0113ja likme\"}]},{\"@type\":\"WebSite\",\"@id\":\"https:\/\/spinbetter-apk.app\/lv\/#website\",\"url\":\"https:\/\/spinbetter-apk.app\/lv\/\",\"name\":\"spinbetterapk\",\"description\":\"spinbetterapk casino\",\"potentialAction\":[{\"@type\":\"SearchAction\",\"target\":{\"@type\":\"EntryPoint\",\"urlTemplate\":\"https:\/\/spinbetter-apk.app\/lv\/?s={search_term_string}\"},\"query-input\":{\"@type\":\"PropertyValueSpecification\",\"valueRequired\":true,\"valueName\":\"search_term_string\"}}],\"inLanguage\":\"lv-LV\"}]}<\/script>\n<!-- \/ Yoast SEO plugin. -->","yoast_head_json":{"title":"Iepriek\u0161\u0113jas likmes \ud83e\udc12 Veiciet likmes pat bez atlikuma","description":"Jums ir neapr\u0113\u0137in\u0101tas likmes, un j\u016bsu atlikums ir nulle? SpinBetter pied\u0101v\u0101 iepriek\u0161\u0113jas likmes! Veiciet likmes uz tie\u0161raides un gaid\u0101majiem notikumiem, negaidot iemaksu.","robots":{"index":"index","follow":"follow","max-snippet":"max-snippet:-1","max-image-preview":"max-image-preview:large","max-video-preview":"max-video-preview:-1"},"og_locale":"lv_LV","og_type":"article","og_title":"Iepriek\u0161\u0113jas likmes \ud83e\udc12 Veiciet likmes pat bez atlikuma","og_description":"Jums ir neapr\u0113\u0137in\u0101tas likmes, un j\u016bsu atlikums ir nulle? SpinBetter pied\u0101v\u0101 iepriek\u0161\u0113jas likmes! Veiciet likmes uz tie\u0161raides un gaid\u0101majiem notikumiem, negaidot iemaksu.","og_url":"https:\/\/spinbetter-apk.app\/lv\/bonuses\/advance-bet\/","og_site_name":"Spinbetter Apk LV","twitter_card":"summary_large_image","schema":{"@context":"https:\/\/schema.org","@graph":[{"@type":"WebPage","@id":"https:\/\/spinbetter-apk.app\/lv\/bonuses\/advance-bet\/","url":"https:\/\/spinbetter-apk.app\/lv\/bonuses\/advance-bet\/","name":"Iepriek\u0161\u0113jas likmes \ud83e\udc12 Veiciet likmes pat bez atlikuma","isPartOf":{"@id":"https:\/\/spinbetter-apk.app\/lv\/#website"},"datePublished":"2025-06-25T10:04:27+00:00","dateModified":"2025-06-25T10:04:27+00:00","description":"Jums ir neapr\u0113\u0137in\u0101tas likmes, un j\u016bsu atlikums ir nulle? SpinBetter pied\u0101v\u0101 iepriek\u0161\u0113jas likmes! Veiciet likmes uz tie\u0161raides un gaid\u0101majiem notikumiem, negaidot iemaksu.","breadcrumb":{"@id":"https:\/\/spinbetter-apk.app\/lv\/bonuses\/advance-bet\/#breadcrumb"},"inLanguage":"lv-LV","potentialAction":[{"@type":"ReadAction","target":["https:\/\/spinbetter-apk.app\/lv\/bonuses\/advance-bet\/"]}]},{"@type":"BreadcrumbList","@id":"https:\/\/spinbetter-apk.app\/lv\/bonuses\/advance-bet\/#breadcrumb","itemListElement":[{"@type":"ListItem","position":1,"name":"Home","item":"https:\/\/spinbetter-apk.app\/lv\/"},{"@type":"ListItem","position":2,"name":"Bonusi","item":"https:\/\/spinbetter-apk.app\/lv\/bonuses\/"},{"@type":"ListItem","position":3,"name":"Iepriek\u0161\u0113ja likme"}]},{"@type":"WebSite","@id":"https:\/\/spinbetter-apk.app\/lv\/#website","url":"https:\/\/spinbetter-apk.app\/lv\/","name":"spinbetterapk","description":"spinbetterapk casino","potentialAction":[{"@type":"SearchAction","target":{"@type":"EntryPoint","urlTemplate":"https:\/\/spinbetter-apk.app\/lv\/?s={search_term_string}"},"query-input":{"@type":"PropertyValueSpecification","valueRequired":true,"valueName":"search_term_string"}}],"inLanguage":"lv-LV"}]}},"_links":{"self":[{"href":"https:\/\/spinbetter-apk.app\/lv\/wp-json\/wp\/v2\/pages\/557","targetHints":{"allow":["GET"]}}],"collection":[{"href":"https:\/\/spinbetter-apk.app\/lv\/wp-json\/wp\/v2\/pages"}],"about":[{"href":"https:\/\/spinbetter-apk.app\/lv\/wp-json\/wp\/v2\/types\/page"}],"author":[{"embeddable":true,"href":"https:\/\/spinbetter-apk.app\/lv\/wp-json\/wp\/v2\/users\/1"}],"replies":[{"embeddable":true,"href":"https:\/\/spinbetter-apk.app\/lv\/wp-json\/wp\/v2\/comments?post=557"}],"version-history":[{"count":1,"href":"https:\/\/spinbetter-apk.app\/lv\/wp-json\/wp\/v2\/pages\/557\/revisions"}],"predecessor-version":[{"id":558,"href":"https:\/\/spinbetter-apk.app\/lv\/wp-json\/wp\/v2\/pages\/557\/revisions\/558"}],"up":[{"embeddable":true,"href":"https:\/\/spinbetter-apk.app\/lv\/wp-json\/wp\/v2\/pages\/322"}],"wp:attachment":[{"href":"https:\/\/spinbetter-apk.app\/lv\/wp-json\/wp\/v2\/media?parent=557"}],"curies":[{"name":"wp","href":"https:\/\/api.w.org\/{rel}","templated":true}]}}