{"id":554,"date":"2025-06-25T09:26:51","date_gmt":"2025-06-25T09:26:51","guid":{"rendered":"https:\/\/spinbetter-apk.app\/lv\/?page_id=554"},"modified":"2025-06-25T09:27:32","modified_gmt":"2025-06-25T09:27:32","slug":"bad-bets","status":"publish","type":"page","link":"https:\/\/spinbetter-apk.app\/lv\/bonuses\/bad-bets\/","title":{"rendered":"Sliktu likmju bonuss"},"content":{"rendered":"","protected":false},"excerpt":{"rendered":"","protected":false},"author":1,"featured_media":0,"parent":322,"menu_order":0,"comment_status":"closed","ping_status":"closed","template":"","meta":{"footnotes":""},"class_list":["post-554","page","type-page","status-publish","hentry"],"yoast_head":"<!-- This site is optimized with the Yoast SEO plugin v23.4 - https:\/\/yoast.com\/wordpress\/plugins\/seo\/ -->\n<title>Bonuss par neveiksm\u012bgu likmju s\u0113riju \ud83e\udc12 Sa\u0146emiet l\u012bdz pat 500 EUR<\/title>\n<meta name=\"description\" content=\"Veic\u0101t 20 neveiksm\u012bgas likmes p\u0113c k\u0101rtas? SpinBetter j\u016bs atbalst\u012bs! Sa\u0146emiet bonusu l\u012bdz pat 500 EUR, kompens\u0113jiet savas neveiksmes un atgriezieties sp\u0113l\u0113 ar jaunu sparu!\" \/>\n<meta name=\"robots\" content=\"index, follow, max-snippet:-1, max-image-preview:large, max-video-preview:-1\" \/>\n<meta property=\"og:locale\" content=\"lv_LV\" \/>\n<meta property=\"og:type\" content=\"article\" \/>\n<meta property=\"og:title\" content=\"Bonuss par neveiksm\u012bgu likmju s\u0113riju \ud83e\udc12 Sa\u0146emiet l\u012bdz pat 500 EUR\" \/>\n<meta property=\"og:description\" content=\"Veic\u0101t 20 neveiksm\u012bgas likmes p\u0113c k\u0101rtas? SpinBetter j\u016bs atbalst\u012bs! Sa\u0146emiet bonusu l\u012bdz pat 500 EUR, kompens\u0113jiet savas neveiksmes un atgriezieties sp\u0113l\u0113 ar jaunu sparu!\" \/>\n<meta property=\"og:url\" content=\"https:\/\/spinbetter-apk.app\/lv\/bonuses\/bad-bets\/\" \/>\n<meta property=\"og:site_name\" content=\"Spinbetter Apk LV\" \/>\n<meta property=\"article:modified_time\" content=\"2025-06-25T09:27:32+00:00\" \/>\n<meta name=\"twitter:card\" content=\"summary_large_image\" \/>\n<script type=\"application\/ld+json\" class=\"yoast-schema-graph\">{\"@context\":\"https:\/\/schema.org\",\"@graph\":[{\"@type\":\"WebPage\",\"@id\":\"https:\/\/spinbetter-apk.app\/lv\/bonuses\/bad-bets\/\",\"url\":\"https:\/\/spinbetter-apk.app\/lv\/bonuses\/bad-bets\/\",\"name\":\"Bonuss par neveiksm\u012bgu likmju s\u0113riju \ud83e\udc12 Sa\u0146emiet l\u012bdz pat 500 EUR\",\"isPartOf\":{\"@id\":\"https:\/\/spinbetter-apk.app\/lv\/#website\"},\"datePublished\":\"2025-06-25T09:26:51+00:00\",\"dateModified\":\"2025-06-25T09:27:32+00:00\",\"description\":\"Veic\u0101t 20 neveiksm\u012bgas likmes p\u0113c k\u0101rtas? SpinBetter j\u016bs atbalst\u012bs! Sa\u0146emiet bonusu l\u012bdz pat 500 EUR, kompens\u0113jiet savas neveiksmes un atgriezieties sp\u0113l\u0113 ar jaunu sparu!\",\"breadcrumb\":{\"@id\":\"https:\/\/spinbetter-apk.app\/lv\/bonuses\/bad-bets\/#breadcrumb\"},\"inLanguage\":\"lv-LV\",\"potentialAction\":[{\"@type\":\"ReadAction\",\"target\":[\"https:\/\/spinbetter-apk.app\/lv\/bonuses\/bad-bets\/\"]}]},{\"@type\":\"BreadcrumbList\",\"@id\":\"https:\/\/spinbetter-apk.app\/lv\/bonuses\/bad-bets\/#breadcrumb\",\"itemListElement\":[{\"@type\":\"ListItem\",\"position\":1,\"name\":\"Home\",\"item\":\"https:\/\/spinbetter-apk.app\/lv\/\"},{\"@type\":\"ListItem\",\"position\":2,\"name\":\"Bonusi\",\"item\":\"https:\/\/spinbetter-apk.app\/lv\/bonuses\/\"},{\"@type\":\"ListItem\",\"position\":3,\"name\":\"Sliktu likmju bonuss\"}]},{\"@type\":\"WebSite\",\"@id\":\"https:\/\/spinbetter-apk.app\/lv\/#website\",\"url\":\"https:\/\/spinbetter-apk.app\/lv\/\",\"name\":\"spinbetterapk\",\"description\":\"spinbetterapk casino\",\"potentialAction\":[{\"@type\":\"SearchAction\",\"target\":{\"@type\":\"EntryPoint\",\"urlTemplate\":\"https:\/\/spinbetter-apk.app\/lv\/?s={search_term_string}\"},\"query-input\":{\"@type\":\"PropertyValueSpecification\",\"valueRequired\":true,\"valueName\":\"search_term_string\"}}],\"inLanguage\":\"lv-LV\"}]}<\/script>\n<!-- \/ Yoast SEO plugin. -->","yoast_head_json":{"title":"Bonuss par neveiksm\u012bgu likmju s\u0113riju \ud83e\udc12 Sa\u0146emiet l\u012bdz pat 500 EUR","description":"Veic\u0101t 20 neveiksm\u012bgas likmes p\u0113c k\u0101rtas? SpinBetter j\u016bs atbalst\u012bs! Sa\u0146emiet bonusu l\u012bdz pat 500 EUR, kompens\u0113jiet savas neveiksmes un atgriezieties sp\u0113l\u0113 ar jaunu sparu!","robots":{"index":"index","follow":"follow","max-snippet":"max-snippet:-1","max-image-preview":"max-image-preview:large","max-video-preview":"max-video-preview:-1"},"og_locale":"lv_LV","og_type":"article","og_title":"Bonuss par neveiksm\u012bgu likmju s\u0113riju \ud83e\udc12 Sa\u0146emiet l\u012bdz pat 500 EUR","og_description":"Veic\u0101t 20 neveiksm\u012bgas likmes p\u0113c k\u0101rtas? SpinBetter j\u016bs atbalst\u012bs! Sa\u0146emiet bonusu l\u012bdz pat 500 EUR, kompens\u0113jiet savas neveiksmes un atgriezieties sp\u0113l\u0113 ar jaunu sparu!","og_url":"https:\/\/spinbetter-apk.app\/lv\/bonuses\/bad-bets\/","og_site_name":"Spinbetter Apk LV","article_modified_time":"2025-06-25T09:27:32+00:00","twitter_card":"summary_large_image","schema":{"@context":"https:\/\/schema.org","@graph":[{"@type":"WebPage","@id":"https:\/\/spinbetter-apk.app\/lv\/bonuses\/bad-bets\/","url":"https:\/\/spinbetter-apk.app\/lv\/bonuses\/bad-bets\/","name":"Bonuss par neveiksm\u012bgu likmju s\u0113riju \ud83e\udc12 Sa\u0146emiet l\u012bdz pat 500 EUR","isPartOf":{"@id":"https:\/\/spinbetter-apk.app\/lv\/#website"},"datePublished":"2025-06-25T09:26:51+00:00","dateModified":"2025-06-25T09:27:32+00:00","description":"Veic\u0101t 20 neveiksm\u012bgas likmes p\u0113c k\u0101rtas? SpinBetter j\u016bs atbalst\u012bs! Sa\u0146emiet bonusu l\u012bdz pat 500 EUR, kompens\u0113jiet savas neveiksmes un atgriezieties sp\u0113l\u0113 ar jaunu sparu!","breadcrumb":{"@id":"https:\/\/spinbetter-apk.app\/lv\/bonuses\/bad-bets\/#breadcrumb"},"inLanguage":"lv-LV","potentialAction":[{"@type":"ReadAction","target":["https:\/\/spinbetter-apk.app\/lv\/bonuses\/bad-bets\/"]}]},{"@type":"BreadcrumbList","@id":"https:\/\/spinbetter-apk.app\/lv\/bonuses\/bad-bets\/#breadcrumb","itemListElement":[{"@type":"ListItem","position":1,"name":"Home","item":"https:\/\/spinbetter-apk.app\/lv\/"},{"@type":"ListItem","position":2,"name":"Bonusi","item":"https:\/\/spinbetter-apk.app\/lv\/bonuses\/"},{"@type":"ListItem","position":3,"name":"Sliktu likmju bonuss"}]},{"@type":"WebSite","@id":"https:\/\/spinbetter-apk.app\/lv\/#website","url":"https:\/\/spinbetter-apk.app\/lv\/","name":"spinbetterapk","description":"spinbetterapk casino","potentialAction":[{"@type":"SearchAction","target":{"@type":"EntryPoint","urlTemplate":"https:\/\/spinbetter-apk.app\/lv\/?s={search_term_string}"},"query-input":{"@type":"PropertyValueSpecification","valueRequired":true,"valueName":"search_term_string"}}],"inLanguage":"lv-LV"}]}},"_links":{"self":[{"href":"https:\/\/spinbetter-apk.app\/lv\/wp-json\/wp\/v2\/pages\/554","targetHints":{"allow":["GET"]}}],"collection":[{"href":"https:\/\/spinbetter-apk.app\/lv\/wp-json\/wp\/v2\/pages"}],"about":[{"href":"https:\/\/spinbetter-apk.app\/lv\/wp-json\/wp\/v2\/types\/page"}],"author":[{"embeddable":true,"href":"https:\/\/spinbetter-apk.app\/lv\/wp-json\/wp\/v2\/users\/1"}],"replies":[{"embeddable":true,"href":"https:\/\/spinbetter-apk.app\/lv\/wp-json\/wp\/v2\/comments?post=554"}],"version-history":[{"count":2,"href":"https:\/\/spinbetter-apk.app\/lv\/wp-json\/wp\/v2\/pages\/554\/revisions"}],"predecessor-version":[{"id":556,"href":"https:\/\/spinbetter-apk.app\/lv\/wp-json\/wp\/v2\/pages\/554\/revisions\/556"}],"up":[{"embeddable":true,"href":"https:\/\/spinbetter-apk.app\/lv\/wp-json\/wp\/v2\/pages\/322"}],"wp:attachment":[{"href":"https:\/\/spinbetter-apk.app\/lv\/wp-json\/wp\/v2\/media?parent=554"}],"curies":[{"name":"wp","href":"https:\/\/api.w.org\/{rel}","templated":true}]}}