{"id":548,"date":"2025-06-25T09:10:37","date_gmt":"2025-06-25T09:10:37","guid":{"rendered":"https:\/\/spinbetter-apk.app\/lv\/?page_id=548"},"modified":"2025-06-25T09:11:49","modified_gmt":"2025-06-25T09:11:49","slug":"spinbetter-deposit-lottery","status":"publish","type":"page","link":"https:\/\/spinbetter-apk.app\/lv\/bonuses\/spinbetter-deposit-lottery\/","title":{"rendered":"SpinBetter depoz\u012bta loterija"},"content":{"rendered":"","protected":false},"excerpt":{"rendered":"","protected":false},"author":1,"featured_media":0,"parent":322,"menu_order":0,"comment_status":"closed","ping_status":"closed","template":"","meta":{"footnotes":""},"class_list":["post-548","page","type-page","status-publish","hentry"],"yoast_head":"<!-- This site is optimized with the Yoast SEO plugin v23.4 - https:\/\/yoast.com\/wordpress\/plugins\/seo\/ -->\n<title>SpinBetter depoz\u012bta loterija \ud83e\udc12 Bezmaksas likmes un rekl\u0101mas punkti katru ned\u0113\u013cu<\/title>\n<meta name=\"description\" content=\"Veiciet iemaksas no 3 EUR SpinBetter kazino, ieg\u016bstiet bi\u013cetes un piedalieties ikned\u0113\u013cas izloz\u0113 ar 30\u00a0000 EUR bezmaksas likm\u0113m un 2\u00a0000\u00a0000 rekl\u0101mas punktiem! Jo vair\u0101k bi\u013ce\u0161u sa\u0146emsiet, jo liel\u0101kas b\u016bs j\u016bsu izredzes uzvar\u0113t. Piedalieties t\u016bl\u012bt!\" \/>\n<meta name=\"robots\" content=\"index, follow, max-snippet:-1, max-image-preview:large, max-video-preview:-1\" \/>\n<meta property=\"og:locale\" content=\"lv_LV\" \/>\n<meta property=\"og:type\" content=\"article\" \/>\n<meta property=\"og:title\" content=\"SpinBetter depoz\u012bta loterija \ud83e\udc12 Bezmaksas likmes un rekl\u0101mas punkti katru ned\u0113\u013cu\" \/>\n<meta property=\"og:description\" content=\"Veiciet iemaksas no 3 EUR SpinBetter kazino, ieg\u016bstiet bi\u013cetes un piedalieties ikned\u0113\u013cas izloz\u0113 ar 30\u00a0000 EUR bezmaksas likm\u0113m un 2\u00a0000\u00a0000 rekl\u0101mas punktiem! Jo vair\u0101k bi\u013ce\u0161u sa\u0146emsiet, jo liel\u0101kas b\u016bs j\u016bsu izredzes uzvar\u0113t. Piedalieties t\u016bl\u012bt!\" \/>\n<meta property=\"og:url\" content=\"https:\/\/spinbetter-apk.app\/lv\/bonuses\/spinbetter-deposit-lottery\/\" \/>\n<meta property=\"og:site_name\" content=\"Spinbetter Apk LV\" \/>\n<meta property=\"article:modified_time\" content=\"2025-06-25T09:11:49+00:00\" \/>\n<meta name=\"twitter:card\" content=\"summary_large_image\" \/>\n<script type=\"application\/ld+json\" class=\"yoast-schema-graph\">{\"@context\":\"https:\/\/schema.org\",\"@graph\":[{\"@type\":\"WebPage\",\"@id\":\"https:\/\/spinbetter-apk.app\/lv\/bonuses\/spinbetter-deposit-lottery\/\",\"url\":\"https:\/\/spinbetter-apk.app\/lv\/bonuses\/spinbetter-deposit-lottery\/\",\"name\":\"SpinBetter depoz\u012bta loterija \ud83e\udc12 Bezmaksas likmes un rekl\u0101mas punkti katru ned\u0113\u013cu\",\"isPartOf\":{\"@id\":\"https:\/\/spinbetter-apk.app\/lv\/#website\"},\"datePublished\":\"2025-06-25T09:10:37+00:00\",\"dateModified\":\"2025-06-25T09:11:49+00:00\",\"description\":\"Veiciet iemaksas no 3 EUR SpinBetter kazino, ieg\u016bstiet bi\u013cetes un piedalieties ikned\u0113\u013cas izloz\u0113 ar 30\u00a0000 EUR bezmaksas likm\u0113m un 2\u00a0000\u00a0000 rekl\u0101mas punktiem! Jo vair\u0101k bi\u013ce\u0161u sa\u0146emsiet, jo liel\u0101kas b\u016bs j\u016bsu izredzes uzvar\u0113t. Piedalieties t\u016bl\u012bt!\",\"breadcrumb\":{\"@id\":\"https:\/\/spinbetter-apk.app\/lv\/bonuses\/spinbetter-deposit-lottery\/#breadcrumb\"},\"inLanguage\":\"lv-LV\",\"potentialAction\":[{\"@type\":\"ReadAction\",\"target\":[\"https:\/\/spinbetter-apk.app\/lv\/bonuses\/spinbetter-deposit-lottery\/\"]}]},{\"@type\":\"BreadcrumbList\",\"@id\":\"https:\/\/spinbetter-apk.app\/lv\/bonuses\/spinbetter-deposit-lottery\/#breadcrumb\",\"itemListElement\":[{\"@type\":\"ListItem\",\"position\":1,\"name\":\"Home\",\"item\":\"https:\/\/spinbetter-apk.app\/lv\/\"},{\"@type\":\"ListItem\",\"position\":2,\"name\":\"Bonusi\",\"item\":\"https:\/\/spinbetter-apk.app\/lv\/bonuses\/\"},{\"@type\":\"ListItem\",\"position\":3,\"name\":\"SpinBetter depoz\u012bta loterija\"}]},{\"@type\":\"WebSite\",\"@id\":\"https:\/\/spinbetter-apk.app\/lv\/#website\",\"url\":\"https:\/\/spinbetter-apk.app\/lv\/\",\"name\":\"spinbetterapk\",\"description\":\"spinbetterapk casino\",\"potentialAction\":[{\"@type\":\"SearchAction\",\"target\":{\"@type\":\"EntryPoint\",\"urlTemplate\":\"https:\/\/spinbetter-apk.app\/lv\/?s={search_term_string}\"},\"query-input\":{\"@type\":\"PropertyValueSpecification\",\"valueRequired\":true,\"valueName\":\"search_term_string\"}}],\"inLanguage\":\"lv-LV\"}]}<\/script>\n<!-- \/ Yoast SEO plugin. -->","yoast_head_json":{"title":"SpinBetter depoz\u012bta loterija \ud83e\udc12 Bezmaksas likmes un rekl\u0101mas punkti katru ned\u0113\u013cu","description":"Veiciet iemaksas no 3 EUR SpinBetter kazino, ieg\u016bstiet bi\u013cetes un piedalieties ikned\u0113\u013cas izloz\u0113 ar 30\u00a0000 EUR bezmaksas likm\u0113m un 2\u00a0000\u00a0000 rekl\u0101mas punktiem! Jo vair\u0101k bi\u013ce\u0161u sa\u0146emsiet, jo liel\u0101kas b\u016bs j\u016bsu izredzes uzvar\u0113t. Piedalieties t\u016bl\u012bt!","robots":{"index":"index","follow":"follow","max-snippet":"max-snippet:-1","max-image-preview":"max-image-preview:large","max-video-preview":"max-video-preview:-1"},"og_locale":"lv_LV","og_type":"article","og_title":"SpinBetter depoz\u012bta loterija \ud83e\udc12 Bezmaksas likmes un rekl\u0101mas punkti katru ned\u0113\u013cu","og_description":"Veiciet iemaksas no 3 EUR SpinBetter kazino, ieg\u016bstiet bi\u013cetes un piedalieties ikned\u0113\u013cas izloz\u0113 ar 30\u00a0000 EUR bezmaksas likm\u0113m un 2\u00a0000\u00a0000 rekl\u0101mas punktiem! Jo vair\u0101k bi\u013ce\u0161u sa\u0146emsiet, jo liel\u0101kas b\u016bs j\u016bsu izredzes uzvar\u0113t. Piedalieties t\u016bl\u012bt!","og_url":"https:\/\/spinbetter-apk.app\/lv\/bonuses\/spinbetter-deposit-lottery\/","og_site_name":"Spinbetter Apk LV","article_modified_time":"2025-06-25T09:11:49+00:00","twitter_card":"summary_large_image","schema":{"@context":"https:\/\/schema.org","@graph":[{"@type":"WebPage","@id":"https:\/\/spinbetter-apk.app\/lv\/bonuses\/spinbetter-deposit-lottery\/","url":"https:\/\/spinbetter-apk.app\/lv\/bonuses\/spinbetter-deposit-lottery\/","name":"SpinBetter depoz\u012bta loterija \ud83e\udc12 Bezmaksas likmes un rekl\u0101mas punkti katru ned\u0113\u013cu","isPartOf":{"@id":"https:\/\/spinbetter-apk.app\/lv\/#website"},"datePublished":"2025-06-25T09:10:37+00:00","dateModified":"2025-06-25T09:11:49+00:00","description":"Veiciet iemaksas no 3 EUR SpinBetter kazino, ieg\u016bstiet bi\u013cetes un piedalieties ikned\u0113\u013cas izloz\u0113 ar 30\u00a0000 EUR bezmaksas likm\u0113m un 2\u00a0000\u00a0000 rekl\u0101mas punktiem! Jo vair\u0101k bi\u013ce\u0161u sa\u0146emsiet, jo liel\u0101kas b\u016bs j\u016bsu izredzes uzvar\u0113t. Piedalieties t\u016bl\u012bt!","breadcrumb":{"@id":"https:\/\/spinbetter-apk.app\/lv\/bonuses\/spinbetter-deposit-lottery\/#breadcrumb"},"inLanguage":"lv-LV","potentialAction":[{"@type":"ReadAction","target":["https:\/\/spinbetter-apk.app\/lv\/bonuses\/spinbetter-deposit-lottery\/"]}]},{"@type":"BreadcrumbList","@id":"https:\/\/spinbetter-apk.app\/lv\/bonuses\/spinbetter-deposit-lottery\/#breadcrumb","itemListElement":[{"@type":"ListItem","position":1,"name":"Home","item":"https:\/\/spinbetter-apk.app\/lv\/"},{"@type":"ListItem","position":2,"name":"Bonusi","item":"https:\/\/spinbetter-apk.app\/lv\/bonuses\/"},{"@type":"ListItem","position":3,"name":"SpinBetter depoz\u012bta loterija"}]},{"@type":"WebSite","@id":"https:\/\/spinbetter-apk.app\/lv\/#website","url":"https:\/\/spinbetter-apk.app\/lv\/","name":"spinbetterapk","description":"spinbetterapk casino","potentialAction":[{"@type":"SearchAction","target":{"@type":"EntryPoint","urlTemplate":"https:\/\/spinbetter-apk.app\/lv\/?s={search_term_string}"},"query-input":{"@type":"PropertyValueSpecification","valueRequired":true,"valueName":"search_term_string"}}],"inLanguage":"lv-LV"}]}},"_links":{"self":[{"href":"https:\/\/spinbetter-apk.app\/lv\/wp-json\/wp\/v2\/pages\/548","targetHints":{"allow":["GET"]}}],"collection":[{"href":"https:\/\/spinbetter-apk.app\/lv\/wp-json\/wp\/v2\/pages"}],"about":[{"href":"https:\/\/spinbetter-apk.app\/lv\/wp-json\/wp\/v2\/types\/page"}],"author":[{"embeddable":true,"href":"https:\/\/spinbetter-apk.app\/lv\/wp-json\/wp\/v2\/users\/1"}],"replies":[{"embeddable":true,"href":"https:\/\/spinbetter-apk.app\/lv\/wp-json\/wp\/v2\/comments?post=548"}],"version-history":[{"count":2,"href":"https:\/\/spinbetter-apk.app\/lv\/wp-json\/wp\/v2\/pages\/548\/revisions"}],"predecessor-version":[{"id":550,"href":"https:\/\/spinbetter-apk.app\/lv\/wp-json\/wp\/v2\/pages\/548\/revisions\/550"}],"up":[{"embeddable":true,"href":"https:\/\/spinbetter-apk.app\/lv\/wp-json\/wp\/v2\/pages\/322"}],"wp:attachment":[{"href":"https:\/\/spinbetter-apk.app\/lv\/wp-json\/wp\/v2\/media?parent=548"}],"curies":[{"name":"wp","href":"https:\/\/api.w.org\/{rel}","templated":true}]}}