{"id":316,"date":"2024-11-11T06:14:36","date_gmt":"2024-11-11T06:14:36","guid":{"rendered":"https:\/\/spinbetter-apk.app\/lv\/?page_id=316"},"modified":"2025-03-17T11:58:37","modified_gmt":"2025-03-17T11:58:37","slug":"mirror","status":"publish","type":"page","link":"https:\/\/spinbetter-apk.app\/lv\/mirror\/","title":{"rendered":"Spogulis"},"content":{"rendered":"","protected":false},"excerpt":{"rendered":"","protected":false},"author":1,"featured_media":0,"parent":0,"menu_order":0,"comment_status":"closed","ping_status":"closed","template":"","meta":{"footnotes":""},"class_list":["post-316","page","type-page","status-publish","hentry"],"yoast_head":"<!-- This site is optimized with the Yoast SEO plugin v23.4 - https:\/\/yoast.com\/wordpress\/plugins\/seo\/ -->\n<title>SpinBetter Mirror - apiet blo\u0137\u0113\u0161anu, dro\u0161a piek\u013cuve<\/title>\n<meta name=\"description\" content=\"Uzziniet, kas ir SpinBetter spogu\u013ci. K\u0101 tie darbojas un nodro\u0161ina piek\u013cuvi sp\u0113l\u0113m? Detaliz\u0113ts ce\u013cvedis par SpinBetter kazino spogu\u013ciem.\" \/>\n<meta name=\"robots\" content=\"index, follow, max-snippet:-1, max-image-preview:large, max-video-preview:-1\" \/>\n<meta property=\"og:locale\" content=\"lv_LV\" \/>\n<meta property=\"og:type\" content=\"article\" \/>\n<meta property=\"og:title\" content=\"SpinBetter Mirror - apiet blo\u0137\u0113\u0161anu, dro\u0161a piek\u013cuve\" \/>\n<meta property=\"og:description\" content=\"Uzziniet, kas ir SpinBetter spogu\u013ci. K\u0101 tie darbojas un nodro\u0161ina piek\u013cuvi sp\u0113l\u0113m? Detaliz\u0113ts ce\u013cvedis par SpinBetter kazino spogu\u013ciem.\" \/>\n<meta property=\"og:url\" content=\"https:\/\/spinbetter-apk.app\/lv\/mirror\/\" \/>\n<meta property=\"og:site_name\" content=\"Spinbetter Apk LV\" \/>\n<meta property=\"article:modified_time\" content=\"2025-03-17T11:58:37+00:00\" \/>\n<meta name=\"twitter:card\" content=\"summary_large_image\" \/>\n<script type=\"application\/ld+json\" class=\"yoast-schema-graph\">{\"@context\":\"https:\/\/schema.org\",\"@graph\":[{\"@type\":\"WebPage\",\"@id\":\"https:\/\/spinbetter-apk.app\/lv\/mirror\/\",\"url\":\"https:\/\/spinbetter-apk.app\/lv\/mirror\/\",\"name\":\"SpinBetter Mirror - apiet blo\u0137\u0113\u0161anu, dro\u0161a piek\u013cuve\",\"isPartOf\":{\"@id\":\"https:\/\/spinbetter-apk.app\/lv\/#website\"},\"datePublished\":\"2024-11-11T06:14:36+00:00\",\"dateModified\":\"2025-03-17T11:58:37+00:00\",\"description\":\"Uzziniet, kas ir SpinBetter spogu\u013ci. K\u0101 tie darbojas un nodro\u0161ina piek\u013cuvi sp\u0113l\u0113m? Detaliz\u0113ts ce\u013cvedis par SpinBetter kazino spogu\u013ciem.\",\"breadcrumb\":{\"@id\":\"https:\/\/spinbetter-apk.app\/lv\/mirror\/#breadcrumb\"},\"inLanguage\":\"lv-LV\",\"potentialAction\":[{\"@type\":\"ReadAction\",\"target\":[\"https:\/\/spinbetter-apk.app\/lv\/mirror\/\"]}]},{\"@type\":\"BreadcrumbList\",\"@id\":\"https:\/\/spinbetter-apk.app\/lv\/mirror\/#breadcrumb\",\"itemListElement\":[{\"@type\":\"ListItem\",\"position\":1,\"name\":\"Home\",\"item\":\"https:\/\/spinbetter-apk.app\/lv\/\"},{\"@type\":\"ListItem\",\"position\":2,\"name\":\"Spogulis\"}]},{\"@type\":\"WebSite\",\"@id\":\"https:\/\/spinbetter-apk.app\/lv\/#website\",\"url\":\"https:\/\/spinbetter-apk.app\/lv\/\",\"name\":\"spinbetterapk\",\"description\":\"spinbetterapk casino\",\"potentialAction\":[{\"@type\":\"SearchAction\",\"target\":{\"@type\":\"EntryPoint\",\"urlTemplate\":\"https:\/\/spinbetter-apk.app\/lv\/?s={search_term_string}\"},\"query-input\":{\"@type\":\"PropertyValueSpecification\",\"valueRequired\":true,\"valueName\":\"search_term_string\"}}],\"inLanguage\":\"lv-LV\"}]}<\/script>\n<!-- \/ Yoast SEO plugin. -->","yoast_head_json":{"title":"SpinBetter Mirror - apiet blo\u0137\u0113\u0161anu, dro\u0161a piek\u013cuve","description":"Uzziniet, kas ir SpinBetter spogu\u013ci. K\u0101 tie darbojas un nodro\u0161ina piek\u013cuvi sp\u0113l\u0113m? Detaliz\u0113ts ce\u013cvedis par SpinBetter kazino spogu\u013ciem.","robots":{"index":"index","follow":"follow","max-snippet":"max-snippet:-1","max-image-preview":"max-image-preview:large","max-video-preview":"max-video-preview:-1"},"og_locale":"lv_LV","og_type":"article","og_title":"SpinBetter Mirror - apiet blo\u0137\u0113\u0161anu, dro\u0161a piek\u013cuve","og_description":"Uzziniet, kas ir SpinBetter spogu\u013ci. K\u0101 tie darbojas un nodro\u0161ina piek\u013cuvi sp\u0113l\u0113m? Detaliz\u0113ts ce\u013cvedis par SpinBetter kazino spogu\u013ciem.","og_url":"https:\/\/spinbetter-apk.app\/lv\/mirror\/","og_site_name":"Spinbetter Apk LV","article_modified_time":"2025-03-17T11:58:37+00:00","twitter_card":"summary_large_image","schema":{"@context":"https:\/\/schema.org","@graph":[{"@type":"WebPage","@id":"https:\/\/spinbetter-apk.app\/lv\/mirror\/","url":"https:\/\/spinbetter-apk.app\/lv\/mirror\/","name":"SpinBetter Mirror - apiet blo\u0137\u0113\u0161anu, dro\u0161a piek\u013cuve","isPartOf":{"@id":"https:\/\/spinbetter-apk.app\/lv\/#website"},"datePublished":"2024-11-11T06:14:36+00:00","dateModified":"2025-03-17T11:58:37+00:00","description":"Uzziniet, kas ir SpinBetter spogu\u013ci. K\u0101 tie darbojas un nodro\u0161ina piek\u013cuvi sp\u0113l\u0113m? Detaliz\u0113ts ce\u013cvedis par SpinBetter kazino spogu\u013ciem.","breadcrumb":{"@id":"https:\/\/spinbetter-apk.app\/lv\/mirror\/#breadcrumb"},"inLanguage":"lv-LV","potentialAction":[{"@type":"ReadAction","target":["https:\/\/spinbetter-apk.app\/lv\/mirror\/"]}]},{"@type":"BreadcrumbList","@id":"https:\/\/spinbetter-apk.app\/lv\/mirror\/#breadcrumb","itemListElement":[{"@type":"ListItem","position":1,"name":"Home","item":"https:\/\/spinbetter-apk.app\/lv\/"},{"@type":"ListItem","position":2,"name":"Spogulis"}]},{"@type":"WebSite","@id":"https:\/\/spinbetter-apk.app\/lv\/#website","url":"https:\/\/spinbetter-apk.app\/lv\/","name":"spinbetterapk","description":"spinbetterapk casino","potentialAction":[{"@type":"SearchAction","target":{"@type":"EntryPoint","urlTemplate":"https:\/\/spinbetter-apk.app\/lv\/?s={search_term_string}"},"query-input":{"@type":"PropertyValueSpecification","valueRequired":true,"valueName":"search_term_string"}}],"inLanguage":"lv-LV"}]}},"_links":{"self":[{"href":"https:\/\/spinbetter-apk.app\/lv\/wp-json\/wp\/v2\/pages\/316","targetHints":{"allow":["GET"]}}],"collection":[{"href":"https:\/\/spinbetter-apk.app\/lv\/wp-json\/wp\/v2\/pages"}],"about":[{"href":"https:\/\/spinbetter-apk.app\/lv\/wp-json\/wp\/v2\/types\/page"}],"author":[{"embeddable":true,"href":"https:\/\/spinbetter-apk.app\/lv\/wp-json\/wp\/v2\/users\/1"}],"replies":[{"embeddable":true,"href":"https:\/\/spinbetter-apk.app\/lv\/wp-json\/wp\/v2\/comments?post=316"}],"version-history":[{"count":25,"href":"https:\/\/spinbetter-apk.app\/lv\/wp-json\/wp\/v2\/pages\/316\/revisions"}],"predecessor-version":[{"id":531,"href":"https:\/\/spinbetter-apk.app\/lv\/wp-json\/wp\/v2\/pages\/316\/revisions\/531"}],"wp:attachment":[{"href":"https:\/\/spinbetter-apk.app\/lv\/wp-json\/wp\/v2\/media?parent=316"}],"curies":[{"name":"wp","href":"https:\/\/api.w.org\/{rel}","templated":true}]}}