{"id":2,"date":"2023-05-18T17:18:34","date_gmt":"2023-05-18T17:18:34","guid":{"rendered":"https:\/\/spinbetter-apk.app\/lv\/?page_id=2"},"modified":"2026-01-12T14:13:32","modified_gmt":"2026-01-12T14:13:32","slug":"spinbetter","status":"publish","type":"page","link":"https:\/\/spinbetter-apk.app\/lv\/","title":{"rendered":"S\u0101kums"},"content":{"rendered":"","protected":false},"excerpt":{"rendered":"","protected":false},"author":1,"featured_media":0,"parent":0,"menu_order":0,"comment_status":"closed","ping_status":"open","template":"","meta":{"footnotes":""},"class_list":["post-2","page","type-page","status-publish","hentry"],"yoast_head":"<!-- This site is optimized with the Yoast SEO plugin v23.4 - https:\/\/yoast.com\/wordpress\/plugins\/seo\/ -->\n<title>SpinBetter: Funkcijas, pr\u0113mijas un svar\u012bg\u0101kie notikumi: iesp\u0113jas, pr\u0113mijas un izce\u013c<\/title>\n<meta name=\"description\" content=\"Viss par SpinBetter vien\u0101 rakst\u0101 - no bonusiem un likmju iesp\u0113j\u0101m l\u012bdz atbalstam, dro\u0161\u012bbai un re\u0123ion\u0101lajai pieejam\u012bbai.\" \/>\n<meta name=\"robots\" content=\"index, follow, max-snippet:-1, max-image-preview:large, max-video-preview:-1\" \/>\n<meta property=\"og:locale\" content=\"lv_LV\" \/>\n<meta property=\"og:type\" content=\"article\" \/>\n<meta property=\"og:title\" content=\"SpinBetter: Funkcijas, pr\u0113mijas un svar\u012bg\u0101kie notikumi: iesp\u0113jas, pr\u0113mijas un izce\u013c\" \/>\n<meta property=\"og:description\" content=\"Viss par SpinBetter vien\u0101 rakst\u0101 - no bonusiem un likmju iesp\u0113j\u0101m l\u012bdz atbalstam, dro\u0161\u012bbai un re\u0123ion\u0101lajai pieejam\u012bbai.\" \/>\n<meta property=\"og:url\" content=\"https:\/\/spinbetter-apk.app\/lv\/\" \/>\n<meta property=\"og:site_name\" content=\"Spinbetter Apk LV\" \/>\n<meta property=\"article:modified_time\" content=\"2026-01-12T14:13:32+00:00\" \/>\n<meta name=\"twitter:card\" content=\"summary_large_image\" \/>\n<script type=\"application\/ld+json\" class=\"yoast-schema-graph\">{\"@context\":\"https:\/\/schema.org\",\"@graph\":[{\"@type\":\"WebPage\",\"@id\":\"https:\/\/spinbetter-apk.app\/lv\/\",\"url\":\"https:\/\/spinbetter-apk.app\/lv\/\",\"name\":\"SpinBetter: Funkcijas, pr\u0113mijas un svar\u012bg\u0101kie notikumi: iesp\u0113jas, pr\u0113mijas un izce\u013c\",\"isPartOf\":{\"@id\":\"https:\/\/spinbetter-apk.app\/lv\/#website\"},\"datePublished\":\"2023-05-18T17:18:34+00:00\",\"dateModified\":\"2026-01-12T14:13:32+00:00\",\"description\":\"Viss par SpinBetter vien\u0101 rakst\u0101 - no bonusiem un likmju iesp\u0113j\u0101m l\u012bdz atbalstam, dro\u0161\u012bbai un re\u0123ion\u0101lajai pieejam\u012bbai.\",\"breadcrumb\":{\"@id\":\"https:\/\/spinbetter-apk.app\/lv\/#breadcrumb\"},\"inLanguage\":\"lv-LV\",\"potentialAction\":[{\"@type\":\"ReadAction\",\"target\":[\"https:\/\/spinbetter-apk.app\/lv\/\"]}]},{\"@type\":\"BreadcrumbList\",\"@id\":\"https:\/\/spinbetter-apk.app\/lv\/#breadcrumb\",\"itemListElement\":[{\"@type\":\"ListItem\",\"position\":1,\"name\":\"Home\",\"item\":\"https:\/\/spinbetter-apk.app\/lv\/\"},{\"@type\":\"ListItem\",\"position\":2,\"name\":\"S\u0101kums\"}]},{\"@type\":\"WebSite\",\"@id\":\"https:\/\/spinbetter-apk.app\/lv\/#website\",\"url\":\"https:\/\/spinbetter-apk.app\/lv\/\",\"name\":\"spinbetterapk\",\"description\":\"spinbetterapk casino\",\"potentialAction\":[{\"@type\":\"SearchAction\",\"target\":{\"@type\":\"EntryPoint\",\"urlTemplate\":\"https:\/\/spinbetter-apk.app\/lv\/?s={search_term_string}\"},\"query-input\":{\"@type\":\"PropertyValueSpecification\",\"valueRequired\":true,\"valueName\":\"search_term_string\"}}],\"inLanguage\":\"lv-LV\"}]}<\/script>\n<!-- \/ Yoast SEO plugin. -->","yoast_head_json":{"title":"SpinBetter: Funkcijas, pr\u0113mijas un svar\u012bg\u0101kie notikumi: iesp\u0113jas, pr\u0113mijas un izce\u013c","description":"Viss par SpinBetter vien\u0101 rakst\u0101 - no bonusiem un likmju iesp\u0113j\u0101m l\u012bdz atbalstam, dro\u0161\u012bbai un re\u0123ion\u0101lajai pieejam\u012bbai.","robots":{"index":"index","follow":"follow","max-snippet":"max-snippet:-1","max-image-preview":"max-image-preview:large","max-video-preview":"max-video-preview:-1"},"og_locale":"lv_LV","og_type":"article","og_title":"SpinBetter: Funkcijas, pr\u0113mijas un svar\u012bg\u0101kie notikumi: iesp\u0113jas, pr\u0113mijas un izce\u013c","og_description":"Viss par SpinBetter vien\u0101 rakst\u0101 - no bonusiem un likmju iesp\u0113j\u0101m l\u012bdz atbalstam, dro\u0161\u012bbai un re\u0123ion\u0101lajai pieejam\u012bbai.","og_url":"https:\/\/spinbetter-apk.app\/lv\/","og_site_name":"Spinbetter Apk LV","article_modified_time":"2026-01-12T14:13:32+00:00","twitter_card":"summary_large_image","schema":{"@context":"https:\/\/schema.org","@graph":[{"@type":"WebPage","@id":"https:\/\/spinbetter-apk.app\/lv\/","url":"https:\/\/spinbetter-apk.app\/lv\/","name":"SpinBetter: Funkcijas, pr\u0113mijas un svar\u012bg\u0101kie notikumi: iesp\u0113jas, pr\u0113mijas un izce\u013c","isPartOf":{"@id":"https:\/\/spinbetter-apk.app\/lv\/#website"},"datePublished":"2023-05-18T17:18:34+00:00","dateModified":"2026-01-12T14:13:32+00:00","description":"Viss par SpinBetter vien\u0101 rakst\u0101 - no bonusiem un likmju iesp\u0113j\u0101m l\u012bdz atbalstam, dro\u0161\u012bbai un re\u0123ion\u0101lajai pieejam\u012bbai.","breadcrumb":{"@id":"https:\/\/spinbetter-apk.app\/lv\/#breadcrumb"},"inLanguage":"lv-LV","potentialAction":[{"@type":"ReadAction","target":["https:\/\/spinbetter-apk.app\/lv\/"]}]},{"@type":"BreadcrumbList","@id":"https:\/\/spinbetter-apk.app\/lv\/#breadcrumb","itemListElement":[{"@type":"ListItem","position":1,"name":"Home","item":"https:\/\/spinbetter-apk.app\/lv\/"},{"@type":"ListItem","position":2,"name":"S\u0101kums"}]},{"@type":"WebSite","@id":"https:\/\/spinbetter-apk.app\/lv\/#website","url":"https:\/\/spinbetter-apk.app\/lv\/","name":"spinbetterapk","description":"spinbetterapk casino","potentialAction":[{"@type":"SearchAction","target":{"@type":"EntryPoint","urlTemplate":"https:\/\/spinbetter-apk.app\/lv\/?s={search_term_string}"},"query-input":{"@type":"PropertyValueSpecification","valueRequired":true,"valueName":"search_term_string"}}],"inLanguage":"lv-LV"}]}},"_links":{"self":[{"href":"https:\/\/spinbetter-apk.app\/lv\/wp-json\/wp\/v2\/pages\/2","targetHints":{"allow":["GET"]}}],"collection":[{"href":"https:\/\/spinbetter-apk.app\/lv\/wp-json\/wp\/v2\/pages"}],"about":[{"href":"https:\/\/spinbetter-apk.app\/lv\/wp-json\/wp\/v2\/types\/page"}],"author":[{"embeddable":true,"href":"https:\/\/spinbetter-apk.app\/lv\/wp-json\/wp\/v2\/users\/1"}],"replies":[{"embeddable":true,"href":"https:\/\/spinbetter-apk.app\/lv\/wp-json\/wp\/v2\/comments?post=2"}],"version-history":[{"count":83,"href":"https:\/\/spinbetter-apk.app\/lv\/wp-json\/wp\/v2\/pages\/2\/revisions"}],"predecessor-version":[{"id":588,"href":"https:\/\/spinbetter-apk.app\/lv\/wp-json\/wp\/v2\/pages\/2\/revisions\/588"}],"wp:attachment":[{"href":"https:\/\/spinbetter-apk.app\/lv\/wp-json\/wp\/v2\/media?parent=2"}],"curies":[{"name":"wp","href":"https:\/\/api.w.org\/{rel}","templated":true}]}}