{"id":674,"date":"2025-07-08T13:45:24","date_gmt":"2025-07-08T13:45:24","guid":{"rendered":"https:\/\/spinbetter-apk.app\/lu\/?page_id=674"},"modified":"2026-01-12T13:32:11","modified_gmt":"2026-01-12T13:32:11","slug":"spinbetter-loyalty-program","status":"publish","type":"page","link":"https:\/\/spinbetter-apk.app\/lu\/bonuses\/spinbetter-loyalty-program\/","title":{"rendered":"SpinBetter Loyalty Program"},"content":{"rendered":"","protected":false},"excerpt":{"rendered":"","protected":false},"author":1,"featured_media":0,"parent":322,"menu_order":0,"comment_status":"closed","ping_status":"closed","template":"","meta":{"footnotes":""},"class_list":["post-674","page","type-page","status-publish","hentry"],"yoast_head":"<!-- This site is optimized with the Yoast SEO plugin v23.4 - https:\/\/yoast.com\/wordpress\/plugins\/seo\/ -->\n<title>Programme de fid\u00e9lit\u00e9 SpinBetter \ud83c\uddf1\ud83c\uddfa<\/title>\n<meta name=\"description\" content=\"Le programme de fid\u00e9lit\u00e9 SpinBetter offre des bonus et r\u00e9compenses aux joueurs actifs.\" \/>\n<meta name=\"robots\" content=\"index, follow, max-snippet:-1, max-image-preview:large, max-video-preview:-1\" \/>\n<meta property=\"og:locale\" content=\"nl_NL\" \/>\n<meta property=\"og:type\" content=\"article\" \/>\n<meta property=\"og:title\" content=\"Programme de fid\u00e9lit\u00e9 SpinBetter \ud83c\uddf1\ud83c\uddfa\" \/>\n<meta property=\"og:description\" content=\"Le programme de fid\u00e9lit\u00e9 SpinBetter offre des bonus et r\u00e9compenses aux joueurs actifs.\" \/>\n<meta property=\"og:url\" content=\"https:\/\/spinbetter-apk.app\/lu\/bonuses\/spinbetter-loyalty-program\/\" \/>\n<meta property=\"og:site_name\" content=\"Spinbetterapk LU\" \/>\n<meta property=\"article:modified_time\" content=\"2026-01-12T13:32:11+00:00\" \/>\n<meta name=\"twitter:card\" content=\"summary_large_image\" \/>\n<script type=\"application\/ld+json\" class=\"yoast-schema-graph\">{\"@context\":\"https:\/\/schema.org\",\"@graph\":[{\"@type\":\"WebPage\",\"@id\":\"https:\/\/spinbetter-apk.app\/lu\/bonuses\/spinbetter-loyalty-program\/\",\"url\":\"https:\/\/spinbetter-apk.app\/lu\/bonuses\/spinbetter-loyalty-program\/\",\"name\":\"Programme de fid\u00e9lit\u00e9 SpinBetter \ud83c\uddf1\ud83c\uddfa\",\"isPartOf\":{\"@id\":\"https:\/\/spinbetter-apk.app\/lu\/#website\"},\"datePublished\":\"2025-07-08T13:45:24+00:00\",\"dateModified\":\"2026-01-12T13:32:11+00:00\",\"description\":\"Le programme de fid\u00e9lit\u00e9 SpinBetter offre des bonus et r\u00e9compenses aux joueurs actifs.\",\"breadcrumb\":{\"@id\":\"https:\/\/spinbetter-apk.app\/lu\/bonuses\/spinbetter-loyalty-program\/#breadcrumb\"},\"inLanguage\":\"nl-NL\",\"potentialAction\":[{\"@type\":\"ReadAction\",\"target\":[\"https:\/\/spinbetter-apk.app\/lu\/bonuses\/spinbetter-loyalty-program\/\"]}]},{\"@type\":\"BreadcrumbList\",\"@id\":\"https:\/\/spinbetter-apk.app\/lu\/bonuses\/spinbetter-loyalty-program\/#breadcrumb\",\"itemListElement\":[{\"@type\":\"ListItem\",\"position\":1,\"name\":\"Home\",\"item\":\"https:\/\/spinbetter-apk.app\/lu\/\"},{\"@type\":\"ListItem\",\"position\":2,\"name\":\"Bonus\",\"item\":\"https:\/\/spinbetter-apk.app\/lu\/bonuses\/\"},{\"@type\":\"ListItem\",\"position\":3,\"name\":\"SpinBetter Loyalty Program\"}]},{\"@type\":\"WebSite\",\"@id\":\"https:\/\/spinbetter-apk.app\/lu\/#website\",\"url\":\"https:\/\/spinbetter-apk.app\/lu\/\",\"name\":\"spinbetterapk\",\"description\":\"spinbetterapk casino\",\"potentialAction\":[{\"@type\":\"SearchAction\",\"target\":{\"@type\":\"EntryPoint\",\"urlTemplate\":\"https:\/\/spinbetter-apk.app\/lu\/?s={search_term_string}\"},\"query-input\":{\"@type\":\"PropertyValueSpecification\",\"valueRequired\":true,\"valueName\":\"search_term_string\"}}],\"inLanguage\":\"nl-NL\"}]}<\/script>\n<!-- \/ Yoast SEO plugin. -->","yoast_head_json":{"title":"Programme de fid\u00e9lit\u00e9 SpinBetter \ud83c\uddf1\ud83c\uddfa","description":"Le programme de fid\u00e9lit\u00e9 SpinBetter offre des bonus et r\u00e9compenses aux joueurs actifs.","robots":{"index":"index","follow":"follow","max-snippet":"max-snippet:-1","max-image-preview":"max-image-preview:large","max-video-preview":"max-video-preview:-1"},"og_locale":"nl_NL","og_type":"article","og_title":"Programme de fid\u00e9lit\u00e9 SpinBetter \ud83c\uddf1\ud83c\uddfa","og_description":"Le programme de fid\u00e9lit\u00e9 SpinBetter offre des bonus et r\u00e9compenses aux joueurs actifs.","og_url":"https:\/\/spinbetter-apk.app\/lu\/bonuses\/spinbetter-loyalty-program\/","og_site_name":"Spinbetterapk LU","article_modified_time":"2026-01-12T13:32:11+00:00","twitter_card":"summary_large_image","schema":{"@context":"https:\/\/schema.org","@graph":[{"@type":"WebPage","@id":"https:\/\/spinbetter-apk.app\/lu\/bonuses\/spinbetter-loyalty-program\/","url":"https:\/\/spinbetter-apk.app\/lu\/bonuses\/spinbetter-loyalty-program\/","name":"Programme de fid\u00e9lit\u00e9 SpinBetter \ud83c\uddf1\ud83c\uddfa","isPartOf":{"@id":"https:\/\/spinbetter-apk.app\/lu\/#website"},"datePublished":"2025-07-08T13:45:24+00:00","dateModified":"2026-01-12T13:32:11+00:00","description":"Le programme de fid\u00e9lit\u00e9 SpinBetter offre des bonus et r\u00e9compenses aux joueurs actifs.","breadcrumb":{"@id":"https:\/\/spinbetter-apk.app\/lu\/bonuses\/spinbetter-loyalty-program\/#breadcrumb"},"inLanguage":"nl-NL","potentialAction":[{"@type":"ReadAction","target":["https:\/\/spinbetter-apk.app\/lu\/bonuses\/spinbetter-loyalty-program\/"]}]},{"@type":"BreadcrumbList","@id":"https:\/\/spinbetter-apk.app\/lu\/bonuses\/spinbetter-loyalty-program\/#breadcrumb","itemListElement":[{"@type":"ListItem","position":1,"name":"Home","item":"https:\/\/spinbetter-apk.app\/lu\/"},{"@type":"ListItem","position":2,"name":"Bonus","item":"https:\/\/spinbetter-apk.app\/lu\/bonuses\/"},{"@type":"ListItem","position":3,"name":"SpinBetter Loyalty Program"}]},{"@type":"WebSite","@id":"https:\/\/spinbetter-apk.app\/lu\/#website","url":"https:\/\/spinbetter-apk.app\/lu\/","name":"spinbetterapk","description":"spinbetterapk casino","potentialAction":[{"@type":"SearchAction","target":{"@type":"EntryPoint","urlTemplate":"https:\/\/spinbetter-apk.app\/lu\/?s={search_term_string}"},"query-input":{"@type":"PropertyValueSpecification","valueRequired":true,"valueName":"search_term_string"}}],"inLanguage":"nl-NL"}]}},"_links":{"self":[{"href":"https:\/\/spinbetter-apk.app\/lu\/wp-json\/wp\/v2\/pages\/674","targetHints":{"allow":["GET"]}}],"collection":[{"href":"https:\/\/spinbetter-apk.app\/lu\/wp-json\/wp\/v2\/pages"}],"about":[{"href":"https:\/\/spinbetter-apk.app\/lu\/wp-json\/wp\/v2\/types\/page"}],"author":[{"embeddable":true,"href":"https:\/\/spinbetter-apk.app\/lu\/wp-json\/wp\/v2\/users\/1"}],"replies":[{"embeddable":true,"href":"https:\/\/spinbetter-apk.app\/lu\/wp-json\/wp\/v2\/comments?post=674"}],"version-history":[{"count":15,"href":"https:\/\/spinbetter-apk.app\/lu\/wp-json\/wp\/v2\/pages\/674\/revisions"}],"predecessor-version":[{"id":787,"href":"https:\/\/spinbetter-apk.app\/lu\/wp-json\/wp\/v2\/pages\/674\/revisions\/787"}],"up":[{"embeddable":true,"href":"https:\/\/spinbetter-apk.app\/lu\/wp-json\/wp\/v2\/pages\/322"}],"wp:attachment":[{"href":"https:\/\/spinbetter-apk.app\/lu\/wp-json\/wp\/v2\/media?parent=674"}],"curies":[{"name":"wp","href":"https:\/\/api.w.org\/{rel}","templated":true}]}}