{"id":329,"date":"2024-11-11T07:31:17","date_gmt":"2024-11-11T07:31:17","guid":{"rendered":"https:\/\/spinbetter-apk.app\/lu\/?page_id=329"},"modified":"2025-08-07T13:46:37","modified_gmt":"2025-08-07T13:46:37","slug":"download","status":"publish","type":"page","link":"https:\/\/spinbetter-apk.app\/lu\/download\/","title":{"rendered":"Eroflueden"},"content":{"rendered":"","protected":false},"excerpt":{"rendered":"","protected":false},"author":1,"featured_media":0,"parent":0,"menu_order":0,"comment_status":"closed","ping_status":"closed","template":"","meta":{"footnotes":""},"class_list":["post-329","page","type-page","status-publish","hentry"],"yoast_head":"<!-- This site is optimized with the Yoast SEO plugin v23.4 - https:\/\/yoast.com\/wordpress\/plugins\/seo\/ -->\n<title>Download SpinBetter APK &gt; W\u00e9i install\u00e9iert Dir D &#039; App<\/title>\n<meta name=\"description\" content=\"L\u00e9iert w\u00e9i Dir SpinBetter apk eroflueden a konfigur\u00e9iere fir bequem Ze Spillen. Iwwerbl\u00e9ck iwwer SpinBetter apk, S\u00e9cherheetsastellungen.\" \/>\n<meta name=\"robots\" content=\"index, follow, max-snippet:-1, max-image-preview:large, max-video-preview:-1\" \/>\n<meta property=\"og:locale\" content=\"nl_NL\" \/>\n<meta property=\"og:type\" content=\"article\" \/>\n<meta property=\"og:title\" content=\"Download SpinBetter APK &gt; W\u00e9i install\u00e9iert Dir D &#039; App\" \/>\n<meta property=\"og:description\" content=\"L\u00e9iert w\u00e9i Dir SpinBetter apk eroflueden a konfigur\u00e9iere fir bequem Ze Spillen. Iwwerbl\u00e9ck iwwer SpinBetter apk, S\u00e9cherheetsastellungen.\" \/>\n<meta property=\"og:url\" content=\"https:\/\/spinbetter-apk.app\/lu\/download\/\" \/>\n<meta property=\"og:site_name\" content=\"Spinbetterapk LU\" \/>\n<meta property=\"article:modified_time\" content=\"2025-08-07T13:46:37+00:00\" \/>\n<meta name=\"twitter:card\" content=\"summary_large_image\" \/>\n<script type=\"application\/ld+json\" class=\"yoast-schema-graph\">{\"@context\":\"https:\/\/schema.org\",\"@graph\":[{\"@type\":\"WebPage\",\"@id\":\"https:\/\/spinbetter-apk.app\/lu\/download\/\",\"url\":\"https:\/\/spinbetter-apk.app\/lu\/download\/\",\"name\":\"Download SpinBetter APK > W\u00e9i install\u00e9iert Dir D ' App\",\"isPartOf\":{\"@id\":\"https:\/\/spinbetter-apk.app\/lu\/#website\"},\"datePublished\":\"2024-11-11T07:31:17+00:00\",\"dateModified\":\"2025-08-07T13:46:37+00:00\",\"description\":\"L\u00e9iert w\u00e9i Dir SpinBetter apk eroflueden a konfigur\u00e9iere fir bequem Ze Spillen. Iwwerbl\u00e9ck iwwer SpinBetter apk, S\u00e9cherheetsastellungen.\",\"breadcrumb\":{\"@id\":\"https:\/\/spinbetter-apk.app\/lu\/download\/#breadcrumb\"},\"inLanguage\":\"nl-NL\",\"potentialAction\":[{\"@type\":\"ReadAction\",\"target\":[\"https:\/\/spinbetter-apk.app\/lu\/download\/\"]}]},{\"@type\":\"BreadcrumbList\",\"@id\":\"https:\/\/spinbetter-apk.app\/lu\/download\/#breadcrumb\",\"itemListElement\":[{\"@type\":\"ListItem\",\"position\":1,\"name\":\"Home\",\"item\":\"https:\/\/spinbetter-apk.app\/lu\/\"},{\"@type\":\"ListItem\",\"position\":2,\"name\":\"Eroflueden\"}]},{\"@type\":\"WebSite\",\"@id\":\"https:\/\/spinbetter-apk.app\/lu\/#website\",\"url\":\"https:\/\/spinbetter-apk.app\/lu\/\",\"name\":\"spinbetterapk\",\"description\":\"spinbetterapk casino\",\"potentialAction\":[{\"@type\":\"SearchAction\",\"target\":{\"@type\":\"EntryPoint\",\"urlTemplate\":\"https:\/\/spinbetter-apk.app\/lu\/?s={search_term_string}\"},\"query-input\":{\"@type\":\"PropertyValueSpecification\",\"valueRequired\":true,\"valueName\":\"search_term_string\"}}],\"inLanguage\":\"nl-NL\"}]}<\/script>\n<!-- \/ Yoast SEO plugin. -->","yoast_head_json":{"title":"Download SpinBetter APK > W\u00e9i install\u00e9iert Dir D ' App","description":"L\u00e9iert w\u00e9i Dir SpinBetter apk eroflueden a konfigur\u00e9iere fir bequem Ze Spillen. Iwwerbl\u00e9ck iwwer SpinBetter apk, S\u00e9cherheetsastellungen.","robots":{"index":"index","follow":"follow","max-snippet":"max-snippet:-1","max-image-preview":"max-image-preview:large","max-video-preview":"max-video-preview:-1"},"og_locale":"nl_NL","og_type":"article","og_title":"Download SpinBetter APK > W\u00e9i install\u00e9iert Dir D ' App","og_description":"L\u00e9iert w\u00e9i Dir SpinBetter apk eroflueden a konfigur\u00e9iere fir bequem Ze Spillen. Iwwerbl\u00e9ck iwwer SpinBetter apk, S\u00e9cherheetsastellungen.","og_url":"https:\/\/spinbetter-apk.app\/lu\/download\/","og_site_name":"Spinbetterapk LU","article_modified_time":"2025-08-07T13:46:37+00:00","twitter_card":"summary_large_image","schema":{"@context":"https:\/\/schema.org","@graph":[{"@type":"WebPage","@id":"https:\/\/spinbetter-apk.app\/lu\/download\/","url":"https:\/\/spinbetter-apk.app\/lu\/download\/","name":"Download SpinBetter APK > W\u00e9i install\u00e9iert Dir D ' App","isPartOf":{"@id":"https:\/\/spinbetter-apk.app\/lu\/#website"},"datePublished":"2024-11-11T07:31:17+00:00","dateModified":"2025-08-07T13:46:37+00:00","description":"L\u00e9iert w\u00e9i Dir SpinBetter apk eroflueden a konfigur\u00e9iere fir bequem Ze Spillen. Iwwerbl\u00e9ck iwwer SpinBetter apk, S\u00e9cherheetsastellungen.","breadcrumb":{"@id":"https:\/\/spinbetter-apk.app\/lu\/download\/#breadcrumb"},"inLanguage":"nl-NL","potentialAction":[{"@type":"ReadAction","target":["https:\/\/spinbetter-apk.app\/lu\/download\/"]}]},{"@type":"BreadcrumbList","@id":"https:\/\/spinbetter-apk.app\/lu\/download\/#breadcrumb","itemListElement":[{"@type":"ListItem","position":1,"name":"Home","item":"https:\/\/spinbetter-apk.app\/lu\/"},{"@type":"ListItem","position":2,"name":"Eroflueden"}]},{"@type":"WebSite","@id":"https:\/\/spinbetter-apk.app\/lu\/#website","url":"https:\/\/spinbetter-apk.app\/lu\/","name":"spinbetterapk","description":"spinbetterapk casino","potentialAction":[{"@type":"SearchAction","target":{"@type":"EntryPoint","urlTemplate":"https:\/\/spinbetter-apk.app\/lu\/?s={search_term_string}"},"query-input":{"@type":"PropertyValueSpecification","valueRequired":true,"valueName":"search_term_string"}}],"inLanguage":"nl-NL"}]}},"_links":{"self":[{"href":"https:\/\/spinbetter-apk.app\/lu\/wp-json\/wp\/v2\/pages\/329","targetHints":{"allow":["GET"]}}],"collection":[{"href":"https:\/\/spinbetter-apk.app\/lu\/wp-json\/wp\/v2\/pages"}],"about":[{"href":"https:\/\/spinbetter-apk.app\/lu\/wp-json\/wp\/v2\/types\/page"}],"author":[{"embeddable":true,"href":"https:\/\/spinbetter-apk.app\/lu\/wp-json\/wp\/v2\/users\/1"}],"replies":[{"embeddable":true,"href":"https:\/\/spinbetter-apk.app\/lu\/wp-json\/wp\/v2\/comments?post=329"}],"version-history":[{"count":23,"href":"https:\/\/spinbetter-apk.app\/lu\/wp-json\/wp\/v2\/pages\/329\/revisions"}],"predecessor-version":[{"id":749,"href":"https:\/\/spinbetter-apk.app\/lu\/wp-json\/wp\/v2\/pages\/329\/revisions\/749"}],"wp:attachment":[{"href":"https:\/\/spinbetter-apk.app\/lu\/wp-json\/wp\/v2\/media?parent=329"}],"curies":[{"name":"wp","href":"https:\/\/api.w.org\/{rel}","templated":true}]}}