{"id":322,"date":"2024-11-11T06:50:59","date_gmt":"2024-11-11T06:50:59","guid":{"rendered":"https:\/\/spinbetter-apk.app\/lu\/?page_id=322"},"modified":"2026-01-12T13:33:54","modified_gmt":"2026-01-12T13:33:54","slug":"bonuses","status":"publish","type":"page","link":"https:\/\/spinbetter-apk.app\/lu\/bonuses\/","title":{"rendered":"Bonus"},"content":{"rendered":"","protected":false},"excerpt":{"rendered":"","protected":false},"author":1,"featured_media":0,"parent":0,"menu_order":0,"comment_status":"closed","ping_status":"closed","template":"","meta":{"footnotes":""},"class_list":["post-322","page","type-page","status-publish","hentry"],"yoast_head":"<!-- This site is optimized with the Yoast SEO plugin v23.4 - https:\/\/yoast.com\/wordpress\/plugins\/seo\/ -->\n<title>Spinbetter Bonus &gt; Tipps Fir Gebrauch<\/title>\n<meta name=\"description\" content=\"An d\u00ebsem Artikel l\u00e9iert dir alles wat dir w\u00ebsse musst iwwer Spin Better Bonus, inklusiv D &#039; Aktivatioun vun D\u00ebse Bonus A Wetten Ufuerderunge.\" \/>\n<meta name=\"robots\" content=\"index, follow, max-snippet:-1, max-image-preview:large, max-video-preview:-1\" \/>\n<meta property=\"og:locale\" content=\"nl_NL\" \/>\n<meta property=\"og:type\" content=\"article\" \/>\n<meta property=\"og:title\" content=\"Spinbetter Bonus &gt; Tipps Fir Gebrauch\" \/>\n<meta property=\"og:description\" content=\"An d\u00ebsem Artikel l\u00e9iert dir alles wat dir w\u00ebsse musst iwwer Spin Better Bonus, inklusiv D &#039; Aktivatioun vun D\u00ebse Bonus A Wetten Ufuerderunge.\" \/>\n<meta property=\"og:url\" content=\"https:\/\/spinbetter-apk.app\/lu\/bonuses\/\" \/>\n<meta property=\"og:site_name\" content=\"Spinbetterapk LU\" \/>\n<meta property=\"article:modified_time\" content=\"2026-01-12T13:33:54+00:00\" \/>\n<meta name=\"twitter:card\" content=\"summary_large_image\" \/>\n<script type=\"application\/ld+json\" class=\"yoast-schema-graph\">{\"@context\":\"https:\/\/schema.org\",\"@graph\":[{\"@type\":\"WebPage\",\"@id\":\"https:\/\/spinbetter-apk.app\/lu\/bonuses\/\",\"url\":\"https:\/\/spinbetter-apk.app\/lu\/bonuses\/\",\"name\":\"Spinbetter Bonus > Tipps Fir Gebrauch\",\"isPartOf\":{\"@id\":\"https:\/\/spinbetter-apk.app\/lu\/#website\"},\"datePublished\":\"2024-11-11T06:50:59+00:00\",\"dateModified\":\"2026-01-12T13:33:54+00:00\",\"description\":\"An d\u00ebsem Artikel l\u00e9iert dir alles wat dir w\u00ebsse musst iwwer Spin Better Bonus, inklusiv D ' Aktivatioun vun D\u00ebse Bonus A Wetten Ufuerderunge.\",\"breadcrumb\":{\"@id\":\"https:\/\/spinbetter-apk.app\/lu\/bonuses\/#breadcrumb\"},\"inLanguage\":\"nl-NL\",\"potentialAction\":[{\"@type\":\"ReadAction\",\"target\":[\"https:\/\/spinbetter-apk.app\/lu\/bonuses\/\"]}]},{\"@type\":\"BreadcrumbList\",\"@id\":\"https:\/\/spinbetter-apk.app\/lu\/bonuses\/#breadcrumb\",\"itemListElement\":[{\"@type\":\"ListItem\",\"position\":1,\"name\":\"Home\",\"item\":\"https:\/\/spinbetter-apk.app\/lu\/\"},{\"@type\":\"ListItem\",\"position\":2,\"name\":\"Bonus\"}]},{\"@type\":\"WebSite\",\"@id\":\"https:\/\/spinbetter-apk.app\/lu\/#website\",\"url\":\"https:\/\/spinbetter-apk.app\/lu\/\",\"name\":\"spinbetterapk\",\"description\":\"spinbetterapk casino\",\"potentialAction\":[{\"@type\":\"SearchAction\",\"target\":{\"@type\":\"EntryPoint\",\"urlTemplate\":\"https:\/\/spinbetter-apk.app\/lu\/?s={search_term_string}\"},\"query-input\":{\"@type\":\"PropertyValueSpecification\",\"valueRequired\":true,\"valueName\":\"search_term_string\"}}],\"inLanguage\":\"nl-NL\"}]}<\/script>\n<!-- \/ Yoast SEO plugin. -->","yoast_head_json":{"title":"Spinbetter Bonus > Tipps Fir Gebrauch","description":"An d\u00ebsem Artikel l\u00e9iert dir alles wat dir w\u00ebsse musst iwwer Spin Better Bonus, inklusiv D ' Aktivatioun vun D\u00ebse Bonus A Wetten Ufuerderunge.","robots":{"index":"index","follow":"follow","max-snippet":"max-snippet:-1","max-image-preview":"max-image-preview:large","max-video-preview":"max-video-preview:-1"},"og_locale":"nl_NL","og_type":"article","og_title":"Spinbetter Bonus > Tipps Fir Gebrauch","og_description":"An d\u00ebsem Artikel l\u00e9iert dir alles wat dir w\u00ebsse musst iwwer Spin Better Bonus, inklusiv D ' Aktivatioun vun D\u00ebse Bonus A Wetten Ufuerderunge.","og_url":"https:\/\/spinbetter-apk.app\/lu\/bonuses\/","og_site_name":"Spinbetterapk LU","article_modified_time":"2026-01-12T13:33:54+00:00","twitter_card":"summary_large_image","schema":{"@context":"https:\/\/schema.org","@graph":[{"@type":"WebPage","@id":"https:\/\/spinbetter-apk.app\/lu\/bonuses\/","url":"https:\/\/spinbetter-apk.app\/lu\/bonuses\/","name":"Spinbetter Bonus > Tipps Fir Gebrauch","isPartOf":{"@id":"https:\/\/spinbetter-apk.app\/lu\/#website"},"datePublished":"2024-11-11T06:50:59+00:00","dateModified":"2026-01-12T13:33:54+00:00","description":"An d\u00ebsem Artikel l\u00e9iert dir alles wat dir w\u00ebsse musst iwwer Spin Better Bonus, inklusiv D ' Aktivatioun vun D\u00ebse Bonus A Wetten Ufuerderunge.","breadcrumb":{"@id":"https:\/\/spinbetter-apk.app\/lu\/bonuses\/#breadcrumb"},"inLanguage":"nl-NL","potentialAction":[{"@type":"ReadAction","target":["https:\/\/spinbetter-apk.app\/lu\/bonuses\/"]}]},{"@type":"BreadcrumbList","@id":"https:\/\/spinbetter-apk.app\/lu\/bonuses\/#breadcrumb","itemListElement":[{"@type":"ListItem","position":1,"name":"Home","item":"https:\/\/spinbetter-apk.app\/lu\/"},{"@type":"ListItem","position":2,"name":"Bonus"}]},{"@type":"WebSite","@id":"https:\/\/spinbetter-apk.app\/lu\/#website","url":"https:\/\/spinbetter-apk.app\/lu\/","name":"spinbetterapk","description":"spinbetterapk casino","potentialAction":[{"@type":"SearchAction","target":{"@type":"EntryPoint","urlTemplate":"https:\/\/spinbetter-apk.app\/lu\/?s={search_term_string}"},"query-input":{"@type":"PropertyValueSpecification","valueRequired":true,"valueName":"search_term_string"}}],"inLanguage":"nl-NL"}]}},"_links":{"self":[{"href":"https:\/\/spinbetter-apk.app\/lu\/wp-json\/wp\/v2\/pages\/322","targetHints":{"allow":["GET"]}}],"collection":[{"href":"https:\/\/spinbetter-apk.app\/lu\/wp-json\/wp\/v2\/pages"}],"about":[{"href":"https:\/\/spinbetter-apk.app\/lu\/wp-json\/wp\/v2\/types\/page"}],"author":[{"embeddable":true,"href":"https:\/\/spinbetter-apk.app\/lu\/wp-json\/wp\/v2\/users\/1"}],"replies":[{"embeddable":true,"href":"https:\/\/spinbetter-apk.app\/lu\/wp-json\/wp\/v2\/comments?post=322"}],"version-history":[{"count":30,"href":"https:\/\/spinbetter-apk.app\/lu\/wp-json\/wp\/v2\/pages\/322\/revisions"}],"predecessor-version":[{"id":788,"href":"https:\/\/spinbetter-apk.app\/lu\/wp-json\/wp\/v2\/pages\/322\/revisions\/788"}],"wp:attachment":[{"href":"https:\/\/spinbetter-apk.app\/lu\/wp-json\/wp\/v2\/media?parent=322"}],"curies":[{"name":"wp","href":"https:\/\/api.w.org\/{rel}","templated":true}]}}