{"id":261,"date":"2024-11-08T11:08:00","date_gmt":"2024-11-08T11:08:00","guid":{"rendered":"https:\/\/spinbetter-apk.app\/lu\/?page_id=261"},"modified":"2026-01-12T13:58:20","modified_gmt":"2026-01-12T13:58:20","slug":"login","status":"publish","type":"page","link":"https:\/\/spinbetter-apk.app\/lu\/login\/","title":{"rendered":"Login"},"content":{"rendered":"","protected":false},"excerpt":{"rendered":"","protected":false},"author":1,"featured_media":0,"parent":0,"menu_order":0,"comment_status":"closed","ping_status":"closed","template":"","meta":{"footnotes":""},"class_list":["post-261","page","type-page","status-publish","hentry"],"yoast_head":"<!-- This site is optimized with the Yoast SEO plugin v23.4 - https:\/\/yoast.com\/wordpress\/plugins\/seo\/ -->\n<title>Spin better Login &gt; E Guide Fir S\u00e9cherheet a Methoden<\/title>\n<meta name=\"description\" content=\"L\u00e9iert alles iwwer De Spin-Better-Umellungsprozess&gt; Ariichten 2FA, Benotzen Social Media a Security Tipps. All D\u00e9i Loginmethoden Am Artikel!\" \/>\n<meta name=\"robots\" content=\"index, follow, max-snippet:-1, max-image-preview:large, max-video-preview:-1\" \/>\n<meta property=\"og:locale\" content=\"nl_NL\" \/>\n<meta property=\"og:type\" content=\"article\" \/>\n<meta property=\"og:title\" content=\"Spin better Login &gt; E Guide Fir S\u00e9cherheet a Methoden\" \/>\n<meta property=\"og:description\" content=\"L\u00e9iert alles iwwer De Spin-Better-Umellungsprozess&gt; Ariichten 2FA, Benotzen Social Media a Security Tipps. All D\u00e9i Loginmethoden Am Artikel!\" \/>\n<meta property=\"og:url\" content=\"https:\/\/spinbetter-apk.app\/lu\/login\/\" \/>\n<meta property=\"og:site_name\" content=\"Spinbetterapk LU\" \/>\n<meta property=\"article:modified_time\" content=\"2026-01-12T13:58:20+00:00\" \/>\n<meta name=\"twitter:card\" content=\"summary_large_image\" \/>\n<script type=\"application\/ld+json\" class=\"yoast-schema-graph\">{\"@context\":\"https:\/\/schema.org\",\"@graph\":[{\"@type\":\"WebPage\",\"@id\":\"https:\/\/spinbetter-apk.app\/lu\/login\/\",\"url\":\"https:\/\/spinbetter-apk.app\/lu\/login\/\",\"name\":\"Spin better Login > E Guide Fir S\u00e9cherheet a Methoden\",\"isPartOf\":{\"@id\":\"https:\/\/spinbetter-apk.app\/lu\/#website\"},\"datePublished\":\"2024-11-08T11:08:00+00:00\",\"dateModified\":\"2026-01-12T13:58:20+00:00\",\"description\":\"L\u00e9iert alles iwwer De Spin-Better-Umellungsprozess> Ariichten 2FA, Benotzen Social Media a Security Tipps. All D\u00e9i Loginmethoden Am Artikel!\",\"breadcrumb\":{\"@id\":\"https:\/\/spinbetter-apk.app\/lu\/login\/#breadcrumb\"},\"inLanguage\":\"nl-NL\",\"potentialAction\":[{\"@type\":\"ReadAction\",\"target\":[\"https:\/\/spinbetter-apk.app\/lu\/login\/\"]}]},{\"@type\":\"BreadcrumbList\",\"@id\":\"https:\/\/spinbetter-apk.app\/lu\/login\/#breadcrumb\",\"itemListElement\":[{\"@type\":\"ListItem\",\"position\":1,\"name\":\"Home\",\"item\":\"https:\/\/spinbetter-apk.app\/lu\/\"},{\"@type\":\"ListItem\",\"position\":2,\"name\":\"Login\"}]},{\"@type\":\"WebSite\",\"@id\":\"https:\/\/spinbetter-apk.app\/lu\/#website\",\"url\":\"https:\/\/spinbetter-apk.app\/lu\/\",\"name\":\"spinbetterapk\",\"description\":\"spinbetterapk casino\",\"potentialAction\":[{\"@type\":\"SearchAction\",\"target\":{\"@type\":\"EntryPoint\",\"urlTemplate\":\"https:\/\/spinbetter-apk.app\/lu\/?s={search_term_string}\"},\"query-input\":{\"@type\":\"PropertyValueSpecification\",\"valueRequired\":true,\"valueName\":\"search_term_string\"}}],\"inLanguage\":\"nl-NL\"}]}<\/script>\n<!-- \/ Yoast SEO plugin. -->","yoast_head_json":{"title":"Spin better Login > E Guide Fir S\u00e9cherheet a Methoden","description":"L\u00e9iert alles iwwer De Spin-Better-Umellungsprozess> Ariichten 2FA, Benotzen Social Media a Security Tipps. All D\u00e9i Loginmethoden Am Artikel!","robots":{"index":"index","follow":"follow","max-snippet":"max-snippet:-1","max-image-preview":"max-image-preview:large","max-video-preview":"max-video-preview:-1"},"og_locale":"nl_NL","og_type":"article","og_title":"Spin better Login > E Guide Fir S\u00e9cherheet a Methoden","og_description":"L\u00e9iert alles iwwer De Spin-Better-Umellungsprozess> Ariichten 2FA, Benotzen Social Media a Security Tipps. All D\u00e9i Loginmethoden Am Artikel!","og_url":"https:\/\/spinbetter-apk.app\/lu\/login\/","og_site_name":"Spinbetterapk LU","article_modified_time":"2026-01-12T13:58:20+00:00","twitter_card":"summary_large_image","schema":{"@context":"https:\/\/schema.org","@graph":[{"@type":"WebPage","@id":"https:\/\/spinbetter-apk.app\/lu\/login\/","url":"https:\/\/spinbetter-apk.app\/lu\/login\/","name":"Spin better Login > E Guide Fir S\u00e9cherheet a Methoden","isPartOf":{"@id":"https:\/\/spinbetter-apk.app\/lu\/#website"},"datePublished":"2024-11-08T11:08:00+00:00","dateModified":"2026-01-12T13:58:20+00:00","description":"L\u00e9iert alles iwwer De Spin-Better-Umellungsprozess> Ariichten 2FA, Benotzen Social Media a Security Tipps. All D\u00e9i Loginmethoden Am Artikel!","breadcrumb":{"@id":"https:\/\/spinbetter-apk.app\/lu\/login\/#breadcrumb"},"inLanguage":"nl-NL","potentialAction":[{"@type":"ReadAction","target":["https:\/\/spinbetter-apk.app\/lu\/login\/"]}]},{"@type":"BreadcrumbList","@id":"https:\/\/spinbetter-apk.app\/lu\/login\/#breadcrumb","itemListElement":[{"@type":"ListItem","position":1,"name":"Home","item":"https:\/\/spinbetter-apk.app\/lu\/"},{"@type":"ListItem","position":2,"name":"Login"}]},{"@type":"WebSite","@id":"https:\/\/spinbetter-apk.app\/lu\/#website","url":"https:\/\/spinbetter-apk.app\/lu\/","name":"spinbetterapk","description":"spinbetterapk casino","potentialAction":[{"@type":"SearchAction","target":{"@type":"EntryPoint","urlTemplate":"https:\/\/spinbetter-apk.app\/lu\/?s={search_term_string}"},"query-input":{"@type":"PropertyValueSpecification","valueRequired":true,"valueName":"search_term_string"}}],"inLanguage":"nl-NL"}]}},"_links":{"self":[{"href":"https:\/\/spinbetter-apk.app\/lu\/wp-json\/wp\/v2\/pages\/261","targetHints":{"allow":["GET"]}}],"collection":[{"href":"https:\/\/spinbetter-apk.app\/lu\/wp-json\/wp\/v2\/pages"}],"about":[{"href":"https:\/\/spinbetter-apk.app\/lu\/wp-json\/wp\/v2\/types\/page"}],"author":[{"embeddable":true,"href":"https:\/\/spinbetter-apk.app\/lu\/wp-json\/wp\/v2\/users\/1"}],"replies":[{"embeddable":true,"href":"https:\/\/spinbetter-apk.app\/lu\/wp-json\/wp\/v2\/comments?post=261"}],"version-history":[{"count":29,"href":"https:\/\/spinbetter-apk.app\/lu\/wp-json\/wp\/v2\/pages\/261\/revisions"}],"predecessor-version":[{"id":789,"href":"https:\/\/spinbetter-apk.app\/lu\/wp-json\/wp\/v2\/pages\/261\/revisions\/789"}],"wp:attachment":[{"href":"https:\/\/spinbetter-apk.app\/lu\/wp-json\/wp\/v2\/media?parent=261"}],"curies":[{"name":"wp","href":"https:\/\/api.w.org\/{rel}","templated":true}]}}