{"id":2,"date":"2023-05-18T17:18:34","date_gmt":"2023-05-18T17:18:34","guid":{"rendered":"https:\/\/spinbetter-apk.app\/lu\/?page_id=2"},"modified":"2026-01-12T14:01:06","modified_gmt":"2026-01-12T14:01:06","slug":"spinbetter","status":"publish","type":"page","link":"https:\/\/spinbetter-apk.app\/lu\/","title":{"rendered":"Homepage"},"content":{"rendered":"","protected":false},"excerpt":{"rendered":"","protected":false},"author":1,"featured_media":0,"parent":0,"menu_order":0,"comment_status":"closed","ping_status":"open","template":"","meta":{"footnotes":""},"class_list":["post-2","page","type-page","status-publish","hentry"],"yoast_head":"<!-- This site is optimized with the Yoast SEO plugin v23.4 - https:\/\/yoast.com\/wordpress\/plugins\/seo\/ -->\n<title>SpinBetter &gt; Funktiounen, Bonus an Highlights<\/title>\n<meta name=\"description\" content=\"Alles Iwwer Spin Better an Engem Artikel-Vu Bonus A Wettenoptiounen bis \u00cbnnerst\u00ebtzung, S\u00e9cherheet a regional Disponibilit\u00e9it\" \/>\n<meta name=\"robots\" content=\"index, follow, max-snippet:-1, max-image-preview:large, max-video-preview:-1\" \/>\n<meta property=\"og:locale\" content=\"nl_NL\" \/>\n<meta property=\"og:type\" content=\"article\" \/>\n<meta property=\"og:title\" content=\"SpinBetter &gt; Funktiounen, Bonus an Highlights\" \/>\n<meta property=\"og:description\" content=\"Alles Iwwer Spin Better an Engem Artikel-Vu Bonus A Wettenoptiounen bis \u00cbnnerst\u00ebtzung, S\u00e9cherheet a regional Disponibilit\u00e9it\" \/>\n<meta property=\"og:url\" content=\"https:\/\/spinbetter-apk.app\/lu\/\" \/>\n<meta property=\"og:site_name\" content=\"Spinbetterapk LU\" \/>\n<meta property=\"article:modified_time\" content=\"2026-01-12T14:01:06+00:00\" \/>\n<meta name=\"twitter:card\" content=\"summary_large_image\" \/>\n<script type=\"application\/ld+json\" class=\"yoast-schema-graph\">{\"@context\":\"https:\/\/schema.org\",\"@graph\":[{\"@type\":\"WebPage\",\"@id\":\"https:\/\/spinbetter-apk.app\/lu\/\",\"url\":\"https:\/\/spinbetter-apk.app\/lu\/\",\"name\":\"SpinBetter > Funktiounen, Bonus an Highlights\",\"isPartOf\":{\"@id\":\"https:\/\/spinbetter-apk.app\/lu\/#website\"},\"datePublished\":\"2023-05-18T17:18:34+00:00\",\"dateModified\":\"2026-01-12T14:01:06+00:00\",\"description\":\"Alles Iwwer Spin Better an Engem Artikel-Vu Bonus A Wettenoptiounen bis \u00cbnnerst\u00ebtzung, S\u00e9cherheet a regional Disponibilit\u00e9it\",\"breadcrumb\":{\"@id\":\"https:\/\/spinbetter-apk.app\/lu\/#breadcrumb\"},\"inLanguage\":\"nl-NL\",\"potentialAction\":[{\"@type\":\"ReadAction\",\"target\":[\"https:\/\/spinbetter-apk.app\/lu\/\"]}]},{\"@type\":\"BreadcrumbList\",\"@id\":\"https:\/\/spinbetter-apk.app\/lu\/#breadcrumb\",\"itemListElement\":[{\"@type\":\"ListItem\",\"position\":1,\"name\":\"Home\",\"item\":\"https:\/\/spinbetter-apk.app\/lu\/\"},{\"@type\":\"ListItem\",\"position\":2,\"name\":\"Homepage\"}]},{\"@type\":\"WebSite\",\"@id\":\"https:\/\/spinbetter-apk.app\/lu\/#website\",\"url\":\"https:\/\/spinbetter-apk.app\/lu\/\",\"name\":\"spinbetterapk\",\"description\":\"spinbetterapk casino\",\"potentialAction\":[{\"@type\":\"SearchAction\",\"target\":{\"@type\":\"EntryPoint\",\"urlTemplate\":\"https:\/\/spinbetter-apk.app\/lu\/?s={search_term_string}\"},\"query-input\":{\"@type\":\"PropertyValueSpecification\",\"valueRequired\":true,\"valueName\":\"search_term_string\"}}],\"inLanguage\":\"nl-NL\"}]}<\/script>\n<!-- \/ Yoast SEO plugin. -->","yoast_head_json":{"title":"SpinBetter > Funktiounen, Bonus an Highlights","description":"Alles Iwwer Spin Better an Engem Artikel-Vu Bonus A Wettenoptiounen bis \u00cbnnerst\u00ebtzung, S\u00e9cherheet a regional Disponibilit\u00e9it","robots":{"index":"index","follow":"follow","max-snippet":"max-snippet:-1","max-image-preview":"max-image-preview:large","max-video-preview":"max-video-preview:-1"},"og_locale":"nl_NL","og_type":"article","og_title":"SpinBetter > Funktiounen, Bonus an Highlights","og_description":"Alles Iwwer Spin Better an Engem Artikel-Vu Bonus A Wettenoptiounen bis \u00cbnnerst\u00ebtzung, S\u00e9cherheet a regional Disponibilit\u00e9it","og_url":"https:\/\/spinbetter-apk.app\/lu\/","og_site_name":"Spinbetterapk LU","article_modified_time":"2026-01-12T14:01:06+00:00","twitter_card":"summary_large_image","schema":{"@context":"https:\/\/schema.org","@graph":[{"@type":"WebPage","@id":"https:\/\/spinbetter-apk.app\/lu\/","url":"https:\/\/spinbetter-apk.app\/lu\/","name":"SpinBetter > Funktiounen, Bonus an Highlights","isPartOf":{"@id":"https:\/\/spinbetter-apk.app\/lu\/#website"},"datePublished":"2023-05-18T17:18:34+00:00","dateModified":"2026-01-12T14:01:06+00:00","description":"Alles Iwwer Spin Better an Engem Artikel-Vu Bonus A Wettenoptiounen bis \u00cbnnerst\u00ebtzung, S\u00e9cherheet a regional Disponibilit\u00e9it","breadcrumb":{"@id":"https:\/\/spinbetter-apk.app\/lu\/#breadcrumb"},"inLanguage":"nl-NL","potentialAction":[{"@type":"ReadAction","target":["https:\/\/spinbetter-apk.app\/lu\/"]}]},{"@type":"BreadcrumbList","@id":"https:\/\/spinbetter-apk.app\/lu\/#breadcrumb","itemListElement":[{"@type":"ListItem","position":1,"name":"Home","item":"https:\/\/spinbetter-apk.app\/lu\/"},{"@type":"ListItem","position":2,"name":"Homepage"}]},{"@type":"WebSite","@id":"https:\/\/spinbetter-apk.app\/lu\/#website","url":"https:\/\/spinbetter-apk.app\/lu\/","name":"spinbetterapk","description":"spinbetterapk casino","potentialAction":[{"@type":"SearchAction","target":{"@type":"EntryPoint","urlTemplate":"https:\/\/spinbetter-apk.app\/lu\/?s={search_term_string}"},"query-input":{"@type":"PropertyValueSpecification","valueRequired":true,"valueName":"search_term_string"}}],"inLanguage":"nl-NL"}]}},"_links":{"self":[{"href":"https:\/\/spinbetter-apk.app\/lu\/wp-json\/wp\/v2\/pages\/2","targetHints":{"allow":["GET"]}}],"collection":[{"href":"https:\/\/spinbetter-apk.app\/lu\/wp-json\/wp\/v2\/pages"}],"about":[{"href":"https:\/\/spinbetter-apk.app\/lu\/wp-json\/wp\/v2\/types\/page"}],"author":[{"embeddable":true,"href":"https:\/\/spinbetter-apk.app\/lu\/wp-json\/wp\/v2\/users\/1"}],"replies":[{"embeddable":true,"href":"https:\/\/spinbetter-apk.app\/lu\/wp-json\/wp\/v2\/comments?post=2"}],"version-history":[{"count":116,"href":"https:\/\/spinbetter-apk.app\/lu\/wp-json\/wp\/v2\/pages\/2\/revisions"}],"predecessor-version":[{"id":790,"href":"https:\/\/spinbetter-apk.app\/lu\/wp-json\/wp\/v2\/pages\/2\/revisions\/790"}],"wp:attachment":[{"href":"https:\/\/spinbetter-apk.app\/lu\/wp-json\/wp\/v2\/media?parent=2"}],"curies":[{"name":"wp","href":"https:\/\/api.w.org\/{rel}","templated":true}]}}