{"id":573,"date":"2025-07-29T09:40:58","date_gmt":"2025-07-29T09:40:58","guid":{"rendered":"https:\/\/spinbetter-apk.app\/hu\/?page_id=573"},"modified":"2025-07-29T09:41:51","modified_gmt":"2025-07-29T09:41:51","slug":"freebet-200","status":"publish","type":"page","link":"https:\/\/spinbetter-apk.app\/hu\/bonuses\/freebet-200\/","title":{"rendered":"Ingyenes fogad\u00e1s ak\u00e1r 200 eur\u00f3ig"},"content":{"rendered":"","protected":false},"excerpt":{"rendered":"","protected":false},"author":1,"featured_media":0,"parent":322,"menu_order":0,"comment_status":"closed","ping_status":"closed","template":"","meta":{"footnotes":""},"class_list":["post-573","page","type-page","status-publish","hentry"],"yoast_head":"<!-- This site is optimized with the Yoast SEO plugin v23.4 - https:\/\/yoast.com\/wordpress\/plugins\/seo\/ -->\n<title>SpinBetter Freebet a nemzetk\u00f6zi fogad\u00e1sokra \u1405 Ak\u00e1r 200 EUR<\/title>\n<meta name=\"description\" content=\"Fogadj a Nemzetk\u00f6zi meccsekre, \u00e9s kapj egy ingyenes fogad\u00e1st ak\u00e1r 200 eur\u00f3ig. Csak nyer\u0151 fogad\u00e1sok 10 eur\u00f3t\u00f3l - regisztr\u00e1lj \u00e9s vegy\u00e9l r\u00e9szt szeptember 16-ig!\" \/>\n<meta name=\"robots\" content=\"index, follow, max-snippet:-1, max-image-preview:large, max-video-preview:-1\" \/>\n<meta property=\"og:locale\" content=\"hu_HU\" \/>\n<meta property=\"og:type\" content=\"article\" \/>\n<meta property=\"og:title\" content=\"SpinBetter Freebet a nemzetk\u00f6zi fogad\u00e1sokra \u1405 Ak\u00e1r 200 EUR\" \/>\n<meta property=\"og:description\" content=\"Fogadj a Nemzetk\u00f6zi meccsekre, \u00e9s kapj egy ingyenes fogad\u00e1st ak\u00e1r 200 eur\u00f3ig. Csak nyer\u0151 fogad\u00e1sok 10 eur\u00f3t\u00f3l - regisztr\u00e1lj \u00e9s vegy\u00e9l r\u00e9szt szeptember 16-ig!\" \/>\n<meta property=\"og:url\" content=\"https:\/\/spinbetter-apk.app\/hu\/bonuses\/freebet-200\/\" \/>\n<meta property=\"og:site_name\" content=\"Spinbetter Apk HU\" \/>\n<meta property=\"article:modified_time\" content=\"2025-07-29T09:41:51+00:00\" \/>\n<meta name=\"twitter:card\" content=\"summary_large_image\" \/>\n<script type=\"application\/ld+json\" class=\"yoast-schema-graph\">{\"@context\":\"https:\/\/schema.org\",\"@graph\":[{\"@type\":\"WebPage\",\"@id\":\"https:\/\/spinbetter-apk.app\/hu\/bonuses\/freebet-200\/\",\"url\":\"https:\/\/spinbetter-apk.app\/hu\/bonuses\/freebet-200\/\",\"name\":\"SpinBetter Freebet a nemzetk\u00f6zi fogad\u00e1sokra \u1405 Ak\u00e1r 200 EUR\",\"isPartOf\":{\"@id\":\"https:\/\/spinbetter-apk.app\/hu\/#website\"},\"datePublished\":\"2025-07-29T09:40:58+00:00\",\"dateModified\":\"2025-07-29T09:41:51+00:00\",\"description\":\"Fogadj a Nemzetk\u00f6zi meccsekre, \u00e9s kapj egy ingyenes fogad\u00e1st ak\u00e1r 200 eur\u00f3ig. Csak nyer\u0151 fogad\u00e1sok 10 eur\u00f3t\u00f3l - regisztr\u00e1lj \u00e9s vegy\u00e9l r\u00e9szt szeptember 16-ig!\",\"breadcrumb\":{\"@id\":\"https:\/\/spinbetter-apk.app\/hu\/bonuses\/freebet-200\/#breadcrumb\"},\"inLanguage\":\"hu\",\"potentialAction\":[{\"@type\":\"ReadAction\",\"target\":[\"https:\/\/spinbetter-apk.app\/hu\/bonuses\/freebet-200\/\"]}]},{\"@type\":\"BreadcrumbList\",\"@id\":\"https:\/\/spinbetter-apk.app\/hu\/bonuses\/freebet-200\/#breadcrumb\",\"itemListElement\":[{\"@type\":\"ListItem\",\"position\":1,\"name\":\"Kezd\u0151lap\",\"item\":\"https:\/\/spinbetter-apk.app\/hu\/\"},{\"@type\":\"ListItem\",\"position\":2,\"name\":\"B\u00f3nuszok\",\"item\":\"https:\/\/spinbetter-apk.app\/hu\/bonuses\/\"},{\"@type\":\"ListItem\",\"position\":3,\"name\":\"Ingyenes fogad\u00e1s ak\u00e1r 200 eur\u00f3ig\"}]},{\"@type\":\"WebSite\",\"@id\":\"https:\/\/spinbetter-apk.app\/hu\/#website\",\"url\":\"https:\/\/spinbetter-apk.app\/hu\/\",\"name\":\"Spinbetter Apk HU\",\"description\":\"spinbetterapk casino\",\"potentialAction\":[{\"@type\":\"SearchAction\",\"target\":{\"@type\":\"EntryPoint\",\"urlTemplate\":\"https:\/\/spinbetter-apk.app\/hu\/?s={search_term_string}\"},\"query-input\":{\"@type\":\"PropertyValueSpecification\",\"valueRequired\":true,\"valueName\":\"search_term_string\"}}],\"inLanguage\":\"hu\"}]}<\/script>\n<!-- \/ Yoast SEO plugin. -->","yoast_head_json":{"title":"SpinBetter Freebet a nemzetk\u00f6zi fogad\u00e1sokra \u1405 Ak\u00e1r 200 EUR","description":"Fogadj a Nemzetk\u00f6zi meccsekre, \u00e9s kapj egy ingyenes fogad\u00e1st ak\u00e1r 200 eur\u00f3ig. Csak nyer\u0151 fogad\u00e1sok 10 eur\u00f3t\u00f3l - regisztr\u00e1lj \u00e9s vegy\u00e9l r\u00e9szt szeptember 16-ig!","robots":{"index":"index","follow":"follow","max-snippet":"max-snippet:-1","max-image-preview":"max-image-preview:large","max-video-preview":"max-video-preview:-1"},"og_locale":"hu_HU","og_type":"article","og_title":"SpinBetter Freebet a nemzetk\u00f6zi fogad\u00e1sokra \u1405 Ak\u00e1r 200 EUR","og_description":"Fogadj a Nemzetk\u00f6zi meccsekre, \u00e9s kapj egy ingyenes fogad\u00e1st ak\u00e1r 200 eur\u00f3ig. Csak nyer\u0151 fogad\u00e1sok 10 eur\u00f3t\u00f3l - regisztr\u00e1lj \u00e9s vegy\u00e9l r\u00e9szt szeptember 16-ig!","og_url":"https:\/\/spinbetter-apk.app\/hu\/bonuses\/freebet-200\/","og_site_name":"Spinbetter Apk HU","article_modified_time":"2025-07-29T09:41:51+00:00","twitter_card":"summary_large_image","schema":{"@context":"https:\/\/schema.org","@graph":[{"@type":"WebPage","@id":"https:\/\/spinbetter-apk.app\/hu\/bonuses\/freebet-200\/","url":"https:\/\/spinbetter-apk.app\/hu\/bonuses\/freebet-200\/","name":"SpinBetter Freebet a nemzetk\u00f6zi fogad\u00e1sokra \u1405 Ak\u00e1r 200 EUR","isPartOf":{"@id":"https:\/\/spinbetter-apk.app\/hu\/#website"},"datePublished":"2025-07-29T09:40:58+00:00","dateModified":"2025-07-29T09:41:51+00:00","description":"Fogadj a Nemzetk\u00f6zi meccsekre, \u00e9s kapj egy ingyenes fogad\u00e1st ak\u00e1r 200 eur\u00f3ig. Csak nyer\u0151 fogad\u00e1sok 10 eur\u00f3t\u00f3l - regisztr\u00e1lj \u00e9s vegy\u00e9l r\u00e9szt szeptember 16-ig!","breadcrumb":{"@id":"https:\/\/spinbetter-apk.app\/hu\/bonuses\/freebet-200\/#breadcrumb"},"inLanguage":"hu","potentialAction":[{"@type":"ReadAction","target":["https:\/\/spinbetter-apk.app\/hu\/bonuses\/freebet-200\/"]}]},{"@type":"BreadcrumbList","@id":"https:\/\/spinbetter-apk.app\/hu\/bonuses\/freebet-200\/#breadcrumb","itemListElement":[{"@type":"ListItem","position":1,"name":"Kezd\u0151lap","item":"https:\/\/spinbetter-apk.app\/hu\/"},{"@type":"ListItem","position":2,"name":"B\u00f3nuszok","item":"https:\/\/spinbetter-apk.app\/hu\/bonuses\/"},{"@type":"ListItem","position":3,"name":"Ingyenes fogad\u00e1s ak\u00e1r 200 eur\u00f3ig"}]},{"@type":"WebSite","@id":"https:\/\/spinbetter-apk.app\/hu\/#website","url":"https:\/\/spinbetter-apk.app\/hu\/","name":"Spinbetter Apk HU","description":"spinbetterapk casino","potentialAction":[{"@type":"SearchAction","target":{"@type":"EntryPoint","urlTemplate":"https:\/\/spinbetter-apk.app\/hu\/?s={search_term_string}"},"query-input":{"@type":"PropertyValueSpecification","valueRequired":true,"valueName":"search_term_string"}}],"inLanguage":"hu"}]}},"_links":{"self":[{"href":"https:\/\/spinbetter-apk.app\/hu\/wp-json\/wp\/v2\/pages\/573","targetHints":{"allow":["GET"]}}],"collection":[{"href":"https:\/\/spinbetter-apk.app\/hu\/wp-json\/wp\/v2\/pages"}],"about":[{"href":"https:\/\/spinbetter-apk.app\/hu\/wp-json\/wp\/v2\/types\/page"}],"author":[{"embeddable":true,"href":"https:\/\/spinbetter-apk.app\/hu\/wp-json\/wp\/v2\/users\/1"}],"replies":[{"embeddable":true,"href":"https:\/\/spinbetter-apk.app\/hu\/wp-json\/wp\/v2\/comments?post=573"}],"version-history":[{"count":2,"href":"https:\/\/spinbetter-apk.app\/hu\/wp-json\/wp\/v2\/pages\/573\/revisions"}],"predecessor-version":[{"id":575,"href":"https:\/\/spinbetter-apk.app\/hu\/wp-json\/wp\/v2\/pages\/573\/revisions\/575"}],"up":[{"embeddable":true,"href":"https:\/\/spinbetter-apk.app\/hu\/wp-json\/wp\/v2\/pages\/322"}],"wp:attachment":[{"href":"https:\/\/spinbetter-apk.app\/hu\/wp-json\/wp\/v2\/media?parent=573"}],"curies":[{"name":"wp","href":"https:\/\/api.w.org\/{rel}","templated":true}]}}