{"id":567,"date":"2025-07-09T11:01:47","date_gmt":"2025-07-09T11:01:47","guid":{"rendered":"https:\/\/spinbetter-apk.app\/hu\/?page_id=567"},"modified":"2025-07-09T11:01:47","modified_gmt":"2025-07-09T11:01:47","slug":"spinbetter-loyalty-program","status":"publish","type":"page","link":"https:\/\/spinbetter-apk.app\/hu\/bonuses\/spinbetter-loyalty-program\/","title":{"rendered":"SpinBetter h\u0171s\u00e9gprogram"},"content":{"rendered":"","protected":false},"excerpt":{"rendered":"","protected":false},"author":1,"featured_media":0,"parent":322,"menu_order":0,"comment_status":"closed","ping_status":"closed","template":"","meta":{"footnotes":""},"class_list":["post-567","page","type-page","status-publish","hentry"],"yoast_head":"<!-- This site is optimized with the Yoast SEO plugin v23.4 - https:\/\/yoast.com\/wordpress\/plugins\/seo\/ -->\n<title>SpinBetter h\u0171s\u00e9gprogram &gt; Ak\u00e1r 11%-os p\u00e9nzvisszat\u00e9r\u00edt\u00e9s \u00e9s VIP st\u00e1tusz<\/title>\n<meta name=\"description\" content=\"L\u00e9pj szintet, szerezz ak\u00e1r 11% p\u00e9nzvisszat\u00e9r\u00edt\u00e9st \u00e9s exkluz\u00edv b\u00f3nuszokat. A SpinBetteren j\u00e1tszva mindig t\u00f6bbet nyersz \u2013 v\u00e1lj VIP-v\u00e9 \u00e9s \u00e9lvezd a kiv\u00e1lts\u00e1gokat!\" \/>\n<meta name=\"robots\" content=\"index, follow, max-snippet:-1, max-image-preview:large, max-video-preview:-1\" \/>\n<meta property=\"og:locale\" content=\"hu_HU\" \/>\n<meta property=\"og:type\" content=\"article\" \/>\n<meta property=\"og:title\" content=\"SpinBetter h\u0171s\u00e9gprogram &gt; Ak\u00e1r 11%-os p\u00e9nzvisszat\u00e9r\u00edt\u00e9s \u00e9s VIP st\u00e1tusz\" \/>\n<meta property=\"og:description\" content=\"L\u00e9pj szintet, szerezz ak\u00e1r 11% p\u00e9nzvisszat\u00e9r\u00edt\u00e9st \u00e9s exkluz\u00edv b\u00f3nuszokat. A SpinBetteren j\u00e1tszva mindig t\u00f6bbet nyersz \u2013 v\u00e1lj VIP-v\u00e9 \u00e9s \u00e9lvezd a kiv\u00e1lts\u00e1gokat!\" \/>\n<meta property=\"og:url\" content=\"https:\/\/spinbetter-apk.app\/hu\/bonuses\/spinbetter-loyalty-program\/\" \/>\n<meta property=\"og:site_name\" content=\"Spinbetter Apk HU\" \/>\n<meta name=\"twitter:card\" content=\"summary_large_image\" \/>\n<script type=\"application\/ld+json\" class=\"yoast-schema-graph\">{\"@context\":\"https:\/\/schema.org\",\"@graph\":[{\"@type\":\"WebPage\",\"@id\":\"https:\/\/spinbetter-apk.app\/hu\/bonuses\/spinbetter-loyalty-program\/\",\"url\":\"https:\/\/spinbetter-apk.app\/hu\/bonuses\/spinbetter-loyalty-program\/\",\"name\":\"SpinBetter h\u0171s\u00e9gprogram > Ak\u00e1r 11%-os p\u00e9nzvisszat\u00e9r\u00edt\u00e9s \u00e9s VIP st\u00e1tusz\",\"isPartOf\":{\"@id\":\"https:\/\/spinbetter-apk.app\/hu\/#website\"},\"datePublished\":\"2025-07-09T11:01:47+00:00\",\"dateModified\":\"2025-07-09T11:01:47+00:00\",\"description\":\"L\u00e9pj szintet, szerezz ak\u00e1r 11% p\u00e9nzvisszat\u00e9r\u00edt\u00e9st \u00e9s exkluz\u00edv b\u00f3nuszokat. A SpinBetteren j\u00e1tszva mindig t\u00f6bbet nyersz \u2013 v\u00e1lj VIP-v\u00e9 \u00e9s \u00e9lvezd a kiv\u00e1lts\u00e1gokat!\",\"breadcrumb\":{\"@id\":\"https:\/\/spinbetter-apk.app\/hu\/bonuses\/spinbetter-loyalty-program\/#breadcrumb\"},\"inLanguage\":\"hu\",\"potentialAction\":[{\"@type\":\"ReadAction\",\"target\":[\"https:\/\/spinbetter-apk.app\/hu\/bonuses\/spinbetter-loyalty-program\/\"]}]},{\"@type\":\"BreadcrumbList\",\"@id\":\"https:\/\/spinbetter-apk.app\/hu\/bonuses\/spinbetter-loyalty-program\/#breadcrumb\",\"itemListElement\":[{\"@type\":\"ListItem\",\"position\":1,\"name\":\"Kezd\u0151lap\",\"item\":\"https:\/\/spinbetter-apk.app\/hu\/\"},{\"@type\":\"ListItem\",\"position\":2,\"name\":\"B\u00f3nuszok\",\"item\":\"https:\/\/spinbetter-apk.app\/hu\/bonuses\/\"},{\"@type\":\"ListItem\",\"position\":3,\"name\":\"SpinBetter h\u0171s\u00e9gprogram\"}]},{\"@type\":\"WebSite\",\"@id\":\"https:\/\/spinbetter-apk.app\/hu\/#website\",\"url\":\"https:\/\/spinbetter-apk.app\/hu\/\",\"name\":\"Spinbetter Apk HU\",\"description\":\"spinbetterapk casino\",\"potentialAction\":[{\"@type\":\"SearchAction\",\"target\":{\"@type\":\"EntryPoint\",\"urlTemplate\":\"https:\/\/spinbetter-apk.app\/hu\/?s={search_term_string}\"},\"query-input\":{\"@type\":\"PropertyValueSpecification\",\"valueRequired\":true,\"valueName\":\"search_term_string\"}}],\"inLanguage\":\"hu\"}]}<\/script>\n<!-- \/ Yoast SEO plugin. -->","yoast_head_json":{"title":"SpinBetter h\u0171s\u00e9gprogram > Ak\u00e1r 11%-os p\u00e9nzvisszat\u00e9r\u00edt\u00e9s \u00e9s VIP st\u00e1tusz","description":"L\u00e9pj szintet, szerezz ak\u00e1r 11% p\u00e9nzvisszat\u00e9r\u00edt\u00e9st \u00e9s exkluz\u00edv b\u00f3nuszokat. A SpinBetteren j\u00e1tszva mindig t\u00f6bbet nyersz \u2013 v\u00e1lj VIP-v\u00e9 \u00e9s \u00e9lvezd a kiv\u00e1lts\u00e1gokat!","robots":{"index":"index","follow":"follow","max-snippet":"max-snippet:-1","max-image-preview":"max-image-preview:large","max-video-preview":"max-video-preview:-1"},"og_locale":"hu_HU","og_type":"article","og_title":"SpinBetter h\u0171s\u00e9gprogram > Ak\u00e1r 11%-os p\u00e9nzvisszat\u00e9r\u00edt\u00e9s \u00e9s VIP st\u00e1tusz","og_description":"L\u00e9pj szintet, szerezz ak\u00e1r 11% p\u00e9nzvisszat\u00e9r\u00edt\u00e9st \u00e9s exkluz\u00edv b\u00f3nuszokat. A SpinBetteren j\u00e1tszva mindig t\u00f6bbet nyersz \u2013 v\u00e1lj VIP-v\u00e9 \u00e9s \u00e9lvezd a kiv\u00e1lts\u00e1gokat!","og_url":"https:\/\/spinbetter-apk.app\/hu\/bonuses\/spinbetter-loyalty-program\/","og_site_name":"Spinbetter Apk HU","twitter_card":"summary_large_image","schema":{"@context":"https:\/\/schema.org","@graph":[{"@type":"WebPage","@id":"https:\/\/spinbetter-apk.app\/hu\/bonuses\/spinbetter-loyalty-program\/","url":"https:\/\/spinbetter-apk.app\/hu\/bonuses\/spinbetter-loyalty-program\/","name":"SpinBetter h\u0171s\u00e9gprogram > Ak\u00e1r 11%-os p\u00e9nzvisszat\u00e9r\u00edt\u00e9s \u00e9s VIP st\u00e1tusz","isPartOf":{"@id":"https:\/\/spinbetter-apk.app\/hu\/#website"},"datePublished":"2025-07-09T11:01:47+00:00","dateModified":"2025-07-09T11:01:47+00:00","description":"L\u00e9pj szintet, szerezz ak\u00e1r 11% p\u00e9nzvisszat\u00e9r\u00edt\u00e9st \u00e9s exkluz\u00edv b\u00f3nuszokat. A SpinBetteren j\u00e1tszva mindig t\u00f6bbet nyersz \u2013 v\u00e1lj VIP-v\u00e9 \u00e9s \u00e9lvezd a kiv\u00e1lts\u00e1gokat!","breadcrumb":{"@id":"https:\/\/spinbetter-apk.app\/hu\/bonuses\/spinbetter-loyalty-program\/#breadcrumb"},"inLanguage":"hu","potentialAction":[{"@type":"ReadAction","target":["https:\/\/spinbetter-apk.app\/hu\/bonuses\/spinbetter-loyalty-program\/"]}]},{"@type":"BreadcrumbList","@id":"https:\/\/spinbetter-apk.app\/hu\/bonuses\/spinbetter-loyalty-program\/#breadcrumb","itemListElement":[{"@type":"ListItem","position":1,"name":"Kezd\u0151lap","item":"https:\/\/spinbetter-apk.app\/hu\/"},{"@type":"ListItem","position":2,"name":"B\u00f3nuszok","item":"https:\/\/spinbetter-apk.app\/hu\/bonuses\/"},{"@type":"ListItem","position":3,"name":"SpinBetter h\u0171s\u00e9gprogram"}]},{"@type":"WebSite","@id":"https:\/\/spinbetter-apk.app\/hu\/#website","url":"https:\/\/spinbetter-apk.app\/hu\/","name":"Spinbetter Apk HU","description":"spinbetterapk casino","potentialAction":[{"@type":"SearchAction","target":{"@type":"EntryPoint","urlTemplate":"https:\/\/spinbetter-apk.app\/hu\/?s={search_term_string}"},"query-input":{"@type":"PropertyValueSpecification","valueRequired":true,"valueName":"search_term_string"}}],"inLanguage":"hu"}]}},"_links":{"self":[{"href":"https:\/\/spinbetter-apk.app\/hu\/wp-json\/wp\/v2\/pages\/567","targetHints":{"allow":["GET"]}}],"collection":[{"href":"https:\/\/spinbetter-apk.app\/hu\/wp-json\/wp\/v2\/pages"}],"about":[{"href":"https:\/\/spinbetter-apk.app\/hu\/wp-json\/wp\/v2\/types\/page"}],"author":[{"embeddable":true,"href":"https:\/\/spinbetter-apk.app\/hu\/wp-json\/wp\/v2\/users\/1"}],"replies":[{"embeddable":true,"href":"https:\/\/spinbetter-apk.app\/hu\/wp-json\/wp\/v2\/comments?post=567"}],"version-history":[{"count":1,"href":"https:\/\/spinbetter-apk.app\/hu\/wp-json\/wp\/v2\/pages\/567\/revisions"}],"predecessor-version":[{"id":568,"href":"https:\/\/spinbetter-apk.app\/hu\/wp-json\/wp\/v2\/pages\/567\/revisions\/568"}],"up":[{"embeddable":true,"href":"https:\/\/spinbetter-apk.app\/hu\/wp-json\/wp\/v2\/pages\/322"}],"wp:attachment":[{"href":"https:\/\/spinbetter-apk.app\/hu\/wp-json\/wp\/v2\/media?parent=567"}],"curies":[{"name":"wp","href":"https:\/\/api.w.org\/{rel}","templated":true}]}}