{"id":563,"date":"2025-05-30T12:10:50","date_gmt":"2025-05-30T12:10:50","guid":{"rendered":"https:\/\/spinbetter-apk.app\/hu\/?page_id=563"},"modified":"2025-05-30T12:11:54","modified_gmt":"2025-05-30T12:11:54","slug":"telegram","status":"publish","type":"page","link":"https:\/\/spinbetter-apk.app\/hu\/bonuses\/telegram\/","title":{"rendered":"Telegram"},"content":{"rendered":"","protected":false},"excerpt":{"rendered":"","protected":false},"author":1,"featured_media":0,"parent":322,"menu_order":0,"comment_status":"closed","ping_status":"closed","template":"","meta":{"footnotes":""},"class_list":["post-563","page","type-page","status-publish","hentry"],"yoast_head":"<!-- This site is optimized with the Yoast SEO plugin v23.4 - https:\/\/yoast.com\/wordpress\/plugins\/seo\/ -->\n<title>100 FS az el\u0151fizet\u00e9s\u00e9rt \ud83e\udc12 Kapj b\u00f3nuszt a Telegramban<\/title>\n<meta name=\"description\" content=\"Iratkozzon fel a SpinBetter kaszin\u00f3 Telegram csatorn\u00e1j\u00e1ra \u00e9s kapjon 100 FS b\u00f3nuszt! K\u00f6vesse az exkluz\u00edv prom\u00f3ci\u00f3kat, aktiv\u00e1lja a prom\u00f3ci\u00f3s k\u00f3dot \u00e9s nyerjen!\" \/>\n<meta name=\"robots\" content=\"index, follow, max-snippet:-1, max-image-preview:large, max-video-preview:-1\" \/>\n<meta property=\"og:locale\" content=\"hu_HU\" \/>\n<meta property=\"og:type\" content=\"article\" \/>\n<meta property=\"og:title\" content=\"100 FS az el\u0151fizet\u00e9s\u00e9rt \ud83e\udc12 Kapj b\u00f3nuszt a Telegramban\" \/>\n<meta property=\"og:description\" content=\"Iratkozzon fel a SpinBetter kaszin\u00f3 Telegram csatorn\u00e1j\u00e1ra \u00e9s kapjon 100 FS b\u00f3nuszt! K\u00f6vesse az exkluz\u00edv prom\u00f3ci\u00f3kat, aktiv\u00e1lja a prom\u00f3ci\u00f3s k\u00f3dot \u00e9s nyerjen!\" \/>\n<meta property=\"og:url\" content=\"https:\/\/spinbetter-apk.app\/hu\/bonuses\/telegram\/\" \/>\n<meta property=\"og:site_name\" content=\"Spinbetter Apk HU\" \/>\n<meta property=\"article:modified_time\" content=\"2025-05-30T12:11:54+00:00\" \/>\n<meta name=\"twitter:card\" content=\"summary_large_image\" \/>\n<script type=\"application\/ld+json\" class=\"yoast-schema-graph\">{\"@context\":\"https:\/\/schema.org\",\"@graph\":[{\"@type\":\"WebPage\",\"@id\":\"https:\/\/spinbetter-apk.app\/hu\/bonuses\/telegram\/\",\"url\":\"https:\/\/spinbetter-apk.app\/hu\/bonuses\/telegram\/\",\"name\":\"100 FS az el\u0151fizet\u00e9s\u00e9rt \ud83e\udc12 Kapj b\u00f3nuszt a Telegramban\",\"isPartOf\":{\"@id\":\"https:\/\/spinbetter-apk.app\/hu\/#website\"},\"datePublished\":\"2025-05-30T12:10:50+00:00\",\"dateModified\":\"2025-05-30T12:11:54+00:00\",\"description\":\"Iratkozzon fel a SpinBetter kaszin\u00f3 Telegram csatorn\u00e1j\u00e1ra \u00e9s kapjon 100 FS b\u00f3nuszt! K\u00f6vesse az exkluz\u00edv prom\u00f3ci\u00f3kat, aktiv\u00e1lja a prom\u00f3ci\u00f3s k\u00f3dot \u00e9s nyerjen!\",\"breadcrumb\":{\"@id\":\"https:\/\/spinbetter-apk.app\/hu\/bonuses\/telegram\/#breadcrumb\"},\"inLanguage\":\"hu\",\"potentialAction\":[{\"@type\":\"ReadAction\",\"target\":[\"https:\/\/spinbetter-apk.app\/hu\/bonuses\/telegram\/\"]}]},{\"@type\":\"BreadcrumbList\",\"@id\":\"https:\/\/spinbetter-apk.app\/hu\/bonuses\/telegram\/#breadcrumb\",\"itemListElement\":[{\"@type\":\"ListItem\",\"position\":1,\"name\":\"Kezd\u0151lap\",\"item\":\"https:\/\/spinbetter-apk.app\/hu\/\"},{\"@type\":\"ListItem\",\"position\":2,\"name\":\"B\u00f3nuszok\",\"item\":\"https:\/\/spinbetter-apk.app\/hu\/bonuses\/\"},{\"@type\":\"ListItem\",\"position\":3,\"name\":\"Telegram\"}]},{\"@type\":\"WebSite\",\"@id\":\"https:\/\/spinbetter-apk.app\/hu\/#website\",\"url\":\"https:\/\/spinbetter-apk.app\/hu\/\",\"name\":\"Spinbetter Apk HU\",\"description\":\"spinbetterapk casino\",\"potentialAction\":[{\"@type\":\"SearchAction\",\"target\":{\"@type\":\"EntryPoint\",\"urlTemplate\":\"https:\/\/spinbetter-apk.app\/hu\/?s={search_term_string}\"},\"query-input\":{\"@type\":\"PropertyValueSpecification\",\"valueRequired\":true,\"valueName\":\"search_term_string\"}}],\"inLanguage\":\"hu\"}]}<\/script>\n<!-- \/ Yoast SEO plugin. -->","yoast_head_json":{"title":"100 FS az el\u0151fizet\u00e9s\u00e9rt \ud83e\udc12 Kapj b\u00f3nuszt a Telegramban","description":"Iratkozzon fel a SpinBetter kaszin\u00f3 Telegram csatorn\u00e1j\u00e1ra \u00e9s kapjon 100 FS b\u00f3nuszt! K\u00f6vesse az exkluz\u00edv prom\u00f3ci\u00f3kat, aktiv\u00e1lja a prom\u00f3ci\u00f3s k\u00f3dot \u00e9s nyerjen!","robots":{"index":"index","follow":"follow","max-snippet":"max-snippet:-1","max-image-preview":"max-image-preview:large","max-video-preview":"max-video-preview:-1"},"og_locale":"hu_HU","og_type":"article","og_title":"100 FS az el\u0151fizet\u00e9s\u00e9rt \ud83e\udc12 Kapj b\u00f3nuszt a Telegramban","og_description":"Iratkozzon fel a SpinBetter kaszin\u00f3 Telegram csatorn\u00e1j\u00e1ra \u00e9s kapjon 100 FS b\u00f3nuszt! K\u00f6vesse az exkluz\u00edv prom\u00f3ci\u00f3kat, aktiv\u00e1lja a prom\u00f3ci\u00f3s k\u00f3dot \u00e9s nyerjen!","og_url":"https:\/\/spinbetter-apk.app\/hu\/bonuses\/telegram\/","og_site_name":"Spinbetter Apk HU","article_modified_time":"2025-05-30T12:11:54+00:00","twitter_card":"summary_large_image","schema":{"@context":"https:\/\/schema.org","@graph":[{"@type":"WebPage","@id":"https:\/\/spinbetter-apk.app\/hu\/bonuses\/telegram\/","url":"https:\/\/spinbetter-apk.app\/hu\/bonuses\/telegram\/","name":"100 FS az el\u0151fizet\u00e9s\u00e9rt \ud83e\udc12 Kapj b\u00f3nuszt a Telegramban","isPartOf":{"@id":"https:\/\/spinbetter-apk.app\/hu\/#website"},"datePublished":"2025-05-30T12:10:50+00:00","dateModified":"2025-05-30T12:11:54+00:00","description":"Iratkozzon fel a SpinBetter kaszin\u00f3 Telegram csatorn\u00e1j\u00e1ra \u00e9s kapjon 100 FS b\u00f3nuszt! K\u00f6vesse az exkluz\u00edv prom\u00f3ci\u00f3kat, aktiv\u00e1lja a prom\u00f3ci\u00f3s k\u00f3dot \u00e9s nyerjen!","breadcrumb":{"@id":"https:\/\/spinbetter-apk.app\/hu\/bonuses\/telegram\/#breadcrumb"},"inLanguage":"hu","potentialAction":[{"@type":"ReadAction","target":["https:\/\/spinbetter-apk.app\/hu\/bonuses\/telegram\/"]}]},{"@type":"BreadcrumbList","@id":"https:\/\/spinbetter-apk.app\/hu\/bonuses\/telegram\/#breadcrumb","itemListElement":[{"@type":"ListItem","position":1,"name":"Kezd\u0151lap","item":"https:\/\/spinbetter-apk.app\/hu\/"},{"@type":"ListItem","position":2,"name":"B\u00f3nuszok","item":"https:\/\/spinbetter-apk.app\/hu\/bonuses\/"},{"@type":"ListItem","position":3,"name":"Telegram"}]},{"@type":"WebSite","@id":"https:\/\/spinbetter-apk.app\/hu\/#website","url":"https:\/\/spinbetter-apk.app\/hu\/","name":"Spinbetter Apk HU","description":"spinbetterapk casino","potentialAction":[{"@type":"SearchAction","target":{"@type":"EntryPoint","urlTemplate":"https:\/\/spinbetter-apk.app\/hu\/?s={search_term_string}"},"query-input":{"@type":"PropertyValueSpecification","valueRequired":true,"valueName":"search_term_string"}}],"inLanguage":"hu"}]}},"_links":{"self":[{"href":"https:\/\/spinbetter-apk.app\/hu\/wp-json\/wp\/v2\/pages\/563","targetHints":{"allow":["GET"]}}],"collection":[{"href":"https:\/\/spinbetter-apk.app\/hu\/wp-json\/wp\/v2\/pages"}],"about":[{"href":"https:\/\/spinbetter-apk.app\/hu\/wp-json\/wp\/v2\/types\/page"}],"author":[{"embeddable":true,"href":"https:\/\/spinbetter-apk.app\/hu\/wp-json\/wp\/v2\/users\/1"}],"replies":[{"embeddable":true,"href":"https:\/\/spinbetter-apk.app\/hu\/wp-json\/wp\/v2\/comments?post=563"}],"version-history":[{"count":1,"href":"https:\/\/spinbetter-apk.app\/hu\/wp-json\/wp\/v2\/pages\/563\/revisions"}],"predecessor-version":[{"id":564,"href":"https:\/\/spinbetter-apk.app\/hu\/wp-json\/wp\/v2\/pages\/563\/revisions\/564"}],"up":[{"embeddable":true,"href":"https:\/\/spinbetter-apk.app\/hu\/wp-json\/wp\/v2\/pages\/322"}],"wp:attachment":[{"href":"https:\/\/spinbetter-apk.app\/hu\/wp-json\/wp\/v2\/media?parent=563"}],"curies":[{"name":"wp","href":"https:\/\/api.w.org\/{rel}","templated":true}]}}