{"id":559,"date":"2025-05-30T11:56:39","date_gmt":"2025-05-30T11:56:39","guid":{"rendered":"https:\/\/spinbetter-apk.app\/hu\/?page_id=559"},"modified":"2025-05-30T12:09:49","modified_gmt":"2025-05-30T12:09:49","slug":"spinbetter-deposit-lottery","status":"publish","type":"page","link":"https:\/\/spinbetter-apk.app\/hu\/bonuses\/spinbetter-deposit-lottery\/","title":{"rendered":"SpinBetter befizet\u00e9s lott\u00f3"},"content":{"rendered":"","protected":false},"excerpt":{"rendered":"","protected":false},"author":1,"featured_media":0,"parent":322,"menu_order":0,"comment_status":"closed","ping_status":"closed","template":"","meta":{"footnotes":""},"class_list":["post-559","page","type-page","status-publish","hentry"],"yoast_head":"<!-- This site is optimized with the Yoast SEO plugin v23.4 - https:\/\/yoast.com\/wordpress\/plugins\/seo\/ -->\n<title>SpinBetter befizet\u00e9s lott\u00f3 \ud83e\udc12 Szabadfogad\u00e1s minden h\u00e9ten<\/title>\n<meta name=\"description\" content=\"Tegyen befizet\u00e9seket 3 eur a SpinBetter, szerezzen jegyeket \u00e9s vegyen r\u00e9szt a heti 30 000 eur ingyenes fogad\u00e1s \u00e9s 2 000 000 pont sorsol\u00e1son!\" \/>\n<meta name=\"robots\" content=\"index, follow, max-snippet:-1, max-image-preview:large, max-video-preview:-1\" \/>\n<meta property=\"og:locale\" content=\"hu_HU\" \/>\n<meta property=\"og:type\" content=\"article\" \/>\n<meta property=\"og:title\" content=\"SpinBetter befizet\u00e9s lott\u00f3 \ud83e\udc12 Szabadfogad\u00e1s minden h\u00e9ten\" \/>\n<meta property=\"og:description\" content=\"Tegyen befizet\u00e9seket 3 eur a SpinBetter, szerezzen jegyeket \u00e9s vegyen r\u00e9szt a heti 30 000 eur ingyenes fogad\u00e1s \u00e9s 2 000 000 pont sorsol\u00e1son!\" \/>\n<meta property=\"og:url\" content=\"https:\/\/spinbetter-apk.app\/hu\/bonuses\/spinbetter-deposit-lottery\/\" \/>\n<meta property=\"og:site_name\" content=\"Spinbetter Apk HU\" \/>\n<meta property=\"article:modified_time\" content=\"2025-05-30T12:09:49+00:00\" \/>\n<meta name=\"twitter:card\" content=\"summary_large_image\" \/>\n<script type=\"application\/ld+json\" class=\"yoast-schema-graph\">{\"@context\":\"https:\/\/schema.org\",\"@graph\":[{\"@type\":\"WebPage\",\"@id\":\"https:\/\/spinbetter-apk.app\/hu\/bonuses\/spinbetter-deposit-lottery\/\",\"url\":\"https:\/\/spinbetter-apk.app\/hu\/bonuses\/spinbetter-deposit-lottery\/\",\"name\":\"SpinBetter befizet\u00e9s lott\u00f3 \ud83e\udc12 Szabadfogad\u00e1s minden h\u00e9ten\",\"isPartOf\":{\"@id\":\"https:\/\/spinbetter-apk.app\/hu\/#website\"},\"datePublished\":\"2025-05-30T11:56:39+00:00\",\"dateModified\":\"2025-05-30T12:09:49+00:00\",\"description\":\"Tegyen befizet\u00e9seket 3 eur a SpinBetter, szerezzen jegyeket \u00e9s vegyen r\u00e9szt a heti 30 000 eur ingyenes fogad\u00e1s \u00e9s 2 000 000 pont sorsol\u00e1son!\",\"breadcrumb\":{\"@id\":\"https:\/\/spinbetter-apk.app\/hu\/bonuses\/spinbetter-deposit-lottery\/#breadcrumb\"},\"inLanguage\":\"hu\",\"potentialAction\":[{\"@type\":\"ReadAction\",\"target\":[\"https:\/\/spinbetter-apk.app\/hu\/bonuses\/spinbetter-deposit-lottery\/\"]}]},{\"@type\":\"BreadcrumbList\",\"@id\":\"https:\/\/spinbetter-apk.app\/hu\/bonuses\/spinbetter-deposit-lottery\/#breadcrumb\",\"itemListElement\":[{\"@type\":\"ListItem\",\"position\":1,\"name\":\"Kezd\u0151lap\",\"item\":\"https:\/\/spinbetter-apk.app\/hu\/\"},{\"@type\":\"ListItem\",\"position\":2,\"name\":\"B\u00f3nuszok\",\"item\":\"https:\/\/spinbetter-apk.app\/hu\/bonuses\/\"},{\"@type\":\"ListItem\",\"position\":3,\"name\":\"SpinBetter befizet\u00e9s lott\u00f3\"}]},{\"@type\":\"WebSite\",\"@id\":\"https:\/\/spinbetter-apk.app\/hu\/#website\",\"url\":\"https:\/\/spinbetter-apk.app\/hu\/\",\"name\":\"Spinbetter Apk HU\",\"description\":\"spinbetterapk casino\",\"potentialAction\":[{\"@type\":\"SearchAction\",\"target\":{\"@type\":\"EntryPoint\",\"urlTemplate\":\"https:\/\/spinbetter-apk.app\/hu\/?s={search_term_string}\"},\"query-input\":{\"@type\":\"PropertyValueSpecification\",\"valueRequired\":true,\"valueName\":\"search_term_string\"}}],\"inLanguage\":\"hu\"}]}<\/script>\n<!-- \/ Yoast SEO plugin. -->","yoast_head_json":{"title":"SpinBetter befizet\u00e9s lott\u00f3 \ud83e\udc12 Szabadfogad\u00e1s minden h\u00e9ten","description":"Tegyen befizet\u00e9seket 3 eur a SpinBetter, szerezzen jegyeket \u00e9s vegyen r\u00e9szt a heti 30 000 eur ingyenes fogad\u00e1s \u00e9s 2 000 000 pont sorsol\u00e1son!","robots":{"index":"index","follow":"follow","max-snippet":"max-snippet:-1","max-image-preview":"max-image-preview:large","max-video-preview":"max-video-preview:-1"},"og_locale":"hu_HU","og_type":"article","og_title":"SpinBetter befizet\u00e9s lott\u00f3 \ud83e\udc12 Szabadfogad\u00e1s minden h\u00e9ten","og_description":"Tegyen befizet\u00e9seket 3 eur a SpinBetter, szerezzen jegyeket \u00e9s vegyen r\u00e9szt a heti 30 000 eur ingyenes fogad\u00e1s \u00e9s 2 000 000 pont sorsol\u00e1son!","og_url":"https:\/\/spinbetter-apk.app\/hu\/bonuses\/spinbetter-deposit-lottery\/","og_site_name":"Spinbetter Apk HU","article_modified_time":"2025-05-30T12:09:49+00:00","twitter_card":"summary_large_image","schema":{"@context":"https:\/\/schema.org","@graph":[{"@type":"WebPage","@id":"https:\/\/spinbetter-apk.app\/hu\/bonuses\/spinbetter-deposit-lottery\/","url":"https:\/\/spinbetter-apk.app\/hu\/bonuses\/spinbetter-deposit-lottery\/","name":"SpinBetter befizet\u00e9s lott\u00f3 \ud83e\udc12 Szabadfogad\u00e1s minden h\u00e9ten","isPartOf":{"@id":"https:\/\/spinbetter-apk.app\/hu\/#website"},"datePublished":"2025-05-30T11:56:39+00:00","dateModified":"2025-05-30T12:09:49+00:00","description":"Tegyen befizet\u00e9seket 3 eur a SpinBetter, szerezzen jegyeket \u00e9s vegyen r\u00e9szt a heti 30 000 eur ingyenes fogad\u00e1s \u00e9s 2 000 000 pont sorsol\u00e1son!","breadcrumb":{"@id":"https:\/\/spinbetter-apk.app\/hu\/bonuses\/spinbetter-deposit-lottery\/#breadcrumb"},"inLanguage":"hu","potentialAction":[{"@type":"ReadAction","target":["https:\/\/spinbetter-apk.app\/hu\/bonuses\/spinbetter-deposit-lottery\/"]}]},{"@type":"BreadcrumbList","@id":"https:\/\/spinbetter-apk.app\/hu\/bonuses\/spinbetter-deposit-lottery\/#breadcrumb","itemListElement":[{"@type":"ListItem","position":1,"name":"Kezd\u0151lap","item":"https:\/\/spinbetter-apk.app\/hu\/"},{"@type":"ListItem","position":2,"name":"B\u00f3nuszok","item":"https:\/\/spinbetter-apk.app\/hu\/bonuses\/"},{"@type":"ListItem","position":3,"name":"SpinBetter befizet\u00e9s lott\u00f3"}]},{"@type":"WebSite","@id":"https:\/\/spinbetter-apk.app\/hu\/#website","url":"https:\/\/spinbetter-apk.app\/hu\/","name":"Spinbetter Apk HU","description":"spinbetterapk casino","potentialAction":[{"@type":"SearchAction","target":{"@type":"EntryPoint","urlTemplate":"https:\/\/spinbetter-apk.app\/hu\/?s={search_term_string}"},"query-input":{"@type":"PropertyValueSpecification","valueRequired":true,"valueName":"search_term_string"}}],"inLanguage":"hu"}]}},"_links":{"self":[{"href":"https:\/\/spinbetter-apk.app\/hu\/wp-json\/wp\/v2\/pages\/559","targetHints":{"allow":["GET"]}}],"collection":[{"href":"https:\/\/spinbetter-apk.app\/hu\/wp-json\/wp\/v2\/pages"}],"about":[{"href":"https:\/\/spinbetter-apk.app\/hu\/wp-json\/wp\/v2\/types\/page"}],"author":[{"embeddable":true,"href":"https:\/\/spinbetter-apk.app\/hu\/wp-json\/wp\/v2\/users\/1"}],"replies":[{"embeddable":true,"href":"https:\/\/spinbetter-apk.app\/hu\/wp-json\/wp\/v2\/comments?post=559"}],"version-history":[{"count":3,"href":"https:\/\/spinbetter-apk.app\/hu\/wp-json\/wp\/v2\/pages\/559\/revisions"}],"predecessor-version":[{"id":562,"href":"https:\/\/spinbetter-apk.app\/hu\/wp-json\/wp\/v2\/pages\/559\/revisions\/562"}],"up":[{"embeddable":true,"href":"https:\/\/spinbetter-apk.app\/hu\/wp-json\/wp\/v2\/pages\/322"}],"wp:attachment":[{"href":"https:\/\/spinbetter-apk.app\/hu\/wp-json\/wp\/v2\/media?parent=559"}],"curies":[{"name":"wp","href":"https:\/\/api.w.org\/{rel}","templated":true}]}}