{"id":556,"date":"2025-05-30T11:53:28","date_gmt":"2025-05-30T11:53:28","guid":{"rendered":"https:\/\/spinbetter-apk.app\/hu\/?page_id=556"},"modified":"2025-05-30T11:55:26","modified_gmt":"2025-05-30T11:55:26","slug":"freebet-app","status":"publish","type":"page","link":"https:\/\/spinbetter-apk.app\/hu\/bonuses\/freebet-app\/","title":{"rendered":"Freebet alkalmaz\u00e1s"},"content":{"rendered":"","protected":false},"excerpt":{"rendered":"","protected":false},"author":1,"featured_media":0,"parent":322,"menu_order":0,"comment_status":"closed","ping_status":"closed","template":"","meta":{"footnotes":""},"class_list":["post-556","page","type-page","status-publish","hentry"],"yoast_head":"<!-- This site is optimized with the Yoast SEO plugin v23.4 - https:\/\/yoast.com\/wordpress\/plugins\/seo\/ -->\n<title>Freebet ak\u00e1r 10 EUR a SpinBetter App-on t\u00f6rt\u00e9n\u0151 fogad\u00e1s\u00e9rt<\/title>\n<meta name=\"description\" content=\"Tegyen 10 fogad\u00e1st a SpinBetter kaszin\u00f3alkalmaz\u00e1son kereszt\u00fcl, \u00e9s kap egy 10 EUR-ig terjed\u0151 ingyenes fogad\u00e1st. Vegyen r\u00e9szt \u00e9s nyerjen m\u00e1r most!\" \/>\n<meta name=\"robots\" content=\"index, follow, max-snippet:-1, max-image-preview:large, max-video-preview:-1\" \/>\n<meta property=\"og:locale\" content=\"hu_HU\" \/>\n<meta property=\"og:type\" content=\"article\" \/>\n<meta property=\"og:title\" content=\"Freebet ak\u00e1r 10 EUR a SpinBetter App-on t\u00f6rt\u00e9n\u0151 fogad\u00e1s\u00e9rt\" \/>\n<meta property=\"og:description\" content=\"Tegyen 10 fogad\u00e1st a SpinBetter kaszin\u00f3alkalmaz\u00e1son kereszt\u00fcl, \u00e9s kap egy 10 EUR-ig terjed\u0151 ingyenes fogad\u00e1st. Vegyen r\u00e9szt \u00e9s nyerjen m\u00e1r most!\" \/>\n<meta property=\"og:url\" content=\"https:\/\/spinbetter-apk.app\/hu\/bonuses\/freebet-app\/\" \/>\n<meta property=\"og:site_name\" content=\"Spinbetter Apk HU\" \/>\n<meta property=\"article:modified_time\" content=\"2025-05-30T11:55:26+00:00\" \/>\n<meta name=\"twitter:card\" content=\"summary_large_image\" \/>\n<script type=\"application\/ld+json\" class=\"yoast-schema-graph\">{\"@context\":\"https:\/\/schema.org\",\"@graph\":[{\"@type\":\"WebPage\",\"@id\":\"https:\/\/spinbetter-apk.app\/hu\/bonuses\/freebet-app\/\",\"url\":\"https:\/\/spinbetter-apk.app\/hu\/bonuses\/freebet-app\/\",\"name\":\"Freebet ak\u00e1r 10 EUR a SpinBetter App-on t\u00f6rt\u00e9n\u0151 fogad\u00e1s\u00e9rt\",\"isPartOf\":{\"@id\":\"https:\/\/spinbetter-apk.app\/hu\/#website\"},\"datePublished\":\"2025-05-30T11:53:28+00:00\",\"dateModified\":\"2025-05-30T11:55:26+00:00\",\"description\":\"Tegyen 10 fogad\u00e1st a SpinBetter kaszin\u00f3alkalmaz\u00e1son kereszt\u00fcl, \u00e9s kap egy 10 EUR-ig terjed\u0151 ingyenes fogad\u00e1st. Vegyen r\u00e9szt \u00e9s nyerjen m\u00e1r most!\",\"breadcrumb\":{\"@id\":\"https:\/\/spinbetter-apk.app\/hu\/bonuses\/freebet-app\/#breadcrumb\"},\"inLanguage\":\"hu\",\"potentialAction\":[{\"@type\":\"ReadAction\",\"target\":[\"https:\/\/spinbetter-apk.app\/hu\/bonuses\/freebet-app\/\"]}]},{\"@type\":\"BreadcrumbList\",\"@id\":\"https:\/\/spinbetter-apk.app\/hu\/bonuses\/freebet-app\/#breadcrumb\",\"itemListElement\":[{\"@type\":\"ListItem\",\"position\":1,\"name\":\"Kezd\u0151lap\",\"item\":\"https:\/\/spinbetter-apk.app\/hu\/\"},{\"@type\":\"ListItem\",\"position\":2,\"name\":\"B\u00f3nuszok\",\"item\":\"https:\/\/spinbetter-apk.app\/hu\/bonuses\/\"},{\"@type\":\"ListItem\",\"position\":3,\"name\":\"Freebet alkalmaz\u00e1s\"}]},{\"@type\":\"WebSite\",\"@id\":\"https:\/\/spinbetter-apk.app\/hu\/#website\",\"url\":\"https:\/\/spinbetter-apk.app\/hu\/\",\"name\":\"Spinbetter Apk HU\",\"description\":\"spinbetterapk casino\",\"potentialAction\":[{\"@type\":\"SearchAction\",\"target\":{\"@type\":\"EntryPoint\",\"urlTemplate\":\"https:\/\/spinbetter-apk.app\/hu\/?s={search_term_string}\"},\"query-input\":{\"@type\":\"PropertyValueSpecification\",\"valueRequired\":true,\"valueName\":\"search_term_string\"}}],\"inLanguage\":\"hu\"}]}<\/script>\n<!-- \/ Yoast SEO plugin. -->","yoast_head_json":{"title":"Freebet ak\u00e1r 10 EUR a SpinBetter App-on t\u00f6rt\u00e9n\u0151 fogad\u00e1s\u00e9rt","description":"Tegyen 10 fogad\u00e1st a SpinBetter kaszin\u00f3alkalmaz\u00e1son kereszt\u00fcl, \u00e9s kap egy 10 EUR-ig terjed\u0151 ingyenes fogad\u00e1st. Vegyen r\u00e9szt \u00e9s nyerjen m\u00e1r most!","robots":{"index":"index","follow":"follow","max-snippet":"max-snippet:-1","max-image-preview":"max-image-preview:large","max-video-preview":"max-video-preview:-1"},"og_locale":"hu_HU","og_type":"article","og_title":"Freebet ak\u00e1r 10 EUR a SpinBetter App-on t\u00f6rt\u00e9n\u0151 fogad\u00e1s\u00e9rt","og_description":"Tegyen 10 fogad\u00e1st a SpinBetter kaszin\u00f3alkalmaz\u00e1son kereszt\u00fcl, \u00e9s kap egy 10 EUR-ig terjed\u0151 ingyenes fogad\u00e1st. Vegyen r\u00e9szt \u00e9s nyerjen m\u00e1r most!","og_url":"https:\/\/spinbetter-apk.app\/hu\/bonuses\/freebet-app\/","og_site_name":"Spinbetter Apk HU","article_modified_time":"2025-05-30T11:55:26+00:00","twitter_card":"summary_large_image","schema":{"@context":"https:\/\/schema.org","@graph":[{"@type":"WebPage","@id":"https:\/\/spinbetter-apk.app\/hu\/bonuses\/freebet-app\/","url":"https:\/\/spinbetter-apk.app\/hu\/bonuses\/freebet-app\/","name":"Freebet ak\u00e1r 10 EUR a SpinBetter App-on t\u00f6rt\u00e9n\u0151 fogad\u00e1s\u00e9rt","isPartOf":{"@id":"https:\/\/spinbetter-apk.app\/hu\/#website"},"datePublished":"2025-05-30T11:53:28+00:00","dateModified":"2025-05-30T11:55:26+00:00","description":"Tegyen 10 fogad\u00e1st a SpinBetter kaszin\u00f3alkalmaz\u00e1son kereszt\u00fcl, \u00e9s kap egy 10 EUR-ig terjed\u0151 ingyenes fogad\u00e1st. Vegyen r\u00e9szt \u00e9s nyerjen m\u00e1r most!","breadcrumb":{"@id":"https:\/\/spinbetter-apk.app\/hu\/bonuses\/freebet-app\/#breadcrumb"},"inLanguage":"hu","potentialAction":[{"@type":"ReadAction","target":["https:\/\/spinbetter-apk.app\/hu\/bonuses\/freebet-app\/"]}]},{"@type":"BreadcrumbList","@id":"https:\/\/spinbetter-apk.app\/hu\/bonuses\/freebet-app\/#breadcrumb","itemListElement":[{"@type":"ListItem","position":1,"name":"Kezd\u0151lap","item":"https:\/\/spinbetter-apk.app\/hu\/"},{"@type":"ListItem","position":2,"name":"B\u00f3nuszok","item":"https:\/\/spinbetter-apk.app\/hu\/bonuses\/"},{"@type":"ListItem","position":3,"name":"Freebet alkalmaz\u00e1s"}]},{"@type":"WebSite","@id":"https:\/\/spinbetter-apk.app\/hu\/#website","url":"https:\/\/spinbetter-apk.app\/hu\/","name":"Spinbetter Apk HU","description":"spinbetterapk casino","potentialAction":[{"@type":"SearchAction","target":{"@type":"EntryPoint","urlTemplate":"https:\/\/spinbetter-apk.app\/hu\/?s={search_term_string}"},"query-input":{"@type":"PropertyValueSpecification","valueRequired":true,"valueName":"search_term_string"}}],"inLanguage":"hu"}]}},"_links":{"self":[{"href":"https:\/\/spinbetter-apk.app\/hu\/wp-json\/wp\/v2\/pages\/556","targetHints":{"allow":["GET"]}}],"collection":[{"href":"https:\/\/spinbetter-apk.app\/hu\/wp-json\/wp\/v2\/pages"}],"about":[{"href":"https:\/\/spinbetter-apk.app\/hu\/wp-json\/wp\/v2\/types\/page"}],"author":[{"embeddable":true,"href":"https:\/\/spinbetter-apk.app\/hu\/wp-json\/wp\/v2\/users\/1"}],"replies":[{"embeddable":true,"href":"https:\/\/spinbetter-apk.app\/hu\/wp-json\/wp\/v2\/comments?post=556"}],"version-history":[{"count":2,"href":"https:\/\/spinbetter-apk.app\/hu\/wp-json\/wp\/v2\/pages\/556\/revisions"}],"predecessor-version":[{"id":558,"href":"https:\/\/spinbetter-apk.app\/hu\/wp-json\/wp\/v2\/pages\/556\/revisions\/558"}],"up":[{"embeddable":true,"href":"https:\/\/spinbetter-apk.app\/hu\/wp-json\/wp\/v2\/pages\/322"}],"wp:attachment":[{"href":"https:\/\/spinbetter-apk.app\/hu\/wp-json\/wp\/v2\/media?parent=556"}],"curies":[{"name":"wp","href":"https:\/\/api.w.org\/{rel}","templated":true}]}}