{"id":304,"date":"2024-11-11T05:29:16","date_gmt":"2024-11-11T05:29:16","guid":{"rendered":"https:\/\/spinbetter-apk.app\/hu\/?page_id=304"},"modified":"2026-01-13T10:49:20","modified_gmt":"2026-01-13T10:49:20","slug":"promo-code","status":"publish","type":"page","link":"https:\/\/spinbetter-apk.app\/hu\/promo-code\/","title":{"rendered":"Promo k\u00f3d"},"content":{"rendered":"","protected":false},"excerpt":{"rendered":"","protected":false},"author":1,"featured_media":0,"parent":0,"menu_order":0,"comment_status":"closed","ping_status":"closed","template":"","meta":{"footnotes":""},"class_list":["post-304","page","type-page","status-publish","hentry"],"yoast_head":"<!-- This site is optimized with the Yoast SEO plugin v23.4 - https:\/\/yoast.com\/wordpress\/plugins\/seo\/ -->\n<title>SpinBetter Magyarorsz\u00e1g Mobile Promo k\u00f3dok<\/title>\n<meta name=\"description\" content=\"Tudjon meg mindent a SpinBetter Magyarorsz\u00e1g prom\u00f3ci\u00f3s k\u00f3dok mobil eszk\u00f6z\u00f6kre! Minden el\u00e9rhet\u0151 SpinBetter prom\u00f3ci\u00f3s k\u00f3dok \u00e9s azok felt\u00e9telei.\" \/>\n<meta name=\"robots\" content=\"index, follow, max-snippet:-1, max-image-preview:large, max-video-preview:-1\" \/>\n<meta property=\"og:locale\" content=\"hu_HU\" \/>\n<meta property=\"og:type\" content=\"article\" \/>\n<meta property=\"og:title\" content=\"SpinBetter Magyarorsz\u00e1g Mobile Promo k\u00f3dok\" \/>\n<meta property=\"og:description\" content=\"Tudjon meg mindent a SpinBetter Magyarorsz\u00e1g prom\u00f3ci\u00f3s k\u00f3dok mobil eszk\u00f6z\u00f6kre! Minden el\u00e9rhet\u0151 SpinBetter prom\u00f3ci\u00f3s k\u00f3dok \u00e9s azok felt\u00e9telei.\" \/>\n<meta property=\"og:url\" content=\"https:\/\/spinbetter-apk.app\/hu\/promo-code\/\" \/>\n<meta property=\"og:site_name\" content=\"Spinbetter Apk HU\" \/>\n<meta property=\"article:modified_time\" content=\"2026-01-13T10:49:20+00:00\" \/>\n<meta name=\"twitter:card\" content=\"summary_large_image\" \/>\n<script type=\"application\/ld+json\" class=\"yoast-schema-graph\">{\"@context\":\"https:\/\/schema.org\",\"@graph\":[{\"@type\":\"WebPage\",\"@id\":\"https:\/\/spinbetter-apk.app\/hu\/promo-code\/\",\"url\":\"https:\/\/spinbetter-apk.app\/hu\/promo-code\/\",\"name\":\"SpinBetter Magyarorsz\u00e1g Mobile Promo k\u00f3dok\",\"isPartOf\":{\"@id\":\"https:\/\/spinbetter-apk.app\/hu\/#website\"},\"datePublished\":\"2024-11-11T05:29:16+00:00\",\"dateModified\":\"2026-01-13T10:49:20+00:00\",\"description\":\"Tudjon meg mindent a SpinBetter Magyarorsz\u00e1g prom\u00f3ci\u00f3s k\u00f3dok mobil eszk\u00f6z\u00f6kre! Minden el\u00e9rhet\u0151 SpinBetter prom\u00f3ci\u00f3s k\u00f3dok \u00e9s azok felt\u00e9telei.\",\"breadcrumb\":{\"@id\":\"https:\/\/spinbetter-apk.app\/hu\/promo-code\/#breadcrumb\"},\"inLanguage\":\"hu\",\"potentialAction\":[{\"@type\":\"ReadAction\",\"target\":[\"https:\/\/spinbetter-apk.app\/hu\/promo-code\/\"]}]},{\"@type\":\"BreadcrumbList\",\"@id\":\"https:\/\/spinbetter-apk.app\/hu\/promo-code\/#breadcrumb\",\"itemListElement\":[{\"@type\":\"ListItem\",\"position\":1,\"name\":\"Kezd\u0151lap\",\"item\":\"https:\/\/spinbetter-apk.app\/hu\/\"},{\"@type\":\"ListItem\",\"position\":2,\"name\":\"Promo k\u00f3d\"}]},{\"@type\":\"WebSite\",\"@id\":\"https:\/\/spinbetter-apk.app\/hu\/#website\",\"url\":\"https:\/\/spinbetter-apk.app\/hu\/\",\"name\":\"Spinbetter Apk HU\",\"description\":\"spinbetterapk casino\",\"potentialAction\":[{\"@type\":\"SearchAction\",\"target\":{\"@type\":\"EntryPoint\",\"urlTemplate\":\"https:\/\/spinbetter-apk.app\/hu\/?s={search_term_string}\"},\"query-input\":{\"@type\":\"PropertyValueSpecification\",\"valueRequired\":true,\"valueName\":\"search_term_string\"}}],\"inLanguage\":\"hu\"}]}<\/script>\n<!-- \/ Yoast SEO plugin. -->","yoast_head_json":{"title":"SpinBetter Magyarorsz\u00e1g Mobile Promo k\u00f3dok","description":"Tudjon meg mindent a SpinBetter Magyarorsz\u00e1g prom\u00f3ci\u00f3s k\u00f3dok mobil eszk\u00f6z\u00f6kre! Minden el\u00e9rhet\u0151 SpinBetter prom\u00f3ci\u00f3s k\u00f3dok \u00e9s azok felt\u00e9telei.","robots":{"index":"index","follow":"follow","max-snippet":"max-snippet:-1","max-image-preview":"max-image-preview:large","max-video-preview":"max-video-preview:-1"},"og_locale":"hu_HU","og_type":"article","og_title":"SpinBetter Magyarorsz\u00e1g Mobile Promo k\u00f3dok","og_description":"Tudjon meg mindent a SpinBetter Magyarorsz\u00e1g prom\u00f3ci\u00f3s k\u00f3dok mobil eszk\u00f6z\u00f6kre! Minden el\u00e9rhet\u0151 SpinBetter prom\u00f3ci\u00f3s k\u00f3dok \u00e9s azok felt\u00e9telei.","og_url":"https:\/\/spinbetter-apk.app\/hu\/promo-code\/","og_site_name":"Spinbetter Apk HU","article_modified_time":"2026-01-13T10:49:20+00:00","twitter_card":"summary_large_image","schema":{"@context":"https:\/\/schema.org","@graph":[{"@type":"WebPage","@id":"https:\/\/spinbetter-apk.app\/hu\/promo-code\/","url":"https:\/\/spinbetter-apk.app\/hu\/promo-code\/","name":"SpinBetter Magyarorsz\u00e1g Mobile Promo k\u00f3dok","isPartOf":{"@id":"https:\/\/spinbetter-apk.app\/hu\/#website"},"datePublished":"2024-11-11T05:29:16+00:00","dateModified":"2026-01-13T10:49:20+00:00","description":"Tudjon meg mindent a SpinBetter Magyarorsz\u00e1g prom\u00f3ci\u00f3s k\u00f3dok mobil eszk\u00f6z\u00f6kre! Minden el\u00e9rhet\u0151 SpinBetter prom\u00f3ci\u00f3s k\u00f3dok \u00e9s azok felt\u00e9telei.","breadcrumb":{"@id":"https:\/\/spinbetter-apk.app\/hu\/promo-code\/#breadcrumb"},"inLanguage":"hu","potentialAction":[{"@type":"ReadAction","target":["https:\/\/spinbetter-apk.app\/hu\/promo-code\/"]}]},{"@type":"BreadcrumbList","@id":"https:\/\/spinbetter-apk.app\/hu\/promo-code\/#breadcrumb","itemListElement":[{"@type":"ListItem","position":1,"name":"Kezd\u0151lap","item":"https:\/\/spinbetter-apk.app\/hu\/"},{"@type":"ListItem","position":2,"name":"Promo k\u00f3d"}]},{"@type":"WebSite","@id":"https:\/\/spinbetter-apk.app\/hu\/#website","url":"https:\/\/spinbetter-apk.app\/hu\/","name":"Spinbetter Apk HU","description":"spinbetterapk casino","potentialAction":[{"@type":"SearchAction","target":{"@type":"EntryPoint","urlTemplate":"https:\/\/spinbetter-apk.app\/hu\/?s={search_term_string}"},"query-input":{"@type":"PropertyValueSpecification","valueRequired":true,"valueName":"search_term_string"}}],"inLanguage":"hu"}]}},"_links":{"self":[{"href":"https:\/\/spinbetter-apk.app\/hu\/wp-json\/wp\/v2\/pages\/304","targetHints":{"allow":["GET"]}}],"collection":[{"href":"https:\/\/spinbetter-apk.app\/hu\/wp-json\/wp\/v2\/pages"}],"about":[{"href":"https:\/\/spinbetter-apk.app\/hu\/wp-json\/wp\/v2\/types\/page"}],"author":[{"embeddable":true,"href":"https:\/\/spinbetter-apk.app\/hu\/wp-json\/wp\/v2\/users\/1"}],"replies":[{"embeddable":true,"href":"https:\/\/spinbetter-apk.app\/hu\/wp-json\/wp\/v2\/comments?post=304"}],"version-history":[{"count":19,"href":"https:\/\/spinbetter-apk.app\/hu\/wp-json\/wp\/v2\/pages\/304\/revisions"}],"predecessor-version":[{"id":583,"href":"https:\/\/spinbetter-apk.app\/hu\/wp-json\/wp\/v2\/pages\/304\/revisions\/583"}],"wp:attachment":[{"href":"https:\/\/spinbetter-apk.app\/hu\/wp-json\/wp\/v2\/media?parent=304"}],"curies":[{"name":"wp","href":"https:\/\/api.w.org\/{rel}","templated":true}]}}